{"id":34147,"date":"2023-03-13T17:43:52","date_gmt":"2023-03-13T17:43:52","guid":{"rendered":"https:\/\/www.haegergroup.com\/product\/ventilador-de-suelo-semi-industrial-haeger-hover-wind-50cm-90w-3-velocidades\/"},"modified":"2023-03-13T17:43:52","modified_gmt":"2023-03-13T17:43:52","slug":"ventilador-de-suelo-semi-industrial-haeger-hover-wind-50cm-90w-3-velocidades","status":"publish","type":"product","link":"https:\/\/www.haegergroup.com\/es\/producto\/ventilador-de-suelo-semi-industrial-haeger-hover-wind-50cm-90w-3-velocidades\/","title":{"rendered":"Ventilador de suelo semi-industrial HAEGER Hover Wind &#8211; 50cm, 90W, 3 velocidades"},"content":{"rendered":"<p>Mayor durabilidad y eficiencia gracias al motor 100% de cobre de alta calidad<\/p>\n<p>El HAEGER Hover Wind es un ventilador de suelo semi-industrial de alta calidad que proporciona un ambiente m\u00e1s fresco y agradable. Con un motor 100% de cobre, di\u00e1metro de pala de 50cm, este ventilador es ideal para su uso en entornos semi-industriales como talleres mec\u00e1nicos, almacenes, entre otros.<\/p>\n<p>Motor 100% de cobre para una gran durabilidad<br \/>\nEste ventilador de suelo semi-industrial HAEGER tiene un motor de cobre de alta calidad que garantiza su durabilidad y eficacia. Con este tipo de motor, el ventilador puede funcionar de forma m\u00e1s silenciosa y con menor consumo el\u00e9ctrico.<\/p>\n<p>Ajustable verticalmente hasta 180\u00ba.<br \/>\nCon la posibilidad de ajuste vertical hasta 180\u00ba, el ventilador de suelo Hover Wind permite al usuario dirigir el flujo de aire hacia donde desee, proporcionando un mayor confort t\u00e9rmico.<\/p>\n<p>3 Velocidades<br \/>\nEl ventilador posee 3 velocidades diferentes, permitiendo al usuario ajustar la intensidad del flujo de aire de acuerdo con la necesidad del ambiente.<\/p>\n<p>Interruptor giratorio<br \/>\nEl interruptor giratorio permite al usuario encender y apagar el ventilador con facilidad, as\u00ed como seleccionar la velocidad deseada.<\/p>\n<p>Funcionamiento silencioso<br \/>\nCon su motor 100% de cobre y el dise\u00f1o optimizado de sus aspas, este ventilador de suelo ofrece un funcionamiento silencioso y discreto sin comprometer la eficiencia.<\/p>\n<p>Caracter\u00edsticas<br \/>\nVentilador de suelo semi-industrial<br \/>\n&#8211; Di\u00e1metro de las aspas: 50 cm<br \/>\n&#8211; Motor 100% cobre de alta durabilidad<br \/>\n&#8211; Ajustable verticalmente 180<br \/>\n&#8211; 3 velocidades<br \/>\n&#8211; Interruptor giratorio<br \/>\n&#8211; Funcionamiento silencioso<br \/>\n&#8211; Potencia: 90 vatios<\/p>\n","protected":false},"excerpt":{"rendered":"<p>Ventilador de suelo com 3 velocidades, Potencia: 90 vatios, Di\u00e1metro de la cuchilla: 50 cm, Funcionamiento silencioso<\/p>\n","protected":false},"featured_media":34140,"template":"","meta":[],"product_cat":[146,147],"product_tag":[],"class_list":{"0":"post-34147","1":"product","2":"type-product","3":"status-publish","4":"has-post-thumbnail","6":"product_cat-climatizacion","7":"product_cat-ventiladores","9":"first","10":"instock","11":"shipping-taxable","12":"product-type-simple"},"yoast_head":"<!-- This site is optimized with the Yoast SEO plugin v24.1 - https:\/\/yoast.com\/wordpress\/plugins\/seo\/ -->\n<title>Ventilador de suelo semi-industrial HAEGER Hover Wind - 50cm, 90W, 3 velocidades - H\u00c6GER Eletrodom\u00e9sticos<\/title>\n<meta name=\"description\" content=\"Marca de Pequenos Eletrodom\u00e9sticos para a sua cozinha, cuidados pessoais, casa e climatiza\u00e7\u00e3o. A op\u00e7\u00e3o inteligente para a sua casa.\" \/>\n<meta name=\"robots\" content=\"index, follow, max-snippet:-1, max-image-preview:large, max-video-preview:-1\" \/>\n<link rel=\"canonical\" href=\"https:\/\/www.haegergroup.com\/es\/producto\/ventilador-de-suelo-semi-industrial-haeger-hover-wind-50cm-90w-3-velocidades\/\" \/>\n<meta property=\"og:locale\" content=\"es_ES\" \/>\n<meta property=\"og:type\" content=\"article\" \/>\n<meta property=\"og:title\" content=\"Ventilador de suelo semi-industrial HAEGER Hover Wind - 50cm, 90W, 3 velocidades - H\u00c6GER Eletrodom\u00e9sticos\" \/>\n<meta property=\"og:description\" content=\"Marca de Pequenos Eletrodom\u00e9sticos para a sua cozinha, cuidados pessoais, casa e climatiza\u00e7\u00e3o. A op\u00e7\u00e3o inteligente para a sua casa.\" \/>\n<meta property=\"og:url\" content=\"https:\/\/www.haegergroup.com\/es\/producto\/ventilador-de-suelo-semi-industrial-haeger-hover-wind-50cm-90w-3-velocidades\/\" \/>\n<meta property=\"og:site_name\" content=\"H\u00c6GER Eletrodom\u00e9sticos\" \/>\n<meta property=\"og:image\" content=\"https:\/\/www.haegergroup.com\/wp-content\/uploads\/FF-020.007A_1-1.jpg\" \/>\n\t<meta property=\"og:image:width\" content=\"1200\" \/>\n\t<meta property=\"og:image:height\" content=\"1200\" \/>\n\t<meta property=\"og:image:type\" content=\"image\/jpeg\" \/>\n<meta name=\"twitter:card\" content=\"summary_large_image\" \/>\n<meta name=\"twitter:label1\" content=\"Tiempo de lectura\" \/>\n\t<meta name=\"twitter:data1\" content=\"1 minuto\" \/>\n<script type=\"application\/ld+json\" class=\"yoast-schema-graph\">{\"@context\":\"https:\/\/schema.org\",\"@graph\":[{\"@type\":\"WebPage\",\"@id\":\"https:\/\/www.haegergroup.com\/es\/producto\/ventilador-de-suelo-semi-industrial-haeger-hover-wind-50cm-90w-3-velocidades\/\",\"url\":\"https:\/\/www.haegergroup.com\/es\/producto\/ventilador-de-suelo-semi-industrial-haeger-hover-wind-50cm-90w-3-velocidades\/\",\"name\":\"Ventilador de suelo semi-industrial HAEGER Hover Wind - 50cm, 90W, 3 velocidades - H\u00c6GER Eletrodom\u00e9sticos\",\"isPartOf\":{\"@id\":\"https:\/\/www.haegergroup.com\/es\/#website\"},\"primaryImageOfPage\":{\"@id\":\"https:\/\/www.haegergroup.com\/es\/producto\/ventilador-de-suelo-semi-industrial-haeger-hover-wind-50cm-90w-3-velocidades\/#primaryimage\"},\"image\":{\"@id\":\"https:\/\/www.haegergroup.com\/es\/producto\/ventilador-de-suelo-semi-industrial-haeger-hover-wind-50cm-90w-3-velocidades\/#primaryimage\"},\"thumbnailUrl\":\"https:\/\/www.haegergroup.com\/wp-content\/uploads\/FF-020.007A_1-1.jpg\",\"datePublished\":\"2023-03-13T17:43:52+00:00\",\"dateModified\":\"2023-03-13T17:43:52+00:00\",\"description\":\"Marca de Pequenos Eletrodom\u00e9sticos para a sua cozinha, cuidados pessoais, casa e climatiza\u00e7\u00e3o. A op\u00e7\u00e3o inteligente para a sua casa.\",\"breadcrumb\":{\"@id\":\"https:\/\/www.haegergroup.com\/es\/producto\/ventilador-de-suelo-semi-industrial-haeger-hover-wind-50cm-90w-3-velocidades\/#breadcrumb\"},\"inLanguage\":\"es\",\"potentialAction\":[{\"@type\":\"ReadAction\",\"target\":[\"https:\/\/www.haegergroup.com\/es\/producto\/ventilador-de-suelo-semi-industrial-haeger-hover-wind-50cm-90w-3-velocidades\/\"]}]},{\"@type\":\"ImageObject\",\"inLanguage\":\"es\",\"@id\":\"https:\/\/www.haegergroup.com\/es\/producto\/ventilador-de-suelo-semi-industrial-haeger-hover-wind-50cm-90w-3-velocidades\/#primaryimage\",\"url\":\"https:\/\/www.haegergroup.com\/wp-content\/uploads\/FF-020.007A_1-1.jpg\",\"contentUrl\":\"https:\/\/www.haegergroup.com\/wp-content\/uploads\/FF-020.007A_1-1.jpg\",\"width\":1200,\"height\":1200},{\"@type\":\"BreadcrumbList\",\"@id\":\"https:\/\/www.haegergroup.com\/es\/producto\/ventilador-de-suelo-semi-industrial-haeger-hover-wind-50cm-90w-3-velocidades\/#breadcrumb\",\"itemListElement\":[{\"@type\":\"ListItem\",\"position\":1,\"name\":\"Portada\",\"item\":\"https:\/\/www.haegergroup.com\/es\/\"},{\"@type\":\"ListItem\",\"position\":2,\"name\":\"Productos\",\"item\":\"https:\/\/www.haegergroup.com\/es\/tienda\/\"},{\"@type\":\"ListItem\",\"position\":3,\"name\":\"Ventilador de suelo semi-industrial HAEGER Hover Wind &#8211; 50cm, 90W, 3 velocidades\"}]},{\"@type\":\"WebSite\",\"@id\":\"https:\/\/www.haegergroup.com\/es\/#website\",\"url\":\"https:\/\/www.haegergroup.com\/es\/\",\"name\":\"H\u00c6GER Eletrodom\u00e9sticos\",\"description\":\"A escolha inteligente\",\"publisher\":{\"@id\":\"https:\/\/www.haegergroup.com\/es\/#organization\"},\"potentialAction\":[{\"@type\":\"SearchAction\",\"target\":{\"@type\":\"EntryPoint\",\"urlTemplate\":\"https:\/\/www.haegergroup.com\/es\/?s={search_term_string}\"},\"query-input\":{\"@type\":\"PropertyValueSpecification\",\"valueRequired\":true,\"valueName\":\"search_term_string\"}}],\"inLanguage\":\"es\"},{\"@type\":\"Organization\",\"@id\":\"https:\/\/www.haegergroup.com\/es\/#organization\",\"name\":\"Haeger Electrodom\u00e9sticos\",\"url\":\"https:\/\/www.haegergroup.com\/es\/\",\"logo\":{\"@type\":\"ImageObject\",\"inLanguage\":\"es\",\"@id\":\"https:\/\/www.haegergroup.com\/es\/#\/schema\/logo\/image\/\",\"url\":\"https:\/\/www.haegergroup.com\/wp-content\/uploads\/2018\/05\/logo-web-220.png\",\"contentUrl\":\"https:\/\/www.haegergroup.com\/wp-content\/uploads\/2018\/05\/logo-web-220.png\",\"width\":220,\"height\":49,\"caption\":\"Haeger Electrodom\u00e9sticos\"},\"image\":{\"@id\":\"https:\/\/www.haegergroup.com\/es\/#\/schema\/logo\/image\/\"}}]}<\/script>\n<!-- \/ Yoast SEO plugin. -->","yoast_head_json":{"title":"Ventilador de suelo semi-industrial HAEGER Hover Wind - 50cm, 90W, 3 velocidades - H\u00c6GER Eletrodom\u00e9sticos","description":"Marca de Pequenos Eletrodom\u00e9sticos para a sua cozinha, cuidados pessoais, casa e climatiza\u00e7\u00e3o. A op\u00e7\u00e3o inteligente para a sua casa.","robots":{"index":"index","follow":"follow","max-snippet":"max-snippet:-1","max-image-preview":"max-image-preview:large","max-video-preview":"max-video-preview:-1"},"canonical":"https:\/\/www.haegergroup.com\/es\/producto\/ventilador-de-suelo-semi-industrial-haeger-hover-wind-50cm-90w-3-velocidades\/","og_locale":"es_ES","og_type":"article","og_title":"Ventilador de suelo semi-industrial HAEGER Hover Wind - 50cm, 90W, 3 velocidades - H\u00c6GER Eletrodom\u00e9sticos","og_description":"Marca de Pequenos Eletrodom\u00e9sticos para a sua cozinha, cuidados pessoais, casa e climatiza\u00e7\u00e3o. A op\u00e7\u00e3o inteligente para a sua casa.","og_url":"https:\/\/www.haegergroup.com\/es\/producto\/ventilador-de-suelo-semi-industrial-haeger-hover-wind-50cm-90w-3-velocidades\/","og_site_name":"H\u00c6GER Eletrodom\u00e9sticos","og_image":[{"width":1200,"height":1200,"url":"https:\/\/www.haegergroup.com\/wp-content\/uploads\/FF-020.007A_1-1.jpg","type":"image\/jpeg"}],"twitter_card":"summary_large_image","twitter_misc":{"Tiempo de lectura":"1 minuto"},"schema":{"@context":"https:\/\/schema.org","@graph":[{"@type":"WebPage","@id":"https:\/\/www.haegergroup.com\/es\/producto\/ventilador-de-suelo-semi-industrial-haeger-hover-wind-50cm-90w-3-velocidades\/","url":"https:\/\/www.haegergroup.com\/es\/producto\/ventilador-de-suelo-semi-industrial-haeger-hover-wind-50cm-90w-3-velocidades\/","name":"Ventilador de suelo semi-industrial HAEGER Hover Wind - 50cm, 90W, 3 velocidades - H\u00c6GER Eletrodom\u00e9sticos","isPartOf":{"@id":"https:\/\/www.haegergroup.com\/es\/#website"},"primaryImageOfPage":{"@id":"https:\/\/www.haegergroup.com\/es\/producto\/ventilador-de-suelo-semi-industrial-haeger-hover-wind-50cm-90w-3-velocidades\/#primaryimage"},"image":{"@id":"https:\/\/www.haegergroup.com\/es\/producto\/ventilador-de-suelo-semi-industrial-haeger-hover-wind-50cm-90w-3-velocidades\/#primaryimage"},"thumbnailUrl":"https:\/\/www.haegergroup.com\/wp-content\/uploads\/FF-020.007A_1-1.jpg","datePublished":"2023-03-13T17:43:52+00:00","dateModified":"2023-03-13T17:43:52+00:00","description":"Marca de Pequenos Eletrodom\u00e9sticos para a sua cozinha, cuidados pessoais, casa e climatiza\u00e7\u00e3o. A op\u00e7\u00e3o inteligente para a sua casa.","breadcrumb":{"@id":"https:\/\/www.haegergroup.com\/es\/producto\/ventilador-de-suelo-semi-industrial-haeger-hover-wind-50cm-90w-3-velocidades\/#breadcrumb"},"inLanguage":"es","potentialAction":[{"@type":"ReadAction","target":["https:\/\/www.haegergroup.com\/es\/producto\/ventilador-de-suelo-semi-industrial-haeger-hover-wind-50cm-90w-3-velocidades\/"]}]},{"@type":"ImageObject","inLanguage":"es","@id":"https:\/\/www.haegergroup.com\/es\/producto\/ventilador-de-suelo-semi-industrial-haeger-hover-wind-50cm-90w-3-velocidades\/#primaryimage","url":"https:\/\/www.haegergroup.com\/wp-content\/uploads\/FF-020.007A_1-1.jpg","contentUrl":"https:\/\/www.haegergroup.com\/wp-content\/uploads\/FF-020.007A_1-1.jpg","width":1200,"height":1200},{"@type":"BreadcrumbList","@id":"https:\/\/www.haegergroup.com\/es\/producto\/ventilador-de-suelo-semi-industrial-haeger-hover-wind-50cm-90w-3-velocidades\/#breadcrumb","itemListElement":[{"@type":"ListItem","position":1,"name":"Portada","item":"https:\/\/www.haegergroup.com\/es\/"},{"@type":"ListItem","position":2,"name":"Productos","item":"https:\/\/www.haegergroup.com\/es\/tienda\/"},{"@type":"ListItem","position":3,"name":"Ventilador de suelo semi-industrial HAEGER Hover Wind &#8211; 50cm, 90W, 3 velocidades"}]},{"@type":"WebSite","@id":"https:\/\/www.haegergroup.com\/es\/#website","url":"https:\/\/www.haegergroup.com\/es\/","name":"H\u00c6GER Eletrodom\u00e9sticos","description":"A escolha inteligente","publisher":{"@id":"https:\/\/www.haegergroup.com\/es\/#organization"},"potentialAction":[{"@type":"SearchAction","target":{"@type":"EntryPoint","urlTemplate":"https:\/\/www.haegergroup.com\/es\/?s={search_term_string}"},"query-input":{"@type":"PropertyValueSpecification","valueRequired":true,"valueName":"search_term_string"}}],"inLanguage":"es"},{"@type":"Organization","@id":"https:\/\/www.haegergroup.com\/es\/#organization","name":"Haeger Electrodom\u00e9sticos","url":"https:\/\/www.haegergroup.com\/es\/","logo":{"@type":"ImageObject","inLanguage":"es","@id":"https:\/\/www.haegergroup.com\/es\/#\/schema\/logo\/image\/","url":"https:\/\/www.haegergroup.com\/wp-content\/uploads\/2018\/05\/logo-web-220.png","contentUrl":"https:\/\/www.haegergroup.com\/wp-content\/uploads\/2018\/05\/logo-web-220.png","width":220,"height":49,"caption":"Haeger Electrodom\u00e9sticos"},"image":{"@id":"https:\/\/www.haegergroup.com\/es\/#\/schema\/logo\/image\/"}}]}},"_links":{"self":[{"href":"https:\/\/www.haegergroup.com\/es\/wp-json\/wp\/v2\/product\/34147","targetHints":{"allow":["GET"]}}],"collection":[{"href":"https:\/\/www.haegergroup.com\/es\/wp-json\/wp\/v2\/product"}],"about":[{"href":"https:\/\/www.haegergroup.com\/es\/wp-json\/wp\/v2\/types\/product"}],"wp:featuredmedia":[{"embeddable":true,"href":"https:\/\/www.haegergroup.com\/es\/wp-json\/wp\/v2\/media\/34140"}],"wp:attachment":[{"href":"https:\/\/www.haegergroup.com\/es\/wp-json\/wp\/v2\/media?parent=34147"}],"wp:term":[{"taxonomy":"product_cat","embeddable":true,"href":"https:\/\/www.haegergroup.com\/es\/wp-json\/wp\/v2\/product_cat?post=34147"},{"taxonomy":"product_tag","embeddable":true,"href":"https:\/\/www.haegergroup.com\/es\/wp-json\/wp\/v2\/product_tag?post=34147"}],"curies":[{"name":"wp","href":"https:\/\/api.w.org\/{rel}","templated":true}]}}