{"id":33784,"date":"2023-01-12T17:54:58","date_gmt":"2023-01-12T17:54:58","guid":{"rendered":"https:\/\/www.haegergroup.com\/product\/toallero-electrico-haeger-family-warm-white-80x60-cm-blanco-300-w\/"},"modified":"2023-01-12T18:08:46","modified_gmt":"2023-01-12T18:08:46","slug":"toallero-electrico-haeger-family-warm-white-80x60-cm-blanco-300-w","status":"publish","type":"product","link":"https:\/\/www.haegergroup.com\/es\/producto\/toallero-electrico-haeger-family-warm-white-80x60-cm-blanco-300-w\/","title":{"rendered":"Toallero el\u00e9ctrico HAEGER Family Warm White &#8211; 80&#215;60 cm, Blanco, 300 W"},"content":{"rendered":"","protected":false},"excerpt":{"rendered":"<h2>Toallero el\u00e9ctrico HAEGER Family Warm White &#8211; 80&#215;60 cm, Blanco, 300 W<br \/>\nModelo: TW-30W.002A<\/h2>\n<ul>\n<li>Blanco<\/li>\n<li>13 barras t\u00e9rmicas<\/li>\n<li>Bot\u00f3n ON\/OFF<\/li>\n<li>Dimensiones 800 x 600 mm<\/li>\n<li>Calentamiento con l\u00edquido para un resultado uniforme<\/li>\n<li>Consumo: 300 vatios<\/li>\n<li>Ideal para su uso en cuartos de ba\u00f1o gracias a su protecci\u00f3n certificada IPX4 que resiste las salpicaduras de agua.<\/li>\n<\/ul>\n","protected":false},"featured_media":33777,"template":"","meta":[],"product_cat":[768,146],"product_tag":[],"class_list":{"0":"post-33784","1":"product","2":"type-product","3":"status-publish","4":"has-post-thumbnail","6":"product_cat-toallero-electrico","7":"product_cat-climatizacion","9":"first","10":"instock","11":"shipping-taxable","12":"product-type-simple"},"yoast_head":"<!-- This site is optimized with the Yoast SEO plugin v24.1 - https:\/\/yoast.com\/wordpress\/plugins\/seo\/ -->\n<title>Toallero el\u00e9ctrico HAEGER Family Warm White - 80x60 cm, Blanco, 300 W - H\u00c6GER Eletrodom\u00e9sticos<\/title>\n<meta name=\"description\" content=\"Marca de Pequenos Eletrodom\u00e9sticos para a sua cozinha, cuidados pessoais, casa e climatiza\u00e7\u00e3o. A op\u00e7\u00e3o inteligente para a sua casa.\" \/>\n<meta name=\"robots\" content=\"index, follow, max-snippet:-1, max-image-preview:large, max-video-preview:-1\" \/>\n<link rel=\"canonical\" href=\"https:\/\/www.haegergroup.com\/es\/producto\/toallero-electrico-haeger-family-warm-white-80x60-cm-blanco-300-w\/\" \/>\n<meta property=\"og:locale\" content=\"es_ES\" \/>\n<meta property=\"og:type\" content=\"article\" \/>\n<meta property=\"og:title\" content=\"Toallero el\u00e9ctrico HAEGER Family Warm White - 80x60 cm, Blanco, 300 W - H\u00c6GER Eletrodom\u00e9sticos\" \/>\n<meta property=\"og:description\" content=\"Marca de Pequenos Eletrodom\u00e9sticos para a sua cozinha, cuidados pessoais, casa e climatiza\u00e7\u00e3o. A op\u00e7\u00e3o inteligente para a sua casa.\" \/>\n<meta property=\"og:url\" content=\"https:\/\/www.haegergroup.com\/es\/producto\/toallero-electrico-haeger-family-warm-white-80x60-cm-blanco-300-w\/\" \/>\n<meta property=\"og:site_name\" content=\"H\u00c6GER Eletrodom\u00e9sticos\" \/>\n<meta property=\"article:modified_time\" content=\"2023-01-12T18:08:46+00:00\" \/>\n<meta property=\"og:image\" content=\"https:\/\/www.haegergroup.com\/wp-content\/uploads\/TW-30W.002A_1.jpg\" \/>\n\t<meta property=\"og:image:width\" content=\"1200\" \/>\n\t<meta property=\"og:image:height\" content=\"1200\" \/>\n\t<meta property=\"og:image:type\" content=\"image\/jpeg\" \/>\n<meta name=\"twitter:card\" content=\"summary_large_image\" \/>\n<script type=\"application\/ld+json\" class=\"yoast-schema-graph\">{\"@context\":\"https:\/\/schema.org\",\"@graph\":[{\"@type\":\"WebPage\",\"@id\":\"https:\/\/www.haegergroup.com\/es\/producto\/toallero-electrico-haeger-family-warm-white-80x60-cm-blanco-300-w\/\",\"url\":\"https:\/\/www.haegergroup.com\/es\/producto\/toallero-electrico-haeger-family-warm-white-80x60-cm-blanco-300-w\/\",\"name\":\"Toallero el\u00e9ctrico HAEGER Family Warm White - 80x60 cm, Blanco, 300 W - H\u00c6GER Eletrodom\u00e9sticos\",\"isPartOf\":{\"@id\":\"https:\/\/www.haegergroup.com\/es\/#website\"},\"primaryImageOfPage\":{\"@id\":\"https:\/\/www.haegergroup.com\/es\/producto\/toallero-electrico-haeger-family-warm-white-80x60-cm-blanco-300-w\/#primaryimage\"},\"image\":{\"@id\":\"https:\/\/www.haegergroup.com\/es\/producto\/toallero-electrico-haeger-family-warm-white-80x60-cm-blanco-300-w\/#primaryimage\"},\"thumbnailUrl\":\"https:\/\/www.haegergroup.com\/wp-content\/uploads\/TW-30W.002A_1.jpg\",\"datePublished\":\"2023-01-12T17:54:58+00:00\",\"dateModified\":\"2023-01-12T18:08:46+00:00\",\"description\":\"Marca de Pequenos Eletrodom\u00e9sticos para a sua cozinha, cuidados pessoais, casa e climatiza\u00e7\u00e3o. A op\u00e7\u00e3o inteligente para a sua casa.\",\"breadcrumb\":{\"@id\":\"https:\/\/www.haegergroup.com\/es\/producto\/toallero-electrico-haeger-family-warm-white-80x60-cm-blanco-300-w\/#breadcrumb\"},\"inLanguage\":\"es\",\"potentialAction\":[{\"@type\":\"ReadAction\",\"target\":[\"https:\/\/www.haegergroup.com\/es\/producto\/toallero-electrico-haeger-family-warm-white-80x60-cm-blanco-300-w\/\"]}]},{\"@type\":\"ImageObject\",\"inLanguage\":\"es\",\"@id\":\"https:\/\/www.haegergroup.com\/es\/producto\/toallero-electrico-haeger-family-warm-white-80x60-cm-blanco-300-w\/#primaryimage\",\"url\":\"https:\/\/www.haegergroup.com\/wp-content\/uploads\/TW-30W.002A_1.jpg\",\"contentUrl\":\"https:\/\/www.haegergroup.com\/wp-content\/uploads\/TW-30W.002A_1.jpg\",\"width\":1200,\"height\":1200},{\"@type\":\"BreadcrumbList\",\"@id\":\"https:\/\/www.haegergroup.com\/es\/producto\/toallero-electrico-haeger-family-warm-white-80x60-cm-blanco-300-w\/#breadcrumb\",\"itemListElement\":[{\"@type\":\"ListItem\",\"position\":1,\"name\":\"Portada\",\"item\":\"https:\/\/www.haegergroup.com\/es\/\"},{\"@type\":\"ListItem\",\"position\":2,\"name\":\"Productos\",\"item\":\"https:\/\/www.haegergroup.com\/es\/tienda\/\"},{\"@type\":\"ListItem\",\"position\":3,\"name\":\"Toallero el\u00e9ctrico HAEGER Family Warm White &#8211; 80&#215;60 cm, Blanco, 300 W\"}]},{\"@type\":\"WebSite\",\"@id\":\"https:\/\/www.haegergroup.com\/es\/#website\",\"url\":\"https:\/\/www.haegergroup.com\/es\/\",\"name\":\"H\u00c6GER Eletrodom\u00e9sticos\",\"description\":\"A escolha inteligente\",\"publisher\":{\"@id\":\"https:\/\/www.haegergroup.com\/es\/#organization\"},\"potentialAction\":[{\"@type\":\"SearchAction\",\"target\":{\"@type\":\"EntryPoint\",\"urlTemplate\":\"https:\/\/www.haegergroup.com\/es\/?s={search_term_string}\"},\"query-input\":{\"@type\":\"PropertyValueSpecification\",\"valueRequired\":true,\"valueName\":\"search_term_string\"}}],\"inLanguage\":\"es\"},{\"@type\":\"Organization\",\"@id\":\"https:\/\/www.haegergroup.com\/es\/#organization\",\"name\":\"Haeger Electrodom\u00e9sticos\",\"url\":\"https:\/\/www.haegergroup.com\/es\/\",\"logo\":{\"@type\":\"ImageObject\",\"inLanguage\":\"es\",\"@id\":\"https:\/\/www.haegergroup.com\/es\/#\/schema\/logo\/image\/\",\"url\":\"https:\/\/www.haegergroup.com\/wp-content\/uploads\/2018\/05\/logo-web-220.png\",\"contentUrl\":\"https:\/\/www.haegergroup.com\/wp-content\/uploads\/2018\/05\/logo-web-220.png\",\"width\":220,\"height\":49,\"caption\":\"Haeger Electrodom\u00e9sticos\"},\"image\":{\"@id\":\"https:\/\/www.haegergroup.com\/es\/#\/schema\/logo\/image\/\"}}]}<\/script>\n<!-- \/ Yoast SEO plugin. -->","yoast_head_json":{"title":"Toallero el\u00e9ctrico HAEGER Family Warm White - 80x60 cm, Blanco, 300 W - H\u00c6GER Eletrodom\u00e9sticos","description":"Marca de Pequenos Eletrodom\u00e9sticos para a sua cozinha, cuidados pessoais, casa e climatiza\u00e7\u00e3o. A op\u00e7\u00e3o inteligente para a sua casa.","robots":{"index":"index","follow":"follow","max-snippet":"max-snippet:-1","max-image-preview":"max-image-preview:large","max-video-preview":"max-video-preview:-1"},"canonical":"https:\/\/www.haegergroup.com\/es\/producto\/toallero-electrico-haeger-family-warm-white-80x60-cm-blanco-300-w\/","og_locale":"es_ES","og_type":"article","og_title":"Toallero el\u00e9ctrico HAEGER Family Warm White - 80x60 cm, Blanco, 300 W - H\u00c6GER Eletrodom\u00e9sticos","og_description":"Marca de Pequenos Eletrodom\u00e9sticos para a sua cozinha, cuidados pessoais, casa e climatiza\u00e7\u00e3o. A op\u00e7\u00e3o inteligente para a sua casa.","og_url":"https:\/\/www.haegergroup.com\/es\/producto\/toallero-electrico-haeger-family-warm-white-80x60-cm-blanco-300-w\/","og_site_name":"H\u00c6GER Eletrodom\u00e9sticos","article_modified_time":"2023-01-12T18:08:46+00:00","og_image":[{"width":1200,"height":1200,"url":"https:\/\/www.haegergroup.com\/wp-content\/uploads\/TW-30W.002A_1.jpg","type":"image\/jpeg"}],"twitter_card":"summary_large_image","schema":{"@context":"https:\/\/schema.org","@graph":[{"@type":"WebPage","@id":"https:\/\/www.haegergroup.com\/es\/producto\/toallero-electrico-haeger-family-warm-white-80x60-cm-blanco-300-w\/","url":"https:\/\/www.haegergroup.com\/es\/producto\/toallero-electrico-haeger-family-warm-white-80x60-cm-blanco-300-w\/","name":"Toallero el\u00e9ctrico HAEGER Family Warm White - 80x60 cm, Blanco, 300 W - H\u00c6GER Eletrodom\u00e9sticos","isPartOf":{"@id":"https:\/\/www.haegergroup.com\/es\/#website"},"primaryImageOfPage":{"@id":"https:\/\/www.haegergroup.com\/es\/producto\/toallero-electrico-haeger-family-warm-white-80x60-cm-blanco-300-w\/#primaryimage"},"image":{"@id":"https:\/\/www.haegergroup.com\/es\/producto\/toallero-electrico-haeger-family-warm-white-80x60-cm-blanco-300-w\/#primaryimage"},"thumbnailUrl":"https:\/\/www.haegergroup.com\/wp-content\/uploads\/TW-30W.002A_1.jpg","datePublished":"2023-01-12T17:54:58+00:00","dateModified":"2023-01-12T18:08:46+00:00","description":"Marca de Pequenos Eletrodom\u00e9sticos para a sua cozinha, cuidados pessoais, casa e climatiza\u00e7\u00e3o. A op\u00e7\u00e3o inteligente para a sua casa.","breadcrumb":{"@id":"https:\/\/www.haegergroup.com\/es\/producto\/toallero-electrico-haeger-family-warm-white-80x60-cm-blanco-300-w\/#breadcrumb"},"inLanguage":"es","potentialAction":[{"@type":"ReadAction","target":["https:\/\/www.haegergroup.com\/es\/producto\/toallero-electrico-haeger-family-warm-white-80x60-cm-blanco-300-w\/"]}]},{"@type":"ImageObject","inLanguage":"es","@id":"https:\/\/www.haegergroup.com\/es\/producto\/toallero-electrico-haeger-family-warm-white-80x60-cm-blanco-300-w\/#primaryimage","url":"https:\/\/www.haegergroup.com\/wp-content\/uploads\/TW-30W.002A_1.jpg","contentUrl":"https:\/\/www.haegergroup.com\/wp-content\/uploads\/TW-30W.002A_1.jpg","width":1200,"height":1200},{"@type":"BreadcrumbList","@id":"https:\/\/www.haegergroup.com\/es\/producto\/toallero-electrico-haeger-family-warm-white-80x60-cm-blanco-300-w\/#breadcrumb","itemListElement":[{"@type":"ListItem","position":1,"name":"Portada","item":"https:\/\/www.haegergroup.com\/es\/"},{"@type":"ListItem","position":2,"name":"Productos","item":"https:\/\/www.haegergroup.com\/es\/tienda\/"},{"@type":"ListItem","position":3,"name":"Toallero el\u00e9ctrico HAEGER Family Warm White &#8211; 80&#215;60 cm, Blanco, 300 W"}]},{"@type":"WebSite","@id":"https:\/\/www.haegergroup.com\/es\/#website","url":"https:\/\/www.haegergroup.com\/es\/","name":"H\u00c6GER Eletrodom\u00e9sticos","description":"A escolha inteligente","publisher":{"@id":"https:\/\/www.haegergroup.com\/es\/#organization"},"potentialAction":[{"@type":"SearchAction","target":{"@type":"EntryPoint","urlTemplate":"https:\/\/www.haegergroup.com\/es\/?s={search_term_string}"},"query-input":{"@type":"PropertyValueSpecification","valueRequired":true,"valueName":"search_term_string"}}],"inLanguage":"es"},{"@type":"Organization","@id":"https:\/\/www.haegergroup.com\/es\/#organization","name":"Haeger Electrodom\u00e9sticos","url":"https:\/\/www.haegergroup.com\/es\/","logo":{"@type":"ImageObject","inLanguage":"es","@id":"https:\/\/www.haegergroup.com\/es\/#\/schema\/logo\/image\/","url":"https:\/\/www.haegergroup.com\/wp-content\/uploads\/2018\/05\/logo-web-220.png","contentUrl":"https:\/\/www.haegergroup.com\/wp-content\/uploads\/2018\/05\/logo-web-220.png","width":220,"height":49,"caption":"Haeger Electrodom\u00e9sticos"},"image":{"@id":"https:\/\/www.haegergroup.com\/es\/#\/schema\/logo\/image\/"}}]}},"_links":{"self":[{"href":"https:\/\/www.haegergroup.com\/es\/wp-json\/wp\/v2\/product\/33784","targetHints":{"allow":["GET"]}}],"collection":[{"href":"https:\/\/www.haegergroup.com\/es\/wp-json\/wp\/v2\/product"}],"about":[{"href":"https:\/\/www.haegergroup.com\/es\/wp-json\/wp\/v2\/types\/product"}],"wp:featuredmedia":[{"embeddable":true,"href":"https:\/\/www.haegergroup.com\/es\/wp-json\/wp\/v2\/media\/33777"}],"wp:attachment":[{"href":"https:\/\/www.haegergroup.com\/es\/wp-json\/wp\/v2\/media?parent=33784"}],"wp:term":[{"taxonomy":"product_cat","embeddable":true,"href":"https:\/\/www.haegergroup.com\/es\/wp-json\/wp\/v2\/product_cat?post=33784"},{"taxonomy":"product_tag","embeddable":true,"href":"https:\/\/www.haegergroup.com\/es\/wp-json\/wp\/v2\/product_tag?post=33784"}],"curies":[{"name":"wp","href":"https:\/\/api.w.org\/{rel}","templated":true}]}}