{"id":29711,"date":"2020-01-09T17:25:41","date_gmt":"2020-01-09T17:25:41","guid":{"rendered":"https:\/\/www.haegergroup.com\/product\/cafetera-de-filtro-con-molinillo-de-cafe-haeger-perfect-drip\/"},"modified":"2020-01-09T17:42:31","modified_gmt":"2020-01-09T17:42:31","slug":"cafetera-de-filtro-con-molinillo-de-cafe-haeger-perfect-drip","status":"publish","type":"product","link":"https:\/\/www.haegergroup.com\/es\/producto\/cafetera-de-filtro-con-molinillo-de-cafe-haeger-perfect-drip\/","title":{"rendered":"Cafetera de Filtro con molino de caf\u00e9 H\u00c6GER Perfect Drip"},"content":{"rendered":"","protected":false},"excerpt":{"rendered":"<h2>Cafetera de Filtro con molinillo de caf\u00e9<\/h2>\n<p>Modelo: CM-10B.010A<\/p>\n<p>\u2022 Capacidad: 1.25L (12 tazas)<br \/>\n\u2022 Capacidad del dep\u00f3sito de molinillo de caf\u00e9: 60 g<br \/>\n\u2022 Pantalla LCD azul<br \/>\n\u2022 Temporizador de 24 horas<br \/>\n\u2022\u00a0 Tanque de agua con capacidad de 1.25L<br \/>\n\u2022 Placa calefactora autom\u00e1tica para mantener el calor<br \/>\n\u2022 Indicador de nivel de agua<br \/>\n\u2022 Funci\u00f3n antigoteo<br \/>\n\u2022 Jarra de vidrio con tapa<br \/>\n\u2022 Cesto de filtro extra\u00edble<br \/>\n\u2022 Interruptor de luz ON \/ OFF<br \/>\n\u2022 Potencia: 1050 Watts<\/p>\n","protected":false},"featured_media":26909,"template":"","meta":[],"product_cat":[151,158,166],"product_tag":[],"class_list":{"0":"post-29711","1":"product","2":"type-product","3":"status-publish","4":"has-post-thumbnail","6":"product_cat-pequenos-electrodomesticos","7":"product_cat-desayuno","8":"product_cat-cafeteras","10":"first","11":"instock","12":"shipping-taxable","13":"product-type-simple"},"yoast_head":"<!-- This site is optimized with the Yoast SEO plugin v24.1 - https:\/\/yoast.com\/wordpress\/plugins\/seo\/ -->\n<title>Cafetera de Filtro con molino de caf\u00e9 H\u00c6GER Perfect Drip - H\u00c6GER Eletrodom\u00e9sticos<\/title>\n<meta name=\"description\" content=\"Marca de Pequenos Eletrodom\u00e9sticos para a sua cozinha, cuidados pessoais, casa e climatiza\u00e7\u00e3o. A op\u00e7\u00e3o inteligente para a sua casa.\" \/>\n<meta name=\"robots\" content=\"index, follow, max-snippet:-1, max-image-preview:large, max-video-preview:-1\" \/>\n<link rel=\"canonical\" href=\"https:\/\/www.haegergroup.com\/es\/producto\/cafetera-de-filtro-con-molinillo-de-cafe-haeger-perfect-drip\/\" \/>\n<meta property=\"og:locale\" content=\"es_ES\" \/>\n<meta property=\"og:type\" content=\"article\" \/>\n<meta property=\"og:title\" content=\"Cafetera de Filtro con molino de caf\u00e9 H\u00c6GER Perfect Drip - H\u00c6GER Eletrodom\u00e9sticos\" \/>\n<meta property=\"og:description\" content=\"Marca de Pequenos Eletrodom\u00e9sticos para a sua cozinha, cuidados pessoais, casa e climatiza\u00e7\u00e3o. A op\u00e7\u00e3o inteligente para a sua casa.\" \/>\n<meta property=\"og:url\" content=\"https:\/\/www.haegergroup.com\/es\/producto\/cafetera-de-filtro-con-molinillo-de-cafe-haeger-perfect-drip\/\" \/>\n<meta property=\"og:site_name\" content=\"H\u00c6GER Eletrodom\u00e9sticos\" \/>\n<meta property=\"article:modified_time\" content=\"2020-01-09T17:42:31+00:00\" \/>\n<meta property=\"og:image\" content=\"https:\/\/www.haegergroup.com\/wp-content\/uploads\/CM-10B.010A_2.png\" \/>\n\t<meta property=\"og:image:width\" content=\"1000\" \/>\n\t<meta property=\"og:image:height\" content=\"1000\" \/>\n\t<meta property=\"og:image:type\" content=\"image\/png\" \/>\n<meta name=\"twitter:card\" content=\"summary_large_image\" \/>\n<script type=\"application\/ld+json\" class=\"yoast-schema-graph\">{\"@context\":\"https:\/\/schema.org\",\"@graph\":[{\"@type\":\"WebPage\",\"@id\":\"https:\/\/www.haegergroup.com\/es\/producto\/cafetera-de-filtro-con-molinillo-de-cafe-haeger-perfect-drip\/\",\"url\":\"https:\/\/www.haegergroup.com\/es\/producto\/cafetera-de-filtro-con-molinillo-de-cafe-haeger-perfect-drip\/\",\"name\":\"Cafetera de Filtro con molino de caf\u00e9 H\u00c6GER Perfect Drip - H\u00c6GER Eletrodom\u00e9sticos\",\"isPartOf\":{\"@id\":\"https:\/\/www.haegergroup.com\/es\/#website\"},\"primaryImageOfPage\":{\"@id\":\"https:\/\/www.haegergroup.com\/es\/producto\/cafetera-de-filtro-con-molinillo-de-cafe-haeger-perfect-drip\/#primaryimage\"},\"image\":{\"@id\":\"https:\/\/www.haegergroup.com\/es\/producto\/cafetera-de-filtro-con-molinillo-de-cafe-haeger-perfect-drip\/#primaryimage\"},\"thumbnailUrl\":\"https:\/\/www.haegergroup.com\/wp-content\/uploads\/CM-10B.010A_2.png\",\"datePublished\":\"2020-01-09T17:25:41+00:00\",\"dateModified\":\"2020-01-09T17:42:31+00:00\",\"description\":\"Marca de Pequenos Eletrodom\u00e9sticos para a sua cozinha, cuidados pessoais, casa e climatiza\u00e7\u00e3o. A op\u00e7\u00e3o inteligente para a sua casa.\",\"breadcrumb\":{\"@id\":\"https:\/\/www.haegergroup.com\/es\/producto\/cafetera-de-filtro-con-molinillo-de-cafe-haeger-perfect-drip\/#breadcrumb\"},\"inLanguage\":\"es\",\"potentialAction\":[{\"@type\":\"ReadAction\",\"target\":[\"https:\/\/www.haegergroup.com\/es\/producto\/cafetera-de-filtro-con-molinillo-de-cafe-haeger-perfect-drip\/\"]}]},{\"@type\":\"ImageObject\",\"inLanguage\":\"es\",\"@id\":\"https:\/\/www.haegergroup.com\/es\/producto\/cafetera-de-filtro-con-molinillo-de-cafe-haeger-perfect-drip\/#primaryimage\",\"url\":\"https:\/\/www.haegergroup.com\/wp-content\/uploads\/CM-10B.010A_2.png\",\"contentUrl\":\"https:\/\/www.haegergroup.com\/wp-content\/uploads\/CM-10B.010A_2.png\",\"width\":1000,\"height\":1000},{\"@type\":\"BreadcrumbList\",\"@id\":\"https:\/\/www.haegergroup.com\/es\/producto\/cafetera-de-filtro-con-molinillo-de-cafe-haeger-perfect-drip\/#breadcrumb\",\"itemListElement\":[{\"@type\":\"ListItem\",\"position\":1,\"name\":\"Portada\",\"item\":\"https:\/\/www.haegergroup.com\/es\/\"},{\"@type\":\"ListItem\",\"position\":2,\"name\":\"Produtos\",\"item\":\"https:\/\/www.haegergroup.com\/pt-pt\/shop\/\"},{\"@type\":\"ListItem\",\"position\":3,\"name\":\"Cafetera de Filtro con molino de caf\u00e9 H\u00c6GER Perfect Drip\"}]},{\"@type\":\"WebSite\",\"@id\":\"https:\/\/www.haegergroup.com\/es\/#website\",\"url\":\"https:\/\/www.haegergroup.com\/es\/\",\"name\":\"H\u00c6GER Eletrodom\u00e9sticos\",\"description\":\"A escolha inteligente\",\"publisher\":{\"@id\":\"https:\/\/www.haegergroup.com\/es\/#organization\"},\"potentialAction\":[{\"@type\":\"SearchAction\",\"target\":{\"@type\":\"EntryPoint\",\"urlTemplate\":\"https:\/\/www.haegergroup.com\/es\/?s={search_term_string}\"},\"query-input\":{\"@type\":\"PropertyValueSpecification\",\"valueRequired\":true,\"valueName\":\"search_term_string\"}}],\"inLanguage\":\"es\"},{\"@type\":\"Organization\",\"@id\":\"https:\/\/www.haegergroup.com\/es\/#organization\",\"name\":\"Haeger Electrodom\u00e9sticos\",\"url\":\"https:\/\/www.haegergroup.com\/es\/\",\"logo\":{\"@type\":\"ImageObject\",\"inLanguage\":\"es\",\"@id\":\"https:\/\/www.haegergroup.com\/es\/#\/schema\/logo\/image\/\",\"url\":\"https:\/\/www.haegergroup.com\/wp-content\/uploads\/2018\/05\/logo-web-220.png\",\"contentUrl\":\"https:\/\/www.haegergroup.com\/wp-content\/uploads\/2018\/05\/logo-web-220.png\",\"width\":220,\"height\":49,\"caption\":\"Haeger Electrodom\u00e9sticos\"},\"image\":{\"@id\":\"https:\/\/www.haegergroup.com\/es\/#\/schema\/logo\/image\/\"}}]}<\/script>\n<!-- \/ Yoast SEO plugin. -->","yoast_head_json":{"title":"Cafetera de Filtro con molino de caf\u00e9 H\u00c6GER Perfect Drip - H\u00c6GER Eletrodom\u00e9sticos","description":"Marca de Pequenos Eletrodom\u00e9sticos para a sua cozinha, cuidados pessoais, casa e climatiza\u00e7\u00e3o. A op\u00e7\u00e3o inteligente para a sua casa.","robots":{"index":"index","follow":"follow","max-snippet":"max-snippet:-1","max-image-preview":"max-image-preview:large","max-video-preview":"max-video-preview:-1"},"canonical":"https:\/\/www.haegergroup.com\/es\/producto\/cafetera-de-filtro-con-molinillo-de-cafe-haeger-perfect-drip\/","og_locale":"es_ES","og_type":"article","og_title":"Cafetera de Filtro con molino de caf\u00e9 H\u00c6GER Perfect Drip - H\u00c6GER Eletrodom\u00e9sticos","og_description":"Marca de Pequenos Eletrodom\u00e9sticos para a sua cozinha, cuidados pessoais, casa e climatiza\u00e7\u00e3o. A op\u00e7\u00e3o inteligente para a sua casa.","og_url":"https:\/\/www.haegergroup.com\/es\/producto\/cafetera-de-filtro-con-molinillo-de-cafe-haeger-perfect-drip\/","og_site_name":"H\u00c6GER Eletrodom\u00e9sticos","article_modified_time":"2020-01-09T17:42:31+00:00","og_image":[{"width":1000,"height":1000,"url":"https:\/\/www.haegergroup.com\/wp-content\/uploads\/CM-10B.010A_2.png","type":"image\/png"}],"twitter_card":"summary_large_image","schema":{"@context":"https:\/\/schema.org","@graph":[{"@type":"WebPage","@id":"https:\/\/www.haegergroup.com\/es\/producto\/cafetera-de-filtro-con-molinillo-de-cafe-haeger-perfect-drip\/","url":"https:\/\/www.haegergroup.com\/es\/producto\/cafetera-de-filtro-con-molinillo-de-cafe-haeger-perfect-drip\/","name":"Cafetera de Filtro con molino de caf\u00e9 H\u00c6GER Perfect Drip - H\u00c6GER Eletrodom\u00e9sticos","isPartOf":{"@id":"https:\/\/www.haegergroup.com\/es\/#website"},"primaryImageOfPage":{"@id":"https:\/\/www.haegergroup.com\/es\/producto\/cafetera-de-filtro-con-molinillo-de-cafe-haeger-perfect-drip\/#primaryimage"},"image":{"@id":"https:\/\/www.haegergroup.com\/es\/producto\/cafetera-de-filtro-con-molinillo-de-cafe-haeger-perfect-drip\/#primaryimage"},"thumbnailUrl":"https:\/\/www.haegergroup.com\/wp-content\/uploads\/CM-10B.010A_2.png","datePublished":"2020-01-09T17:25:41+00:00","dateModified":"2020-01-09T17:42:31+00:00","description":"Marca de Pequenos Eletrodom\u00e9sticos para a sua cozinha, cuidados pessoais, casa e climatiza\u00e7\u00e3o. A op\u00e7\u00e3o inteligente para a sua casa.","breadcrumb":{"@id":"https:\/\/www.haegergroup.com\/es\/producto\/cafetera-de-filtro-con-molinillo-de-cafe-haeger-perfect-drip\/#breadcrumb"},"inLanguage":"es","potentialAction":[{"@type":"ReadAction","target":["https:\/\/www.haegergroup.com\/es\/producto\/cafetera-de-filtro-con-molinillo-de-cafe-haeger-perfect-drip\/"]}]},{"@type":"ImageObject","inLanguage":"es","@id":"https:\/\/www.haegergroup.com\/es\/producto\/cafetera-de-filtro-con-molinillo-de-cafe-haeger-perfect-drip\/#primaryimage","url":"https:\/\/www.haegergroup.com\/wp-content\/uploads\/CM-10B.010A_2.png","contentUrl":"https:\/\/www.haegergroup.com\/wp-content\/uploads\/CM-10B.010A_2.png","width":1000,"height":1000},{"@type":"BreadcrumbList","@id":"https:\/\/www.haegergroup.com\/es\/producto\/cafetera-de-filtro-con-molinillo-de-cafe-haeger-perfect-drip\/#breadcrumb","itemListElement":[{"@type":"ListItem","position":1,"name":"Portada","item":"https:\/\/www.haegergroup.com\/es\/"},{"@type":"ListItem","position":2,"name":"Produtos","item":"https:\/\/www.haegergroup.com\/pt-pt\/shop\/"},{"@type":"ListItem","position":3,"name":"Cafetera de Filtro con molino de caf\u00e9 H\u00c6GER Perfect Drip"}]},{"@type":"WebSite","@id":"https:\/\/www.haegergroup.com\/es\/#website","url":"https:\/\/www.haegergroup.com\/es\/","name":"H\u00c6GER Eletrodom\u00e9sticos","description":"A escolha inteligente","publisher":{"@id":"https:\/\/www.haegergroup.com\/es\/#organization"},"potentialAction":[{"@type":"SearchAction","target":{"@type":"EntryPoint","urlTemplate":"https:\/\/www.haegergroup.com\/es\/?s={search_term_string}"},"query-input":{"@type":"PropertyValueSpecification","valueRequired":true,"valueName":"search_term_string"}}],"inLanguage":"es"},{"@type":"Organization","@id":"https:\/\/www.haegergroup.com\/es\/#organization","name":"Haeger Electrodom\u00e9sticos","url":"https:\/\/www.haegergroup.com\/es\/","logo":{"@type":"ImageObject","inLanguage":"es","@id":"https:\/\/www.haegergroup.com\/es\/#\/schema\/logo\/image\/","url":"https:\/\/www.haegergroup.com\/wp-content\/uploads\/2018\/05\/logo-web-220.png","contentUrl":"https:\/\/www.haegergroup.com\/wp-content\/uploads\/2018\/05\/logo-web-220.png","width":220,"height":49,"caption":"Haeger Electrodom\u00e9sticos"},"image":{"@id":"https:\/\/www.haegergroup.com\/es\/#\/schema\/logo\/image\/"}}]}},"_links":{"self":[{"href":"https:\/\/www.haegergroup.com\/es\/wp-json\/wp\/v2\/product\/29711","targetHints":{"allow":["GET"]}}],"collection":[{"href":"https:\/\/www.haegergroup.com\/es\/wp-json\/wp\/v2\/product"}],"about":[{"href":"https:\/\/www.haegergroup.com\/es\/wp-json\/wp\/v2\/types\/product"}],"wp:featuredmedia":[{"embeddable":true,"href":"https:\/\/www.haegergroup.com\/es\/wp-json\/wp\/v2\/media\/26909"}],"wp:attachment":[{"href":"https:\/\/www.haegergroup.com\/es\/wp-json\/wp\/v2\/media?parent=29711"}],"wp:term":[{"taxonomy":"product_cat","embeddable":true,"href":"https:\/\/www.haegergroup.com\/es\/wp-json\/wp\/v2\/product_cat?post=29711"},{"taxonomy":"product_tag","embeddable":true,"href":"https:\/\/www.haegergroup.com\/es\/wp-json\/wp\/v2\/product_tag?post=29711"}],"curies":[{"name":"wp","href":"https:\/\/api.w.org\/{rel}","templated":true}]}}