{"id":23546,"date":"2019-05-27T14:49:39","date_gmt":"2019-05-27T13:49:39","guid":{"rendered":"https:\/\/www.haegergroup.com\/?post_type=product&#038;p=23546"},"modified":"2019-07-16T10:24:52","modified_gmt":"2019-07-16T09:24:52","slug":"soporte-tv-small-tilt-13-27","status":"publish","type":"product","link":"https:\/\/www.haegergroup.com\/es\/producto\/soporte-tv-small-tilt-13-27\/","title":{"rendered":"Soporte TV Small Tilt 13&#8243;- 27&#8243;"},"content":{"rendered":"","protected":false},"excerpt":{"rendered":"<h2><strong>Soporte de pared para TV<br \/>\nModelo: WB-T27.020A<\/strong><\/h2>\n<ul>\n<li>Para LED \/ LCD TV de 13\u201d- 27\u201d<\/li>\n<li>Montaje universal<\/li>\n<li>Dise\u00f1o de F\u00e1cil Montaje<\/li>\n<li>M\u00e1x. VESA: 100 x 100mm<\/li>\n<li>Distancia a la pared: 33mm<\/li>\n<li>Capacidad de carga: 18kg<\/li>\n<li>Inclinaci\u00f3n: -12\u00ba ~ +12\u00ba<\/li>\n<\/ul>\n","protected":false},"featured_media":23547,"template":"","meta":[],"product_cat":[131,135,136],"product_tag":[522,523],"class_list":{"0":"post-23546","1":"product","2":"type-product","3":"status-publish","4":"has-post-thumbnail","6":"product_cat-audio-tv-telecom","7":"product_cat-tv","8":"product_cat-soportes-tv","9":"product_tag-soporte-de-pared","10":"product_tag-tv","12":"first","13":"instock","14":"shipping-taxable","15":"product-type-simple"},"yoast_head":"<!-- This site is optimized with the Yoast SEO plugin v24.1 - https:\/\/yoast.com\/wordpress\/plugins\/seo\/ -->\n<title>Soporte TV Small Tilt 13&quot;- 27&quot; - H\u00c6GER Eletrodom\u00e9sticos<\/title>\n<meta name=\"description\" content=\"Marca de Pequenos Eletrodom\u00e9sticos para a sua cozinha, cuidados pessoais, casa e climatiza\u00e7\u00e3o. A op\u00e7\u00e3o inteligente para a sua casa.\" \/>\n<meta name=\"robots\" content=\"index, follow, max-snippet:-1, max-image-preview:large, max-video-preview:-1\" \/>\n<link rel=\"canonical\" href=\"https:\/\/www.haegergroup.com\/es\/producto\/soporte-tv-small-tilt-13-27\/\" \/>\n<meta property=\"og:locale\" content=\"es_ES\" \/>\n<meta property=\"og:type\" content=\"article\" \/>\n<meta property=\"og:title\" content=\"Soporte TV Small Tilt 13&quot;- 27&quot; - H\u00c6GER Eletrodom\u00e9sticos\" \/>\n<meta property=\"og:description\" content=\"Marca de Pequenos Eletrodom\u00e9sticos para a sua cozinha, cuidados pessoais, casa e climatiza\u00e7\u00e3o. A op\u00e7\u00e3o inteligente para a sua casa.\" \/>\n<meta property=\"og:url\" content=\"https:\/\/www.haegergroup.com\/es\/producto\/soporte-tv-small-tilt-13-27\/\" \/>\n<meta property=\"og:site_name\" content=\"H\u00c6GER Eletrodom\u00e9sticos\" \/>\n<meta property=\"article:modified_time\" content=\"2019-07-16T09:24:52+00:00\" \/>\n<meta property=\"og:image\" content=\"https:\/\/www.haegergroup.com\/wp-content\/uploads\/2019\/05\/small-tilt.jpg\" \/>\n\t<meta property=\"og:image:width\" content=\"1000\" \/>\n\t<meta property=\"og:image:height\" content=\"1000\" \/>\n\t<meta property=\"og:image:type\" content=\"image\/jpeg\" \/>\n<meta name=\"twitter:card\" content=\"summary_large_image\" \/>\n<script type=\"application\/ld+json\" class=\"yoast-schema-graph\">{\"@context\":\"https:\/\/schema.org\",\"@graph\":[{\"@type\":\"WebPage\",\"@id\":\"https:\/\/www.haegergroup.com\/es\/producto\/soporte-tv-small-tilt-13-27\/\",\"url\":\"https:\/\/www.haegergroup.com\/es\/producto\/soporte-tv-small-tilt-13-27\/\",\"name\":\"Soporte TV Small Tilt 13\\\"- 27\\\" - H\u00c6GER Eletrodom\u00e9sticos\",\"isPartOf\":{\"@id\":\"https:\/\/www.haegergroup.com\/es\/#website\"},\"primaryImageOfPage\":{\"@id\":\"https:\/\/www.haegergroup.com\/es\/producto\/soporte-tv-small-tilt-13-27\/#primaryimage\"},\"image\":{\"@id\":\"https:\/\/www.haegergroup.com\/es\/producto\/soporte-tv-small-tilt-13-27\/#primaryimage\"},\"thumbnailUrl\":\"https:\/\/www.haegergroup.com\/wp-content\/uploads\/2019\/05\/small-tilt.jpg\",\"datePublished\":\"2019-05-27T13:49:39+00:00\",\"dateModified\":\"2019-07-16T09:24:52+00:00\",\"description\":\"Marca de Pequenos Eletrodom\u00e9sticos para a sua cozinha, cuidados pessoais, casa e climatiza\u00e7\u00e3o. A op\u00e7\u00e3o inteligente para a sua casa.\",\"breadcrumb\":{\"@id\":\"https:\/\/www.haegergroup.com\/es\/producto\/soporte-tv-small-tilt-13-27\/#breadcrumb\"},\"inLanguage\":\"es\",\"potentialAction\":[{\"@type\":\"ReadAction\",\"target\":[\"https:\/\/www.haegergroup.com\/es\/producto\/soporte-tv-small-tilt-13-27\/\"]}]},{\"@type\":\"ImageObject\",\"inLanguage\":\"es\",\"@id\":\"https:\/\/www.haegergroup.com\/es\/producto\/soporte-tv-small-tilt-13-27\/#primaryimage\",\"url\":\"https:\/\/www.haegergroup.com\/wp-content\/uploads\/2019\/05\/small-tilt.jpg\",\"contentUrl\":\"https:\/\/www.haegergroup.com\/wp-content\/uploads\/2019\/05\/small-tilt.jpg\",\"width\":1000,\"height\":1000},{\"@type\":\"BreadcrumbList\",\"@id\":\"https:\/\/www.haegergroup.com\/es\/producto\/soporte-tv-small-tilt-13-27\/#breadcrumb\",\"itemListElement\":[{\"@type\":\"ListItem\",\"position\":1,\"name\":\"Portada\",\"item\":\"https:\/\/www.haegergroup.com\/es\/\"},{\"@type\":\"ListItem\",\"position\":2,\"name\":\"Produtos\",\"item\":\"https:\/\/www.haegergroup.com\/pt-pt\/shop\/\"},{\"@type\":\"ListItem\",\"position\":3,\"name\":\"Soporte TV Small Tilt 13&#8243;- 27&#8243;\"}]},{\"@type\":\"WebSite\",\"@id\":\"https:\/\/www.haegergroup.com\/es\/#website\",\"url\":\"https:\/\/www.haegergroup.com\/es\/\",\"name\":\"H\u00c6GER Eletrodom\u00e9sticos\",\"description\":\"A escolha inteligente\",\"publisher\":{\"@id\":\"https:\/\/www.haegergroup.com\/es\/#organization\"},\"potentialAction\":[{\"@type\":\"SearchAction\",\"target\":{\"@type\":\"EntryPoint\",\"urlTemplate\":\"https:\/\/www.haegergroup.com\/es\/?s={search_term_string}\"},\"query-input\":{\"@type\":\"PropertyValueSpecification\",\"valueRequired\":true,\"valueName\":\"search_term_string\"}}],\"inLanguage\":\"es\"},{\"@type\":\"Organization\",\"@id\":\"https:\/\/www.haegergroup.com\/es\/#organization\",\"name\":\"Haeger Electrodom\u00e9sticos\",\"url\":\"https:\/\/www.haegergroup.com\/es\/\",\"logo\":{\"@type\":\"ImageObject\",\"inLanguage\":\"es\",\"@id\":\"https:\/\/www.haegergroup.com\/es\/#\/schema\/logo\/image\/\",\"url\":\"https:\/\/www.haegergroup.com\/wp-content\/uploads\/2018\/05\/logo-web-220.png\",\"contentUrl\":\"https:\/\/www.haegergroup.com\/wp-content\/uploads\/2018\/05\/logo-web-220.png\",\"width\":220,\"height\":49,\"caption\":\"Haeger Electrodom\u00e9sticos\"},\"image\":{\"@id\":\"https:\/\/www.haegergroup.com\/es\/#\/schema\/logo\/image\/\"}}]}<\/script>\n<!-- \/ Yoast SEO plugin. -->","yoast_head_json":{"title":"Soporte TV Small Tilt 13\"- 27\" - H\u00c6GER Eletrodom\u00e9sticos","description":"Marca de Pequenos Eletrodom\u00e9sticos para a sua cozinha, cuidados pessoais, casa e climatiza\u00e7\u00e3o. A op\u00e7\u00e3o inteligente para a sua casa.","robots":{"index":"index","follow":"follow","max-snippet":"max-snippet:-1","max-image-preview":"max-image-preview:large","max-video-preview":"max-video-preview:-1"},"canonical":"https:\/\/www.haegergroup.com\/es\/producto\/soporte-tv-small-tilt-13-27\/","og_locale":"es_ES","og_type":"article","og_title":"Soporte TV Small Tilt 13\"- 27\" - H\u00c6GER Eletrodom\u00e9sticos","og_description":"Marca de Pequenos Eletrodom\u00e9sticos para a sua cozinha, cuidados pessoais, casa e climatiza\u00e7\u00e3o. A op\u00e7\u00e3o inteligente para a sua casa.","og_url":"https:\/\/www.haegergroup.com\/es\/producto\/soporte-tv-small-tilt-13-27\/","og_site_name":"H\u00c6GER Eletrodom\u00e9sticos","article_modified_time":"2019-07-16T09:24:52+00:00","og_image":[{"width":1000,"height":1000,"url":"https:\/\/www.haegergroup.com\/wp-content\/uploads\/2019\/05\/small-tilt.jpg","type":"image\/jpeg"}],"twitter_card":"summary_large_image","schema":{"@context":"https:\/\/schema.org","@graph":[{"@type":"WebPage","@id":"https:\/\/www.haegergroup.com\/es\/producto\/soporte-tv-small-tilt-13-27\/","url":"https:\/\/www.haegergroup.com\/es\/producto\/soporte-tv-small-tilt-13-27\/","name":"Soporte TV Small Tilt 13\"- 27\" - H\u00c6GER Eletrodom\u00e9sticos","isPartOf":{"@id":"https:\/\/www.haegergroup.com\/es\/#website"},"primaryImageOfPage":{"@id":"https:\/\/www.haegergroup.com\/es\/producto\/soporte-tv-small-tilt-13-27\/#primaryimage"},"image":{"@id":"https:\/\/www.haegergroup.com\/es\/producto\/soporte-tv-small-tilt-13-27\/#primaryimage"},"thumbnailUrl":"https:\/\/www.haegergroup.com\/wp-content\/uploads\/2019\/05\/small-tilt.jpg","datePublished":"2019-05-27T13:49:39+00:00","dateModified":"2019-07-16T09:24:52+00:00","description":"Marca de Pequenos Eletrodom\u00e9sticos para a sua cozinha, cuidados pessoais, casa e climatiza\u00e7\u00e3o. A op\u00e7\u00e3o inteligente para a sua casa.","breadcrumb":{"@id":"https:\/\/www.haegergroup.com\/es\/producto\/soporte-tv-small-tilt-13-27\/#breadcrumb"},"inLanguage":"es","potentialAction":[{"@type":"ReadAction","target":["https:\/\/www.haegergroup.com\/es\/producto\/soporte-tv-small-tilt-13-27\/"]}]},{"@type":"ImageObject","inLanguage":"es","@id":"https:\/\/www.haegergroup.com\/es\/producto\/soporte-tv-small-tilt-13-27\/#primaryimage","url":"https:\/\/www.haegergroup.com\/wp-content\/uploads\/2019\/05\/small-tilt.jpg","contentUrl":"https:\/\/www.haegergroup.com\/wp-content\/uploads\/2019\/05\/small-tilt.jpg","width":1000,"height":1000},{"@type":"BreadcrumbList","@id":"https:\/\/www.haegergroup.com\/es\/producto\/soporte-tv-small-tilt-13-27\/#breadcrumb","itemListElement":[{"@type":"ListItem","position":1,"name":"Portada","item":"https:\/\/www.haegergroup.com\/es\/"},{"@type":"ListItem","position":2,"name":"Produtos","item":"https:\/\/www.haegergroup.com\/pt-pt\/shop\/"},{"@type":"ListItem","position":3,"name":"Soporte TV Small Tilt 13&#8243;- 27&#8243;"}]},{"@type":"WebSite","@id":"https:\/\/www.haegergroup.com\/es\/#website","url":"https:\/\/www.haegergroup.com\/es\/","name":"H\u00c6GER Eletrodom\u00e9sticos","description":"A escolha inteligente","publisher":{"@id":"https:\/\/www.haegergroup.com\/es\/#organization"},"potentialAction":[{"@type":"SearchAction","target":{"@type":"EntryPoint","urlTemplate":"https:\/\/www.haegergroup.com\/es\/?s={search_term_string}"},"query-input":{"@type":"PropertyValueSpecification","valueRequired":true,"valueName":"search_term_string"}}],"inLanguage":"es"},{"@type":"Organization","@id":"https:\/\/www.haegergroup.com\/es\/#organization","name":"Haeger Electrodom\u00e9sticos","url":"https:\/\/www.haegergroup.com\/es\/","logo":{"@type":"ImageObject","inLanguage":"es","@id":"https:\/\/www.haegergroup.com\/es\/#\/schema\/logo\/image\/","url":"https:\/\/www.haegergroup.com\/wp-content\/uploads\/2018\/05\/logo-web-220.png","contentUrl":"https:\/\/www.haegergroup.com\/wp-content\/uploads\/2018\/05\/logo-web-220.png","width":220,"height":49,"caption":"Haeger Electrodom\u00e9sticos"},"image":{"@id":"https:\/\/www.haegergroup.com\/es\/#\/schema\/logo\/image\/"}}]}},"_links":{"self":[{"href":"https:\/\/www.haegergroup.com\/es\/wp-json\/wp\/v2\/product\/23546","targetHints":{"allow":["GET"]}}],"collection":[{"href":"https:\/\/www.haegergroup.com\/es\/wp-json\/wp\/v2\/product"}],"about":[{"href":"https:\/\/www.haegergroup.com\/es\/wp-json\/wp\/v2\/types\/product"}],"wp:featuredmedia":[{"embeddable":true,"href":"https:\/\/www.haegergroup.com\/es\/wp-json\/wp\/v2\/media\/23547"}],"wp:attachment":[{"href":"https:\/\/www.haegergroup.com\/es\/wp-json\/wp\/v2\/media?parent=23546"}],"wp:term":[{"taxonomy":"product_cat","embeddable":true,"href":"https:\/\/www.haegergroup.com\/es\/wp-json\/wp\/v2\/product_cat?post=23546"},{"taxonomy":"product_tag","embeddable":true,"href":"https:\/\/www.haegergroup.com\/es\/wp-json\/wp\/v2\/product_tag?post=23546"}],"curies":[{"name":"wp","href":"https:\/\/api.w.org\/{rel}","templated":true}]}}