{"id":19042,"date":"2018-10-01T12:54:18","date_gmt":"2018-10-01T10:54:18","guid":{"rendered":"https:\/\/www.haegergroup.com\/?post_type=product&#038;p=19042"},"modified":"2022-11-17T17:44:20","modified_gmt":"2022-11-17T17:44:20","slug":"estufa-de-gas-premium-warm-negro","status":"publish","type":"product","link":"https:\/\/www.haegergroup.com\/es\/producto\/estufa-de-gas-premium-warm-negro\/","title":{"rendered":"Estufa de gas Premium Warm (Negro)"},"content":{"rendered":"","protected":false},"excerpt":{"rendered":"<h2>Estufa de gas 4200W<br \/>\nModelo: GH-42B.002A<\/h2>\n<ul>\n<li>3 Sistemas de seguridad:<br \/>\n&#8211; FFD &#8211; Dispositivo de seguridad en caso de que la llama se apague<br \/>\n&#8211; OSD &#8211; Dispositivo de seguridad en caso de detecci\u00f3n de bajo nivel de ox\u00edgeno<br \/>\n&#8211; TSD &#8211; Dispositivo de seguridad en caso de inclinaci\u00f3n o ca\u00edda<\/li>\n<li>Resistencia en cer\u00e1mica para una mayor propagaci\u00f3n del calor<\/li>\n<li>3 Niveles de calor: 1500W &#8211; 2900W &#8211; 4200W<\/li>\n<li>Encendido autom\u00e1tico Piezo<\/li>\n<li>Ruedas de f\u00e1cil manejo<\/li>\n<li>Superficie de calefacci\u00f3n de hasta 40m2<\/li>\n<li>Potencia m\u00e1xima: 4200 w<\/li>\n<\/ul>\n","protected":false},"featured_media":25964,"template":"","meta":[],"product_cat":[233,146,148],"product_tag":[492,493,494],"class_list":{"0":"post-19042","1":"product","2":"type-product","3":"status-publish","4":"has-post-thumbnail","6":"product_cat-estufas-de-gas","7":"product_cat-climatizacion","8":"product_cat-calefaccion","9":"product_tag-calefaccion-a-gas","10":"product_tag-calor","11":"product_tag-estufa","13":"first","14":"instock","15":"shipping-taxable","16":"product-type-simple"},"yoast_head":"<!-- This site is optimized with the Yoast SEO plugin v24.1 - https:\/\/yoast.com\/wordpress\/plugins\/seo\/ -->\n<title>Estufa de gas Premium Warm (Negro) - H\u00c6GER Eletrodom\u00e9sticos<\/title>\n<meta name=\"description\" content=\"Marca de Pequenos Eletrodom\u00e9sticos para a sua cozinha, cuidados pessoais, casa e climatiza\u00e7\u00e3o. A op\u00e7\u00e3o inteligente para a sua casa.\" \/>\n<meta name=\"robots\" content=\"index, follow, max-snippet:-1, max-image-preview:large, max-video-preview:-1\" \/>\n<link rel=\"canonical\" href=\"https:\/\/www.haegergroup.com\/es\/producto\/estufa-de-gas-premium-warm-negro\/\" \/>\n<meta property=\"og:locale\" content=\"es_ES\" \/>\n<meta property=\"og:type\" content=\"article\" \/>\n<meta property=\"og:title\" content=\"Estufa de gas Premium Warm (Negro) - H\u00c6GER Eletrodom\u00e9sticos\" \/>\n<meta property=\"og:description\" content=\"Marca de Pequenos Eletrodom\u00e9sticos para a sua cozinha, cuidados pessoais, casa e climatiza\u00e7\u00e3o. A op\u00e7\u00e3o inteligente para a sua casa.\" \/>\n<meta property=\"og:url\" content=\"https:\/\/www.haegergroup.com\/es\/producto\/estufa-de-gas-premium-warm-negro\/\" \/>\n<meta property=\"og:site_name\" content=\"H\u00c6GER Eletrodom\u00e9sticos\" \/>\n<meta property=\"article:modified_time\" content=\"2022-11-17T17:44:20+00:00\" \/>\n<meta property=\"og:image\" content=\"https:\/\/www.haegergroup.com\/wp-content\/uploads\/2018\/10\/GH-42B.002A-1x1.jpg\" \/>\n\t<meta property=\"og:image:width\" content=\"1000\" \/>\n\t<meta property=\"og:image:height\" content=\"1000\" \/>\n\t<meta property=\"og:image:type\" content=\"image\/jpeg\" \/>\n<meta name=\"twitter:card\" content=\"summary_large_image\" \/>\n<script type=\"application\/ld+json\" class=\"yoast-schema-graph\">{\"@context\":\"https:\/\/schema.org\",\"@graph\":[{\"@type\":\"WebPage\",\"@id\":\"https:\/\/www.haegergroup.com\/es\/producto\/estufa-de-gas-premium-warm-negro\/\",\"url\":\"https:\/\/www.haegergroup.com\/es\/producto\/estufa-de-gas-premium-warm-negro\/\",\"name\":\"Estufa de gas Premium Warm (Negro) - H\u00c6GER Eletrodom\u00e9sticos\",\"isPartOf\":{\"@id\":\"https:\/\/www.haegergroup.com\/es\/#website\"},\"primaryImageOfPage\":{\"@id\":\"https:\/\/www.haegergroup.com\/es\/producto\/estufa-de-gas-premium-warm-negro\/#primaryimage\"},\"image\":{\"@id\":\"https:\/\/www.haegergroup.com\/es\/producto\/estufa-de-gas-premium-warm-negro\/#primaryimage\"},\"thumbnailUrl\":\"https:\/\/www.haegergroup.com\/wp-content\/uploads\/2018\/10\/GH-42B.002A-1x1.jpg\",\"datePublished\":\"2018-10-01T10:54:18+00:00\",\"dateModified\":\"2022-11-17T17:44:20+00:00\",\"description\":\"Marca de Pequenos Eletrodom\u00e9sticos para a sua cozinha, cuidados pessoais, casa e climatiza\u00e7\u00e3o. A op\u00e7\u00e3o inteligente para a sua casa.\",\"breadcrumb\":{\"@id\":\"https:\/\/www.haegergroup.com\/es\/producto\/estufa-de-gas-premium-warm-negro\/#breadcrumb\"},\"inLanguage\":\"es\",\"potentialAction\":[{\"@type\":\"ReadAction\",\"target\":[\"https:\/\/www.haegergroup.com\/es\/producto\/estufa-de-gas-premium-warm-negro\/\"]}]},{\"@type\":\"ImageObject\",\"inLanguage\":\"es\",\"@id\":\"https:\/\/www.haegergroup.com\/es\/producto\/estufa-de-gas-premium-warm-negro\/#primaryimage\",\"url\":\"https:\/\/www.haegergroup.com\/wp-content\/uploads\/2018\/10\/GH-42B.002A-1x1.jpg\",\"contentUrl\":\"https:\/\/www.haegergroup.com\/wp-content\/uploads\/2018\/10\/GH-42B.002A-1x1.jpg\",\"width\":1000,\"height\":1000},{\"@type\":\"BreadcrumbList\",\"@id\":\"https:\/\/www.haegergroup.com\/es\/producto\/estufa-de-gas-premium-warm-negro\/#breadcrumb\",\"itemListElement\":[{\"@type\":\"ListItem\",\"position\":1,\"name\":\"Portada\",\"item\":\"https:\/\/www.haegergroup.com\/es\/\"},{\"@type\":\"ListItem\",\"position\":2,\"name\":\"Productos\",\"item\":\"https:\/\/www.haegergroup.com\/es\/tienda\/\"},{\"@type\":\"ListItem\",\"position\":3,\"name\":\"Estufa de gas Premium Warm (Negro)\"}]},{\"@type\":\"WebSite\",\"@id\":\"https:\/\/www.haegergroup.com\/es\/#website\",\"url\":\"https:\/\/www.haegergroup.com\/es\/\",\"name\":\"H\u00c6GER Eletrodom\u00e9sticos\",\"description\":\"A escolha inteligente\",\"publisher\":{\"@id\":\"https:\/\/www.haegergroup.com\/es\/#organization\"},\"potentialAction\":[{\"@type\":\"SearchAction\",\"target\":{\"@type\":\"EntryPoint\",\"urlTemplate\":\"https:\/\/www.haegergroup.com\/es\/?s={search_term_string}\"},\"query-input\":{\"@type\":\"PropertyValueSpecification\",\"valueRequired\":true,\"valueName\":\"search_term_string\"}}],\"inLanguage\":\"es\"},{\"@type\":\"Organization\",\"@id\":\"https:\/\/www.haegergroup.com\/es\/#organization\",\"name\":\"Haeger Electrodom\u00e9sticos\",\"url\":\"https:\/\/www.haegergroup.com\/es\/\",\"logo\":{\"@type\":\"ImageObject\",\"inLanguage\":\"es\",\"@id\":\"https:\/\/www.haegergroup.com\/es\/#\/schema\/logo\/image\/\",\"url\":\"https:\/\/www.haegergroup.com\/wp-content\/uploads\/2018\/05\/logo-web-220.png\",\"contentUrl\":\"https:\/\/www.haegergroup.com\/wp-content\/uploads\/2018\/05\/logo-web-220.png\",\"width\":220,\"height\":49,\"caption\":\"Haeger Electrodom\u00e9sticos\"},\"image\":{\"@id\":\"https:\/\/www.haegergroup.com\/es\/#\/schema\/logo\/image\/\"}}]}<\/script>\n<!-- \/ Yoast SEO plugin. -->","yoast_head_json":{"title":"Estufa de gas Premium Warm (Negro) - H\u00c6GER Eletrodom\u00e9sticos","description":"Marca de Pequenos Eletrodom\u00e9sticos para a sua cozinha, cuidados pessoais, casa e climatiza\u00e7\u00e3o. A op\u00e7\u00e3o inteligente para a sua casa.","robots":{"index":"index","follow":"follow","max-snippet":"max-snippet:-1","max-image-preview":"max-image-preview:large","max-video-preview":"max-video-preview:-1"},"canonical":"https:\/\/www.haegergroup.com\/es\/producto\/estufa-de-gas-premium-warm-negro\/","og_locale":"es_ES","og_type":"article","og_title":"Estufa de gas Premium Warm (Negro) - H\u00c6GER Eletrodom\u00e9sticos","og_description":"Marca de Pequenos Eletrodom\u00e9sticos para a sua cozinha, cuidados pessoais, casa e climatiza\u00e7\u00e3o. A op\u00e7\u00e3o inteligente para a sua casa.","og_url":"https:\/\/www.haegergroup.com\/es\/producto\/estufa-de-gas-premium-warm-negro\/","og_site_name":"H\u00c6GER Eletrodom\u00e9sticos","article_modified_time":"2022-11-17T17:44:20+00:00","og_image":[{"width":1000,"height":1000,"url":"https:\/\/www.haegergroup.com\/wp-content\/uploads\/2018\/10\/GH-42B.002A-1x1.jpg","type":"image\/jpeg"}],"twitter_card":"summary_large_image","schema":{"@context":"https:\/\/schema.org","@graph":[{"@type":"WebPage","@id":"https:\/\/www.haegergroup.com\/es\/producto\/estufa-de-gas-premium-warm-negro\/","url":"https:\/\/www.haegergroup.com\/es\/producto\/estufa-de-gas-premium-warm-negro\/","name":"Estufa de gas Premium Warm (Negro) - H\u00c6GER Eletrodom\u00e9sticos","isPartOf":{"@id":"https:\/\/www.haegergroup.com\/es\/#website"},"primaryImageOfPage":{"@id":"https:\/\/www.haegergroup.com\/es\/producto\/estufa-de-gas-premium-warm-negro\/#primaryimage"},"image":{"@id":"https:\/\/www.haegergroup.com\/es\/producto\/estufa-de-gas-premium-warm-negro\/#primaryimage"},"thumbnailUrl":"https:\/\/www.haegergroup.com\/wp-content\/uploads\/2018\/10\/GH-42B.002A-1x1.jpg","datePublished":"2018-10-01T10:54:18+00:00","dateModified":"2022-11-17T17:44:20+00:00","description":"Marca de Pequenos Eletrodom\u00e9sticos para a sua cozinha, cuidados pessoais, casa e climatiza\u00e7\u00e3o. A op\u00e7\u00e3o inteligente para a sua casa.","breadcrumb":{"@id":"https:\/\/www.haegergroup.com\/es\/producto\/estufa-de-gas-premium-warm-negro\/#breadcrumb"},"inLanguage":"es","potentialAction":[{"@type":"ReadAction","target":["https:\/\/www.haegergroup.com\/es\/producto\/estufa-de-gas-premium-warm-negro\/"]}]},{"@type":"ImageObject","inLanguage":"es","@id":"https:\/\/www.haegergroup.com\/es\/producto\/estufa-de-gas-premium-warm-negro\/#primaryimage","url":"https:\/\/www.haegergroup.com\/wp-content\/uploads\/2018\/10\/GH-42B.002A-1x1.jpg","contentUrl":"https:\/\/www.haegergroup.com\/wp-content\/uploads\/2018\/10\/GH-42B.002A-1x1.jpg","width":1000,"height":1000},{"@type":"BreadcrumbList","@id":"https:\/\/www.haegergroup.com\/es\/producto\/estufa-de-gas-premium-warm-negro\/#breadcrumb","itemListElement":[{"@type":"ListItem","position":1,"name":"Portada","item":"https:\/\/www.haegergroup.com\/es\/"},{"@type":"ListItem","position":2,"name":"Productos","item":"https:\/\/www.haegergroup.com\/es\/tienda\/"},{"@type":"ListItem","position":3,"name":"Estufa de gas Premium Warm (Negro)"}]},{"@type":"WebSite","@id":"https:\/\/www.haegergroup.com\/es\/#website","url":"https:\/\/www.haegergroup.com\/es\/","name":"H\u00c6GER Eletrodom\u00e9sticos","description":"A escolha inteligente","publisher":{"@id":"https:\/\/www.haegergroup.com\/es\/#organization"},"potentialAction":[{"@type":"SearchAction","target":{"@type":"EntryPoint","urlTemplate":"https:\/\/www.haegergroup.com\/es\/?s={search_term_string}"},"query-input":{"@type":"PropertyValueSpecification","valueRequired":true,"valueName":"search_term_string"}}],"inLanguage":"es"},{"@type":"Organization","@id":"https:\/\/www.haegergroup.com\/es\/#organization","name":"Haeger Electrodom\u00e9sticos","url":"https:\/\/www.haegergroup.com\/es\/","logo":{"@type":"ImageObject","inLanguage":"es","@id":"https:\/\/www.haegergroup.com\/es\/#\/schema\/logo\/image\/","url":"https:\/\/www.haegergroup.com\/wp-content\/uploads\/2018\/05\/logo-web-220.png","contentUrl":"https:\/\/www.haegergroup.com\/wp-content\/uploads\/2018\/05\/logo-web-220.png","width":220,"height":49,"caption":"Haeger Electrodom\u00e9sticos"},"image":{"@id":"https:\/\/www.haegergroup.com\/es\/#\/schema\/logo\/image\/"}}]}},"_links":{"self":[{"href":"https:\/\/www.haegergroup.com\/es\/wp-json\/wp\/v2\/product\/19042","targetHints":{"allow":["GET"]}}],"collection":[{"href":"https:\/\/www.haegergroup.com\/es\/wp-json\/wp\/v2\/product"}],"about":[{"href":"https:\/\/www.haegergroup.com\/es\/wp-json\/wp\/v2\/types\/product"}],"wp:featuredmedia":[{"embeddable":true,"href":"https:\/\/www.haegergroup.com\/es\/wp-json\/wp\/v2\/media\/25964"}],"wp:attachment":[{"href":"https:\/\/www.haegergroup.com\/es\/wp-json\/wp\/v2\/media?parent=19042"}],"wp:term":[{"taxonomy":"product_cat","embeddable":true,"href":"https:\/\/www.haegergroup.com\/es\/wp-json\/wp\/v2\/product_cat?post=19042"},{"taxonomy":"product_tag","embeddable":true,"href":"https:\/\/www.haegergroup.com\/es\/wp-json\/wp\/v2\/product_tag?post=19042"}],"curies":[{"name":"wp","href":"https:\/\/api.w.org\/{rel}","templated":true}]}}