{"id":18994,"date":"2018-10-01T10:07:10","date_gmt":"2018-10-01T09:07:10","guid":{"rendered":"https:\/\/www.haegergroup.com\/?post_type=product&#038;p=18994"},"modified":"2021-05-24T17:03:00","modified_gmt":"2021-05-24T16:03:00","slug":"aspirador-de-mano-recargable-bullet-plus-gris","status":"publish","type":"product","link":"https:\/\/www.haegergroup.com\/es\/producto\/aspirador-de-mano-recargable-bullet-plus-gris\/","title":{"rendered":"H\u00c6GER BULLET PLUS (Gris) &#8211; Aspirador de Mano Recargable para S\u00f3lidos y L\u00edquidos, 40W"},"content":{"rendered":"","protected":false},"excerpt":{"rendered":"<h2>Aspirador de mano recargable con filtro lavable<br \/>\nModelo: PV-45G.004A<\/h2>\n<ul>\n<li>Aspirador recargable para aspira l\u00edquidos y s\u00f3lidos<\/li>\n<li>Motor de 40 vatios para limpieza eficiente<\/li>\n<li>Base de almacenamiento \/ carga<\/li>\n<li>Modelo silencioso<\/li>\n<li>Recipiente desmontable, con filtro para f\u00e1cil limpieza<\/li>\n<li>Filtro permanente lavable<\/li>\n<li>Autonom\u00eda: aprox. 15-18 min.<\/li>\n<li>Accesorios: 3 Boquillas<\/li>\n<li>Voltaje: DC 7.2V<\/li>\n<\/ul>\n","protected":false},"featured_media":19767,"template":"","meta":[],"product_cat":[151,178,182],"product_tag":[],"class_list":{"0":"post-18994","1":"product","2":"type-product","3":"status-publish","4":"has-post-thumbnail","6":"product_cat-pequenos-electrodomesticos","7":"product_cat-hogar","8":"product_cat-aspiradoras","10":"first","11":"instock","12":"shipping-taxable","13":"product-type-simple"},"yoast_head":"<!-- This site is optimized with the Yoast SEO plugin v24.1 - https:\/\/yoast.com\/wordpress\/plugins\/seo\/ -->\n<title>H\u00c6GER BULLET PLUS (Gris) - Aspirador de Mano Recargable para S\u00f3lidos y L\u00edquidos, 40W - H\u00c6GER Eletrodom\u00e9sticos<\/title>\n<meta name=\"description\" content=\"Marca de Pequenos Eletrodom\u00e9sticos para a sua cozinha, cuidados pessoais, casa e climatiza\u00e7\u00e3o. A op\u00e7\u00e3o inteligente para a sua casa.\" \/>\n<meta name=\"robots\" content=\"index, follow, max-snippet:-1, max-image-preview:large, max-video-preview:-1\" \/>\n<link rel=\"canonical\" href=\"https:\/\/www.haegergroup.com\/es\/producto\/aspirador-de-mano-recargable-bullet-plus-gris\/\" \/>\n<meta property=\"og:locale\" content=\"es_ES\" \/>\n<meta property=\"og:type\" content=\"article\" \/>\n<meta property=\"og:title\" content=\"H\u00c6GER BULLET PLUS (Gris) - Aspirador de Mano Recargable para S\u00f3lidos y L\u00edquidos, 40W - H\u00c6GER Eletrodom\u00e9sticos\" \/>\n<meta property=\"og:description\" content=\"Marca de Pequenos Eletrodom\u00e9sticos para a sua cozinha, cuidados pessoais, casa e climatiza\u00e7\u00e3o. A op\u00e7\u00e3o inteligente para a sua casa.\" \/>\n<meta property=\"og:url\" content=\"https:\/\/www.haegergroup.com\/es\/producto\/aspirador-de-mano-recargable-bullet-plus-gris\/\" \/>\n<meta property=\"og:site_name\" content=\"H\u00c6GER Eletrodom\u00e9sticos\" \/>\n<meta property=\"article:modified_time\" content=\"2021-05-24T16:03:00+00:00\" \/>\n<meta property=\"og:image\" content=\"https:\/\/www.haegergroup.com\/wp-content\/uploads\/2018\/10\/PV-45B.003A-gris.jpg\" \/>\n\t<meta property=\"og:image:width\" content=\"1000\" \/>\n\t<meta property=\"og:image:height\" content=\"1000\" \/>\n\t<meta property=\"og:image:type\" content=\"image\/jpeg\" \/>\n<meta name=\"twitter:card\" content=\"summary_large_image\" \/>\n<script type=\"application\/ld+json\" class=\"yoast-schema-graph\">{\"@context\":\"https:\/\/schema.org\",\"@graph\":[{\"@type\":\"WebPage\",\"@id\":\"https:\/\/www.haegergroup.com\/es\/producto\/aspirador-de-mano-recargable-bullet-plus-gris\/\",\"url\":\"https:\/\/www.haegergroup.com\/es\/producto\/aspirador-de-mano-recargable-bullet-plus-gris\/\",\"name\":\"H\u00c6GER BULLET PLUS (Gris) - Aspirador de Mano Recargable para S\u00f3lidos y L\u00edquidos, 40W - H\u00c6GER Eletrodom\u00e9sticos\",\"isPartOf\":{\"@id\":\"https:\/\/www.haegergroup.com\/es\/#website\"},\"primaryImageOfPage\":{\"@id\":\"https:\/\/www.haegergroup.com\/es\/producto\/aspirador-de-mano-recargable-bullet-plus-gris\/#primaryimage\"},\"image\":{\"@id\":\"https:\/\/www.haegergroup.com\/es\/producto\/aspirador-de-mano-recargable-bullet-plus-gris\/#primaryimage\"},\"thumbnailUrl\":\"https:\/\/www.haegergroup.com\/wp-content\/uploads\/2018\/10\/PV-45B.003A-gris.jpg\",\"datePublished\":\"2018-10-01T09:07:10+00:00\",\"dateModified\":\"2021-05-24T16:03:00+00:00\",\"description\":\"Marca de Pequenos Eletrodom\u00e9sticos para a sua cozinha, cuidados pessoais, casa e climatiza\u00e7\u00e3o. A op\u00e7\u00e3o inteligente para a sua casa.\",\"breadcrumb\":{\"@id\":\"https:\/\/www.haegergroup.com\/es\/producto\/aspirador-de-mano-recargable-bullet-plus-gris\/#breadcrumb\"},\"inLanguage\":\"es\",\"potentialAction\":[{\"@type\":\"ReadAction\",\"target\":[\"https:\/\/www.haegergroup.com\/es\/producto\/aspirador-de-mano-recargable-bullet-plus-gris\/\"]}]},{\"@type\":\"ImageObject\",\"inLanguage\":\"es\",\"@id\":\"https:\/\/www.haegergroup.com\/es\/producto\/aspirador-de-mano-recargable-bullet-plus-gris\/#primaryimage\",\"url\":\"https:\/\/www.haegergroup.com\/wp-content\/uploads\/2018\/10\/PV-45B.003A-gris.jpg\",\"contentUrl\":\"https:\/\/www.haegergroup.com\/wp-content\/uploads\/2018\/10\/PV-45B.003A-gris.jpg\",\"width\":1000,\"height\":1000},{\"@type\":\"BreadcrumbList\",\"@id\":\"https:\/\/www.haegergroup.com\/es\/producto\/aspirador-de-mano-recargable-bullet-plus-gris\/#breadcrumb\",\"itemListElement\":[{\"@type\":\"ListItem\",\"position\":1,\"name\":\"Portada\",\"item\":\"https:\/\/www.haegergroup.com\/es\/\"},{\"@type\":\"ListItem\",\"position\":2,\"name\":\"Produtos\",\"item\":\"https:\/\/www.haegergroup.com\/pt-pt\/shop\/\"},{\"@type\":\"ListItem\",\"position\":3,\"name\":\"H\u00c6GER BULLET PLUS (Gris) &#8211; Aspirador de Mano Recargable para S\u00f3lidos y L\u00edquidos, 40W\"}]},{\"@type\":\"WebSite\",\"@id\":\"https:\/\/www.haegergroup.com\/es\/#website\",\"url\":\"https:\/\/www.haegergroup.com\/es\/\",\"name\":\"H\u00c6GER Eletrodom\u00e9sticos\",\"description\":\"A escolha inteligente\",\"publisher\":{\"@id\":\"https:\/\/www.haegergroup.com\/es\/#organization\"},\"potentialAction\":[{\"@type\":\"SearchAction\",\"target\":{\"@type\":\"EntryPoint\",\"urlTemplate\":\"https:\/\/www.haegergroup.com\/es\/?s={search_term_string}\"},\"query-input\":{\"@type\":\"PropertyValueSpecification\",\"valueRequired\":true,\"valueName\":\"search_term_string\"}}],\"inLanguage\":\"es\"},{\"@type\":\"Organization\",\"@id\":\"https:\/\/www.haegergroup.com\/es\/#organization\",\"name\":\"Haeger Electrodom\u00e9sticos\",\"url\":\"https:\/\/www.haegergroup.com\/es\/\",\"logo\":{\"@type\":\"ImageObject\",\"inLanguage\":\"es\",\"@id\":\"https:\/\/www.haegergroup.com\/es\/#\/schema\/logo\/image\/\",\"url\":\"https:\/\/www.haegergroup.com\/wp-content\/uploads\/2018\/05\/logo-web-220.png\",\"contentUrl\":\"https:\/\/www.haegergroup.com\/wp-content\/uploads\/2018\/05\/logo-web-220.png\",\"width\":220,\"height\":49,\"caption\":\"Haeger Electrodom\u00e9sticos\"},\"image\":{\"@id\":\"https:\/\/www.haegergroup.com\/es\/#\/schema\/logo\/image\/\"}}]}<\/script>\n<!-- \/ Yoast SEO plugin. -->","yoast_head_json":{"title":"H\u00c6GER BULLET PLUS (Gris) - Aspirador de Mano Recargable para S\u00f3lidos y L\u00edquidos, 40W - H\u00c6GER Eletrodom\u00e9sticos","description":"Marca de Pequenos Eletrodom\u00e9sticos para a sua cozinha, cuidados pessoais, casa e climatiza\u00e7\u00e3o. A op\u00e7\u00e3o inteligente para a sua casa.","robots":{"index":"index","follow":"follow","max-snippet":"max-snippet:-1","max-image-preview":"max-image-preview:large","max-video-preview":"max-video-preview:-1"},"canonical":"https:\/\/www.haegergroup.com\/es\/producto\/aspirador-de-mano-recargable-bullet-plus-gris\/","og_locale":"es_ES","og_type":"article","og_title":"H\u00c6GER BULLET PLUS (Gris) - Aspirador de Mano Recargable para S\u00f3lidos y L\u00edquidos, 40W - H\u00c6GER Eletrodom\u00e9sticos","og_description":"Marca de Pequenos Eletrodom\u00e9sticos para a sua cozinha, cuidados pessoais, casa e climatiza\u00e7\u00e3o. A op\u00e7\u00e3o inteligente para a sua casa.","og_url":"https:\/\/www.haegergroup.com\/es\/producto\/aspirador-de-mano-recargable-bullet-plus-gris\/","og_site_name":"H\u00c6GER Eletrodom\u00e9sticos","article_modified_time":"2021-05-24T16:03:00+00:00","og_image":[{"width":1000,"height":1000,"url":"https:\/\/www.haegergroup.com\/wp-content\/uploads\/2018\/10\/PV-45B.003A-gris.jpg","type":"image\/jpeg"}],"twitter_card":"summary_large_image","schema":{"@context":"https:\/\/schema.org","@graph":[{"@type":"WebPage","@id":"https:\/\/www.haegergroup.com\/es\/producto\/aspirador-de-mano-recargable-bullet-plus-gris\/","url":"https:\/\/www.haegergroup.com\/es\/producto\/aspirador-de-mano-recargable-bullet-plus-gris\/","name":"H\u00c6GER BULLET PLUS (Gris) - Aspirador de Mano Recargable para S\u00f3lidos y L\u00edquidos, 40W - H\u00c6GER Eletrodom\u00e9sticos","isPartOf":{"@id":"https:\/\/www.haegergroup.com\/es\/#website"},"primaryImageOfPage":{"@id":"https:\/\/www.haegergroup.com\/es\/producto\/aspirador-de-mano-recargable-bullet-plus-gris\/#primaryimage"},"image":{"@id":"https:\/\/www.haegergroup.com\/es\/producto\/aspirador-de-mano-recargable-bullet-plus-gris\/#primaryimage"},"thumbnailUrl":"https:\/\/www.haegergroup.com\/wp-content\/uploads\/2018\/10\/PV-45B.003A-gris.jpg","datePublished":"2018-10-01T09:07:10+00:00","dateModified":"2021-05-24T16:03:00+00:00","description":"Marca de Pequenos Eletrodom\u00e9sticos para a sua cozinha, cuidados pessoais, casa e climatiza\u00e7\u00e3o. A op\u00e7\u00e3o inteligente para a sua casa.","breadcrumb":{"@id":"https:\/\/www.haegergroup.com\/es\/producto\/aspirador-de-mano-recargable-bullet-plus-gris\/#breadcrumb"},"inLanguage":"es","potentialAction":[{"@type":"ReadAction","target":["https:\/\/www.haegergroup.com\/es\/producto\/aspirador-de-mano-recargable-bullet-plus-gris\/"]}]},{"@type":"ImageObject","inLanguage":"es","@id":"https:\/\/www.haegergroup.com\/es\/producto\/aspirador-de-mano-recargable-bullet-plus-gris\/#primaryimage","url":"https:\/\/www.haegergroup.com\/wp-content\/uploads\/2018\/10\/PV-45B.003A-gris.jpg","contentUrl":"https:\/\/www.haegergroup.com\/wp-content\/uploads\/2018\/10\/PV-45B.003A-gris.jpg","width":1000,"height":1000},{"@type":"BreadcrumbList","@id":"https:\/\/www.haegergroup.com\/es\/producto\/aspirador-de-mano-recargable-bullet-plus-gris\/#breadcrumb","itemListElement":[{"@type":"ListItem","position":1,"name":"Portada","item":"https:\/\/www.haegergroup.com\/es\/"},{"@type":"ListItem","position":2,"name":"Produtos","item":"https:\/\/www.haegergroup.com\/pt-pt\/shop\/"},{"@type":"ListItem","position":3,"name":"H\u00c6GER BULLET PLUS (Gris) &#8211; Aspirador de Mano Recargable para S\u00f3lidos y L\u00edquidos, 40W"}]},{"@type":"WebSite","@id":"https:\/\/www.haegergroup.com\/es\/#website","url":"https:\/\/www.haegergroup.com\/es\/","name":"H\u00c6GER Eletrodom\u00e9sticos","description":"A escolha inteligente","publisher":{"@id":"https:\/\/www.haegergroup.com\/es\/#organization"},"potentialAction":[{"@type":"SearchAction","target":{"@type":"EntryPoint","urlTemplate":"https:\/\/www.haegergroup.com\/es\/?s={search_term_string}"},"query-input":{"@type":"PropertyValueSpecification","valueRequired":true,"valueName":"search_term_string"}}],"inLanguage":"es"},{"@type":"Organization","@id":"https:\/\/www.haegergroup.com\/es\/#organization","name":"Haeger Electrodom\u00e9sticos","url":"https:\/\/www.haegergroup.com\/es\/","logo":{"@type":"ImageObject","inLanguage":"es","@id":"https:\/\/www.haegergroup.com\/es\/#\/schema\/logo\/image\/","url":"https:\/\/www.haegergroup.com\/wp-content\/uploads\/2018\/05\/logo-web-220.png","contentUrl":"https:\/\/www.haegergroup.com\/wp-content\/uploads\/2018\/05\/logo-web-220.png","width":220,"height":49,"caption":"Haeger Electrodom\u00e9sticos"},"image":{"@id":"https:\/\/www.haegergroup.com\/es\/#\/schema\/logo\/image\/"}}]}},"_links":{"self":[{"href":"https:\/\/www.haegergroup.com\/es\/wp-json\/wp\/v2\/product\/18994","targetHints":{"allow":["GET"]}}],"collection":[{"href":"https:\/\/www.haegergroup.com\/es\/wp-json\/wp\/v2\/product"}],"about":[{"href":"https:\/\/www.haegergroup.com\/es\/wp-json\/wp\/v2\/types\/product"}],"wp:featuredmedia":[{"embeddable":true,"href":"https:\/\/www.haegergroup.com\/es\/wp-json\/wp\/v2\/media\/19767"}],"wp:attachment":[{"href":"https:\/\/www.haegergroup.com\/es\/wp-json\/wp\/v2\/media?parent=18994"}],"wp:term":[{"taxonomy":"product_cat","embeddable":true,"href":"https:\/\/www.haegergroup.com\/es\/wp-json\/wp\/v2\/product_cat?post=18994"},{"taxonomy":"product_tag","embeddable":true,"href":"https:\/\/www.haegergroup.com\/es\/wp-json\/wp\/v2\/product_tag?post=18994"}],"curies":[{"name":"wp","href":"https:\/\/api.w.org\/{rel}","templated":true}]}}