{"id":37817,"date":"2026-01-29T16:59:28","date_gmt":"2026-01-29T17:05:51","guid":{"rendered":"https:\/\/www.haegergroup.com\/?post_type=product&#038;p=37817"},"modified":"2026-01-29T17:05:52","modified_gmt":"2026-01-29T17:05:52","slug":"haeger-flexi-boost-7200-built-in-induction-hob-4-zones-slider-control-7200w-flexi-zone","status":"publish","type":"product","link":"https:\/\/www.haegergroup.com\/en\/product\/haeger-flexi-boost-7200-built-in-induction-hob-4-zones-slider-control-7200w-flexi-zone\/","title":{"rendered":"HAEGER Flexi Boost 7200 Built-in Induction Hob \u2013 4 Zones, Slider Control, 7200W, Flexi-Zone"},"content":{"rendered":"<p>The HAEGER Flexi Boost 7200 is more than just an induction hob. It is the command centre for serious cooking. Its minimalist black glass design combined with advanced technology offers total flexibility for any culinary challenge.<\/p>\n<p><strong>Flexi-Zone: cook without limits<\/strong><br \/>\nCombine two cooking zones into one large 180&#215;380 mm surface with up to 3600W combined power for even heating of large cookware.<\/p>\n<p><strong>Explosive speed with Booster function<\/strong><br \/>\nInstant extra power of up to 2200W per zone or 3600W in Flexi-Zone for faster results.<\/p>\n<p><strong>Full control at your fingertips<\/strong><br \/>\nTouch control panel with Slider and 9 power levels ensures precise temperature adjustment and easy cleaning.<\/p>\n<p><strong>Smart and safe cooking<\/strong><br \/>\nIncludes Stop &amp; Go function, 99-minute timer, child lock and residual heat indicators for safe use.<\/p>\n","protected":false},"excerpt":{"rendered":"<h2>Induction hob with 4 zones (two of them combined)<br \/>\nModel: IH-004.001A<\/h2>\n<ul>\n<li>Total power: 7.2 kW<\/li>\n<li>Cooking zones: 4 (including 1 Flexi-Zone)<\/li>\n<li>Power levels: 9 with Slider control<\/li>\n<li>Special functions: Booster, Stop &amp; Go, pan detection<\/li>\n<li>Safety: child lock, residual heat, overheating and overflow protection<\/li>\n<li>Timer: individual up to 99 minutes<\/li>\n<li>Dimensions: 590 x 520 x 56 mm<\/li>\n<li>Cut-out size: 555 x 495 mm<\/li>\n<\/ul>\n","protected":false},"featured_media":37813,"template":"","meta":[],"product_cat":[797,360],"product_tag":[],"class_list":{"0":"post-37817","1":"product","2":"type-product","3":"status-publish","4":"has-post-thumbnail","6":"product_cat-built-in-hobs","7":"product_cat-kitchen","9":"first","10":"instock","11":"shipping-taxable","12":"product-type-simple"},"yoast_head":"<!-- This site is optimized with the Yoast SEO plugin v24.1 - https:\/\/yoast.com\/wordpress\/plugins\/seo\/ -->\n<title>HAEGER Flexi Boost 7200 Built-in Induction Hob \u2013 4 Zones, Slider Control, 7200W, Flexi-Zone - HAEGER Home Appliances<\/title>\n<meta name=\"description\" content=\"Marca de Pequenos Eletrodom\u00e9sticos para a sua cozinha, cuidados pessoais, casa e climatiza\u00e7\u00e3o. A op\u00e7\u00e3o inteligente para a sua casa.\" \/>\n<meta name=\"robots\" content=\"index, follow, max-snippet:-1, max-image-preview:large, max-video-preview:-1\" \/>\n<link rel=\"canonical\" href=\"https:\/\/www.haegergroup.com\/en\/product\/haeger-flexi-boost-7200-built-in-induction-hob-4-zones-slider-control-7200w-flexi-zone\/\" \/>\n<meta property=\"og:locale\" content=\"en_US\" \/>\n<meta property=\"og:type\" content=\"article\" \/>\n<meta property=\"og:title\" content=\"HAEGER Flexi Boost 7200 Built-in Induction Hob \u2013 4 Zones, Slider Control, 7200W, Flexi-Zone - HAEGER Home Appliances\" \/>\n<meta property=\"og:description\" content=\"Marca de Pequenos Eletrodom\u00e9sticos para a sua cozinha, cuidados pessoais, casa e climatiza\u00e7\u00e3o. A op\u00e7\u00e3o inteligente para a sua casa.\" \/>\n<meta property=\"og:url\" content=\"https:\/\/www.haegergroup.com\/en\/product\/haeger-flexi-boost-7200-built-in-induction-hob-4-zones-slider-control-7200w-flexi-zone\/\" \/>\n<meta property=\"og:site_name\" content=\"HAEGER Home Appliances\" \/>\n<meta property=\"article:modified_time\" content=\"2026-01-29T17:05:52+00:00\" \/>\n<meta property=\"og:image\" content=\"https:\/\/www.haegergroup.com\/wp-content\/uploads\/IH-004.001A_1-1.jpg\" \/>\n\t<meta property=\"og:image:width\" content=\"1200\" \/>\n\t<meta property=\"og:image:height\" content=\"1200\" \/>\n\t<meta property=\"og:image:type\" content=\"image\/jpeg\" \/>\n<meta name=\"twitter:card\" content=\"summary_large_image\" \/>\n<meta name=\"twitter:label1\" content=\"Est. reading time\" \/>\n\t<meta name=\"twitter:data1\" content=\"1 minute\" \/>\n<script type=\"application\/ld+json\" class=\"yoast-schema-graph\">{\"@context\":\"https:\/\/schema.org\",\"@graph\":[{\"@type\":\"WebPage\",\"@id\":\"https:\/\/www.haegergroup.com\/en\/product\/haeger-flexi-boost-7200-built-in-induction-hob-4-zones-slider-control-7200w-flexi-zone\/\",\"url\":\"https:\/\/www.haegergroup.com\/en\/product\/haeger-flexi-boost-7200-built-in-induction-hob-4-zones-slider-control-7200w-flexi-zone\/\",\"name\":\"HAEGER Flexi Boost 7200 Built-in Induction Hob \u2013 4 Zones, Slider Control, 7200W, Flexi-Zone - HAEGER Home Appliances\",\"isPartOf\":{\"@id\":\"https:\/\/www.haegergroup.com\/es\/#website\"},\"primaryImageOfPage\":{\"@id\":\"https:\/\/www.haegergroup.com\/en\/product\/haeger-flexi-boost-7200-built-in-induction-hob-4-zones-slider-control-7200w-flexi-zone\/#primaryimage\"},\"image\":{\"@id\":\"https:\/\/www.haegergroup.com\/en\/product\/haeger-flexi-boost-7200-built-in-induction-hob-4-zones-slider-control-7200w-flexi-zone\/#primaryimage\"},\"thumbnailUrl\":\"https:\/\/www.haegergroup.com\/wp-content\/uploads\/IH-004.001A_1-1.jpg\",\"datePublished\":\"2026-01-29T17:05:51+00:00\",\"dateModified\":\"2026-01-29T17:05:52+00:00\",\"description\":\"Marca de Pequenos Eletrodom\u00e9sticos para a sua cozinha, cuidados pessoais, casa e climatiza\u00e7\u00e3o. A op\u00e7\u00e3o inteligente para a sua casa.\",\"breadcrumb\":{\"@id\":\"https:\/\/www.haegergroup.com\/en\/product\/haeger-flexi-boost-7200-built-in-induction-hob-4-zones-slider-control-7200w-flexi-zone\/#breadcrumb\"},\"inLanguage\":\"en-US\",\"potentialAction\":[{\"@type\":\"ReadAction\",\"target\":[\"https:\/\/www.haegergroup.com\/en\/product\/haeger-flexi-boost-7200-built-in-induction-hob-4-zones-slider-control-7200w-flexi-zone\/\"]}]},{\"@type\":\"ImageObject\",\"inLanguage\":\"en-US\",\"@id\":\"https:\/\/www.haegergroup.com\/en\/product\/haeger-flexi-boost-7200-built-in-induction-hob-4-zones-slider-control-7200w-flexi-zone\/#primaryimage\",\"url\":\"https:\/\/www.haegergroup.com\/wp-content\/uploads\/IH-004.001A_1-1.jpg\",\"contentUrl\":\"https:\/\/www.haegergroup.com\/wp-content\/uploads\/IH-004.001A_1-1.jpg\",\"width\":1200,\"height\":1200},{\"@type\":\"BreadcrumbList\",\"@id\":\"https:\/\/www.haegergroup.com\/en\/product\/haeger-flexi-boost-7200-built-in-induction-hob-4-zones-slider-control-7200w-flexi-zone\/#breadcrumb\",\"itemListElement\":[{\"@type\":\"ListItem\",\"position\":1,\"name\":\"Portada\",\"item\":\"https:\/\/www.haegergroup.com\/en\/\"},{\"@type\":\"ListItem\",\"position\":2,\"name\":\"Productos\",\"item\":\"https:\/\/www.haegergroup.com\/es\/tienda\/\"},{\"@type\":\"ListItem\",\"position\":3,\"name\":\"HAEGER Flexi Boost 7200 Built-in Induction Hob \u2013 4 Zones, Slider Control, 7200W, Flexi-Zone\"}]},{\"@type\":\"WebSite\",\"@id\":\"https:\/\/www.haegergroup.com\/es\/#website\",\"url\":\"https:\/\/www.haegergroup.com\/es\/\",\"name\":\"HAEGER Home Appliances\",\"description\":\"eletrodom\u00e9sticos\",\"publisher\":{\"@id\":\"https:\/\/www.haegergroup.com\/es\/#organization\"},\"potentialAction\":[{\"@type\":\"SearchAction\",\"target\":{\"@type\":\"EntryPoint\",\"urlTemplate\":\"https:\/\/www.haegergroup.com\/es\/?s={search_term_string}\"},\"query-input\":{\"@type\":\"PropertyValueSpecification\",\"valueRequired\":true,\"valueName\":\"search_term_string\"}}],\"inLanguage\":\"en-US\"},{\"@type\":\"Organization\",\"@id\":\"https:\/\/www.haegergroup.com\/es\/#organization\",\"name\":\"Haeger Electrodom\u00e9sticos\",\"url\":\"https:\/\/www.haegergroup.com\/es\/\",\"logo\":{\"@type\":\"ImageObject\",\"inLanguage\":\"en-US\",\"@id\":\"https:\/\/www.haegergroup.com\/es\/#\/schema\/logo\/image\/\",\"url\":\"https:\/\/www.haegergroup.com\/wp-content\/uploads\/2018\/05\/logo-web-220.png\",\"contentUrl\":\"https:\/\/www.haegergroup.com\/wp-content\/uploads\/2018\/05\/logo-web-220.png\",\"width\":220,\"height\":49,\"caption\":\"Haeger Electrodom\u00e9sticos\"},\"image\":{\"@id\":\"https:\/\/www.haegergroup.com\/es\/#\/schema\/logo\/image\/\"}}]}<\/script>\n<!-- \/ Yoast SEO plugin. -->","yoast_head_json":{"title":"HAEGER Flexi Boost 7200 Built-in Induction Hob \u2013 4 Zones, Slider Control, 7200W, Flexi-Zone - HAEGER Home Appliances","description":"Marca de Pequenos Eletrodom\u00e9sticos para a sua cozinha, cuidados pessoais, casa e climatiza\u00e7\u00e3o. A op\u00e7\u00e3o inteligente para a sua casa.","robots":{"index":"index","follow":"follow","max-snippet":"max-snippet:-1","max-image-preview":"max-image-preview:large","max-video-preview":"max-video-preview:-1"},"canonical":"https:\/\/www.haegergroup.com\/en\/product\/haeger-flexi-boost-7200-built-in-induction-hob-4-zones-slider-control-7200w-flexi-zone\/","og_locale":"en_US","og_type":"article","og_title":"HAEGER Flexi Boost 7200 Built-in Induction Hob \u2013 4 Zones, Slider Control, 7200W, Flexi-Zone - HAEGER Home Appliances","og_description":"Marca de Pequenos Eletrodom\u00e9sticos para a sua cozinha, cuidados pessoais, casa e climatiza\u00e7\u00e3o. A op\u00e7\u00e3o inteligente para a sua casa.","og_url":"https:\/\/www.haegergroup.com\/en\/product\/haeger-flexi-boost-7200-built-in-induction-hob-4-zones-slider-control-7200w-flexi-zone\/","og_site_name":"HAEGER Home Appliances","article_modified_time":"2026-01-29T17:05:52+00:00","og_image":[{"width":1200,"height":1200,"url":"https:\/\/www.haegergroup.com\/wp-content\/uploads\/IH-004.001A_1-1.jpg","type":"image\/jpeg"}],"twitter_card":"summary_large_image","twitter_misc":{"Est. reading time":"1 minute"},"schema":{"@context":"https:\/\/schema.org","@graph":[{"@type":"WebPage","@id":"https:\/\/www.haegergroup.com\/en\/product\/haeger-flexi-boost-7200-built-in-induction-hob-4-zones-slider-control-7200w-flexi-zone\/","url":"https:\/\/www.haegergroup.com\/en\/product\/haeger-flexi-boost-7200-built-in-induction-hob-4-zones-slider-control-7200w-flexi-zone\/","name":"HAEGER Flexi Boost 7200 Built-in Induction Hob \u2013 4 Zones, Slider Control, 7200W, Flexi-Zone - HAEGER Home Appliances","isPartOf":{"@id":"https:\/\/www.haegergroup.com\/es\/#website"},"primaryImageOfPage":{"@id":"https:\/\/www.haegergroup.com\/en\/product\/haeger-flexi-boost-7200-built-in-induction-hob-4-zones-slider-control-7200w-flexi-zone\/#primaryimage"},"image":{"@id":"https:\/\/www.haegergroup.com\/en\/product\/haeger-flexi-boost-7200-built-in-induction-hob-4-zones-slider-control-7200w-flexi-zone\/#primaryimage"},"thumbnailUrl":"https:\/\/www.haegergroup.com\/wp-content\/uploads\/IH-004.001A_1-1.jpg","datePublished":"2026-01-29T17:05:51+00:00","dateModified":"2026-01-29T17:05:52+00:00","description":"Marca de Pequenos Eletrodom\u00e9sticos para a sua cozinha, cuidados pessoais, casa e climatiza\u00e7\u00e3o. A op\u00e7\u00e3o inteligente para a sua casa.","breadcrumb":{"@id":"https:\/\/www.haegergroup.com\/en\/product\/haeger-flexi-boost-7200-built-in-induction-hob-4-zones-slider-control-7200w-flexi-zone\/#breadcrumb"},"inLanguage":"en-US","potentialAction":[{"@type":"ReadAction","target":["https:\/\/www.haegergroup.com\/en\/product\/haeger-flexi-boost-7200-built-in-induction-hob-4-zones-slider-control-7200w-flexi-zone\/"]}]},{"@type":"ImageObject","inLanguage":"en-US","@id":"https:\/\/www.haegergroup.com\/en\/product\/haeger-flexi-boost-7200-built-in-induction-hob-4-zones-slider-control-7200w-flexi-zone\/#primaryimage","url":"https:\/\/www.haegergroup.com\/wp-content\/uploads\/IH-004.001A_1-1.jpg","contentUrl":"https:\/\/www.haegergroup.com\/wp-content\/uploads\/IH-004.001A_1-1.jpg","width":1200,"height":1200},{"@type":"BreadcrumbList","@id":"https:\/\/www.haegergroup.com\/en\/product\/haeger-flexi-boost-7200-built-in-induction-hob-4-zones-slider-control-7200w-flexi-zone\/#breadcrumb","itemListElement":[{"@type":"ListItem","position":1,"name":"Portada","item":"https:\/\/www.haegergroup.com\/en\/"},{"@type":"ListItem","position":2,"name":"Productos","item":"https:\/\/www.haegergroup.com\/es\/tienda\/"},{"@type":"ListItem","position":3,"name":"HAEGER Flexi Boost 7200 Built-in Induction Hob \u2013 4 Zones, Slider Control, 7200W, Flexi-Zone"}]},{"@type":"WebSite","@id":"https:\/\/www.haegergroup.com\/es\/#website","url":"https:\/\/www.haegergroup.com\/es\/","name":"HAEGER Home Appliances","description":"eletrodom\u00e9sticos","publisher":{"@id":"https:\/\/www.haegergroup.com\/es\/#organization"},"potentialAction":[{"@type":"SearchAction","target":{"@type":"EntryPoint","urlTemplate":"https:\/\/www.haegergroup.com\/es\/?s={search_term_string}"},"query-input":{"@type":"PropertyValueSpecification","valueRequired":true,"valueName":"search_term_string"}}],"inLanguage":"en-US"},{"@type":"Organization","@id":"https:\/\/www.haegergroup.com\/es\/#organization","name":"Haeger Electrodom\u00e9sticos","url":"https:\/\/www.haegergroup.com\/es\/","logo":{"@type":"ImageObject","inLanguage":"en-US","@id":"https:\/\/www.haegergroup.com\/es\/#\/schema\/logo\/image\/","url":"https:\/\/www.haegergroup.com\/wp-content\/uploads\/2018\/05\/logo-web-220.png","contentUrl":"https:\/\/www.haegergroup.com\/wp-content\/uploads\/2018\/05\/logo-web-220.png","width":220,"height":49,"caption":"Haeger Electrodom\u00e9sticos"},"image":{"@id":"https:\/\/www.haegergroup.com\/es\/#\/schema\/logo\/image\/"}}]}},"_links":{"self":[{"href":"https:\/\/www.haegergroup.com\/en\/wp-json\/wp\/v2\/product\/37817","targetHints":{"allow":["GET"]}}],"collection":[{"href":"https:\/\/www.haegergroup.com\/en\/wp-json\/wp\/v2\/product"}],"about":[{"href":"https:\/\/www.haegergroup.com\/en\/wp-json\/wp\/v2\/types\/product"}],"wp:featuredmedia":[{"embeddable":true,"href":"https:\/\/www.haegergroup.com\/en\/wp-json\/wp\/v2\/media\/37813"}],"wp:attachment":[{"href":"https:\/\/www.haegergroup.com\/en\/wp-json\/wp\/v2\/media?parent=37817"}],"wp:term":[{"taxonomy":"product_cat","embeddable":true,"href":"https:\/\/www.haegergroup.com\/en\/wp-json\/wp\/v2\/product_cat?post=37817"},{"taxonomy":"product_tag","embeddable":true,"href":"https:\/\/www.haegergroup.com\/en\/wp-json\/wp\/v2\/product_tag?post=37817"}],"curies":[{"name":"wp","href":"https:\/\/api.w.org\/{rel}","templated":true}]}}