{"id":36808,"date":"2025-01-07T17:57:46","date_gmt":"2025-01-07T18:09:11","guid":{"rendered":"https:\/\/www.haegergroup.com\/?post_type=product&#038;p=36808"},"modified":"2026-01-09T11:36:23","modified_gmt":"2026-01-09T11:36:23","slug":"electric-oven-haeger-santis-80-2000-w-80-l","status":"publish","type":"product","link":"https:\/\/www.haegergroup.com\/en\/product\/electric-oven-haeger-santis-80-2000-w-80-l\/","title":{"rendered":"Electric Oven HAEGER Santis 80 &#8211; 2000 W, 80 L"},"content":{"rendered":"<p>The HAEGER Santis 80 is a high-performance electric oven with 2400W of power, convection function and a generous 80-litre capacity, ideal for those looking for professional results from the comfort of home.<\/p>\n<p>With four heating positions and adjustable temperature between 90\u00baC and 230\u00baC, it offers total versatility when preparing all kinds of recipes, from succulent roasts to perfectly cooked cakes.<\/p>\n<p>The translucent double mirrored glass door helps conserve heat inside the oven, increasing thermal efficiency and reducing energy consumption. The glass control panel adds a contemporary touch and is easy to clean, making it easier to use on a daily basis.<\/p>\n<p>The non-stick interior simplifies cleaning after each use and has metal guides for the tray and grill, as well as an internal light, which allows you to follow the cooking process without having to open the door.<\/p>\n<p>For greater control and precision, it has a timer of up to 60 minutes with an audible alarm, ensuring that each dish is prepared at the right time.<\/p>\n<p>It comes with a complete set of accessories: tray, grill, safety handle and crumb tray, practical solutions that ensure convenient, hygienic and organised use.<\/p>\n","protected":false},"excerpt":{"rendered":"<h2>Electric oven 80 litres<br \/>\nModel: OV-80B.042A<\/h2>\n<ul>\n<li>Capacity: 80 litres<\/li>\n<li>Convection function<\/li>\n<li>Door with translucent mirrored double glazing<\/li>\n<li>Metal side guides for tray and grill<\/li>\n<li>Glass control panel<\/li>\n<li>Non-stick interior<\/li>\n<li>Interior light<\/li>\n<li>Adjustable timer 60 minutes with buzzer<\/li>\n<li>Temperature selector 90\u00baC ~ 230\u00baC<\/li>\n<li>4 heating positions + Off<\/li>\n<li>Stainless steel heating elements<\/li>\n<li>Power: 2400 Watts<\/li>\n<li>Dimensions: &#8211; INT: W526 x D398 x H365 (mm) &#8211; EXT: W699 x D495 x H432 (mm)<\/li>\n<li>Accessories: Tray, grid, handle and crumb tray<\/li>\n<\/ul>\n","protected":false},"featured_media":37607,"template":"","meta":[],"product_cat":[367,360],"product_tag":[],"class_list":{"0":"post-36808","1":"product","2":"type-product","3":"status-publish","4":"has-post-thumbnail","6":"product_cat-electric-mini-ovens","7":"product_cat-kitchen","9":"first","10":"instock","11":"shipping-taxable","12":"product-type-simple"},"yoast_head":"<!-- This site is optimized with the Yoast SEO plugin v24.1 - https:\/\/yoast.com\/wordpress\/plugins\/seo\/ -->\n<title>Electric Oven HAEGER Santis 80 - 2000 W, 80 L - HAEGER Home Appliances<\/title>\n<meta name=\"description\" content=\"Marca de Pequenos Eletrodom\u00e9sticos para a sua cozinha, cuidados pessoais, casa e climatiza\u00e7\u00e3o. A op\u00e7\u00e3o inteligente para a sua casa.\" \/>\n<meta name=\"robots\" content=\"index, follow, max-snippet:-1, max-image-preview:large, max-video-preview:-1\" \/>\n<link rel=\"canonical\" href=\"https:\/\/www.haegergroup.com\/en\/product\/electric-oven-haeger-santis-80-2000-w-80-l\/\" \/>\n<meta property=\"og:locale\" content=\"en_US\" \/>\n<meta property=\"og:type\" content=\"article\" \/>\n<meta property=\"og:title\" content=\"Electric Oven HAEGER Santis 80 - 2000 W, 80 L - HAEGER Home Appliances\" \/>\n<meta property=\"og:description\" content=\"Marca de Pequenos Eletrodom\u00e9sticos para a sua cozinha, cuidados pessoais, casa e climatiza\u00e7\u00e3o. A op\u00e7\u00e3o inteligente para a sua casa.\" \/>\n<meta property=\"og:url\" content=\"https:\/\/www.haegergroup.com\/en\/product\/electric-oven-haeger-santis-80-2000-w-80-l\/\" \/>\n<meta property=\"og:site_name\" content=\"HAEGER Home Appliances\" \/>\n<meta property=\"article:modified_time\" content=\"2026-01-09T11:36:23+00:00\" \/>\n<meta property=\"og:image\" content=\"https:\/\/www.haegergroup.com\/wp-content\/uploads\/OV-80B.042A_1-1.jpg\" \/>\n\t<meta property=\"og:image:width\" content=\"1200\" \/>\n\t<meta property=\"og:image:height\" content=\"1200\" \/>\n\t<meta property=\"og:image:type\" content=\"image\/jpeg\" \/>\n<meta name=\"twitter:card\" content=\"summary_large_image\" \/>\n<meta name=\"twitter:label1\" content=\"Est. reading time\" \/>\n\t<meta name=\"twitter:data1\" content=\"2 minutes\" \/>\n<script type=\"application\/ld+json\" class=\"yoast-schema-graph\">{\"@context\":\"https:\/\/schema.org\",\"@graph\":[{\"@type\":\"WebPage\",\"@id\":\"https:\/\/www.haegergroup.com\/en\/product\/electric-oven-haeger-santis-80-2000-w-80-l\/\",\"url\":\"https:\/\/www.haegergroup.com\/en\/product\/electric-oven-haeger-santis-80-2000-w-80-l\/\",\"name\":\"Electric Oven HAEGER Santis 80 - 2000 W, 80 L - HAEGER Home Appliances\",\"isPartOf\":{\"@id\":\"https:\/\/www.haegergroup.com\/es\/#website\"},\"primaryImageOfPage\":{\"@id\":\"https:\/\/www.haegergroup.com\/en\/product\/electric-oven-haeger-santis-80-2000-w-80-l\/#primaryimage\"},\"image\":{\"@id\":\"https:\/\/www.haegergroup.com\/en\/product\/electric-oven-haeger-santis-80-2000-w-80-l\/#primaryimage\"},\"thumbnailUrl\":\"https:\/\/www.haegergroup.com\/wp-content\/uploads\/OV-80B.042A_1-1.jpg\",\"datePublished\":\"2025-01-07T18:09:11+00:00\",\"dateModified\":\"2026-01-09T11:36:23+00:00\",\"description\":\"Marca de Pequenos Eletrodom\u00e9sticos para a sua cozinha, cuidados pessoais, casa e climatiza\u00e7\u00e3o. A op\u00e7\u00e3o inteligente para a sua casa.\",\"breadcrumb\":{\"@id\":\"https:\/\/www.haegergroup.com\/en\/product\/electric-oven-haeger-santis-80-2000-w-80-l\/#breadcrumb\"},\"inLanguage\":\"en-US\",\"potentialAction\":[{\"@type\":\"ReadAction\",\"target\":[\"https:\/\/www.haegergroup.com\/en\/product\/electric-oven-haeger-santis-80-2000-w-80-l\/\"]}]},{\"@type\":\"ImageObject\",\"inLanguage\":\"en-US\",\"@id\":\"https:\/\/www.haegergroup.com\/en\/product\/electric-oven-haeger-santis-80-2000-w-80-l\/#primaryimage\",\"url\":\"https:\/\/www.haegergroup.com\/wp-content\/uploads\/OV-80B.042A_1-1.jpg\",\"contentUrl\":\"https:\/\/www.haegergroup.com\/wp-content\/uploads\/OV-80B.042A_1-1.jpg\",\"width\":1200,\"height\":1200},{\"@type\":\"BreadcrumbList\",\"@id\":\"https:\/\/www.haegergroup.com\/en\/product\/electric-oven-haeger-santis-80-2000-w-80-l\/#breadcrumb\",\"itemListElement\":[{\"@type\":\"ListItem\",\"position\":1,\"name\":\"Portada\",\"item\":\"https:\/\/www.haegergroup.com\/en\/\"},{\"@type\":\"ListItem\",\"position\":2,\"name\":\"Productos\",\"item\":\"https:\/\/www.haegergroup.com\/es\/tienda\/\"},{\"@type\":\"ListItem\",\"position\":3,\"name\":\"Electric Oven HAEGER Santis 80 &#8211; 2000 W, 80 L\"}]},{\"@type\":\"WebSite\",\"@id\":\"https:\/\/www.haegergroup.com\/es\/#website\",\"url\":\"https:\/\/www.haegergroup.com\/es\/\",\"name\":\"HAEGER Home Appliances\",\"description\":\"eletrodom\u00e9sticos\",\"publisher\":{\"@id\":\"https:\/\/www.haegergroup.com\/es\/#organization\"},\"potentialAction\":[{\"@type\":\"SearchAction\",\"target\":{\"@type\":\"EntryPoint\",\"urlTemplate\":\"https:\/\/www.haegergroup.com\/es\/?s={search_term_string}\"},\"query-input\":{\"@type\":\"PropertyValueSpecification\",\"valueRequired\":true,\"valueName\":\"search_term_string\"}}],\"inLanguage\":\"en-US\"},{\"@type\":\"Organization\",\"@id\":\"https:\/\/www.haegergroup.com\/es\/#organization\",\"name\":\"Haeger Electrodom\u00e9sticos\",\"url\":\"https:\/\/www.haegergroup.com\/es\/\",\"logo\":{\"@type\":\"ImageObject\",\"inLanguage\":\"en-US\",\"@id\":\"https:\/\/www.haegergroup.com\/es\/#\/schema\/logo\/image\/\",\"url\":\"https:\/\/www.haegergroup.com\/wp-content\/uploads\/2018\/05\/logo-web-220.png\",\"contentUrl\":\"https:\/\/www.haegergroup.com\/wp-content\/uploads\/2018\/05\/logo-web-220.png\",\"width\":220,\"height\":49,\"caption\":\"Haeger Electrodom\u00e9sticos\"},\"image\":{\"@id\":\"https:\/\/www.haegergroup.com\/es\/#\/schema\/logo\/image\/\"}}]}<\/script>\n<!-- \/ Yoast SEO plugin. -->","yoast_head_json":{"title":"Electric Oven HAEGER Santis 80 - 2000 W, 80 L - HAEGER Home Appliances","description":"Marca de Pequenos Eletrodom\u00e9sticos para a sua cozinha, cuidados pessoais, casa e climatiza\u00e7\u00e3o. A op\u00e7\u00e3o inteligente para a sua casa.","robots":{"index":"index","follow":"follow","max-snippet":"max-snippet:-1","max-image-preview":"max-image-preview:large","max-video-preview":"max-video-preview:-1"},"canonical":"https:\/\/www.haegergroup.com\/en\/product\/electric-oven-haeger-santis-80-2000-w-80-l\/","og_locale":"en_US","og_type":"article","og_title":"Electric Oven HAEGER Santis 80 - 2000 W, 80 L - HAEGER Home Appliances","og_description":"Marca de Pequenos Eletrodom\u00e9sticos para a sua cozinha, cuidados pessoais, casa e climatiza\u00e7\u00e3o. A op\u00e7\u00e3o inteligente para a sua casa.","og_url":"https:\/\/www.haegergroup.com\/en\/product\/electric-oven-haeger-santis-80-2000-w-80-l\/","og_site_name":"HAEGER Home Appliances","article_modified_time":"2026-01-09T11:36:23+00:00","og_image":[{"width":1200,"height":1200,"url":"https:\/\/www.haegergroup.com\/wp-content\/uploads\/OV-80B.042A_1-1.jpg","type":"image\/jpeg"}],"twitter_card":"summary_large_image","twitter_misc":{"Est. reading time":"2 minutes"},"schema":{"@context":"https:\/\/schema.org","@graph":[{"@type":"WebPage","@id":"https:\/\/www.haegergroup.com\/en\/product\/electric-oven-haeger-santis-80-2000-w-80-l\/","url":"https:\/\/www.haegergroup.com\/en\/product\/electric-oven-haeger-santis-80-2000-w-80-l\/","name":"Electric Oven HAEGER Santis 80 - 2000 W, 80 L - HAEGER Home Appliances","isPartOf":{"@id":"https:\/\/www.haegergroup.com\/es\/#website"},"primaryImageOfPage":{"@id":"https:\/\/www.haegergroup.com\/en\/product\/electric-oven-haeger-santis-80-2000-w-80-l\/#primaryimage"},"image":{"@id":"https:\/\/www.haegergroup.com\/en\/product\/electric-oven-haeger-santis-80-2000-w-80-l\/#primaryimage"},"thumbnailUrl":"https:\/\/www.haegergroup.com\/wp-content\/uploads\/OV-80B.042A_1-1.jpg","datePublished":"2025-01-07T18:09:11+00:00","dateModified":"2026-01-09T11:36:23+00:00","description":"Marca de Pequenos Eletrodom\u00e9sticos para a sua cozinha, cuidados pessoais, casa e climatiza\u00e7\u00e3o. A op\u00e7\u00e3o inteligente para a sua casa.","breadcrumb":{"@id":"https:\/\/www.haegergroup.com\/en\/product\/electric-oven-haeger-santis-80-2000-w-80-l\/#breadcrumb"},"inLanguage":"en-US","potentialAction":[{"@type":"ReadAction","target":["https:\/\/www.haegergroup.com\/en\/product\/electric-oven-haeger-santis-80-2000-w-80-l\/"]}]},{"@type":"ImageObject","inLanguage":"en-US","@id":"https:\/\/www.haegergroup.com\/en\/product\/electric-oven-haeger-santis-80-2000-w-80-l\/#primaryimage","url":"https:\/\/www.haegergroup.com\/wp-content\/uploads\/OV-80B.042A_1-1.jpg","contentUrl":"https:\/\/www.haegergroup.com\/wp-content\/uploads\/OV-80B.042A_1-1.jpg","width":1200,"height":1200},{"@type":"BreadcrumbList","@id":"https:\/\/www.haegergroup.com\/en\/product\/electric-oven-haeger-santis-80-2000-w-80-l\/#breadcrumb","itemListElement":[{"@type":"ListItem","position":1,"name":"Portada","item":"https:\/\/www.haegergroup.com\/en\/"},{"@type":"ListItem","position":2,"name":"Productos","item":"https:\/\/www.haegergroup.com\/es\/tienda\/"},{"@type":"ListItem","position":3,"name":"Electric Oven HAEGER Santis 80 &#8211; 2000 W, 80 L"}]},{"@type":"WebSite","@id":"https:\/\/www.haegergroup.com\/es\/#website","url":"https:\/\/www.haegergroup.com\/es\/","name":"HAEGER Home Appliances","description":"eletrodom\u00e9sticos","publisher":{"@id":"https:\/\/www.haegergroup.com\/es\/#organization"},"potentialAction":[{"@type":"SearchAction","target":{"@type":"EntryPoint","urlTemplate":"https:\/\/www.haegergroup.com\/es\/?s={search_term_string}"},"query-input":{"@type":"PropertyValueSpecification","valueRequired":true,"valueName":"search_term_string"}}],"inLanguage":"en-US"},{"@type":"Organization","@id":"https:\/\/www.haegergroup.com\/es\/#organization","name":"Haeger Electrodom\u00e9sticos","url":"https:\/\/www.haegergroup.com\/es\/","logo":{"@type":"ImageObject","inLanguage":"en-US","@id":"https:\/\/www.haegergroup.com\/es\/#\/schema\/logo\/image\/","url":"https:\/\/www.haegergroup.com\/wp-content\/uploads\/2018\/05\/logo-web-220.png","contentUrl":"https:\/\/www.haegergroup.com\/wp-content\/uploads\/2018\/05\/logo-web-220.png","width":220,"height":49,"caption":"Haeger Electrodom\u00e9sticos"},"image":{"@id":"https:\/\/www.haegergroup.com\/es\/#\/schema\/logo\/image\/"}}]}},"_links":{"self":[{"href":"https:\/\/www.haegergroup.com\/en\/wp-json\/wp\/v2\/product\/36808","targetHints":{"allow":["GET"]}}],"collection":[{"href":"https:\/\/www.haegergroup.com\/en\/wp-json\/wp\/v2\/product"}],"about":[{"href":"https:\/\/www.haegergroup.com\/en\/wp-json\/wp\/v2\/types\/product"}],"wp:featuredmedia":[{"embeddable":true,"href":"https:\/\/www.haegergroup.com\/en\/wp-json\/wp\/v2\/media\/37607"}],"wp:attachment":[{"href":"https:\/\/www.haegergroup.com\/en\/wp-json\/wp\/v2\/media?parent=36808"}],"wp:term":[{"taxonomy":"product_cat","embeddable":true,"href":"https:\/\/www.haegergroup.com\/en\/wp-json\/wp\/v2\/product_cat?post=36808"},{"taxonomy":"product_tag","embeddable":true,"href":"https:\/\/www.haegergroup.com\/en\/wp-json\/wp\/v2\/product_tag?post=36808"}],"curies":[{"name":"wp","href":"https:\/\/api.w.org\/{rel}","templated":true}]}}