{"id":36659,"date":"2024-10-15T13:45:57","date_gmt":"2024-10-15T14:58:05","guid":{"rendered":"https:\/\/www.haegergroup.com\/?post_type=product&#038;p=36659"},"modified":"2024-10-15T15:58:05","modified_gmt":"2024-10-15T14:58:05","slug":"nose-and-ear-hair-trimmer-haeger-gentle-45-min-battery","status":"publish","type":"product","link":"https:\/\/www.haegergroup.com\/en\/product\/nose-and-ear-hair-trimmer-haeger-gentle-45-min-battery\/","title":{"rendered":"Nose and Ear Hair Trimmer HAEGER Gentle &#8211; 45 min Battery"},"content":{"rendered":"<p>With the HAEGER Gentle nose and ear trimmer, looking after your appearance has never been easier. The compact and lightweight design makes it easy to handle, reaching difficult areas such as the nose and ears without causing discomfort. Rechargeable via a practical USB Type-C cable (included), it offers convenience and sustainability by eliminating the need for disposable batteries. Its 100mAh battery guarantees up to 45 minutes of continuous use, ideal for several sessions before needing to recharge.<\/p>\n<p>The ON\/OFF switch ensures intuitive use, while the protective cover keeps the blades safe and preserved when the trimmer is not in use. For easy maintenance, it includes a cleaning brush, allowing you to keep the trimmer sanitised and in optimum working order. With a power of 2W, it offers the necessary force for precise cuts without irritating the skin.<\/p>\n<p>Perfect for taking with you when travelling, ensuring you always look your best.<\/p>\n","protected":false},"excerpt":{"rendered":"<h2>Nose and Ear Hair Trimmer<br \/>\nModel: NT-REC.004A<\/h2>\n<ul>\n<li>Rechargeable trimmer via USB Type-C cable<\/li>\n<li>USB Type-C cable included<\/li>\n<li>ON\/OFF switch<\/li>\n<li>Protective cap<\/li>\n<li>Cleaning brush<\/li>\n<li>Autonomy: 450min<\/li>\n<li>Battery: 3.7V &#8211; 100mAh<\/li>\n<li>Power: 2W<\/li>\n<\/ul>\n","protected":false},"featured_media":36656,"template":"","meta":[],"product_cat":[377,373],"product_tag":[],"class_list":{"0":"post-36659","1":"product","2":"type-product","3":"status-publish","4":"has-post-thumbnail","6":"product_cat-nose-clipper","7":"product_cat-personal-care","9":"first","10":"instock","11":"shipping-taxable","12":"product-type-simple"},"yoast_head":"<!-- This site is optimized with the Yoast SEO plugin v24.1 - https:\/\/yoast.com\/wordpress\/plugins\/seo\/ -->\n<title>Nose and Ear Hair Trimmer HAEGER Gentle - 45 min Battery - HAEGER Home Appliances<\/title>\n<meta name=\"description\" content=\"Marca de Pequenos Eletrodom\u00e9sticos para a sua cozinha, cuidados pessoais, casa e climatiza\u00e7\u00e3o. A op\u00e7\u00e3o inteligente para a sua casa.\" \/>\n<meta name=\"robots\" content=\"index, follow, max-snippet:-1, max-image-preview:large, max-video-preview:-1\" \/>\n<link rel=\"canonical\" href=\"https:\/\/www.haegergroup.com\/en\/product\/nose-and-ear-hair-trimmer-haeger-gentle-45-min-battery\/\" \/>\n<meta property=\"og:locale\" content=\"en_US\" \/>\n<meta property=\"og:type\" content=\"article\" \/>\n<meta property=\"og:title\" content=\"Nose and Ear Hair Trimmer HAEGER Gentle - 45 min Battery - HAEGER Home Appliances\" \/>\n<meta property=\"og:description\" content=\"Marca de Pequenos Eletrodom\u00e9sticos para a sua cozinha, cuidados pessoais, casa e climatiza\u00e7\u00e3o. A op\u00e7\u00e3o inteligente para a sua casa.\" \/>\n<meta property=\"og:url\" content=\"https:\/\/www.haegergroup.com\/en\/product\/nose-and-ear-hair-trimmer-haeger-gentle-45-min-battery\/\" \/>\n<meta property=\"og:site_name\" content=\"HAEGER Home Appliances\" \/>\n<meta property=\"og:image\" content=\"https:\/\/www.haegergroup.com\/wp-content\/uploads\/NT-REC.004A_2-1.jpg\" \/>\n\t<meta property=\"og:image:width\" content=\"1200\" \/>\n\t<meta property=\"og:image:height\" content=\"1200\" \/>\n\t<meta property=\"og:image:type\" content=\"image\/jpeg\" \/>\n<meta name=\"twitter:card\" content=\"summary_large_image\" \/>\n<meta name=\"twitter:label1\" content=\"Est. reading time\" \/>\n\t<meta name=\"twitter:data1\" content=\"1 minute\" \/>\n<script type=\"application\/ld+json\" class=\"yoast-schema-graph\">{\"@context\":\"https:\/\/schema.org\",\"@graph\":[{\"@type\":\"WebPage\",\"@id\":\"https:\/\/www.haegergroup.com\/en\/product\/nose-and-ear-hair-trimmer-haeger-gentle-45-min-battery\/\",\"url\":\"https:\/\/www.haegergroup.com\/en\/product\/nose-and-ear-hair-trimmer-haeger-gentle-45-min-battery\/\",\"name\":\"Nose and Ear Hair Trimmer HAEGER Gentle - 45 min Battery - HAEGER Home Appliances\",\"isPartOf\":{\"@id\":\"https:\/\/www.haegergroup.com\/es\/#website\"},\"primaryImageOfPage\":{\"@id\":\"https:\/\/www.haegergroup.com\/en\/product\/nose-and-ear-hair-trimmer-haeger-gentle-45-min-battery\/#primaryimage\"},\"image\":{\"@id\":\"https:\/\/www.haegergroup.com\/en\/product\/nose-and-ear-hair-trimmer-haeger-gentle-45-min-battery\/#primaryimage\"},\"thumbnailUrl\":\"https:\/\/www.haegergroup.com\/wp-content\/uploads\/NT-REC.004A_2-1.jpg\",\"datePublished\":\"2024-10-15T14:58:05+00:00\",\"dateModified\":\"2024-10-15T14:58:05+00:00\",\"description\":\"Marca de Pequenos Eletrodom\u00e9sticos para a sua cozinha, cuidados pessoais, casa e climatiza\u00e7\u00e3o. A op\u00e7\u00e3o inteligente para a sua casa.\",\"breadcrumb\":{\"@id\":\"https:\/\/www.haegergroup.com\/en\/product\/nose-and-ear-hair-trimmer-haeger-gentle-45-min-battery\/#breadcrumb\"},\"inLanguage\":\"en-US\",\"potentialAction\":[{\"@type\":\"ReadAction\",\"target\":[\"https:\/\/www.haegergroup.com\/en\/product\/nose-and-ear-hair-trimmer-haeger-gentle-45-min-battery\/\"]}]},{\"@type\":\"ImageObject\",\"inLanguage\":\"en-US\",\"@id\":\"https:\/\/www.haegergroup.com\/en\/product\/nose-and-ear-hair-trimmer-haeger-gentle-45-min-battery\/#primaryimage\",\"url\":\"https:\/\/www.haegergroup.com\/wp-content\/uploads\/NT-REC.004A_2-1.jpg\",\"contentUrl\":\"https:\/\/www.haegergroup.com\/wp-content\/uploads\/NT-REC.004A_2-1.jpg\",\"width\":1200,\"height\":1200},{\"@type\":\"BreadcrumbList\",\"@id\":\"https:\/\/www.haegergroup.com\/en\/product\/nose-and-ear-hair-trimmer-haeger-gentle-45-min-battery\/#breadcrumb\",\"itemListElement\":[{\"@type\":\"ListItem\",\"position\":1,\"name\":\"Portada\",\"item\":\"https:\/\/www.haegergroup.com\/en\/\"},{\"@type\":\"ListItem\",\"position\":2,\"name\":\"Produtos\",\"item\":\"https:\/\/www.haegergroup.com\/pt-pt\/shop\/\"},{\"@type\":\"ListItem\",\"position\":3,\"name\":\"Nose and Ear Hair Trimmer HAEGER Gentle &#8211; 45 min Battery\"}]},{\"@type\":\"WebSite\",\"@id\":\"https:\/\/www.haegergroup.com\/es\/#website\",\"url\":\"https:\/\/www.haegergroup.com\/es\/\",\"name\":\"HAEGER Home Appliances\",\"description\":\"eletrodom\u00e9sticos\",\"publisher\":{\"@id\":\"https:\/\/www.haegergroup.com\/es\/#organization\"},\"potentialAction\":[{\"@type\":\"SearchAction\",\"target\":{\"@type\":\"EntryPoint\",\"urlTemplate\":\"https:\/\/www.haegergroup.com\/es\/?s={search_term_string}\"},\"query-input\":{\"@type\":\"PropertyValueSpecification\",\"valueRequired\":true,\"valueName\":\"search_term_string\"}}],\"inLanguage\":\"en-US\"},{\"@type\":\"Organization\",\"@id\":\"https:\/\/www.haegergroup.com\/es\/#organization\",\"name\":\"Haeger Electrodom\u00e9sticos\",\"url\":\"https:\/\/www.haegergroup.com\/es\/\",\"logo\":{\"@type\":\"ImageObject\",\"inLanguage\":\"en-US\",\"@id\":\"https:\/\/www.haegergroup.com\/es\/#\/schema\/logo\/image\/\",\"url\":\"https:\/\/www.haegergroup.com\/wp-content\/uploads\/2018\/05\/logo-web-220.png\",\"contentUrl\":\"https:\/\/www.haegergroup.com\/wp-content\/uploads\/2018\/05\/logo-web-220.png\",\"width\":220,\"height\":49,\"caption\":\"Haeger Electrodom\u00e9sticos\"},\"image\":{\"@id\":\"https:\/\/www.haegergroup.com\/es\/#\/schema\/logo\/image\/\"}}]}<\/script>\n<!-- \/ Yoast SEO plugin. -->","yoast_head_json":{"title":"Nose and Ear Hair Trimmer HAEGER Gentle - 45 min Battery - HAEGER Home Appliances","description":"Marca de Pequenos Eletrodom\u00e9sticos para a sua cozinha, cuidados pessoais, casa e climatiza\u00e7\u00e3o. A op\u00e7\u00e3o inteligente para a sua casa.","robots":{"index":"index","follow":"follow","max-snippet":"max-snippet:-1","max-image-preview":"max-image-preview:large","max-video-preview":"max-video-preview:-1"},"canonical":"https:\/\/www.haegergroup.com\/en\/product\/nose-and-ear-hair-trimmer-haeger-gentle-45-min-battery\/","og_locale":"en_US","og_type":"article","og_title":"Nose and Ear Hair Trimmer HAEGER Gentle - 45 min Battery - HAEGER Home Appliances","og_description":"Marca de Pequenos Eletrodom\u00e9sticos para a sua cozinha, cuidados pessoais, casa e climatiza\u00e7\u00e3o. A op\u00e7\u00e3o inteligente para a sua casa.","og_url":"https:\/\/www.haegergroup.com\/en\/product\/nose-and-ear-hair-trimmer-haeger-gentle-45-min-battery\/","og_site_name":"HAEGER Home Appliances","og_image":[{"width":1200,"height":1200,"url":"https:\/\/www.haegergroup.com\/wp-content\/uploads\/NT-REC.004A_2-1.jpg","type":"image\/jpeg"}],"twitter_card":"summary_large_image","twitter_misc":{"Est. reading time":"1 minute"},"schema":{"@context":"https:\/\/schema.org","@graph":[{"@type":"WebPage","@id":"https:\/\/www.haegergroup.com\/en\/product\/nose-and-ear-hair-trimmer-haeger-gentle-45-min-battery\/","url":"https:\/\/www.haegergroup.com\/en\/product\/nose-and-ear-hair-trimmer-haeger-gentle-45-min-battery\/","name":"Nose and Ear Hair Trimmer HAEGER Gentle - 45 min Battery - HAEGER Home Appliances","isPartOf":{"@id":"https:\/\/www.haegergroup.com\/es\/#website"},"primaryImageOfPage":{"@id":"https:\/\/www.haegergroup.com\/en\/product\/nose-and-ear-hair-trimmer-haeger-gentle-45-min-battery\/#primaryimage"},"image":{"@id":"https:\/\/www.haegergroup.com\/en\/product\/nose-and-ear-hair-trimmer-haeger-gentle-45-min-battery\/#primaryimage"},"thumbnailUrl":"https:\/\/www.haegergroup.com\/wp-content\/uploads\/NT-REC.004A_2-1.jpg","datePublished":"2024-10-15T14:58:05+00:00","dateModified":"2024-10-15T14:58:05+00:00","description":"Marca de Pequenos Eletrodom\u00e9sticos para a sua cozinha, cuidados pessoais, casa e climatiza\u00e7\u00e3o. A op\u00e7\u00e3o inteligente para a sua casa.","breadcrumb":{"@id":"https:\/\/www.haegergroup.com\/en\/product\/nose-and-ear-hair-trimmer-haeger-gentle-45-min-battery\/#breadcrumb"},"inLanguage":"en-US","potentialAction":[{"@type":"ReadAction","target":["https:\/\/www.haegergroup.com\/en\/product\/nose-and-ear-hair-trimmer-haeger-gentle-45-min-battery\/"]}]},{"@type":"ImageObject","inLanguage":"en-US","@id":"https:\/\/www.haegergroup.com\/en\/product\/nose-and-ear-hair-trimmer-haeger-gentle-45-min-battery\/#primaryimage","url":"https:\/\/www.haegergroup.com\/wp-content\/uploads\/NT-REC.004A_2-1.jpg","contentUrl":"https:\/\/www.haegergroup.com\/wp-content\/uploads\/NT-REC.004A_2-1.jpg","width":1200,"height":1200},{"@type":"BreadcrumbList","@id":"https:\/\/www.haegergroup.com\/en\/product\/nose-and-ear-hair-trimmer-haeger-gentle-45-min-battery\/#breadcrumb","itemListElement":[{"@type":"ListItem","position":1,"name":"Portada","item":"https:\/\/www.haegergroup.com\/en\/"},{"@type":"ListItem","position":2,"name":"Produtos","item":"https:\/\/www.haegergroup.com\/pt-pt\/shop\/"},{"@type":"ListItem","position":3,"name":"Nose and Ear Hair Trimmer HAEGER Gentle &#8211; 45 min Battery"}]},{"@type":"WebSite","@id":"https:\/\/www.haegergroup.com\/es\/#website","url":"https:\/\/www.haegergroup.com\/es\/","name":"HAEGER Home Appliances","description":"eletrodom\u00e9sticos","publisher":{"@id":"https:\/\/www.haegergroup.com\/es\/#organization"},"potentialAction":[{"@type":"SearchAction","target":{"@type":"EntryPoint","urlTemplate":"https:\/\/www.haegergroup.com\/es\/?s={search_term_string}"},"query-input":{"@type":"PropertyValueSpecification","valueRequired":true,"valueName":"search_term_string"}}],"inLanguage":"en-US"},{"@type":"Organization","@id":"https:\/\/www.haegergroup.com\/es\/#organization","name":"Haeger Electrodom\u00e9sticos","url":"https:\/\/www.haegergroup.com\/es\/","logo":{"@type":"ImageObject","inLanguage":"en-US","@id":"https:\/\/www.haegergroup.com\/es\/#\/schema\/logo\/image\/","url":"https:\/\/www.haegergroup.com\/wp-content\/uploads\/2018\/05\/logo-web-220.png","contentUrl":"https:\/\/www.haegergroup.com\/wp-content\/uploads\/2018\/05\/logo-web-220.png","width":220,"height":49,"caption":"Haeger Electrodom\u00e9sticos"},"image":{"@id":"https:\/\/www.haegergroup.com\/es\/#\/schema\/logo\/image\/"}}]}},"_links":{"self":[{"href":"https:\/\/www.haegergroup.com\/en\/wp-json\/wp\/v2\/product\/36659","targetHints":{"allow":["GET"]}}],"collection":[{"href":"https:\/\/www.haegergroup.com\/en\/wp-json\/wp\/v2\/product"}],"about":[{"href":"https:\/\/www.haegergroup.com\/en\/wp-json\/wp\/v2\/types\/product"}],"wp:featuredmedia":[{"embeddable":true,"href":"https:\/\/www.haegergroup.com\/en\/wp-json\/wp\/v2\/media\/36656"}],"wp:attachment":[{"href":"https:\/\/www.haegergroup.com\/en\/wp-json\/wp\/v2\/media?parent=36659"}],"wp:term":[{"taxonomy":"product_cat","embeddable":true,"href":"https:\/\/www.haegergroup.com\/en\/wp-json\/wp\/v2\/product_cat?post=36659"},{"taxonomy":"product_tag","embeddable":true,"href":"https:\/\/www.haegergroup.com\/en\/wp-json\/wp\/v2\/product_tag?post=36659"}],"curies":[{"name":"wp","href":"https:\/\/api.w.org\/{rel}","templated":true}]}}