{"id":36576,"date":"2024-09-05T16:35:52","date_gmt":"2024-09-24T10:31:26","guid":{"rendered":"https:\/\/www.haegergroup.com\/?post_type=product&#038;p=36576"},"modified":"2024-09-24T11:31:46","modified_gmt":"2024-09-24T10:31:46","slug":"pressure-cooker-haeger-easy-cooker-2-in-1-diameter-22-cm-6-litres-stainless-steel","status":"publish","type":"product","link":"https:\/\/www.haegergroup.com\/en\/product\/pressure-cooker-haeger-easy-cooker-2-in-1-diameter-22-cm-6-litres-stainless-steel\/","title":{"rendered":"Pressure Cooker HAEGER Easy Cooker 2 in 1 &#8211; Diameter 22 cm, 6 Litres, Stainless Steel"},"content":{"rendered":"<p>Cooking quickly and safely is simple with the HAEGER Easy Cooker pressure cooker. With a generous capacity of 6 litres, this cooker is perfect for preparing large portions of food in less time, while preserving the flavour and nutrients of the ingredients.<\/p>\n<p>Safety is a priority with the HAEGER Easy Cooker. This model comes equipped with 3 robust safety systems: a rotary valve, an additional safety valve and a metal arm, as well as a practical easy-close button, which ensures a perfect seal before cooking begins. In addition, the opening handle at the top facilitates handling and operation.<\/p>\n<p>Made from high-quality stainless steel, both the lid and the body of the pan are extremely durable and heat-resistant. For added versatility, the pan also includes an extra glass lid, ideal for monitoring cooking without losing heat. Compatible with all types of hobs &#8211; gas, radiant ring, electric hob, glass ceramic and induction &#8211; this pressure cooker offers total flexibility in the kitchen.<\/p>\n<p>All parts are dishwasher-safe, making cleaning as easy as the cooking itself.<\/p>\n","protected":false},"excerpt":{"rendered":"<h2>Pressure Cooker 60 Litres<br \/>\nModel: PC-6SS.022A<\/h2>\n<p>Technical features:<\/p>\n<ul>\n<li>Equipped with 3 safety systems:<\/li>\n<li>Rotary valve<\/li>\n<li>Safety valve<\/li>\n<li>Metal arm<\/li>\n<li>Extra glass lid<\/li>\n<li>Easy-open top handle<\/li>\n<li>High quality stainless steel lid and body<\/li>\n<li>Suitable for use on: Gas, Radiant ring, Electric hob, Glass ceramic and Induction<\/li>\n<li>Pan diameter: 220 mm<\/li>\n<li>Capacity: 6 litres<\/li>\n<\/ul>\n","protected":false},"featured_media":36542,"template":"","meta":[],"product_cat":[360,371],"product_tag":[],"class_list":{"0":"post-36576","1":"product","2":"type-product","3":"status-publish","4":"has-post-thumbnail","6":"product_cat-kitchen","7":"product_cat-pressure-cookers","9":"first","10":"instock","11":"shipping-taxable","12":"product-type-simple"},"yoast_head":"<!-- This site is optimized with the Yoast SEO plugin v24.1 - https:\/\/yoast.com\/wordpress\/plugins\/seo\/ -->\n<title>Pressure Cooker HAEGER Easy Cooker 2 in 1 - Diameter 22 cm, 6 Litres, Stainless Steel - HAEGER Home Appliances<\/title>\n<meta name=\"description\" content=\"Marca de Pequenos Eletrodom\u00e9sticos para a sua cozinha, cuidados pessoais, casa e climatiza\u00e7\u00e3o. A op\u00e7\u00e3o inteligente para a sua casa.\" \/>\n<meta name=\"robots\" content=\"index, follow, max-snippet:-1, max-image-preview:large, max-video-preview:-1\" \/>\n<link rel=\"canonical\" href=\"https:\/\/www.haegergroup.com\/en\/product\/pressure-cooker-haeger-easy-cooker-2-in-1-diameter-22-cm-6-litres-stainless-steel\/\" \/>\n<meta property=\"og:locale\" content=\"en_US\" \/>\n<meta property=\"og:type\" content=\"article\" \/>\n<meta property=\"og:title\" content=\"Pressure Cooker HAEGER Easy Cooker 2 in 1 - Diameter 22 cm, 6 Litres, Stainless Steel - HAEGER Home Appliances\" \/>\n<meta property=\"og:description\" content=\"Marca de Pequenos Eletrodom\u00e9sticos para a sua cozinha, cuidados pessoais, casa e climatiza\u00e7\u00e3o. A op\u00e7\u00e3o inteligente para a sua casa.\" \/>\n<meta property=\"og:url\" content=\"https:\/\/www.haegergroup.com\/en\/product\/pressure-cooker-haeger-easy-cooker-2-in-1-diameter-22-cm-6-litres-stainless-steel\/\" \/>\n<meta property=\"og:site_name\" content=\"HAEGER Home Appliances\" \/>\n<meta property=\"article:modified_time\" content=\"2024-09-24T10:31:46+00:00\" \/>\n<meta property=\"og:image\" content=\"https:\/\/www.haegergroup.com\/wp-content\/uploads\/PC-6SS.022A_2-1.jpg\" \/>\n\t<meta property=\"og:image:width\" content=\"1200\" \/>\n\t<meta property=\"og:image:height\" content=\"1200\" \/>\n\t<meta property=\"og:image:type\" content=\"image\/jpeg\" \/>\n<meta name=\"twitter:card\" content=\"summary_large_image\" \/>\n<meta name=\"twitter:label1\" content=\"Est. reading time\" \/>\n\t<meta name=\"twitter:data1\" content=\"1 minute\" \/>\n<script type=\"application\/ld+json\" class=\"yoast-schema-graph\">{\"@context\":\"https:\/\/schema.org\",\"@graph\":[{\"@type\":\"WebPage\",\"@id\":\"https:\/\/www.haegergroup.com\/en\/product\/pressure-cooker-haeger-easy-cooker-2-in-1-diameter-22-cm-6-litres-stainless-steel\/\",\"url\":\"https:\/\/www.haegergroup.com\/en\/product\/pressure-cooker-haeger-easy-cooker-2-in-1-diameter-22-cm-6-litres-stainless-steel\/\",\"name\":\"Pressure Cooker HAEGER Easy Cooker 2 in 1 - Diameter 22 cm, 6 Litres, Stainless Steel - HAEGER Home Appliances\",\"isPartOf\":{\"@id\":\"https:\/\/www.haegergroup.com\/es\/#website\"},\"primaryImageOfPage\":{\"@id\":\"https:\/\/www.haegergroup.com\/en\/product\/pressure-cooker-haeger-easy-cooker-2-in-1-diameter-22-cm-6-litres-stainless-steel\/#primaryimage\"},\"image\":{\"@id\":\"https:\/\/www.haegergroup.com\/en\/product\/pressure-cooker-haeger-easy-cooker-2-in-1-diameter-22-cm-6-litres-stainless-steel\/#primaryimage\"},\"thumbnailUrl\":\"https:\/\/www.haegergroup.com\/wp-content\/uploads\/PC-6SS.022A_2-1.jpg\",\"datePublished\":\"2024-09-24T10:31:26+00:00\",\"dateModified\":\"2024-09-24T10:31:46+00:00\",\"description\":\"Marca de Pequenos Eletrodom\u00e9sticos para a sua cozinha, cuidados pessoais, casa e climatiza\u00e7\u00e3o. A op\u00e7\u00e3o inteligente para a sua casa.\",\"breadcrumb\":{\"@id\":\"https:\/\/www.haegergroup.com\/en\/product\/pressure-cooker-haeger-easy-cooker-2-in-1-diameter-22-cm-6-litres-stainless-steel\/#breadcrumb\"},\"inLanguage\":\"en-US\",\"potentialAction\":[{\"@type\":\"ReadAction\",\"target\":[\"https:\/\/www.haegergroup.com\/en\/product\/pressure-cooker-haeger-easy-cooker-2-in-1-diameter-22-cm-6-litres-stainless-steel\/\"]}]},{\"@type\":\"ImageObject\",\"inLanguage\":\"en-US\",\"@id\":\"https:\/\/www.haegergroup.com\/en\/product\/pressure-cooker-haeger-easy-cooker-2-in-1-diameter-22-cm-6-litres-stainless-steel\/#primaryimage\",\"url\":\"https:\/\/www.haegergroup.com\/wp-content\/uploads\/PC-6SS.022A_2-1.jpg\",\"contentUrl\":\"https:\/\/www.haegergroup.com\/wp-content\/uploads\/PC-6SS.022A_2-1.jpg\",\"width\":1200,\"height\":1200},{\"@type\":\"BreadcrumbList\",\"@id\":\"https:\/\/www.haegergroup.com\/en\/product\/pressure-cooker-haeger-easy-cooker-2-in-1-diameter-22-cm-6-litres-stainless-steel\/#breadcrumb\",\"itemListElement\":[{\"@type\":\"ListItem\",\"position\":1,\"name\":\"Portada\",\"item\":\"https:\/\/www.haegergroup.com\/en\/\"},{\"@type\":\"ListItem\",\"position\":2,\"name\":\"Productos\",\"item\":\"https:\/\/www.haegergroup.com\/es\/tienda\/\"},{\"@type\":\"ListItem\",\"position\":3,\"name\":\"Pressure Cooker HAEGER Easy Cooker 2 in 1 &#8211; Diameter 22 cm, 6 Litres, Stainless Steel\"}]},{\"@type\":\"WebSite\",\"@id\":\"https:\/\/www.haegergroup.com\/es\/#website\",\"url\":\"https:\/\/www.haegergroup.com\/es\/\",\"name\":\"HAEGER Home Appliances\",\"description\":\"eletrodom\u00e9sticos\",\"publisher\":{\"@id\":\"https:\/\/www.haegergroup.com\/es\/#organization\"},\"potentialAction\":[{\"@type\":\"SearchAction\",\"target\":{\"@type\":\"EntryPoint\",\"urlTemplate\":\"https:\/\/www.haegergroup.com\/es\/?s={search_term_string}\"},\"query-input\":{\"@type\":\"PropertyValueSpecification\",\"valueRequired\":true,\"valueName\":\"search_term_string\"}}],\"inLanguage\":\"en-US\"},{\"@type\":\"Organization\",\"@id\":\"https:\/\/www.haegergroup.com\/es\/#organization\",\"name\":\"Haeger Electrodom\u00e9sticos\",\"url\":\"https:\/\/www.haegergroup.com\/es\/\",\"logo\":{\"@type\":\"ImageObject\",\"inLanguage\":\"en-US\",\"@id\":\"https:\/\/www.haegergroup.com\/es\/#\/schema\/logo\/image\/\",\"url\":\"https:\/\/www.haegergroup.com\/wp-content\/uploads\/2018\/05\/logo-web-220.png\",\"contentUrl\":\"https:\/\/www.haegergroup.com\/wp-content\/uploads\/2018\/05\/logo-web-220.png\",\"width\":220,\"height\":49,\"caption\":\"Haeger Electrodom\u00e9sticos\"},\"image\":{\"@id\":\"https:\/\/www.haegergroup.com\/es\/#\/schema\/logo\/image\/\"}}]}<\/script>\n<!-- \/ Yoast SEO plugin. -->","yoast_head_json":{"title":"Pressure Cooker HAEGER Easy Cooker 2 in 1 - Diameter 22 cm, 6 Litres, Stainless Steel - HAEGER Home Appliances","description":"Marca de Pequenos Eletrodom\u00e9sticos para a sua cozinha, cuidados pessoais, casa e climatiza\u00e7\u00e3o. A op\u00e7\u00e3o inteligente para a sua casa.","robots":{"index":"index","follow":"follow","max-snippet":"max-snippet:-1","max-image-preview":"max-image-preview:large","max-video-preview":"max-video-preview:-1"},"canonical":"https:\/\/www.haegergroup.com\/en\/product\/pressure-cooker-haeger-easy-cooker-2-in-1-diameter-22-cm-6-litres-stainless-steel\/","og_locale":"en_US","og_type":"article","og_title":"Pressure Cooker HAEGER Easy Cooker 2 in 1 - Diameter 22 cm, 6 Litres, Stainless Steel - HAEGER Home Appliances","og_description":"Marca de Pequenos Eletrodom\u00e9sticos para a sua cozinha, cuidados pessoais, casa e climatiza\u00e7\u00e3o. A op\u00e7\u00e3o inteligente para a sua casa.","og_url":"https:\/\/www.haegergroup.com\/en\/product\/pressure-cooker-haeger-easy-cooker-2-in-1-diameter-22-cm-6-litres-stainless-steel\/","og_site_name":"HAEGER Home Appliances","article_modified_time":"2024-09-24T10:31:46+00:00","og_image":[{"width":1200,"height":1200,"url":"https:\/\/www.haegergroup.com\/wp-content\/uploads\/PC-6SS.022A_2-1.jpg","type":"image\/jpeg"}],"twitter_card":"summary_large_image","twitter_misc":{"Est. reading time":"1 minute"},"schema":{"@context":"https:\/\/schema.org","@graph":[{"@type":"WebPage","@id":"https:\/\/www.haegergroup.com\/en\/product\/pressure-cooker-haeger-easy-cooker-2-in-1-diameter-22-cm-6-litres-stainless-steel\/","url":"https:\/\/www.haegergroup.com\/en\/product\/pressure-cooker-haeger-easy-cooker-2-in-1-diameter-22-cm-6-litres-stainless-steel\/","name":"Pressure Cooker HAEGER Easy Cooker 2 in 1 - Diameter 22 cm, 6 Litres, Stainless Steel - HAEGER Home Appliances","isPartOf":{"@id":"https:\/\/www.haegergroup.com\/es\/#website"},"primaryImageOfPage":{"@id":"https:\/\/www.haegergroup.com\/en\/product\/pressure-cooker-haeger-easy-cooker-2-in-1-diameter-22-cm-6-litres-stainless-steel\/#primaryimage"},"image":{"@id":"https:\/\/www.haegergroup.com\/en\/product\/pressure-cooker-haeger-easy-cooker-2-in-1-diameter-22-cm-6-litres-stainless-steel\/#primaryimage"},"thumbnailUrl":"https:\/\/www.haegergroup.com\/wp-content\/uploads\/PC-6SS.022A_2-1.jpg","datePublished":"2024-09-24T10:31:26+00:00","dateModified":"2024-09-24T10:31:46+00:00","description":"Marca de Pequenos Eletrodom\u00e9sticos para a sua cozinha, cuidados pessoais, casa e climatiza\u00e7\u00e3o. A op\u00e7\u00e3o inteligente para a sua casa.","breadcrumb":{"@id":"https:\/\/www.haegergroup.com\/en\/product\/pressure-cooker-haeger-easy-cooker-2-in-1-diameter-22-cm-6-litres-stainless-steel\/#breadcrumb"},"inLanguage":"en-US","potentialAction":[{"@type":"ReadAction","target":["https:\/\/www.haegergroup.com\/en\/product\/pressure-cooker-haeger-easy-cooker-2-in-1-diameter-22-cm-6-litres-stainless-steel\/"]}]},{"@type":"ImageObject","inLanguage":"en-US","@id":"https:\/\/www.haegergroup.com\/en\/product\/pressure-cooker-haeger-easy-cooker-2-in-1-diameter-22-cm-6-litres-stainless-steel\/#primaryimage","url":"https:\/\/www.haegergroup.com\/wp-content\/uploads\/PC-6SS.022A_2-1.jpg","contentUrl":"https:\/\/www.haegergroup.com\/wp-content\/uploads\/PC-6SS.022A_2-1.jpg","width":1200,"height":1200},{"@type":"BreadcrumbList","@id":"https:\/\/www.haegergroup.com\/en\/product\/pressure-cooker-haeger-easy-cooker-2-in-1-diameter-22-cm-6-litres-stainless-steel\/#breadcrumb","itemListElement":[{"@type":"ListItem","position":1,"name":"Portada","item":"https:\/\/www.haegergroup.com\/en\/"},{"@type":"ListItem","position":2,"name":"Productos","item":"https:\/\/www.haegergroup.com\/es\/tienda\/"},{"@type":"ListItem","position":3,"name":"Pressure Cooker HAEGER Easy Cooker 2 in 1 &#8211; Diameter 22 cm, 6 Litres, Stainless Steel"}]},{"@type":"WebSite","@id":"https:\/\/www.haegergroup.com\/es\/#website","url":"https:\/\/www.haegergroup.com\/es\/","name":"HAEGER Home Appliances","description":"eletrodom\u00e9sticos","publisher":{"@id":"https:\/\/www.haegergroup.com\/es\/#organization"},"potentialAction":[{"@type":"SearchAction","target":{"@type":"EntryPoint","urlTemplate":"https:\/\/www.haegergroup.com\/es\/?s={search_term_string}"},"query-input":{"@type":"PropertyValueSpecification","valueRequired":true,"valueName":"search_term_string"}}],"inLanguage":"en-US"},{"@type":"Organization","@id":"https:\/\/www.haegergroup.com\/es\/#organization","name":"Haeger Electrodom\u00e9sticos","url":"https:\/\/www.haegergroup.com\/es\/","logo":{"@type":"ImageObject","inLanguage":"en-US","@id":"https:\/\/www.haegergroup.com\/es\/#\/schema\/logo\/image\/","url":"https:\/\/www.haegergroup.com\/wp-content\/uploads\/2018\/05\/logo-web-220.png","contentUrl":"https:\/\/www.haegergroup.com\/wp-content\/uploads\/2018\/05\/logo-web-220.png","width":220,"height":49,"caption":"Haeger Electrodom\u00e9sticos"},"image":{"@id":"https:\/\/www.haegergroup.com\/es\/#\/schema\/logo\/image\/"}}]}},"_links":{"self":[{"href":"https:\/\/www.haegergroup.com\/en\/wp-json\/wp\/v2\/product\/36576","targetHints":{"allow":["GET"]}}],"collection":[{"href":"https:\/\/www.haegergroup.com\/en\/wp-json\/wp\/v2\/product"}],"about":[{"href":"https:\/\/www.haegergroup.com\/en\/wp-json\/wp\/v2\/types\/product"}],"wp:featuredmedia":[{"embeddable":true,"href":"https:\/\/www.haegergroup.com\/en\/wp-json\/wp\/v2\/media\/36542"}],"wp:attachment":[{"href":"https:\/\/www.haegergroup.com\/en\/wp-json\/wp\/v2\/media?parent=36576"}],"wp:term":[{"taxonomy":"product_cat","embeddable":true,"href":"https:\/\/www.haegergroup.com\/en\/wp-json\/wp\/v2\/product_cat?post=36576"},{"taxonomy":"product_tag","embeddable":true,"href":"https:\/\/www.haegergroup.com\/en\/wp-json\/wp\/v2\/product_tag?post=36576"}],"curies":[{"name":"wp","href":"https:\/\/api.w.org\/{rel}","templated":true}]}}