{"id":36449,"date":"2024-07-05T17:36:52","date_gmt":"2024-07-19T16:27:10","guid":{"rendered":"https:\/\/www.haegergroup.com\/?post_type=product&#038;p=36449"},"modified":"2024-07-19T17:40:22","modified_gmt":"2024-07-19T16:40:22","slug":"bluetooth-portable-speaker-haeger-cool-boom-29h-battery-life-ipx5-splash-resistance-led-light","status":"publish","type":"product","link":"https:\/\/www.haegergroup.com\/en\/product\/bluetooth-portable-speaker-haeger-cool-boom-29h-battery-life-ipx5-splash-resistance-led-light\/","title":{"rendered":"Bluetooth Portable Speaker HAEGER Cool Boom &#8211; 29H Battery Life, IPX5"},"content":{"rendered":"<p><strong>The perfect speaker for outdoor parties: HAEGER Cool Boom<\/strong><\/p>\n<p>Discover the freedom to take your music wherever you want with the HAEGER Cool Boom Portable Bluetooth Speaker. This speaker offers high-quality sound with over 80dB of sound clarity, thanks to its 3&#8243; (7.6cm) speakers and 40W total power. Whether you&#8217;re livening up a party or relaxing outdoors, Cool Boom guarantees immersive, lively sound.<\/p>\n<p>IPX5-certified splash resistance makes this speaker ideal for use outdoors, allowing you to enjoy your music on the beach, pool or boat without any worries. What&#8217;s more, the Full Colors lighting creates a vibrant and fun atmosphere, synchronising with your favourite songs.<\/p>\n<p>With four playback modes (Bluetooth, USB Pen Drive, TF Card and AUX Input), Cool Boom offers versatility and ease of use. The TWS (True Wireless Stereo) function lets you pair two speakers for a doubly enhanced stereo sound experience, while the BASS BOOST function intensifies the bass for a full, rich sound experience.<\/p>\n<p>With an autonomy of up to 29 hours and remote control, Cool Boom is perfect for prolonging the fun without interruption.<\/p>\n","protected":false},"excerpt":{"rendered":"<h2>Bluetooth Portable Speaker<br \/>\nModel: SP-40W.002A<\/h2>\n<ul>\n<li>Speakers (3&#8243; &#8211; 2x 20W)<\/li>\n<li>Maximum autonomy of up to 29 hours<\/li>\n<li>Remote control<\/li>\n<li>Powerful, crystal-clear sound &gt;80dB<\/li>\n<li>IPX5 splashproof, perfect for the beach, pool, boat and other outdoor activities<\/li>\n<li>3&#8243; (7.6cm) speakers<\/li>\n<li>Full-colour lighting<\/li>\n<li>4 playback modes: Bluetooth, USB Pen Drive, TF Card and AUX Input<\/li>\n<li>TWS function, allowing true wireless playback with doubly enhanced stereo sound<\/li>\n<li>BASS BOOST function<\/li>\n<li>Frequency range: 80Hz &#8211; 12KHz<\/li>\n<li>7.4V &#8211; 4000mAh battery<\/li>\n<\/ul>\n","protected":false},"featured_media":36426,"template":"","meta":[],"product_cat":[336,335,781],"product_tag":[],"class_list":{"0":"post-36449","1":"product","2":"type-product","3":"status-publish","4":"has-post-thumbnail","6":"product_cat-audio-en","7":"product_cat-audio-tv-telecom-en","8":"product_cat-bluetooth-speakers","10":"first","11":"instock","12":"shipping-taxable","13":"product-type-simple"},"yoast_head":"<!-- This site is optimized with the Yoast SEO plugin v24.1 - https:\/\/yoast.com\/wordpress\/plugins\/seo\/ -->\n<title>Bluetooth Portable Speaker HAEGER Cool Boom - 29H Battery Life, IPX5 - HAEGER Home Appliances<\/title>\n<meta name=\"description\" content=\"Marca de Pequenos Eletrodom\u00e9sticos para a sua cozinha, cuidados pessoais, casa e climatiza\u00e7\u00e3o. A op\u00e7\u00e3o inteligente para a sua casa.\" \/>\n<meta name=\"robots\" content=\"index, follow, max-snippet:-1, max-image-preview:large, max-video-preview:-1\" \/>\n<link rel=\"canonical\" href=\"https:\/\/www.haegergroup.com\/en\/product\/bluetooth-portable-speaker-haeger-cool-boom-29h-battery-life-ipx5-splash-resistance-led-light\/\" \/>\n<meta property=\"og:locale\" content=\"en_US\" \/>\n<meta property=\"og:type\" content=\"article\" \/>\n<meta property=\"og:title\" content=\"Bluetooth Portable Speaker HAEGER Cool Boom - 29H Battery Life, IPX5 - HAEGER Home Appliances\" \/>\n<meta property=\"og:description\" content=\"Marca de Pequenos Eletrodom\u00e9sticos para a sua cozinha, cuidados pessoais, casa e climatiza\u00e7\u00e3o. A op\u00e7\u00e3o inteligente para a sua casa.\" \/>\n<meta property=\"og:url\" content=\"https:\/\/www.haegergroup.com\/en\/product\/bluetooth-portable-speaker-haeger-cool-boom-29h-battery-life-ipx5-splash-resistance-led-light\/\" \/>\n<meta property=\"og:site_name\" content=\"HAEGER Home Appliances\" \/>\n<meta property=\"article:modified_time\" content=\"2024-07-19T16:40:22+00:00\" \/>\n<meta property=\"og:image\" content=\"https:\/\/www.haegergroup.com\/wp-content\/uploads\/SP-40W.002A_1-2.jpg\" \/>\n\t<meta property=\"og:image:width\" content=\"1200\" \/>\n\t<meta property=\"og:image:height\" content=\"1200\" \/>\n\t<meta property=\"og:image:type\" content=\"image\/jpeg\" \/>\n<meta name=\"twitter:card\" content=\"summary_large_image\" \/>\n<meta name=\"twitter:label1\" content=\"Est. reading time\" \/>\n\t<meta name=\"twitter:data1\" content=\"1 minute\" \/>\n<script type=\"application\/ld+json\" class=\"yoast-schema-graph\">{\"@context\":\"https:\/\/schema.org\",\"@graph\":[{\"@type\":\"WebPage\",\"@id\":\"https:\/\/www.haegergroup.com\/en\/product\/bluetooth-portable-speaker-haeger-cool-boom-29h-battery-life-ipx5-splash-resistance-led-light\/\",\"url\":\"https:\/\/www.haegergroup.com\/en\/product\/bluetooth-portable-speaker-haeger-cool-boom-29h-battery-life-ipx5-splash-resistance-led-light\/\",\"name\":\"Bluetooth Portable Speaker HAEGER Cool Boom - 29H Battery Life, IPX5 - HAEGER Home Appliances\",\"isPartOf\":{\"@id\":\"https:\/\/www.haegergroup.com\/es\/#website\"},\"primaryImageOfPage\":{\"@id\":\"https:\/\/www.haegergroup.com\/en\/product\/bluetooth-portable-speaker-haeger-cool-boom-29h-battery-life-ipx5-splash-resistance-led-light\/#primaryimage\"},\"image\":{\"@id\":\"https:\/\/www.haegergroup.com\/en\/product\/bluetooth-portable-speaker-haeger-cool-boom-29h-battery-life-ipx5-splash-resistance-led-light\/#primaryimage\"},\"thumbnailUrl\":\"https:\/\/www.haegergroup.com\/wp-content\/uploads\/SP-40W.002A_1-2.jpg\",\"datePublished\":\"2024-07-19T16:27:10+00:00\",\"dateModified\":\"2024-07-19T16:40:22+00:00\",\"description\":\"Marca de Pequenos Eletrodom\u00e9sticos para a sua cozinha, cuidados pessoais, casa e climatiza\u00e7\u00e3o. A op\u00e7\u00e3o inteligente para a sua casa.\",\"breadcrumb\":{\"@id\":\"https:\/\/www.haegergroup.com\/en\/product\/bluetooth-portable-speaker-haeger-cool-boom-29h-battery-life-ipx5-splash-resistance-led-light\/#breadcrumb\"},\"inLanguage\":\"en-US\",\"potentialAction\":[{\"@type\":\"ReadAction\",\"target\":[\"https:\/\/www.haegergroup.com\/en\/product\/bluetooth-portable-speaker-haeger-cool-boom-29h-battery-life-ipx5-splash-resistance-led-light\/\"]}]},{\"@type\":\"ImageObject\",\"inLanguage\":\"en-US\",\"@id\":\"https:\/\/www.haegergroup.com\/en\/product\/bluetooth-portable-speaker-haeger-cool-boom-29h-battery-life-ipx5-splash-resistance-led-light\/#primaryimage\",\"url\":\"https:\/\/www.haegergroup.com\/wp-content\/uploads\/SP-40W.002A_1-2.jpg\",\"contentUrl\":\"https:\/\/www.haegergroup.com\/wp-content\/uploads\/SP-40W.002A_1-2.jpg\",\"width\":1200,\"height\":1200},{\"@type\":\"BreadcrumbList\",\"@id\":\"https:\/\/www.haegergroup.com\/en\/product\/bluetooth-portable-speaker-haeger-cool-boom-29h-battery-life-ipx5-splash-resistance-led-light\/#breadcrumb\",\"itemListElement\":[{\"@type\":\"ListItem\",\"position\":1,\"name\":\"Portada\",\"item\":\"https:\/\/www.haegergroup.com\/en\/\"},{\"@type\":\"ListItem\",\"position\":2,\"name\":\"Productos\",\"item\":\"https:\/\/www.haegergroup.com\/es\/tienda\/\"},{\"@type\":\"ListItem\",\"position\":3,\"name\":\"Bluetooth Portable Speaker HAEGER Cool Boom &#8211; 29H Battery Life, IPX5\"}]},{\"@type\":\"WebSite\",\"@id\":\"https:\/\/www.haegergroup.com\/es\/#website\",\"url\":\"https:\/\/www.haegergroup.com\/es\/\",\"name\":\"HAEGER Home Appliances\",\"description\":\"eletrodom\u00e9sticos\",\"publisher\":{\"@id\":\"https:\/\/www.haegergroup.com\/es\/#organization\"},\"potentialAction\":[{\"@type\":\"SearchAction\",\"target\":{\"@type\":\"EntryPoint\",\"urlTemplate\":\"https:\/\/www.haegergroup.com\/es\/?s={search_term_string}\"},\"query-input\":{\"@type\":\"PropertyValueSpecification\",\"valueRequired\":true,\"valueName\":\"search_term_string\"}}],\"inLanguage\":\"en-US\"},{\"@type\":\"Organization\",\"@id\":\"https:\/\/www.haegergroup.com\/es\/#organization\",\"name\":\"Haeger Electrodom\u00e9sticos\",\"url\":\"https:\/\/www.haegergroup.com\/es\/\",\"logo\":{\"@type\":\"ImageObject\",\"inLanguage\":\"en-US\",\"@id\":\"https:\/\/www.haegergroup.com\/es\/#\/schema\/logo\/image\/\",\"url\":\"https:\/\/www.haegergroup.com\/wp-content\/uploads\/2018\/05\/logo-web-220.png\",\"contentUrl\":\"https:\/\/www.haegergroup.com\/wp-content\/uploads\/2018\/05\/logo-web-220.png\",\"width\":220,\"height\":49,\"caption\":\"Haeger Electrodom\u00e9sticos\"},\"image\":{\"@id\":\"https:\/\/www.haegergroup.com\/es\/#\/schema\/logo\/image\/\"}}]}<\/script>\n<!-- \/ Yoast SEO plugin. -->","yoast_head_json":{"title":"Bluetooth Portable Speaker HAEGER Cool Boom - 29H Battery Life, IPX5 - HAEGER Home Appliances","description":"Marca de Pequenos Eletrodom\u00e9sticos para a sua cozinha, cuidados pessoais, casa e climatiza\u00e7\u00e3o. A op\u00e7\u00e3o inteligente para a sua casa.","robots":{"index":"index","follow":"follow","max-snippet":"max-snippet:-1","max-image-preview":"max-image-preview:large","max-video-preview":"max-video-preview:-1"},"canonical":"https:\/\/www.haegergroup.com\/en\/product\/bluetooth-portable-speaker-haeger-cool-boom-29h-battery-life-ipx5-splash-resistance-led-light\/","og_locale":"en_US","og_type":"article","og_title":"Bluetooth Portable Speaker HAEGER Cool Boom - 29H Battery Life, IPX5 - HAEGER Home Appliances","og_description":"Marca de Pequenos Eletrodom\u00e9sticos para a sua cozinha, cuidados pessoais, casa e climatiza\u00e7\u00e3o. A op\u00e7\u00e3o inteligente para a sua casa.","og_url":"https:\/\/www.haegergroup.com\/en\/product\/bluetooth-portable-speaker-haeger-cool-boom-29h-battery-life-ipx5-splash-resistance-led-light\/","og_site_name":"HAEGER Home Appliances","article_modified_time":"2024-07-19T16:40:22+00:00","og_image":[{"width":1200,"height":1200,"url":"https:\/\/www.haegergroup.com\/wp-content\/uploads\/SP-40W.002A_1-2.jpg","type":"image\/jpeg"}],"twitter_card":"summary_large_image","twitter_misc":{"Est. reading time":"1 minute"},"schema":{"@context":"https:\/\/schema.org","@graph":[{"@type":"WebPage","@id":"https:\/\/www.haegergroup.com\/en\/product\/bluetooth-portable-speaker-haeger-cool-boom-29h-battery-life-ipx5-splash-resistance-led-light\/","url":"https:\/\/www.haegergroup.com\/en\/product\/bluetooth-portable-speaker-haeger-cool-boom-29h-battery-life-ipx5-splash-resistance-led-light\/","name":"Bluetooth Portable Speaker HAEGER Cool Boom - 29H Battery Life, IPX5 - HAEGER Home Appliances","isPartOf":{"@id":"https:\/\/www.haegergroup.com\/es\/#website"},"primaryImageOfPage":{"@id":"https:\/\/www.haegergroup.com\/en\/product\/bluetooth-portable-speaker-haeger-cool-boom-29h-battery-life-ipx5-splash-resistance-led-light\/#primaryimage"},"image":{"@id":"https:\/\/www.haegergroup.com\/en\/product\/bluetooth-portable-speaker-haeger-cool-boom-29h-battery-life-ipx5-splash-resistance-led-light\/#primaryimage"},"thumbnailUrl":"https:\/\/www.haegergroup.com\/wp-content\/uploads\/SP-40W.002A_1-2.jpg","datePublished":"2024-07-19T16:27:10+00:00","dateModified":"2024-07-19T16:40:22+00:00","description":"Marca de Pequenos Eletrodom\u00e9sticos para a sua cozinha, cuidados pessoais, casa e climatiza\u00e7\u00e3o. A op\u00e7\u00e3o inteligente para a sua casa.","breadcrumb":{"@id":"https:\/\/www.haegergroup.com\/en\/product\/bluetooth-portable-speaker-haeger-cool-boom-29h-battery-life-ipx5-splash-resistance-led-light\/#breadcrumb"},"inLanguage":"en-US","potentialAction":[{"@type":"ReadAction","target":["https:\/\/www.haegergroup.com\/en\/product\/bluetooth-portable-speaker-haeger-cool-boom-29h-battery-life-ipx5-splash-resistance-led-light\/"]}]},{"@type":"ImageObject","inLanguage":"en-US","@id":"https:\/\/www.haegergroup.com\/en\/product\/bluetooth-portable-speaker-haeger-cool-boom-29h-battery-life-ipx5-splash-resistance-led-light\/#primaryimage","url":"https:\/\/www.haegergroup.com\/wp-content\/uploads\/SP-40W.002A_1-2.jpg","contentUrl":"https:\/\/www.haegergroup.com\/wp-content\/uploads\/SP-40W.002A_1-2.jpg","width":1200,"height":1200},{"@type":"BreadcrumbList","@id":"https:\/\/www.haegergroup.com\/en\/product\/bluetooth-portable-speaker-haeger-cool-boom-29h-battery-life-ipx5-splash-resistance-led-light\/#breadcrumb","itemListElement":[{"@type":"ListItem","position":1,"name":"Portada","item":"https:\/\/www.haegergroup.com\/en\/"},{"@type":"ListItem","position":2,"name":"Productos","item":"https:\/\/www.haegergroup.com\/es\/tienda\/"},{"@type":"ListItem","position":3,"name":"Bluetooth Portable Speaker HAEGER Cool Boom &#8211; 29H Battery Life, IPX5"}]},{"@type":"WebSite","@id":"https:\/\/www.haegergroup.com\/es\/#website","url":"https:\/\/www.haegergroup.com\/es\/","name":"HAEGER Home Appliances","description":"eletrodom\u00e9sticos","publisher":{"@id":"https:\/\/www.haegergroup.com\/es\/#organization"},"potentialAction":[{"@type":"SearchAction","target":{"@type":"EntryPoint","urlTemplate":"https:\/\/www.haegergroup.com\/es\/?s={search_term_string}"},"query-input":{"@type":"PropertyValueSpecification","valueRequired":true,"valueName":"search_term_string"}}],"inLanguage":"en-US"},{"@type":"Organization","@id":"https:\/\/www.haegergroup.com\/es\/#organization","name":"Haeger Electrodom\u00e9sticos","url":"https:\/\/www.haegergroup.com\/es\/","logo":{"@type":"ImageObject","inLanguage":"en-US","@id":"https:\/\/www.haegergroup.com\/es\/#\/schema\/logo\/image\/","url":"https:\/\/www.haegergroup.com\/wp-content\/uploads\/2018\/05\/logo-web-220.png","contentUrl":"https:\/\/www.haegergroup.com\/wp-content\/uploads\/2018\/05\/logo-web-220.png","width":220,"height":49,"caption":"Haeger Electrodom\u00e9sticos"},"image":{"@id":"https:\/\/www.haegergroup.com\/es\/#\/schema\/logo\/image\/"}}]}},"_links":{"self":[{"href":"https:\/\/www.haegergroup.com\/en\/wp-json\/wp\/v2\/product\/36449","targetHints":{"allow":["GET"]}}],"collection":[{"href":"https:\/\/www.haegergroup.com\/en\/wp-json\/wp\/v2\/product"}],"about":[{"href":"https:\/\/www.haegergroup.com\/en\/wp-json\/wp\/v2\/types\/product"}],"wp:featuredmedia":[{"embeddable":true,"href":"https:\/\/www.haegergroup.com\/en\/wp-json\/wp\/v2\/media\/36426"}],"wp:attachment":[{"href":"https:\/\/www.haegergroup.com\/en\/wp-json\/wp\/v2\/media?parent=36449"}],"wp:term":[{"taxonomy":"product_cat","embeddable":true,"href":"https:\/\/www.haegergroup.com\/en\/wp-json\/wp\/v2\/product_cat?post=36449"},{"taxonomy":"product_tag","embeddable":true,"href":"https:\/\/www.haegergroup.com\/en\/wp-json\/wp\/v2\/product_tag?post=36449"}],"curies":[{"name":"wp","href":"https:\/\/api.w.org\/{rel}","templated":true}]}}