{"id":36423,"date":"2024-07-05T16:44:28","date_gmt":"2024-07-05T15:57:50","guid":{"rendered":"https:\/\/www.haegergroup.com\/?post_type=product&#038;p=36423"},"modified":"2024-07-05T16:57:51","modified_gmt":"2024-07-05T15:57:51","slug":"portable-bluetooth-speaker-haeger-super-boom-24h-battery-life","status":"publish","type":"product","link":"https:\/\/www.haegergroup.com\/en\/product\/portable-bluetooth-speaker-haeger-super-boom-24h-battery-life\/","title":{"rendered":"Portable Bluetooth Speaker HAEGER Super Boom &#8211; 24h Battery Life"},"content":{"rendered":"<p>Take the party anywhere with the HAEGER Super Boom Bluetooth Speaker!<\/p>\n<p>Enjoy the freedom of sound anywhere with the HAEGER Super Boom portable Bluetooth speaker. Equipped with two 3.5&#8243; (8.9 cm) speakers and 20W each, this speaker delivers powerful, clear sound that can fill any room. IPX5 splash resistance allows you to take your music to the beach, pool or any outdoor activity without any worries.<\/p>\n<p>The TWS (True Wireless Stereo) function lets you connect two speakers for a truly immersive stereo sound experience. Add to that the BASS BOOST function for deeper, more powerful bass, and you have a complete sound experience.<\/p>\n<p>With four playback modes &#8211; Bluetooth, USB memory stick, TF card and AUX input &#8211; the HAEGER Super Boom offers versatility and convenience. The Full Colours RGB lighting not only enhances the visual experience but also creates the perfect atmosphere for any occasion. And with a 7.4V &#8211; 4000mAh battery, you can enjoy hours of uninterrupted music.<\/p>\n","protected":false},"excerpt":{"rendered":"<h2>Portable Bluetooth Speaker<br \/>\nModel: SP-40W.001A<\/h2>\n<ul>\n<li>24 hours battery life<\/li>\n<li>Bluetooth speaker (3.5&#8243; &#8211; 2x 20W)<\/li>\n<li>Powerful, crystal-clear sound &gt;80dB<\/li>\n<li>IPX5 splashproof, perfect for the beach, pool, boat and other outdoor activities<\/li>\n<li>3.5&#8243; (8.9cm) speakers<\/li>\n<li>Full-colour lighting<\/li>\n<li>TWS function, allows true wireless playback with doubly enhanced stereo sound<\/li>\n<li>BASS BOOST function<\/li>\n<li>4 playback modes: Bluetooth, USB Pen Drive, TF Card and AUX Input<\/li>\n<li>Frequency range: 80Hz &#8211; 12KHz<\/li>\n<li>7.4V &#8211; 4000mAh battery<\/li>\n<li>Dimensions: 37 cm x 12.5 cm x 13.5 cm<\/li>\n<\/ul>\n","protected":false},"featured_media":36407,"template":"","meta":[],"product_cat":[336,335,781],"product_tag":[],"class_list":{"0":"post-36423","1":"product","2":"type-product","3":"status-publish","4":"has-post-thumbnail","6":"product_cat-audio-en","7":"product_cat-audio-tv-telecom-en","8":"product_cat-bluetooth-speakers","10":"first","11":"instock","12":"shipping-taxable","13":"product-type-simple"},"yoast_head":"<!-- This site is optimized with the Yoast SEO plugin v24.1 - https:\/\/yoast.com\/wordpress\/plugins\/seo\/ -->\n<title>Portable Bluetooth Speaker HAEGER Super Boom - 24h Battery Life - HAEGER Home Appliances<\/title>\n<meta name=\"description\" content=\"Marca de Pequenos Eletrodom\u00e9sticos para a sua cozinha, cuidados pessoais, casa e climatiza\u00e7\u00e3o. A op\u00e7\u00e3o inteligente para a sua casa.\" \/>\n<meta name=\"robots\" content=\"index, follow, max-snippet:-1, max-image-preview:large, max-video-preview:-1\" \/>\n<link rel=\"canonical\" href=\"https:\/\/www.haegergroup.com\/en\/product\/portable-bluetooth-speaker-haeger-super-boom-24h-battery-life\/\" \/>\n<meta property=\"og:locale\" content=\"en_US\" \/>\n<meta property=\"og:type\" content=\"article\" \/>\n<meta property=\"og:title\" content=\"Portable Bluetooth Speaker HAEGER Super Boom - 24h Battery Life - HAEGER Home Appliances\" \/>\n<meta property=\"og:description\" content=\"Marca de Pequenos Eletrodom\u00e9sticos para a sua cozinha, cuidados pessoais, casa e climatiza\u00e7\u00e3o. A op\u00e7\u00e3o inteligente para a sua casa.\" \/>\n<meta property=\"og:url\" content=\"https:\/\/www.haegergroup.com\/en\/product\/portable-bluetooth-speaker-haeger-super-boom-24h-battery-life\/\" \/>\n<meta property=\"og:site_name\" content=\"HAEGER Home Appliances\" \/>\n<meta property=\"article:modified_time\" content=\"2024-07-05T15:57:51+00:00\" \/>\n<meta property=\"og:image\" content=\"https:\/\/www.haegergroup.com\/wp-content\/uploads\/SP-40W.001A_1-1.png\" \/>\n\t<meta property=\"og:image:width\" content=\"1200\" \/>\n\t<meta property=\"og:image:height\" content=\"1200\" \/>\n\t<meta property=\"og:image:type\" content=\"image\/png\" \/>\n<meta name=\"twitter:card\" content=\"summary_large_image\" \/>\n<meta name=\"twitter:label1\" content=\"Est. reading time\" \/>\n\t<meta name=\"twitter:data1\" content=\"1 minute\" \/>\n<script type=\"application\/ld+json\" class=\"yoast-schema-graph\">{\"@context\":\"https:\/\/schema.org\",\"@graph\":[{\"@type\":\"WebPage\",\"@id\":\"https:\/\/www.haegergroup.com\/en\/product\/portable-bluetooth-speaker-haeger-super-boom-24h-battery-life\/\",\"url\":\"https:\/\/www.haegergroup.com\/en\/product\/portable-bluetooth-speaker-haeger-super-boom-24h-battery-life\/\",\"name\":\"Portable Bluetooth Speaker HAEGER Super Boom - 24h Battery Life - HAEGER Home Appliances\",\"isPartOf\":{\"@id\":\"https:\/\/www.haegergroup.com\/es\/#website\"},\"primaryImageOfPage\":{\"@id\":\"https:\/\/www.haegergroup.com\/en\/product\/portable-bluetooth-speaker-haeger-super-boom-24h-battery-life\/#primaryimage\"},\"image\":{\"@id\":\"https:\/\/www.haegergroup.com\/en\/product\/portable-bluetooth-speaker-haeger-super-boom-24h-battery-life\/#primaryimage\"},\"thumbnailUrl\":\"https:\/\/www.haegergroup.com\/wp-content\/uploads\/SP-40W.001A_1-1.png\",\"datePublished\":\"2024-07-05T15:57:50+00:00\",\"dateModified\":\"2024-07-05T15:57:51+00:00\",\"description\":\"Marca de Pequenos Eletrodom\u00e9sticos para a sua cozinha, cuidados pessoais, casa e climatiza\u00e7\u00e3o. A op\u00e7\u00e3o inteligente para a sua casa.\",\"breadcrumb\":{\"@id\":\"https:\/\/www.haegergroup.com\/en\/product\/portable-bluetooth-speaker-haeger-super-boom-24h-battery-life\/#breadcrumb\"},\"inLanguage\":\"en-US\",\"potentialAction\":[{\"@type\":\"ReadAction\",\"target\":[\"https:\/\/www.haegergroup.com\/en\/product\/portable-bluetooth-speaker-haeger-super-boom-24h-battery-life\/\"]}]},{\"@type\":\"ImageObject\",\"inLanguage\":\"en-US\",\"@id\":\"https:\/\/www.haegergroup.com\/en\/product\/portable-bluetooth-speaker-haeger-super-boom-24h-battery-life\/#primaryimage\",\"url\":\"https:\/\/www.haegergroup.com\/wp-content\/uploads\/SP-40W.001A_1-1.png\",\"contentUrl\":\"https:\/\/www.haegergroup.com\/wp-content\/uploads\/SP-40W.001A_1-1.png\",\"width\":1200,\"height\":1200},{\"@type\":\"BreadcrumbList\",\"@id\":\"https:\/\/www.haegergroup.com\/en\/product\/portable-bluetooth-speaker-haeger-super-boom-24h-battery-life\/#breadcrumb\",\"itemListElement\":[{\"@type\":\"ListItem\",\"position\":1,\"name\":\"Portada\",\"item\":\"https:\/\/www.haegergroup.com\/en\/\"},{\"@type\":\"ListItem\",\"position\":2,\"name\":\"Productos\",\"item\":\"https:\/\/www.haegergroup.com\/es\/tienda\/\"},{\"@type\":\"ListItem\",\"position\":3,\"name\":\"Portable Bluetooth Speaker HAEGER Super Boom &#8211; 24h Battery Life\"}]},{\"@type\":\"WebSite\",\"@id\":\"https:\/\/www.haegergroup.com\/es\/#website\",\"url\":\"https:\/\/www.haegergroup.com\/es\/\",\"name\":\"HAEGER Home Appliances\",\"description\":\"eletrodom\u00e9sticos\",\"publisher\":{\"@id\":\"https:\/\/www.haegergroup.com\/es\/#organization\"},\"potentialAction\":[{\"@type\":\"SearchAction\",\"target\":{\"@type\":\"EntryPoint\",\"urlTemplate\":\"https:\/\/www.haegergroup.com\/es\/?s={search_term_string}\"},\"query-input\":{\"@type\":\"PropertyValueSpecification\",\"valueRequired\":true,\"valueName\":\"search_term_string\"}}],\"inLanguage\":\"en-US\"},{\"@type\":\"Organization\",\"@id\":\"https:\/\/www.haegergroup.com\/es\/#organization\",\"name\":\"Haeger Electrodom\u00e9sticos\",\"url\":\"https:\/\/www.haegergroup.com\/es\/\",\"logo\":{\"@type\":\"ImageObject\",\"inLanguage\":\"en-US\",\"@id\":\"https:\/\/www.haegergroup.com\/es\/#\/schema\/logo\/image\/\",\"url\":\"https:\/\/www.haegergroup.com\/wp-content\/uploads\/2018\/05\/logo-web-220.png\",\"contentUrl\":\"https:\/\/www.haegergroup.com\/wp-content\/uploads\/2018\/05\/logo-web-220.png\",\"width\":220,\"height\":49,\"caption\":\"Haeger Electrodom\u00e9sticos\"},\"image\":{\"@id\":\"https:\/\/www.haegergroup.com\/es\/#\/schema\/logo\/image\/\"}}]}<\/script>\n<!-- \/ Yoast SEO plugin. -->","yoast_head_json":{"title":"Portable Bluetooth Speaker HAEGER Super Boom - 24h Battery Life - HAEGER Home Appliances","description":"Marca de Pequenos Eletrodom\u00e9sticos para a sua cozinha, cuidados pessoais, casa e climatiza\u00e7\u00e3o. A op\u00e7\u00e3o inteligente para a sua casa.","robots":{"index":"index","follow":"follow","max-snippet":"max-snippet:-1","max-image-preview":"max-image-preview:large","max-video-preview":"max-video-preview:-1"},"canonical":"https:\/\/www.haegergroup.com\/en\/product\/portable-bluetooth-speaker-haeger-super-boom-24h-battery-life\/","og_locale":"en_US","og_type":"article","og_title":"Portable Bluetooth Speaker HAEGER Super Boom - 24h Battery Life - HAEGER Home Appliances","og_description":"Marca de Pequenos Eletrodom\u00e9sticos para a sua cozinha, cuidados pessoais, casa e climatiza\u00e7\u00e3o. A op\u00e7\u00e3o inteligente para a sua casa.","og_url":"https:\/\/www.haegergroup.com\/en\/product\/portable-bluetooth-speaker-haeger-super-boom-24h-battery-life\/","og_site_name":"HAEGER Home Appliances","article_modified_time":"2024-07-05T15:57:51+00:00","og_image":[{"width":1200,"height":1200,"url":"https:\/\/www.haegergroup.com\/wp-content\/uploads\/SP-40W.001A_1-1.png","type":"image\/png"}],"twitter_card":"summary_large_image","twitter_misc":{"Est. reading time":"1 minute"},"schema":{"@context":"https:\/\/schema.org","@graph":[{"@type":"WebPage","@id":"https:\/\/www.haegergroup.com\/en\/product\/portable-bluetooth-speaker-haeger-super-boom-24h-battery-life\/","url":"https:\/\/www.haegergroup.com\/en\/product\/portable-bluetooth-speaker-haeger-super-boom-24h-battery-life\/","name":"Portable Bluetooth Speaker HAEGER Super Boom - 24h Battery Life - HAEGER Home Appliances","isPartOf":{"@id":"https:\/\/www.haegergroup.com\/es\/#website"},"primaryImageOfPage":{"@id":"https:\/\/www.haegergroup.com\/en\/product\/portable-bluetooth-speaker-haeger-super-boom-24h-battery-life\/#primaryimage"},"image":{"@id":"https:\/\/www.haegergroup.com\/en\/product\/portable-bluetooth-speaker-haeger-super-boom-24h-battery-life\/#primaryimage"},"thumbnailUrl":"https:\/\/www.haegergroup.com\/wp-content\/uploads\/SP-40W.001A_1-1.png","datePublished":"2024-07-05T15:57:50+00:00","dateModified":"2024-07-05T15:57:51+00:00","description":"Marca de Pequenos Eletrodom\u00e9sticos para a sua cozinha, cuidados pessoais, casa e climatiza\u00e7\u00e3o. A op\u00e7\u00e3o inteligente para a sua casa.","breadcrumb":{"@id":"https:\/\/www.haegergroup.com\/en\/product\/portable-bluetooth-speaker-haeger-super-boom-24h-battery-life\/#breadcrumb"},"inLanguage":"en-US","potentialAction":[{"@type":"ReadAction","target":["https:\/\/www.haegergroup.com\/en\/product\/portable-bluetooth-speaker-haeger-super-boom-24h-battery-life\/"]}]},{"@type":"ImageObject","inLanguage":"en-US","@id":"https:\/\/www.haegergroup.com\/en\/product\/portable-bluetooth-speaker-haeger-super-boom-24h-battery-life\/#primaryimage","url":"https:\/\/www.haegergroup.com\/wp-content\/uploads\/SP-40W.001A_1-1.png","contentUrl":"https:\/\/www.haegergroup.com\/wp-content\/uploads\/SP-40W.001A_1-1.png","width":1200,"height":1200},{"@type":"BreadcrumbList","@id":"https:\/\/www.haegergroup.com\/en\/product\/portable-bluetooth-speaker-haeger-super-boom-24h-battery-life\/#breadcrumb","itemListElement":[{"@type":"ListItem","position":1,"name":"Portada","item":"https:\/\/www.haegergroup.com\/en\/"},{"@type":"ListItem","position":2,"name":"Productos","item":"https:\/\/www.haegergroup.com\/es\/tienda\/"},{"@type":"ListItem","position":3,"name":"Portable Bluetooth Speaker HAEGER Super Boom &#8211; 24h Battery Life"}]},{"@type":"WebSite","@id":"https:\/\/www.haegergroup.com\/es\/#website","url":"https:\/\/www.haegergroup.com\/es\/","name":"HAEGER Home Appliances","description":"eletrodom\u00e9sticos","publisher":{"@id":"https:\/\/www.haegergroup.com\/es\/#organization"},"potentialAction":[{"@type":"SearchAction","target":{"@type":"EntryPoint","urlTemplate":"https:\/\/www.haegergroup.com\/es\/?s={search_term_string}"},"query-input":{"@type":"PropertyValueSpecification","valueRequired":true,"valueName":"search_term_string"}}],"inLanguage":"en-US"},{"@type":"Organization","@id":"https:\/\/www.haegergroup.com\/es\/#organization","name":"Haeger Electrodom\u00e9sticos","url":"https:\/\/www.haegergroup.com\/es\/","logo":{"@type":"ImageObject","inLanguage":"en-US","@id":"https:\/\/www.haegergroup.com\/es\/#\/schema\/logo\/image\/","url":"https:\/\/www.haegergroup.com\/wp-content\/uploads\/2018\/05\/logo-web-220.png","contentUrl":"https:\/\/www.haegergroup.com\/wp-content\/uploads\/2018\/05\/logo-web-220.png","width":220,"height":49,"caption":"Haeger Electrodom\u00e9sticos"},"image":{"@id":"https:\/\/www.haegergroup.com\/es\/#\/schema\/logo\/image\/"}}]}},"_links":{"self":[{"href":"https:\/\/www.haegergroup.com\/en\/wp-json\/wp\/v2\/product\/36423","targetHints":{"allow":["GET"]}}],"collection":[{"href":"https:\/\/www.haegergroup.com\/en\/wp-json\/wp\/v2\/product"}],"about":[{"href":"https:\/\/www.haegergroup.com\/en\/wp-json\/wp\/v2\/types\/product"}],"wp:featuredmedia":[{"embeddable":true,"href":"https:\/\/www.haegergroup.com\/en\/wp-json\/wp\/v2\/media\/36407"}],"wp:attachment":[{"href":"https:\/\/www.haegergroup.com\/en\/wp-json\/wp\/v2\/media?parent=36423"}],"wp:term":[{"taxonomy":"product_cat","embeddable":true,"href":"https:\/\/www.haegergroup.com\/en\/wp-json\/wp\/v2\/product_cat?post=36423"},{"taxonomy":"product_tag","embeddable":true,"href":"https:\/\/www.haegergroup.com\/en\/wp-json\/wp\/v2\/product_tag?post=36423"}],"curies":[{"name":"wp","href":"https:\/\/api.w.org\/{rel}","templated":true}]}}