{"id":36400,"date":"2024-07-02T18:01:10","date_gmt":"2024-07-04T15:21:29","guid":{"rendered":"https:\/\/www.haegergroup.com\/?post_type=product&#038;p=36400"},"modified":"2024-07-04T16:23:56","modified_gmt":"2024-07-04T15:23:56","slug":"expresso-coffee-machine-haeger-super-expresso-20-bar-850w","status":"publish","type":"product","link":"https:\/\/www.haegergroup.com\/en\/product\/expresso-coffee-machine-haeger-super-expresso-20-bar-850w\/","title":{"rendered":"Expresso Coffee Machine HAEGER Super Expresso &#8211; 20 Bar, 850W"},"content":{"rendered":"<p>The HAEGER Super Expresso coffee machine is designed to offer a superior coffee experience. Equipped with a powerful 20 Bar ULKA Italian Pump, it extracts the best flavour and aroma from each coffee bean, guaranteeing a full-bodied espresso full of flavour. The water tank, with a capacity of 1.60 litres, allows you to prepare several cups before needing to refill, making it ideal for home or small office use.<\/p>\n<p>The three switches with indicator lights make it easy to use, clearly showing when the machine is ready to operate. The foam nozzle and tray are detachable, making cleaning and maintenance easier. The sturdy stainless steel top not only provides durability, but also serves as a cup warmer, keeping your coffee at the ideal temperature for longer. The machine comes with accessories for preparing both coffe Pod and ground coffee, giving you flexibility in your choices.<\/p>\n","protected":false},"excerpt":{"rendered":"<h2>Espresso Coffee Machine<br \/>\nModel: CM-85B.011A<\/h2>\n<ul>\n<li>20 bar ULKA Italian pump.<\/li>\n<li>1.60 litre water tank.<\/li>\n<li>Safety valve.<\/li>\n<li>Sturdy stainless steel top for heating the cups.<\/li>\n<li>Detachable foam nozzle and tray.<\/li>\n<li>3 switches with indicator lights.<\/li>\n<li>Accessories for Ground Coffe and Coffe Pod<\/li>\n<li>Power 850 W<\/li>\n<\/ul>\n","protected":false},"featured_media":36396,"template":"","meta":[],"product_cat":[382,383],"product_tag":[],"class_list":{"0":"post-36400","1":"product","2":"type-product","3":"status-publish","4":"has-post-thumbnail","6":"product_cat-breakfast","7":"product_cat-coffee","9":"first","10":"instock","11":"shipping-taxable","12":"product-type-simple"},"yoast_head":"<!-- This site is optimized with the Yoast SEO plugin v24.1 - https:\/\/yoast.com\/wordpress\/plugins\/seo\/ -->\n<title>Expresso Coffee Machine HAEGER Super Expresso - 20 Bar, 850W - HAEGER Home Appliances<\/title>\n<meta name=\"description\" content=\"Marca de Pequenos Eletrodom\u00e9sticos para a sua cozinha, cuidados pessoais, casa e climatiza\u00e7\u00e3o. A op\u00e7\u00e3o inteligente para a sua casa.\" \/>\n<meta name=\"robots\" content=\"index, follow, max-snippet:-1, max-image-preview:large, max-video-preview:-1\" \/>\n<link rel=\"canonical\" href=\"https:\/\/www.haegergroup.com\/en\/product\/expresso-coffee-machine-haeger-super-expresso-20-bar-850w\/\" \/>\n<meta property=\"og:locale\" content=\"en_US\" \/>\n<meta property=\"og:type\" content=\"article\" \/>\n<meta property=\"og:title\" content=\"Expresso Coffee Machine HAEGER Super Expresso - 20 Bar, 850W - HAEGER Home Appliances\" \/>\n<meta property=\"og:description\" content=\"Marca de Pequenos Eletrodom\u00e9sticos para a sua cozinha, cuidados pessoais, casa e climatiza\u00e7\u00e3o. A op\u00e7\u00e3o inteligente para a sua casa.\" \/>\n<meta property=\"og:url\" content=\"https:\/\/www.haegergroup.com\/en\/product\/expresso-coffee-machine-haeger-super-expresso-20-bar-850w\/\" \/>\n<meta property=\"og:site_name\" content=\"HAEGER Home Appliances\" \/>\n<meta property=\"article:modified_time\" content=\"2024-07-04T15:23:56+00:00\" \/>\n<meta property=\"og:image\" content=\"https:\/\/www.haegergroup.com\/wp-content\/uploads\/CM-85B.011A_1-1.png\" \/>\n\t<meta property=\"og:image:width\" content=\"1200\" \/>\n\t<meta property=\"og:image:height\" content=\"1200\" \/>\n\t<meta property=\"og:image:type\" content=\"image\/png\" \/>\n<meta name=\"twitter:card\" content=\"summary_large_image\" \/>\n<meta name=\"twitter:label1\" content=\"Est. reading time\" \/>\n\t<meta name=\"twitter:data1\" content=\"1 minute\" \/>\n<script type=\"application\/ld+json\" class=\"yoast-schema-graph\">{\"@context\":\"https:\/\/schema.org\",\"@graph\":[{\"@type\":\"WebPage\",\"@id\":\"https:\/\/www.haegergroup.com\/en\/product\/expresso-coffee-machine-haeger-super-expresso-20-bar-850w\/\",\"url\":\"https:\/\/www.haegergroup.com\/en\/product\/expresso-coffee-machine-haeger-super-expresso-20-bar-850w\/\",\"name\":\"Expresso Coffee Machine HAEGER Super Expresso - 20 Bar, 850W - HAEGER Home Appliances\",\"isPartOf\":{\"@id\":\"https:\/\/www.haegergroup.com\/es\/#website\"},\"primaryImageOfPage\":{\"@id\":\"https:\/\/www.haegergroup.com\/en\/product\/expresso-coffee-machine-haeger-super-expresso-20-bar-850w\/#primaryimage\"},\"image\":{\"@id\":\"https:\/\/www.haegergroup.com\/en\/product\/expresso-coffee-machine-haeger-super-expresso-20-bar-850w\/#primaryimage\"},\"thumbnailUrl\":\"https:\/\/www.haegergroup.com\/wp-content\/uploads\/CM-85B.011A_1-1.png\",\"datePublished\":\"2024-07-04T15:21:29+00:00\",\"dateModified\":\"2024-07-04T15:23:56+00:00\",\"description\":\"Marca de Pequenos Eletrodom\u00e9sticos para a sua cozinha, cuidados pessoais, casa e climatiza\u00e7\u00e3o. A op\u00e7\u00e3o inteligente para a sua casa.\",\"breadcrumb\":{\"@id\":\"https:\/\/www.haegergroup.com\/en\/product\/expresso-coffee-machine-haeger-super-expresso-20-bar-850w\/#breadcrumb\"},\"inLanguage\":\"en-US\",\"potentialAction\":[{\"@type\":\"ReadAction\",\"target\":[\"https:\/\/www.haegergroup.com\/en\/product\/expresso-coffee-machine-haeger-super-expresso-20-bar-850w\/\"]}]},{\"@type\":\"ImageObject\",\"inLanguage\":\"en-US\",\"@id\":\"https:\/\/www.haegergroup.com\/en\/product\/expresso-coffee-machine-haeger-super-expresso-20-bar-850w\/#primaryimage\",\"url\":\"https:\/\/www.haegergroup.com\/wp-content\/uploads\/CM-85B.011A_1-1.png\",\"contentUrl\":\"https:\/\/www.haegergroup.com\/wp-content\/uploads\/CM-85B.011A_1-1.png\",\"width\":1200,\"height\":1200},{\"@type\":\"BreadcrumbList\",\"@id\":\"https:\/\/www.haegergroup.com\/en\/product\/expresso-coffee-machine-haeger-super-expresso-20-bar-850w\/#breadcrumb\",\"itemListElement\":[{\"@type\":\"ListItem\",\"position\":1,\"name\":\"Portada\",\"item\":\"https:\/\/www.haegergroup.com\/en\/\"},{\"@type\":\"ListItem\",\"position\":2,\"name\":\"Productos\",\"item\":\"https:\/\/www.haegergroup.com\/es\/tienda\/\"},{\"@type\":\"ListItem\",\"position\":3,\"name\":\"Expresso Coffee Machine HAEGER Super Expresso &#8211; 20 Bar, 850W\"}]},{\"@type\":\"WebSite\",\"@id\":\"https:\/\/www.haegergroup.com\/es\/#website\",\"url\":\"https:\/\/www.haegergroup.com\/es\/\",\"name\":\"HAEGER Home Appliances\",\"description\":\"eletrodom\u00e9sticos\",\"publisher\":{\"@id\":\"https:\/\/www.haegergroup.com\/es\/#organization\"},\"potentialAction\":[{\"@type\":\"SearchAction\",\"target\":{\"@type\":\"EntryPoint\",\"urlTemplate\":\"https:\/\/www.haegergroup.com\/es\/?s={search_term_string}\"},\"query-input\":{\"@type\":\"PropertyValueSpecification\",\"valueRequired\":true,\"valueName\":\"search_term_string\"}}],\"inLanguage\":\"en-US\"},{\"@type\":\"Organization\",\"@id\":\"https:\/\/www.haegergroup.com\/es\/#organization\",\"name\":\"Haeger Electrodom\u00e9sticos\",\"url\":\"https:\/\/www.haegergroup.com\/es\/\",\"logo\":{\"@type\":\"ImageObject\",\"inLanguage\":\"en-US\",\"@id\":\"https:\/\/www.haegergroup.com\/es\/#\/schema\/logo\/image\/\",\"url\":\"https:\/\/www.haegergroup.com\/wp-content\/uploads\/2018\/05\/logo-web-220.png\",\"contentUrl\":\"https:\/\/www.haegergroup.com\/wp-content\/uploads\/2018\/05\/logo-web-220.png\",\"width\":220,\"height\":49,\"caption\":\"Haeger Electrodom\u00e9sticos\"},\"image\":{\"@id\":\"https:\/\/www.haegergroup.com\/es\/#\/schema\/logo\/image\/\"}}]}<\/script>\n<!-- \/ Yoast SEO plugin. -->","yoast_head_json":{"title":"Expresso Coffee Machine HAEGER Super Expresso - 20 Bar, 850W - HAEGER Home Appliances","description":"Marca de Pequenos Eletrodom\u00e9sticos para a sua cozinha, cuidados pessoais, casa e climatiza\u00e7\u00e3o. A op\u00e7\u00e3o inteligente para a sua casa.","robots":{"index":"index","follow":"follow","max-snippet":"max-snippet:-1","max-image-preview":"max-image-preview:large","max-video-preview":"max-video-preview:-1"},"canonical":"https:\/\/www.haegergroup.com\/en\/product\/expresso-coffee-machine-haeger-super-expresso-20-bar-850w\/","og_locale":"en_US","og_type":"article","og_title":"Expresso Coffee Machine HAEGER Super Expresso - 20 Bar, 850W - HAEGER Home Appliances","og_description":"Marca de Pequenos Eletrodom\u00e9sticos para a sua cozinha, cuidados pessoais, casa e climatiza\u00e7\u00e3o. A op\u00e7\u00e3o inteligente para a sua casa.","og_url":"https:\/\/www.haegergroup.com\/en\/product\/expresso-coffee-machine-haeger-super-expresso-20-bar-850w\/","og_site_name":"HAEGER Home Appliances","article_modified_time":"2024-07-04T15:23:56+00:00","og_image":[{"width":1200,"height":1200,"url":"https:\/\/www.haegergroup.com\/wp-content\/uploads\/CM-85B.011A_1-1.png","type":"image\/png"}],"twitter_card":"summary_large_image","twitter_misc":{"Est. reading time":"1 minute"},"schema":{"@context":"https:\/\/schema.org","@graph":[{"@type":"WebPage","@id":"https:\/\/www.haegergroup.com\/en\/product\/expresso-coffee-machine-haeger-super-expresso-20-bar-850w\/","url":"https:\/\/www.haegergroup.com\/en\/product\/expresso-coffee-machine-haeger-super-expresso-20-bar-850w\/","name":"Expresso Coffee Machine HAEGER Super Expresso - 20 Bar, 850W - HAEGER Home Appliances","isPartOf":{"@id":"https:\/\/www.haegergroup.com\/es\/#website"},"primaryImageOfPage":{"@id":"https:\/\/www.haegergroup.com\/en\/product\/expresso-coffee-machine-haeger-super-expresso-20-bar-850w\/#primaryimage"},"image":{"@id":"https:\/\/www.haegergroup.com\/en\/product\/expresso-coffee-machine-haeger-super-expresso-20-bar-850w\/#primaryimage"},"thumbnailUrl":"https:\/\/www.haegergroup.com\/wp-content\/uploads\/CM-85B.011A_1-1.png","datePublished":"2024-07-04T15:21:29+00:00","dateModified":"2024-07-04T15:23:56+00:00","description":"Marca de Pequenos Eletrodom\u00e9sticos para a sua cozinha, cuidados pessoais, casa e climatiza\u00e7\u00e3o. A op\u00e7\u00e3o inteligente para a sua casa.","breadcrumb":{"@id":"https:\/\/www.haegergroup.com\/en\/product\/expresso-coffee-machine-haeger-super-expresso-20-bar-850w\/#breadcrumb"},"inLanguage":"en-US","potentialAction":[{"@type":"ReadAction","target":["https:\/\/www.haegergroup.com\/en\/product\/expresso-coffee-machine-haeger-super-expresso-20-bar-850w\/"]}]},{"@type":"ImageObject","inLanguage":"en-US","@id":"https:\/\/www.haegergroup.com\/en\/product\/expresso-coffee-machine-haeger-super-expresso-20-bar-850w\/#primaryimage","url":"https:\/\/www.haegergroup.com\/wp-content\/uploads\/CM-85B.011A_1-1.png","contentUrl":"https:\/\/www.haegergroup.com\/wp-content\/uploads\/CM-85B.011A_1-1.png","width":1200,"height":1200},{"@type":"BreadcrumbList","@id":"https:\/\/www.haegergroup.com\/en\/product\/expresso-coffee-machine-haeger-super-expresso-20-bar-850w\/#breadcrumb","itemListElement":[{"@type":"ListItem","position":1,"name":"Portada","item":"https:\/\/www.haegergroup.com\/en\/"},{"@type":"ListItem","position":2,"name":"Productos","item":"https:\/\/www.haegergroup.com\/es\/tienda\/"},{"@type":"ListItem","position":3,"name":"Expresso Coffee Machine HAEGER Super Expresso &#8211; 20 Bar, 850W"}]},{"@type":"WebSite","@id":"https:\/\/www.haegergroup.com\/es\/#website","url":"https:\/\/www.haegergroup.com\/es\/","name":"HAEGER Home Appliances","description":"eletrodom\u00e9sticos","publisher":{"@id":"https:\/\/www.haegergroup.com\/es\/#organization"},"potentialAction":[{"@type":"SearchAction","target":{"@type":"EntryPoint","urlTemplate":"https:\/\/www.haegergroup.com\/es\/?s={search_term_string}"},"query-input":{"@type":"PropertyValueSpecification","valueRequired":true,"valueName":"search_term_string"}}],"inLanguage":"en-US"},{"@type":"Organization","@id":"https:\/\/www.haegergroup.com\/es\/#organization","name":"Haeger Electrodom\u00e9sticos","url":"https:\/\/www.haegergroup.com\/es\/","logo":{"@type":"ImageObject","inLanguage":"en-US","@id":"https:\/\/www.haegergroup.com\/es\/#\/schema\/logo\/image\/","url":"https:\/\/www.haegergroup.com\/wp-content\/uploads\/2018\/05\/logo-web-220.png","contentUrl":"https:\/\/www.haegergroup.com\/wp-content\/uploads\/2018\/05\/logo-web-220.png","width":220,"height":49,"caption":"Haeger Electrodom\u00e9sticos"},"image":{"@id":"https:\/\/www.haegergroup.com\/es\/#\/schema\/logo\/image\/"}}]}},"_links":{"self":[{"href":"https:\/\/www.haegergroup.com\/en\/wp-json\/wp\/v2\/product\/36400","targetHints":{"allow":["GET"]}}],"collection":[{"href":"https:\/\/www.haegergroup.com\/en\/wp-json\/wp\/v2\/product"}],"about":[{"href":"https:\/\/www.haegergroup.com\/en\/wp-json\/wp\/v2\/types\/product"}],"wp:featuredmedia":[{"embeddable":true,"href":"https:\/\/www.haegergroup.com\/en\/wp-json\/wp\/v2\/media\/36396"}],"wp:attachment":[{"href":"https:\/\/www.haegergroup.com\/en\/wp-json\/wp\/v2\/media?parent=36400"}],"wp:term":[{"taxonomy":"product_cat","embeddable":true,"href":"https:\/\/www.haegergroup.com\/en\/wp-json\/wp\/v2\/product_cat?post=36400"},{"taxonomy":"product_tag","embeddable":true,"href":"https:\/\/www.haegergroup.com\/en\/wp-json\/wp\/v2\/product_tag?post=36400"}],"curies":[{"name":"wp","href":"https:\/\/api.w.org\/{rel}","templated":true}]}}