{"id":36279,"date":"2024-06-17T16:44:05","date_gmt":"2024-06-17T16:09:49","guid":{"rendered":"https:\/\/www.haegergroup.com\/?post_type=product&#038;p=36279"},"modified":"2024-06-17T17:09:50","modified_gmt":"2024-06-17T16:09:50","slug":"gas-cooker-haeger-50x50-46-litres-4-zones-stainless-steel-grey","status":"publish","type":"product","link":"https:\/\/www.haegergroup.com\/en\/product\/gas-cooker-haeger-50x50-46-litres-4-zones-stainless-steel-grey\/","title":{"rendered":"Gas Cooker HAEGER 50&#215;50 &#8211; 46 Litres, 4 Zones, Stainless Steel\/Grey"},"content":{"rendered":"<p>The HAEGER 50&#215;50 gas cooker combines technology and a robust design for efficient and safe cooking. The stainless steel work table with protective wall glass guarantees durability and easy cleaning, while the four burners with safety device offer versatility and protection against gas leaks.<\/p>\n<p>The gas oven, also equipped with a safety device, has a useful volume of 46 litres, ideal for roasting, grilling and cooking a wide variety of dishes. Energy consumption is efficient, with 5.07 MJ (1.41 kWh) per cycle in conventional mode. It includes a grill and a tray for collecting sauces, making preparation and cleaning easier.<\/p>\n<p>The oven door is made with double glazing, providing better thermal insulation and safety, as well as a protective anti-splash wall glazing that keeps your kitchen clean. The adjustable feet ensure that the cooker fits perfectly into your space.<\/p>\n","protected":false},"excerpt":{"rendered":"<h2>Gas Cooker 50&#215;50<br \/>\nModel: GC-SS5.006D<\/h2>\n<ul>\n<li>Stainless steel worktop with protective wall glass<\/li>\n<li>4 burners with safety device<\/li>\n<li>Gas oven with safety device<\/li>\n<li>Useful oven volume &#8211; 46 litres<\/li>\n<li>Conventional mode energy consumption: 5.07MJ (1.41kWh)\/cycle<\/li>\n<li>Grill and tray for collecting sauces<\/li>\n<li>Double glazed door<\/li>\n<li>Anti-splash wall protection glass<\/li>\n<li>Adjustable feet<\/li>\n<li>Dimensions: W500 x D500 x H850 (mm)<\/li>\n<\/ul>\n","protected":false},"featured_media":36276,"template":"","meta":[],"product_cat":[376,360],"product_tag":[],"class_list":{"0":"post-36279","1":"product","2":"type-product","3":"status-publish","4":"has-post-thumbnail","6":"product_cat-gas-cookers-and-stoves","7":"product_cat-kitchen","9":"first","10":"instock","11":"shipping-taxable","12":"product-type-simple"},"yoast_head":"<!-- This site is optimized with the Yoast SEO plugin v24.1 - https:\/\/yoast.com\/wordpress\/plugins\/seo\/ -->\n<title>Gas Cooker HAEGER 50x50 - 46 Litres, 4 Zones, Stainless Steel\/Grey - HAEGER Home Appliances<\/title>\n<meta name=\"description\" content=\"Marca de Pequenos Eletrodom\u00e9sticos para a sua cozinha, cuidados pessoais, casa e climatiza\u00e7\u00e3o. A op\u00e7\u00e3o inteligente para a sua casa.\" \/>\n<meta name=\"robots\" content=\"index, follow, max-snippet:-1, max-image-preview:large, max-video-preview:-1\" \/>\n<link rel=\"canonical\" href=\"https:\/\/www.haegergroup.com\/en\/product\/gas-cooker-haeger-50x50-46-litres-4-zones-stainless-steel-grey\/\" \/>\n<meta property=\"og:locale\" content=\"en_US\" \/>\n<meta property=\"og:type\" content=\"article\" \/>\n<meta property=\"og:title\" content=\"Gas Cooker HAEGER 50x50 - 46 Litres, 4 Zones, Stainless Steel\/Grey - HAEGER Home Appliances\" \/>\n<meta property=\"og:description\" content=\"Marca de Pequenos Eletrodom\u00e9sticos para a sua cozinha, cuidados pessoais, casa e climatiza\u00e7\u00e3o. A op\u00e7\u00e3o inteligente para a sua casa.\" \/>\n<meta property=\"og:url\" content=\"https:\/\/www.haegergroup.com\/en\/product\/gas-cooker-haeger-50x50-46-litres-4-zones-stainless-steel-grey\/\" \/>\n<meta property=\"og:site_name\" content=\"HAEGER Home Appliances\" \/>\n<meta property=\"article:modified_time\" content=\"2024-06-17T16:09:50+00:00\" \/>\n<meta property=\"og:image\" content=\"https:\/\/www.haegergroup.com\/wp-content\/uploads\/GC-SS5.006D_1-1.jpg\" \/>\n\t<meta property=\"og:image:width\" content=\"1200\" \/>\n\t<meta property=\"og:image:height\" content=\"1200\" \/>\n\t<meta property=\"og:image:type\" content=\"image\/jpeg\" \/>\n<meta name=\"twitter:card\" content=\"summary_large_image\" \/>\n<meta name=\"twitter:label1\" content=\"Est. reading time\" \/>\n\t<meta name=\"twitter:data1\" content=\"1 minute\" \/>\n<script type=\"application\/ld+json\" class=\"yoast-schema-graph\">{\"@context\":\"https:\/\/schema.org\",\"@graph\":[{\"@type\":\"WebPage\",\"@id\":\"https:\/\/www.haegergroup.com\/en\/product\/gas-cooker-haeger-50x50-46-litres-4-zones-stainless-steel-grey\/\",\"url\":\"https:\/\/www.haegergroup.com\/en\/product\/gas-cooker-haeger-50x50-46-litres-4-zones-stainless-steel-grey\/\",\"name\":\"Gas Cooker HAEGER 50x50 - 46 Litres, 4 Zones, Stainless Steel\/Grey - HAEGER Home Appliances\",\"isPartOf\":{\"@id\":\"https:\/\/www.haegergroup.com\/es\/#website\"},\"primaryImageOfPage\":{\"@id\":\"https:\/\/www.haegergroup.com\/en\/product\/gas-cooker-haeger-50x50-46-litres-4-zones-stainless-steel-grey\/#primaryimage\"},\"image\":{\"@id\":\"https:\/\/www.haegergroup.com\/en\/product\/gas-cooker-haeger-50x50-46-litres-4-zones-stainless-steel-grey\/#primaryimage\"},\"thumbnailUrl\":\"https:\/\/www.haegergroup.com\/wp-content\/uploads\/GC-SS5.006D_1-1.jpg\",\"datePublished\":\"2024-06-17T16:09:49+00:00\",\"dateModified\":\"2024-06-17T16:09:50+00:00\",\"description\":\"Marca de Pequenos Eletrodom\u00e9sticos para a sua cozinha, cuidados pessoais, casa e climatiza\u00e7\u00e3o. A op\u00e7\u00e3o inteligente para a sua casa.\",\"breadcrumb\":{\"@id\":\"https:\/\/www.haegergroup.com\/en\/product\/gas-cooker-haeger-50x50-46-litres-4-zones-stainless-steel-grey\/#breadcrumb\"},\"inLanguage\":\"en-US\",\"potentialAction\":[{\"@type\":\"ReadAction\",\"target\":[\"https:\/\/www.haegergroup.com\/en\/product\/gas-cooker-haeger-50x50-46-litres-4-zones-stainless-steel-grey\/\"]}]},{\"@type\":\"ImageObject\",\"inLanguage\":\"en-US\",\"@id\":\"https:\/\/www.haegergroup.com\/en\/product\/gas-cooker-haeger-50x50-46-litres-4-zones-stainless-steel-grey\/#primaryimage\",\"url\":\"https:\/\/www.haegergroup.com\/wp-content\/uploads\/GC-SS5.006D_1-1.jpg\",\"contentUrl\":\"https:\/\/www.haegergroup.com\/wp-content\/uploads\/GC-SS5.006D_1-1.jpg\",\"width\":1200,\"height\":1200},{\"@type\":\"BreadcrumbList\",\"@id\":\"https:\/\/www.haegergroup.com\/en\/product\/gas-cooker-haeger-50x50-46-litres-4-zones-stainless-steel-grey\/#breadcrumb\",\"itemListElement\":[{\"@type\":\"ListItem\",\"position\":1,\"name\":\"Portada\",\"item\":\"https:\/\/www.haegergroup.com\/en\/\"},{\"@type\":\"ListItem\",\"position\":2,\"name\":\"Productos\",\"item\":\"https:\/\/www.haegergroup.com\/es\/tienda\/\"},{\"@type\":\"ListItem\",\"position\":3,\"name\":\"Gas Cooker HAEGER 50&#215;50 &#8211; 46 Litres, 4 Zones, Stainless Steel\/Grey\"}]},{\"@type\":\"WebSite\",\"@id\":\"https:\/\/www.haegergroup.com\/es\/#website\",\"url\":\"https:\/\/www.haegergroup.com\/es\/\",\"name\":\"HAEGER Home Appliances\",\"description\":\"eletrodom\u00e9sticos\",\"publisher\":{\"@id\":\"https:\/\/www.haegergroup.com\/es\/#organization\"},\"potentialAction\":[{\"@type\":\"SearchAction\",\"target\":{\"@type\":\"EntryPoint\",\"urlTemplate\":\"https:\/\/www.haegergroup.com\/es\/?s={search_term_string}\"},\"query-input\":{\"@type\":\"PropertyValueSpecification\",\"valueRequired\":true,\"valueName\":\"search_term_string\"}}],\"inLanguage\":\"en-US\"},{\"@type\":\"Organization\",\"@id\":\"https:\/\/www.haegergroup.com\/es\/#organization\",\"name\":\"Haeger Electrodom\u00e9sticos\",\"url\":\"https:\/\/www.haegergroup.com\/es\/\",\"logo\":{\"@type\":\"ImageObject\",\"inLanguage\":\"en-US\",\"@id\":\"https:\/\/www.haegergroup.com\/es\/#\/schema\/logo\/image\/\",\"url\":\"https:\/\/www.haegergroup.com\/wp-content\/uploads\/2018\/05\/logo-web-220.png\",\"contentUrl\":\"https:\/\/www.haegergroup.com\/wp-content\/uploads\/2018\/05\/logo-web-220.png\",\"width\":220,\"height\":49,\"caption\":\"Haeger Electrodom\u00e9sticos\"},\"image\":{\"@id\":\"https:\/\/www.haegergroup.com\/es\/#\/schema\/logo\/image\/\"}}]}<\/script>\n<!-- \/ Yoast SEO plugin. -->","yoast_head_json":{"title":"Gas Cooker HAEGER 50x50 - 46 Litres, 4 Zones, Stainless Steel\/Grey - HAEGER Home Appliances","description":"Marca de Pequenos Eletrodom\u00e9sticos para a sua cozinha, cuidados pessoais, casa e climatiza\u00e7\u00e3o. A op\u00e7\u00e3o inteligente para a sua casa.","robots":{"index":"index","follow":"follow","max-snippet":"max-snippet:-1","max-image-preview":"max-image-preview:large","max-video-preview":"max-video-preview:-1"},"canonical":"https:\/\/www.haegergroup.com\/en\/product\/gas-cooker-haeger-50x50-46-litres-4-zones-stainless-steel-grey\/","og_locale":"en_US","og_type":"article","og_title":"Gas Cooker HAEGER 50x50 - 46 Litres, 4 Zones, Stainless Steel\/Grey - HAEGER Home Appliances","og_description":"Marca de Pequenos Eletrodom\u00e9sticos para a sua cozinha, cuidados pessoais, casa e climatiza\u00e7\u00e3o. A op\u00e7\u00e3o inteligente para a sua casa.","og_url":"https:\/\/www.haegergroup.com\/en\/product\/gas-cooker-haeger-50x50-46-litres-4-zones-stainless-steel-grey\/","og_site_name":"HAEGER Home Appliances","article_modified_time":"2024-06-17T16:09:50+00:00","og_image":[{"width":1200,"height":1200,"url":"https:\/\/www.haegergroup.com\/wp-content\/uploads\/GC-SS5.006D_1-1.jpg","type":"image\/jpeg"}],"twitter_card":"summary_large_image","twitter_misc":{"Est. reading time":"1 minute"},"schema":{"@context":"https:\/\/schema.org","@graph":[{"@type":"WebPage","@id":"https:\/\/www.haegergroup.com\/en\/product\/gas-cooker-haeger-50x50-46-litres-4-zones-stainless-steel-grey\/","url":"https:\/\/www.haegergroup.com\/en\/product\/gas-cooker-haeger-50x50-46-litres-4-zones-stainless-steel-grey\/","name":"Gas Cooker HAEGER 50x50 - 46 Litres, 4 Zones, Stainless Steel\/Grey - HAEGER Home Appliances","isPartOf":{"@id":"https:\/\/www.haegergroup.com\/es\/#website"},"primaryImageOfPage":{"@id":"https:\/\/www.haegergroup.com\/en\/product\/gas-cooker-haeger-50x50-46-litres-4-zones-stainless-steel-grey\/#primaryimage"},"image":{"@id":"https:\/\/www.haegergroup.com\/en\/product\/gas-cooker-haeger-50x50-46-litres-4-zones-stainless-steel-grey\/#primaryimage"},"thumbnailUrl":"https:\/\/www.haegergroup.com\/wp-content\/uploads\/GC-SS5.006D_1-1.jpg","datePublished":"2024-06-17T16:09:49+00:00","dateModified":"2024-06-17T16:09:50+00:00","description":"Marca de Pequenos Eletrodom\u00e9sticos para a sua cozinha, cuidados pessoais, casa e climatiza\u00e7\u00e3o. A op\u00e7\u00e3o inteligente para a sua casa.","breadcrumb":{"@id":"https:\/\/www.haegergroup.com\/en\/product\/gas-cooker-haeger-50x50-46-litres-4-zones-stainless-steel-grey\/#breadcrumb"},"inLanguage":"en-US","potentialAction":[{"@type":"ReadAction","target":["https:\/\/www.haegergroup.com\/en\/product\/gas-cooker-haeger-50x50-46-litres-4-zones-stainless-steel-grey\/"]}]},{"@type":"ImageObject","inLanguage":"en-US","@id":"https:\/\/www.haegergroup.com\/en\/product\/gas-cooker-haeger-50x50-46-litres-4-zones-stainless-steel-grey\/#primaryimage","url":"https:\/\/www.haegergroup.com\/wp-content\/uploads\/GC-SS5.006D_1-1.jpg","contentUrl":"https:\/\/www.haegergroup.com\/wp-content\/uploads\/GC-SS5.006D_1-1.jpg","width":1200,"height":1200},{"@type":"BreadcrumbList","@id":"https:\/\/www.haegergroup.com\/en\/product\/gas-cooker-haeger-50x50-46-litres-4-zones-stainless-steel-grey\/#breadcrumb","itemListElement":[{"@type":"ListItem","position":1,"name":"Portada","item":"https:\/\/www.haegergroup.com\/en\/"},{"@type":"ListItem","position":2,"name":"Productos","item":"https:\/\/www.haegergroup.com\/es\/tienda\/"},{"@type":"ListItem","position":3,"name":"Gas Cooker HAEGER 50&#215;50 &#8211; 46 Litres, 4 Zones, Stainless Steel\/Grey"}]},{"@type":"WebSite","@id":"https:\/\/www.haegergroup.com\/es\/#website","url":"https:\/\/www.haegergroup.com\/es\/","name":"HAEGER Home Appliances","description":"eletrodom\u00e9sticos","publisher":{"@id":"https:\/\/www.haegergroup.com\/es\/#organization"},"potentialAction":[{"@type":"SearchAction","target":{"@type":"EntryPoint","urlTemplate":"https:\/\/www.haegergroup.com\/es\/?s={search_term_string}"},"query-input":{"@type":"PropertyValueSpecification","valueRequired":true,"valueName":"search_term_string"}}],"inLanguage":"en-US"},{"@type":"Organization","@id":"https:\/\/www.haegergroup.com\/es\/#organization","name":"Haeger Electrodom\u00e9sticos","url":"https:\/\/www.haegergroup.com\/es\/","logo":{"@type":"ImageObject","inLanguage":"en-US","@id":"https:\/\/www.haegergroup.com\/es\/#\/schema\/logo\/image\/","url":"https:\/\/www.haegergroup.com\/wp-content\/uploads\/2018\/05\/logo-web-220.png","contentUrl":"https:\/\/www.haegergroup.com\/wp-content\/uploads\/2018\/05\/logo-web-220.png","width":220,"height":49,"caption":"Haeger Electrodom\u00e9sticos"},"image":{"@id":"https:\/\/www.haegergroup.com\/es\/#\/schema\/logo\/image\/"}}]}},"_links":{"self":[{"href":"https:\/\/www.haegergroup.com\/en\/wp-json\/wp\/v2\/product\/36279","targetHints":{"allow":["GET"]}}],"collection":[{"href":"https:\/\/www.haegergroup.com\/en\/wp-json\/wp\/v2\/product"}],"about":[{"href":"https:\/\/www.haegergroup.com\/en\/wp-json\/wp\/v2\/types\/product"}],"wp:featuredmedia":[{"embeddable":true,"href":"https:\/\/www.haegergroup.com\/en\/wp-json\/wp\/v2\/media\/36276"}],"wp:attachment":[{"href":"https:\/\/www.haegergroup.com\/en\/wp-json\/wp\/v2\/media?parent=36279"}],"wp:term":[{"taxonomy":"product_cat","embeddable":true,"href":"https:\/\/www.haegergroup.com\/en\/wp-json\/wp\/v2\/product_cat?post=36279"},{"taxonomy":"product_tag","embeddable":true,"href":"https:\/\/www.haegergroup.com\/en\/wp-json\/wp\/v2\/product_tag?post=36279"}],"curies":[{"name":"wp","href":"https:\/\/api.w.org\/{rel}","templated":true}]}}