{"id":36072,"date":"2024-04-11T15:58:12","date_gmt":"2024-04-11T15:13:26","guid":{"rendered":"https:\/\/www.haegergroup.com\/?post_type=product&#038;p=36072"},"modified":"2024-04-11T16:13:27","modified_gmt":"2024-04-11T15:13:27","slug":"bottom-freezer-refrigerator-north-pole-270-combi-262-litres-class-e-white","status":"publish","type":"product","link":"https:\/\/www.haegergroup.com\/en\/product\/bottom-freezer-refrigerator-north-pole-270-combi-262-litres-class-e-white\/","title":{"rendered":"Bottom Freezer Refrigerator North Pole 270 Combi &#8211; 262 Litres, Class E, White"},"content":{"rendered":"<p>HAEGER North Pole 270 Combi refrigerator in white, with a total capacity of 262 litres, with a fridge capacity of 191 L and a freezer capacity of 71 L. Dimensions (W x D x H): 550m x 560mm x 1800mm, manual defrost and energy class E.<\/p>\n","protected":false},"excerpt":{"rendered":"<h2>Refrigerator 262 litres<br \/>\nModel: CR-27W.019A<\/h2>\n<ul>\n<li>Category &#8211; 7 (Fridge-Freezer)<\/li>\n<li>Energy Efficiency Class &#8211; E<\/li>\n<li>Annual Energy Consumption &#8211; 210 kWh\/year<\/li>\n<li>Total capacity: 262 litres<\/li>\n<li>Fresh food capacity &#8211; 191 L<\/li>\n<li>Capacity for frozen food &#8211; 71 L<\/li>\n<li>STAR rating &#8211; 4 Stars<\/li>\n<li>Freezing Capacity &#8211; 3.2 kg\/24h,<\/li>\n<li>Climate Class &#8211; N\/ST (+16 degrees Celsius &#8211; +38 degrees Celsius)<\/li>\n<li>Noise level &#8211; 40 dB(A)<\/li>\n<li>Defrosting type &#8211; Manual<\/li>\n<li>Weight &#8211; 50 kg<\/li>\n<li>Overall dimensions (W x D x H): 550mm x 560m x 1800mm<\/li>\n<\/ul>\n","protected":false},"featured_media":36060,"template":"","meta":[],"product_cat":[354,356],"product_tag":[],"class_list":{"0":"post-36072","1":"product","2":"type-product","3":"status-publish","4":"has-post-thumbnail","6":"product_cat-cold","7":"product_cat-combined","9":"first","10":"instock","11":"shipping-taxable","12":"product-type-simple"},"yoast_head":"<!-- This site is optimized with the Yoast SEO plugin v24.1 - https:\/\/yoast.com\/wordpress\/plugins\/seo\/ -->\n<title>Bottom Freezer Refrigerator North Pole 270 Combi - 262 Litres, Class E, White - HAEGER Home Appliances<\/title>\n<meta name=\"description\" content=\"Marca de Pequenos Eletrodom\u00e9sticos para a sua cozinha, cuidados pessoais, casa e climatiza\u00e7\u00e3o. A op\u00e7\u00e3o inteligente para a sua casa.\" \/>\n<meta name=\"robots\" content=\"index, follow, max-snippet:-1, max-image-preview:large, max-video-preview:-1\" \/>\n<link rel=\"canonical\" href=\"https:\/\/www.haegergroup.com\/en\/product\/bottom-freezer-refrigerator-north-pole-270-combi-262-litres-class-e-white\/\" \/>\n<meta property=\"og:locale\" content=\"en_US\" \/>\n<meta property=\"og:type\" content=\"article\" \/>\n<meta property=\"og:title\" content=\"Bottom Freezer Refrigerator North Pole 270 Combi - 262 Litres, Class E, White - HAEGER Home Appliances\" \/>\n<meta property=\"og:description\" content=\"Marca de Pequenos Eletrodom\u00e9sticos para a sua cozinha, cuidados pessoais, casa e climatiza\u00e7\u00e3o. A op\u00e7\u00e3o inteligente para a sua casa.\" \/>\n<meta property=\"og:url\" content=\"https:\/\/www.haegergroup.com\/en\/product\/bottom-freezer-refrigerator-north-pole-270-combi-262-litres-class-e-white\/\" \/>\n<meta property=\"og:site_name\" content=\"HAEGER Home Appliances\" \/>\n<meta property=\"article:modified_time\" content=\"2024-04-11T15:13:27+00:00\" \/>\n<meta property=\"og:image\" content=\"https:\/\/www.haegergroup.com\/wp-content\/uploads\/CR-27W.019A_1-1.png\" \/>\n\t<meta property=\"og:image:width\" content=\"1200\" \/>\n\t<meta property=\"og:image:height\" content=\"1200\" \/>\n\t<meta property=\"og:image:type\" content=\"image\/png\" \/>\n<meta name=\"twitter:card\" content=\"summary_large_image\" \/>\n<meta name=\"twitter:label1\" content=\"Est. reading time\" \/>\n\t<meta name=\"twitter:data1\" content=\"1 minute\" \/>\n<script type=\"application\/ld+json\" class=\"yoast-schema-graph\">{\"@context\":\"https:\/\/schema.org\",\"@graph\":[{\"@type\":\"WebPage\",\"@id\":\"https:\/\/www.haegergroup.com\/en\/product\/bottom-freezer-refrigerator-north-pole-270-combi-262-litres-class-e-white\/\",\"url\":\"https:\/\/www.haegergroup.com\/en\/product\/bottom-freezer-refrigerator-north-pole-270-combi-262-litres-class-e-white\/\",\"name\":\"Bottom Freezer Refrigerator North Pole 270 Combi - 262 Litres, Class E, White - HAEGER Home Appliances\",\"isPartOf\":{\"@id\":\"https:\/\/www.haegergroup.com\/es\/#website\"},\"primaryImageOfPage\":{\"@id\":\"https:\/\/www.haegergroup.com\/en\/product\/bottom-freezer-refrigerator-north-pole-270-combi-262-litres-class-e-white\/#primaryimage\"},\"image\":{\"@id\":\"https:\/\/www.haegergroup.com\/en\/product\/bottom-freezer-refrigerator-north-pole-270-combi-262-litres-class-e-white\/#primaryimage\"},\"thumbnailUrl\":\"https:\/\/www.haegergroup.com\/wp-content\/uploads\/CR-27W.019A_1-1.png\",\"datePublished\":\"2024-04-11T15:13:26+00:00\",\"dateModified\":\"2024-04-11T15:13:27+00:00\",\"description\":\"Marca de Pequenos Eletrodom\u00e9sticos para a sua cozinha, cuidados pessoais, casa e climatiza\u00e7\u00e3o. A op\u00e7\u00e3o inteligente para a sua casa.\",\"breadcrumb\":{\"@id\":\"https:\/\/www.haegergroup.com\/en\/product\/bottom-freezer-refrigerator-north-pole-270-combi-262-litres-class-e-white\/#breadcrumb\"},\"inLanguage\":\"en-US\",\"potentialAction\":[{\"@type\":\"ReadAction\",\"target\":[\"https:\/\/www.haegergroup.com\/en\/product\/bottom-freezer-refrigerator-north-pole-270-combi-262-litres-class-e-white\/\"]}]},{\"@type\":\"ImageObject\",\"inLanguage\":\"en-US\",\"@id\":\"https:\/\/www.haegergroup.com\/en\/product\/bottom-freezer-refrigerator-north-pole-270-combi-262-litres-class-e-white\/#primaryimage\",\"url\":\"https:\/\/www.haegergroup.com\/wp-content\/uploads\/CR-27W.019A_1-1.png\",\"contentUrl\":\"https:\/\/www.haegergroup.com\/wp-content\/uploads\/CR-27W.019A_1-1.png\",\"width\":1200,\"height\":1200},{\"@type\":\"BreadcrumbList\",\"@id\":\"https:\/\/www.haegergroup.com\/en\/product\/bottom-freezer-refrigerator-north-pole-270-combi-262-litres-class-e-white\/#breadcrumb\",\"itemListElement\":[{\"@type\":\"ListItem\",\"position\":1,\"name\":\"Portada\",\"item\":\"https:\/\/www.haegergroup.com\/en\/\"},{\"@type\":\"ListItem\",\"position\":2,\"name\":\"Productos\",\"item\":\"https:\/\/www.haegergroup.com\/es\/tienda\/\"},{\"@type\":\"ListItem\",\"position\":3,\"name\":\"Bottom Freezer Refrigerator North Pole 270 Combi &#8211; 262 Litres, Class E, White\"}]},{\"@type\":\"WebSite\",\"@id\":\"https:\/\/www.haegergroup.com\/es\/#website\",\"url\":\"https:\/\/www.haegergroup.com\/es\/\",\"name\":\"HAEGER Home Appliances\",\"description\":\"eletrodom\u00e9sticos\",\"publisher\":{\"@id\":\"https:\/\/www.haegergroup.com\/es\/#organization\"},\"potentialAction\":[{\"@type\":\"SearchAction\",\"target\":{\"@type\":\"EntryPoint\",\"urlTemplate\":\"https:\/\/www.haegergroup.com\/es\/?s={search_term_string}\"},\"query-input\":{\"@type\":\"PropertyValueSpecification\",\"valueRequired\":true,\"valueName\":\"search_term_string\"}}],\"inLanguage\":\"en-US\"},{\"@type\":\"Organization\",\"@id\":\"https:\/\/www.haegergroup.com\/es\/#organization\",\"name\":\"Haeger Electrodom\u00e9sticos\",\"url\":\"https:\/\/www.haegergroup.com\/es\/\",\"logo\":{\"@type\":\"ImageObject\",\"inLanguage\":\"en-US\",\"@id\":\"https:\/\/www.haegergroup.com\/es\/#\/schema\/logo\/image\/\",\"url\":\"https:\/\/www.haegergroup.com\/wp-content\/uploads\/2018\/05\/logo-web-220.png\",\"contentUrl\":\"https:\/\/www.haegergroup.com\/wp-content\/uploads\/2018\/05\/logo-web-220.png\",\"width\":220,\"height\":49,\"caption\":\"Haeger Electrodom\u00e9sticos\"},\"image\":{\"@id\":\"https:\/\/www.haegergroup.com\/es\/#\/schema\/logo\/image\/\"}}]}<\/script>\n<!-- \/ Yoast SEO plugin. -->","yoast_head_json":{"title":"Bottom Freezer Refrigerator North Pole 270 Combi - 262 Litres, Class E, White - HAEGER Home Appliances","description":"Marca de Pequenos Eletrodom\u00e9sticos para a sua cozinha, cuidados pessoais, casa e climatiza\u00e7\u00e3o. A op\u00e7\u00e3o inteligente para a sua casa.","robots":{"index":"index","follow":"follow","max-snippet":"max-snippet:-1","max-image-preview":"max-image-preview:large","max-video-preview":"max-video-preview:-1"},"canonical":"https:\/\/www.haegergroup.com\/en\/product\/bottom-freezer-refrigerator-north-pole-270-combi-262-litres-class-e-white\/","og_locale":"en_US","og_type":"article","og_title":"Bottom Freezer Refrigerator North Pole 270 Combi - 262 Litres, Class E, White - HAEGER Home Appliances","og_description":"Marca de Pequenos Eletrodom\u00e9sticos para a sua cozinha, cuidados pessoais, casa e climatiza\u00e7\u00e3o. A op\u00e7\u00e3o inteligente para a sua casa.","og_url":"https:\/\/www.haegergroup.com\/en\/product\/bottom-freezer-refrigerator-north-pole-270-combi-262-litres-class-e-white\/","og_site_name":"HAEGER Home Appliances","article_modified_time":"2024-04-11T15:13:27+00:00","og_image":[{"width":1200,"height":1200,"url":"https:\/\/www.haegergroup.com\/wp-content\/uploads\/CR-27W.019A_1-1.png","type":"image\/png"}],"twitter_card":"summary_large_image","twitter_misc":{"Est. reading time":"1 minute"},"schema":{"@context":"https:\/\/schema.org","@graph":[{"@type":"WebPage","@id":"https:\/\/www.haegergroup.com\/en\/product\/bottom-freezer-refrigerator-north-pole-270-combi-262-litres-class-e-white\/","url":"https:\/\/www.haegergroup.com\/en\/product\/bottom-freezer-refrigerator-north-pole-270-combi-262-litres-class-e-white\/","name":"Bottom Freezer Refrigerator North Pole 270 Combi - 262 Litres, Class E, White - HAEGER Home Appliances","isPartOf":{"@id":"https:\/\/www.haegergroup.com\/es\/#website"},"primaryImageOfPage":{"@id":"https:\/\/www.haegergroup.com\/en\/product\/bottom-freezer-refrigerator-north-pole-270-combi-262-litres-class-e-white\/#primaryimage"},"image":{"@id":"https:\/\/www.haegergroup.com\/en\/product\/bottom-freezer-refrigerator-north-pole-270-combi-262-litres-class-e-white\/#primaryimage"},"thumbnailUrl":"https:\/\/www.haegergroup.com\/wp-content\/uploads\/CR-27W.019A_1-1.png","datePublished":"2024-04-11T15:13:26+00:00","dateModified":"2024-04-11T15:13:27+00:00","description":"Marca de Pequenos Eletrodom\u00e9sticos para a sua cozinha, cuidados pessoais, casa e climatiza\u00e7\u00e3o. A op\u00e7\u00e3o inteligente para a sua casa.","breadcrumb":{"@id":"https:\/\/www.haegergroup.com\/en\/product\/bottom-freezer-refrigerator-north-pole-270-combi-262-litres-class-e-white\/#breadcrumb"},"inLanguage":"en-US","potentialAction":[{"@type":"ReadAction","target":["https:\/\/www.haegergroup.com\/en\/product\/bottom-freezer-refrigerator-north-pole-270-combi-262-litres-class-e-white\/"]}]},{"@type":"ImageObject","inLanguage":"en-US","@id":"https:\/\/www.haegergroup.com\/en\/product\/bottom-freezer-refrigerator-north-pole-270-combi-262-litres-class-e-white\/#primaryimage","url":"https:\/\/www.haegergroup.com\/wp-content\/uploads\/CR-27W.019A_1-1.png","contentUrl":"https:\/\/www.haegergroup.com\/wp-content\/uploads\/CR-27W.019A_1-1.png","width":1200,"height":1200},{"@type":"BreadcrumbList","@id":"https:\/\/www.haegergroup.com\/en\/product\/bottom-freezer-refrigerator-north-pole-270-combi-262-litres-class-e-white\/#breadcrumb","itemListElement":[{"@type":"ListItem","position":1,"name":"Portada","item":"https:\/\/www.haegergroup.com\/en\/"},{"@type":"ListItem","position":2,"name":"Productos","item":"https:\/\/www.haegergroup.com\/es\/tienda\/"},{"@type":"ListItem","position":3,"name":"Bottom Freezer Refrigerator North Pole 270 Combi &#8211; 262 Litres, Class E, White"}]},{"@type":"WebSite","@id":"https:\/\/www.haegergroup.com\/es\/#website","url":"https:\/\/www.haegergroup.com\/es\/","name":"HAEGER Home Appliances","description":"eletrodom\u00e9sticos","publisher":{"@id":"https:\/\/www.haegergroup.com\/es\/#organization"},"potentialAction":[{"@type":"SearchAction","target":{"@type":"EntryPoint","urlTemplate":"https:\/\/www.haegergroup.com\/es\/?s={search_term_string}"},"query-input":{"@type":"PropertyValueSpecification","valueRequired":true,"valueName":"search_term_string"}}],"inLanguage":"en-US"},{"@type":"Organization","@id":"https:\/\/www.haegergroup.com\/es\/#organization","name":"Haeger Electrodom\u00e9sticos","url":"https:\/\/www.haegergroup.com\/es\/","logo":{"@type":"ImageObject","inLanguage":"en-US","@id":"https:\/\/www.haegergroup.com\/es\/#\/schema\/logo\/image\/","url":"https:\/\/www.haegergroup.com\/wp-content\/uploads\/2018\/05\/logo-web-220.png","contentUrl":"https:\/\/www.haegergroup.com\/wp-content\/uploads\/2018\/05\/logo-web-220.png","width":220,"height":49,"caption":"Haeger Electrodom\u00e9sticos"},"image":{"@id":"https:\/\/www.haegergroup.com\/es\/#\/schema\/logo\/image\/"}}]}},"_links":{"self":[{"href":"https:\/\/www.haegergroup.com\/en\/wp-json\/wp\/v2\/product\/36072","targetHints":{"allow":["GET"]}}],"collection":[{"href":"https:\/\/www.haegergroup.com\/en\/wp-json\/wp\/v2\/product"}],"about":[{"href":"https:\/\/www.haegergroup.com\/en\/wp-json\/wp\/v2\/types\/product"}],"wp:featuredmedia":[{"embeddable":true,"href":"https:\/\/www.haegergroup.com\/en\/wp-json\/wp\/v2\/media\/36060"}],"wp:attachment":[{"href":"https:\/\/www.haegergroup.com\/en\/wp-json\/wp\/v2\/media?parent=36072"}],"wp:term":[{"taxonomy":"product_cat","embeddable":true,"href":"https:\/\/www.haegergroup.com\/en\/wp-json\/wp\/v2\/product_cat?post=36072"},{"taxonomy":"product_tag","embeddable":true,"href":"https:\/\/www.haegergroup.com\/en\/wp-json\/wp\/v2\/product_tag?post=36072"}],"curies":[{"name":"wp","href":"https:\/\/api.w.org\/{rel}","templated":true}]}}