{"id":35917,"date":"2024-03-14T12:24:25","date_gmt":"2024-03-14T12:29:06","guid":{"rendered":"https:\/\/www.haegergroup.com\/?post_type=product&#038;p=35917"},"modified":"2024-07-19T17:39:02","modified_gmt":"2024-07-19T16:39:02","slug":"portable-bluetooth-speaker-haeger-light-boom-3h-battery-life-ipx5-microphone-illumination","status":"publish","type":"product","link":"https:\/\/www.haegergroup.com\/en\/product\/portable-bluetooth-speaker-haeger-light-boom-3h-battery-life-ipx5-microphone-illumination\/","title":{"rendered":"Portable Bluetooth Speaker HAEGER Light Boom &#8211; 3h Battery Life, IPX5"},"content":{"rendered":"<p>Enjoy powerful, crystal-clear sound anywhere with our portable Bluetooth speaker. Splash-resistant with an IPX5 rating, it&#8217;s ideal for outdoor activities. It offers RGB lighting, 3 playback modes and a TWS function for enhanced stereo sound. Equipped with Bluetooth A2DP and a hands-free microphone, it&#8217;s perfect for meeting your audio needs. Compact and with an autonomy of up to 3 hours.<\/p>\n","protected":false},"excerpt":{"rendered":"<h2>Portable Bluetooth speaker (2&#8243; &#8211; 10W)<br \/>\nModel: SP-10W.003A<\/h2>\n<ul>\n<li>Powerful, crystal-clear sound<\/li>\n<li>IPX5 splashproof, perfect for the beach, pool, boat and other outdoor activities<\/li>\n<li>2&#8243; (5.08cm) speakers<\/li>\n<li>RGB lighting (3 modes)<\/li>\n<li>3 playback modes: Bluetooth, USB Pen Drive and AUX Input<\/li>\n<li>TWS function, allows true wireless playback with doubly enhanced stereo sound<\/li>\n<li>Bluetooth A2DP, streams music wirelessly from any Bluetooth-enabled device<\/li>\n<li>Hands-free microphone to easily answer calls<\/li>\n<li>Frequency range: 80Hz &#8211; 16KHz<\/li>\n<li>Charging time: 3.5h<\/li>\n<li>Maximum autonomy: 3h<\/li>\n<li>3.7V &#8211; 2000mAh battery<\/li>\n<li>Dimensions: W242 x D92 x H92 mm<\/li>\n<\/ul>\n","protected":false},"featured_media":35909,"template":"","meta":[],"product_cat":[335,781],"product_tag":[],"class_list":{"0":"post-35917","1":"product","2":"type-product","3":"status-publish","4":"has-post-thumbnail","6":"product_cat-audio-tv-telecom-en","7":"product_cat-bluetooth-speakers","9":"first","10":"instock","11":"shipping-taxable","12":"product-type-simple"},"yoast_head":"<!-- This site is optimized with the Yoast SEO plugin v24.1 - https:\/\/yoast.com\/wordpress\/plugins\/seo\/ -->\n<title>Portable Bluetooth Speaker HAEGER Light Boom - 3h Battery Life, IPX5 - HAEGER Home Appliances<\/title>\n<meta name=\"description\" content=\"Marca de Pequenos Eletrodom\u00e9sticos para a sua cozinha, cuidados pessoais, casa e climatiza\u00e7\u00e3o. A op\u00e7\u00e3o inteligente para a sua casa.\" \/>\n<meta name=\"robots\" content=\"index, follow, max-snippet:-1, max-image-preview:large, max-video-preview:-1\" \/>\n<link rel=\"canonical\" href=\"https:\/\/www.haegergroup.com\/en\/product\/portable-bluetooth-speaker-haeger-light-boom-3h-battery-life-ipx5-microphone-illumination\/\" \/>\n<meta property=\"og:locale\" content=\"en_US\" \/>\n<meta property=\"og:type\" content=\"article\" \/>\n<meta property=\"og:title\" content=\"Portable Bluetooth Speaker HAEGER Light Boom - 3h Battery Life, IPX5 - HAEGER Home Appliances\" \/>\n<meta property=\"og:description\" content=\"Marca de Pequenos Eletrodom\u00e9sticos para a sua cozinha, cuidados pessoais, casa e climatiza\u00e7\u00e3o. A op\u00e7\u00e3o inteligente para a sua casa.\" \/>\n<meta property=\"og:url\" content=\"https:\/\/www.haegergroup.com\/en\/product\/portable-bluetooth-speaker-haeger-light-boom-3h-battery-life-ipx5-microphone-illumination\/\" \/>\n<meta property=\"og:site_name\" content=\"HAEGER Home Appliances\" \/>\n<meta property=\"article:modified_time\" content=\"2024-07-19T16:39:02+00:00\" \/>\n<meta property=\"og:image\" content=\"https:\/\/www.haegergroup.com\/wp-content\/uploads\/SP-10W.003A_1-1.jpg\" \/>\n\t<meta property=\"og:image:width\" content=\"1200\" \/>\n\t<meta property=\"og:image:height\" content=\"1200\" \/>\n\t<meta property=\"og:image:type\" content=\"image\/jpeg\" \/>\n<meta name=\"twitter:card\" content=\"summary_large_image\" \/>\n<meta name=\"twitter:label1\" content=\"Est. reading time\" \/>\n\t<meta name=\"twitter:data1\" content=\"1 minute\" \/>\n<script type=\"application\/ld+json\" class=\"yoast-schema-graph\">{\"@context\":\"https:\/\/schema.org\",\"@graph\":[{\"@type\":\"WebPage\",\"@id\":\"https:\/\/www.haegergroup.com\/en\/product\/portable-bluetooth-speaker-haeger-light-boom-3h-battery-life-ipx5-microphone-illumination\/\",\"url\":\"https:\/\/www.haegergroup.com\/en\/product\/portable-bluetooth-speaker-haeger-light-boom-3h-battery-life-ipx5-microphone-illumination\/\",\"name\":\"Portable Bluetooth Speaker HAEGER Light Boom - 3h Battery Life, IPX5 - HAEGER Home Appliances\",\"isPartOf\":{\"@id\":\"https:\/\/www.haegergroup.com\/es\/#website\"},\"primaryImageOfPage\":{\"@id\":\"https:\/\/www.haegergroup.com\/en\/product\/portable-bluetooth-speaker-haeger-light-boom-3h-battery-life-ipx5-microphone-illumination\/#primaryimage\"},\"image\":{\"@id\":\"https:\/\/www.haegergroup.com\/en\/product\/portable-bluetooth-speaker-haeger-light-boom-3h-battery-life-ipx5-microphone-illumination\/#primaryimage\"},\"thumbnailUrl\":\"https:\/\/www.haegergroup.com\/wp-content\/uploads\/SP-10W.003A_1-1.jpg\",\"datePublished\":\"2024-03-14T12:29:06+00:00\",\"dateModified\":\"2024-07-19T16:39:02+00:00\",\"description\":\"Marca de Pequenos Eletrodom\u00e9sticos para a sua cozinha, cuidados pessoais, casa e climatiza\u00e7\u00e3o. A op\u00e7\u00e3o inteligente para a sua casa.\",\"breadcrumb\":{\"@id\":\"https:\/\/www.haegergroup.com\/en\/product\/portable-bluetooth-speaker-haeger-light-boom-3h-battery-life-ipx5-microphone-illumination\/#breadcrumb\"},\"inLanguage\":\"en-US\",\"potentialAction\":[{\"@type\":\"ReadAction\",\"target\":[\"https:\/\/www.haegergroup.com\/en\/product\/portable-bluetooth-speaker-haeger-light-boom-3h-battery-life-ipx5-microphone-illumination\/\"]}]},{\"@type\":\"ImageObject\",\"inLanguage\":\"en-US\",\"@id\":\"https:\/\/www.haegergroup.com\/en\/product\/portable-bluetooth-speaker-haeger-light-boom-3h-battery-life-ipx5-microphone-illumination\/#primaryimage\",\"url\":\"https:\/\/www.haegergroup.com\/wp-content\/uploads\/SP-10W.003A_1-1.jpg\",\"contentUrl\":\"https:\/\/www.haegergroup.com\/wp-content\/uploads\/SP-10W.003A_1-1.jpg\",\"width\":1200,\"height\":1200},{\"@type\":\"BreadcrumbList\",\"@id\":\"https:\/\/www.haegergroup.com\/en\/product\/portable-bluetooth-speaker-haeger-light-boom-3h-battery-life-ipx5-microphone-illumination\/#breadcrumb\",\"itemListElement\":[{\"@type\":\"ListItem\",\"position\":1,\"name\":\"Portada\",\"item\":\"https:\/\/www.haegergroup.com\/en\/\"},{\"@type\":\"ListItem\",\"position\":2,\"name\":\"Productos\",\"item\":\"https:\/\/www.haegergroup.com\/es\/tienda\/\"},{\"@type\":\"ListItem\",\"position\":3,\"name\":\"Portable Bluetooth Speaker HAEGER Light Boom &#8211; 3h Battery Life, IPX5\"}]},{\"@type\":\"WebSite\",\"@id\":\"https:\/\/www.haegergroup.com\/es\/#website\",\"url\":\"https:\/\/www.haegergroup.com\/es\/\",\"name\":\"HAEGER Home Appliances\",\"description\":\"eletrodom\u00e9sticos\",\"publisher\":{\"@id\":\"https:\/\/www.haegergroup.com\/es\/#organization\"},\"potentialAction\":[{\"@type\":\"SearchAction\",\"target\":{\"@type\":\"EntryPoint\",\"urlTemplate\":\"https:\/\/www.haegergroup.com\/es\/?s={search_term_string}\"},\"query-input\":{\"@type\":\"PropertyValueSpecification\",\"valueRequired\":true,\"valueName\":\"search_term_string\"}}],\"inLanguage\":\"en-US\"},{\"@type\":\"Organization\",\"@id\":\"https:\/\/www.haegergroup.com\/es\/#organization\",\"name\":\"Haeger Electrodom\u00e9sticos\",\"url\":\"https:\/\/www.haegergroup.com\/es\/\",\"logo\":{\"@type\":\"ImageObject\",\"inLanguage\":\"en-US\",\"@id\":\"https:\/\/www.haegergroup.com\/es\/#\/schema\/logo\/image\/\",\"url\":\"https:\/\/www.haegergroup.com\/wp-content\/uploads\/2018\/05\/logo-web-220.png\",\"contentUrl\":\"https:\/\/www.haegergroup.com\/wp-content\/uploads\/2018\/05\/logo-web-220.png\",\"width\":220,\"height\":49,\"caption\":\"Haeger Electrodom\u00e9sticos\"},\"image\":{\"@id\":\"https:\/\/www.haegergroup.com\/es\/#\/schema\/logo\/image\/\"}}]}<\/script>\n<!-- \/ Yoast SEO plugin. -->","yoast_head_json":{"title":"Portable Bluetooth Speaker HAEGER Light Boom - 3h Battery Life, IPX5 - HAEGER Home Appliances","description":"Marca de Pequenos Eletrodom\u00e9sticos para a sua cozinha, cuidados pessoais, casa e climatiza\u00e7\u00e3o. A op\u00e7\u00e3o inteligente para a sua casa.","robots":{"index":"index","follow":"follow","max-snippet":"max-snippet:-1","max-image-preview":"max-image-preview:large","max-video-preview":"max-video-preview:-1"},"canonical":"https:\/\/www.haegergroup.com\/en\/product\/portable-bluetooth-speaker-haeger-light-boom-3h-battery-life-ipx5-microphone-illumination\/","og_locale":"en_US","og_type":"article","og_title":"Portable Bluetooth Speaker HAEGER Light Boom - 3h Battery Life, IPX5 - HAEGER Home Appliances","og_description":"Marca de Pequenos Eletrodom\u00e9sticos para a sua cozinha, cuidados pessoais, casa e climatiza\u00e7\u00e3o. A op\u00e7\u00e3o inteligente para a sua casa.","og_url":"https:\/\/www.haegergroup.com\/en\/product\/portable-bluetooth-speaker-haeger-light-boom-3h-battery-life-ipx5-microphone-illumination\/","og_site_name":"HAEGER Home Appliances","article_modified_time":"2024-07-19T16:39:02+00:00","og_image":[{"width":1200,"height":1200,"url":"https:\/\/www.haegergroup.com\/wp-content\/uploads\/SP-10W.003A_1-1.jpg","type":"image\/jpeg"}],"twitter_card":"summary_large_image","twitter_misc":{"Est. reading time":"1 minute"},"schema":{"@context":"https:\/\/schema.org","@graph":[{"@type":"WebPage","@id":"https:\/\/www.haegergroup.com\/en\/product\/portable-bluetooth-speaker-haeger-light-boom-3h-battery-life-ipx5-microphone-illumination\/","url":"https:\/\/www.haegergroup.com\/en\/product\/portable-bluetooth-speaker-haeger-light-boom-3h-battery-life-ipx5-microphone-illumination\/","name":"Portable Bluetooth Speaker HAEGER Light Boom - 3h Battery Life, IPX5 - HAEGER Home Appliances","isPartOf":{"@id":"https:\/\/www.haegergroup.com\/es\/#website"},"primaryImageOfPage":{"@id":"https:\/\/www.haegergroup.com\/en\/product\/portable-bluetooth-speaker-haeger-light-boom-3h-battery-life-ipx5-microphone-illumination\/#primaryimage"},"image":{"@id":"https:\/\/www.haegergroup.com\/en\/product\/portable-bluetooth-speaker-haeger-light-boom-3h-battery-life-ipx5-microphone-illumination\/#primaryimage"},"thumbnailUrl":"https:\/\/www.haegergroup.com\/wp-content\/uploads\/SP-10W.003A_1-1.jpg","datePublished":"2024-03-14T12:29:06+00:00","dateModified":"2024-07-19T16:39:02+00:00","description":"Marca de Pequenos Eletrodom\u00e9sticos para a sua cozinha, cuidados pessoais, casa e climatiza\u00e7\u00e3o. A op\u00e7\u00e3o inteligente para a sua casa.","breadcrumb":{"@id":"https:\/\/www.haegergroup.com\/en\/product\/portable-bluetooth-speaker-haeger-light-boom-3h-battery-life-ipx5-microphone-illumination\/#breadcrumb"},"inLanguage":"en-US","potentialAction":[{"@type":"ReadAction","target":["https:\/\/www.haegergroup.com\/en\/product\/portable-bluetooth-speaker-haeger-light-boom-3h-battery-life-ipx5-microphone-illumination\/"]}]},{"@type":"ImageObject","inLanguage":"en-US","@id":"https:\/\/www.haegergroup.com\/en\/product\/portable-bluetooth-speaker-haeger-light-boom-3h-battery-life-ipx5-microphone-illumination\/#primaryimage","url":"https:\/\/www.haegergroup.com\/wp-content\/uploads\/SP-10W.003A_1-1.jpg","contentUrl":"https:\/\/www.haegergroup.com\/wp-content\/uploads\/SP-10W.003A_1-1.jpg","width":1200,"height":1200},{"@type":"BreadcrumbList","@id":"https:\/\/www.haegergroup.com\/en\/product\/portable-bluetooth-speaker-haeger-light-boom-3h-battery-life-ipx5-microphone-illumination\/#breadcrumb","itemListElement":[{"@type":"ListItem","position":1,"name":"Portada","item":"https:\/\/www.haegergroup.com\/en\/"},{"@type":"ListItem","position":2,"name":"Productos","item":"https:\/\/www.haegergroup.com\/es\/tienda\/"},{"@type":"ListItem","position":3,"name":"Portable Bluetooth Speaker HAEGER Light Boom &#8211; 3h Battery Life, IPX5"}]},{"@type":"WebSite","@id":"https:\/\/www.haegergroup.com\/es\/#website","url":"https:\/\/www.haegergroup.com\/es\/","name":"HAEGER Home Appliances","description":"eletrodom\u00e9sticos","publisher":{"@id":"https:\/\/www.haegergroup.com\/es\/#organization"},"potentialAction":[{"@type":"SearchAction","target":{"@type":"EntryPoint","urlTemplate":"https:\/\/www.haegergroup.com\/es\/?s={search_term_string}"},"query-input":{"@type":"PropertyValueSpecification","valueRequired":true,"valueName":"search_term_string"}}],"inLanguage":"en-US"},{"@type":"Organization","@id":"https:\/\/www.haegergroup.com\/es\/#organization","name":"Haeger Electrodom\u00e9sticos","url":"https:\/\/www.haegergroup.com\/es\/","logo":{"@type":"ImageObject","inLanguage":"en-US","@id":"https:\/\/www.haegergroup.com\/es\/#\/schema\/logo\/image\/","url":"https:\/\/www.haegergroup.com\/wp-content\/uploads\/2018\/05\/logo-web-220.png","contentUrl":"https:\/\/www.haegergroup.com\/wp-content\/uploads\/2018\/05\/logo-web-220.png","width":220,"height":49,"caption":"Haeger Electrodom\u00e9sticos"},"image":{"@id":"https:\/\/www.haegergroup.com\/es\/#\/schema\/logo\/image\/"}}]}},"_links":{"self":[{"href":"https:\/\/www.haegergroup.com\/en\/wp-json\/wp\/v2\/product\/35917","targetHints":{"allow":["GET"]}}],"collection":[{"href":"https:\/\/www.haegergroup.com\/en\/wp-json\/wp\/v2\/product"}],"about":[{"href":"https:\/\/www.haegergroup.com\/en\/wp-json\/wp\/v2\/types\/product"}],"wp:featuredmedia":[{"embeddable":true,"href":"https:\/\/www.haegergroup.com\/en\/wp-json\/wp\/v2\/media\/35909"}],"wp:attachment":[{"href":"https:\/\/www.haegergroup.com\/en\/wp-json\/wp\/v2\/media?parent=35917"}],"wp:term":[{"taxonomy":"product_cat","embeddable":true,"href":"https:\/\/www.haegergroup.com\/en\/wp-json\/wp\/v2\/product_cat?post=35917"},{"taxonomy":"product_tag","embeddable":true,"href":"https:\/\/www.haegergroup.com\/en\/wp-json\/wp\/v2\/product_tag?post=35917"}],"curies":[{"name":"wp","href":"https:\/\/api.w.org\/{rel}","templated":true}]}}