{"id":35896,"date":"2024-03-11T11:52:46","date_gmt":"2024-03-11T12:13:26","guid":{"rendered":"https:\/\/www.haegergroup.com\/?post_type=product&#038;p=35896"},"modified":"2024-03-11T12:39:31","modified_gmt":"2024-03-11T12:39:31","slug":"digital-fan-with-humidifier-haeger-black-mist-ii-70w-3-speeds-remote-control","status":"publish","type":"product","link":"https:\/\/www.haegergroup.com\/en\/product\/digital-fan-with-humidifier-haeger-black-mist-ii-70w-3-speeds-remote-control\/","title":{"rendered":"Digital Fan with Humidifier HAEGER Black Mist II"},"content":{"rendered":"<p>With an impressive diameter of 45 cm, this fan guarantees efficient air circulation in any space. Its highly durable, all-copper motor offers reliable, long-lasting performance.<\/p>\n<p>The 2-litre tank integrated into the humidifier provides a refreshing mist that helps combat dry air and improves air quality, creating a healthier and more comfortable environment.<\/p>\n<p>The 90\u00ba oscillation function distributes the air evenly throughout the area, while the silent operation allows you to enjoy a peaceful, undisturbed environment.<\/p>\n<p>The remote control and digital control panel allow you to easily adjust the 3 speeds and 3 modes available (Normal, Natural and Sleep). In addition, the 9-hour timer allows you to programme the fan&#8217;s operation according to your preference.<\/p>\n<p>The wheeled base makes it easy to move the fan from one place to another, ensuring that you can enjoy a cool and comfortable environment in any corner of your home or office.<\/p>\n<p>With a power of 70 Watts, this digital fan with humidifier is a smart choice for those looking for comfort and practicality in a single device.<\/p>\n","protected":false},"excerpt":{"rendered":"<h2>Digital fan with humidifier<br \/>\nModel: HF-18R.002A<\/h2>\n<ul>\n<li>Remote control<\/li>\n<li>9-hour timer<\/li>\n<li>Digital control panel<\/li>\n<li>Wheeled base for better movement<\/li>\n<li>Fan diameter: 45 cm<\/li>\n<li>High durability 100% copper motor<\/li>\n<li>3 speeds<\/li>\n<li>3 Modes (Normal \/ Natural \/ Sleep)<\/li>\n<li>90\u00ba oscillation function<\/li>\n<li>Extra quiet operation<\/li>\n<li>2 litre tank<\/li>\n<li>Power: 70 Watts<\/li>\n<\/ul>\n","protected":false},"featured_media":35939,"template":"","meta":[],"product_cat":[296,353],"product_tag":[],"class_list":{"0":"post-35896","1":"product","2":"type-product","3":"status-publish","4":"has-post-thumbnail","6":"product_cat-climatizacion-en","7":"product_cat-fans","9":"first","10":"instock","11":"shipping-taxable","12":"product-type-simple"},"yoast_head":"<!-- This site is optimized with the Yoast SEO plugin v24.1 - https:\/\/yoast.com\/wordpress\/plugins\/seo\/ -->\n<title>Digital Fan with Humidifier HAEGER Black Mist II - HAEGER Home Appliances<\/title>\n<meta name=\"description\" content=\"Marca de Pequenos Eletrodom\u00e9sticos para a sua cozinha, cuidados pessoais, casa e climatiza\u00e7\u00e3o. A op\u00e7\u00e3o inteligente para a sua casa.\" \/>\n<meta name=\"robots\" content=\"index, follow, max-snippet:-1, max-image-preview:large, max-video-preview:-1\" \/>\n<link rel=\"canonical\" href=\"https:\/\/www.haegergroup.com\/en\/product\/digital-fan-with-humidifier-haeger-black-mist-ii-70w-3-speeds-remote-control\/\" \/>\n<meta property=\"og:locale\" content=\"en_US\" \/>\n<meta property=\"og:type\" content=\"article\" \/>\n<meta property=\"og:title\" content=\"Digital Fan with Humidifier HAEGER Black Mist II - HAEGER Home Appliances\" \/>\n<meta property=\"og:description\" content=\"Marca de Pequenos Eletrodom\u00e9sticos para a sua cozinha, cuidados pessoais, casa e climatiza\u00e7\u00e3o. A op\u00e7\u00e3o inteligente para a sua casa.\" \/>\n<meta property=\"og:url\" content=\"https:\/\/www.haegergroup.com\/en\/product\/digital-fan-with-humidifier-haeger-black-mist-ii-70w-3-speeds-remote-control\/\" \/>\n<meta property=\"og:site_name\" content=\"HAEGER Home Appliances\" \/>\n<meta property=\"article:modified_time\" content=\"2024-03-11T12:39:31+00:00\" \/>\n<meta property=\"og:image\" content=\"https:\/\/www.haegergroup.com\/wp-content\/uploads\/HF-18R.002A_1-1.jpg\" \/>\n\t<meta property=\"og:image:width\" content=\"1200\" \/>\n\t<meta property=\"og:image:height\" content=\"1200\" \/>\n\t<meta property=\"og:image:type\" content=\"image\/jpeg\" \/>\n<meta name=\"twitter:card\" content=\"summary_large_image\" \/>\n<meta name=\"twitter:label1\" content=\"Est. reading time\" \/>\n\t<meta name=\"twitter:data1\" content=\"1 minute\" \/>\n<script type=\"application\/ld+json\" class=\"yoast-schema-graph\">{\"@context\":\"https:\/\/schema.org\",\"@graph\":[{\"@type\":\"WebPage\",\"@id\":\"https:\/\/www.haegergroup.com\/en\/product\/digital-fan-with-humidifier-haeger-black-mist-ii-70w-3-speeds-remote-control\/\",\"url\":\"https:\/\/www.haegergroup.com\/en\/product\/digital-fan-with-humidifier-haeger-black-mist-ii-70w-3-speeds-remote-control\/\",\"name\":\"Digital Fan with Humidifier HAEGER Black Mist II - HAEGER Home Appliances\",\"isPartOf\":{\"@id\":\"https:\/\/www.haegergroup.com\/es\/#website\"},\"primaryImageOfPage\":{\"@id\":\"https:\/\/www.haegergroup.com\/en\/product\/digital-fan-with-humidifier-haeger-black-mist-ii-70w-3-speeds-remote-control\/#primaryimage\"},\"image\":{\"@id\":\"https:\/\/www.haegergroup.com\/en\/product\/digital-fan-with-humidifier-haeger-black-mist-ii-70w-3-speeds-remote-control\/#primaryimage\"},\"thumbnailUrl\":\"https:\/\/www.haegergroup.com\/wp-content\/uploads\/HF-18R.002A_1-2.jpg\",\"datePublished\":\"2024-03-11T12:13:26+00:00\",\"dateModified\":\"2024-03-11T12:39:31+00:00\",\"description\":\"Marca de Pequenos Eletrodom\u00e9sticos para a sua cozinha, cuidados pessoais, casa e climatiza\u00e7\u00e3o. A op\u00e7\u00e3o inteligente para a sua casa.\",\"breadcrumb\":{\"@id\":\"https:\/\/www.haegergroup.com\/en\/product\/digital-fan-with-humidifier-haeger-black-mist-ii-70w-3-speeds-remote-control\/#breadcrumb\"},\"inLanguage\":\"en-US\",\"potentialAction\":[{\"@type\":\"ReadAction\",\"target\":[\"https:\/\/www.haegergroup.com\/en\/product\/digital-fan-with-humidifier-haeger-black-mist-ii-70w-3-speeds-remote-control\/\"]}]},{\"@type\":\"ImageObject\",\"inLanguage\":\"en-US\",\"@id\":\"https:\/\/www.haegergroup.com\/en\/product\/digital-fan-with-humidifier-haeger-black-mist-ii-70w-3-speeds-remote-control\/#primaryimage\",\"url\":\"https:\/\/www.haegergroup.com\/wp-content\/uploads\/HF-18R.002A_1-2.jpg\",\"contentUrl\":\"https:\/\/www.haegergroup.com\/wp-content\/uploads\/HF-18R.002A_1-2.jpg\",\"width\":1200,\"height\":1200},{\"@type\":\"BreadcrumbList\",\"@id\":\"https:\/\/www.haegergroup.com\/en\/product\/digital-fan-with-humidifier-haeger-black-mist-ii-70w-3-speeds-remote-control\/#breadcrumb\",\"itemListElement\":[{\"@type\":\"ListItem\",\"position\":1,\"name\":\"Portada\",\"item\":\"https:\/\/www.haegergroup.com\/en\/\"},{\"@type\":\"ListItem\",\"position\":2,\"name\":\"Produtos\",\"item\":\"https:\/\/www.haegergroup.com\/pt-pt\/shop\/\"},{\"@type\":\"ListItem\",\"position\":3,\"name\":\"Digital Fan with Humidifier HAEGER Black Mist II\"}]},{\"@type\":\"WebSite\",\"@id\":\"https:\/\/www.haegergroup.com\/es\/#website\",\"url\":\"https:\/\/www.haegergroup.com\/es\/\",\"name\":\"HAEGER Home Appliances\",\"description\":\"eletrodom\u00e9sticos\",\"publisher\":{\"@id\":\"https:\/\/www.haegergroup.com\/es\/#organization\"},\"potentialAction\":[{\"@type\":\"SearchAction\",\"target\":{\"@type\":\"EntryPoint\",\"urlTemplate\":\"https:\/\/www.haegergroup.com\/es\/?s={search_term_string}\"},\"query-input\":{\"@type\":\"PropertyValueSpecification\",\"valueRequired\":true,\"valueName\":\"search_term_string\"}}],\"inLanguage\":\"en-US\"},{\"@type\":\"Organization\",\"@id\":\"https:\/\/www.haegergroup.com\/es\/#organization\",\"name\":\"Haeger Electrodom\u00e9sticos\",\"url\":\"https:\/\/www.haegergroup.com\/es\/\",\"logo\":{\"@type\":\"ImageObject\",\"inLanguage\":\"en-US\",\"@id\":\"https:\/\/www.haegergroup.com\/es\/#\/schema\/logo\/image\/\",\"url\":\"https:\/\/www.haegergroup.com\/wp-content\/uploads\/2018\/05\/logo-web-220.png\",\"contentUrl\":\"https:\/\/www.haegergroup.com\/wp-content\/uploads\/2018\/05\/logo-web-220.png\",\"width\":220,\"height\":49,\"caption\":\"Haeger Electrodom\u00e9sticos\"},\"image\":{\"@id\":\"https:\/\/www.haegergroup.com\/es\/#\/schema\/logo\/image\/\"}}]}<\/script>\n<!-- \/ Yoast SEO plugin. -->","yoast_head_json":{"title":"Digital Fan with Humidifier HAEGER Black Mist II - HAEGER Home Appliances","description":"Marca de Pequenos Eletrodom\u00e9sticos para a sua cozinha, cuidados pessoais, casa e climatiza\u00e7\u00e3o. A op\u00e7\u00e3o inteligente para a sua casa.","robots":{"index":"index","follow":"follow","max-snippet":"max-snippet:-1","max-image-preview":"max-image-preview:large","max-video-preview":"max-video-preview:-1"},"canonical":"https:\/\/www.haegergroup.com\/en\/product\/digital-fan-with-humidifier-haeger-black-mist-ii-70w-3-speeds-remote-control\/","og_locale":"en_US","og_type":"article","og_title":"Digital Fan with Humidifier HAEGER Black Mist II - HAEGER Home Appliances","og_description":"Marca de Pequenos Eletrodom\u00e9sticos para a sua cozinha, cuidados pessoais, casa e climatiza\u00e7\u00e3o. A op\u00e7\u00e3o inteligente para a sua casa.","og_url":"https:\/\/www.haegergroup.com\/en\/product\/digital-fan-with-humidifier-haeger-black-mist-ii-70w-3-speeds-remote-control\/","og_site_name":"HAEGER Home Appliances","article_modified_time":"2024-03-11T12:39:31+00:00","og_image":[{"width":1200,"height":1200,"url":"https:\/\/www.haegergroup.com\/wp-content\/uploads\/HF-18R.002A_1-1.jpg","type":"image\/jpeg"}],"twitter_card":"summary_large_image","twitter_misc":{"Est. reading time":"1 minute"},"schema":{"@context":"https:\/\/schema.org","@graph":[{"@type":"WebPage","@id":"https:\/\/www.haegergroup.com\/en\/product\/digital-fan-with-humidifier-haeger-black-mist-ii-70w-3-speeds-remote-control\/","url":"https:\/\/www.haegergroup.com\/en\/product\/digital-fan-with-humidifier-haeger-black-mist-ii-70w-3-speeds-remote-control\/","name":"Digital Fan with Humidifier HAEGER Black Mist II - HAEGER Home Appliances","isPartOf":{"@id":"https:\/\/www.haegergroup.com\/es\/#website"},"primaryImageOfPage":{"@id":"https:\/\/www.haegergroup.com\/en\/product\/digital-fan-with-humidifier-haeger-black-mist-ii-70w-3-speeds-remote-control\/#primaryimage"},"image":{"@id":"https:\/\/www.haegergroup.com\/en\/product\/digital-fan-with-humidifier-haeger-black-mist-ii-70w-3-speeds-remote-control\/#primaryimage"},"thumbnailUrl":"https:\/\/www.haegergroup.com\/wp-content\/uploads\/HF-18R.002A_1-2.jpg","datePublished":"2024-03-11T12:13:26+00:00","dateModified":"2024-03-11T12:39:31+00:00","description":"Marca de Pequenos Eletrodom\u00e9sticos para a sua cozinha, cuidados pessoais, casa e climatiza\u00e7\u00e3o. A op\u00e7\u00e3o inteligente para a sua casa.","breadcrumb":{"@id":"https:\/\/www.haegergroup.com\/en\/product\/digital-fan-with-humidifier-haeger-black-mist-ii-70w-3-speeds-remote-control\/#breadcrumb"},"inLanguage":"en-US","potentialAction":[{"@type":"ReadAction","target":["https:\/\/www.haegergroup.com\/en\/product\/digital-fan-with-humidifier-haeger-black-mist-ii-70w-3-speeds-remote-control\/"]}]},{"@type":"ImageObject","inLanguage":"en-US","@id":"https:\/\/www.haegergroup.com\/en\/product\/digital-fan-with-humidifier-haeger-black-mist-ii-70w-3-speeds-remote-control\/#primaryimage","url":"https:\/\/www.haegergroup.com\/wp-content\/uploads\/HF-18R.002A_1-2.jpg","contentUrl":"https:\/\/www.haegergroup.com\/wp-content\/uploads\/HF-18R.002A_1-2.jpg","width":1200,"height":1200},{"@type":"BreadcrumbList","@id":"https:\/\/www.haegergroup.com\/en\/product\/digital-fan-with-humidifier-haeger-black-mist-ii-70w-3-speeds-remote-control\/#breadcrumb","itemListElement":[{"@type":"ListItem","position":1,"name":"Portada","item":"https:\/\/www.haegergroup.com\/en\/"},{"@type":"ListItem","position":2,"name":"Produtos","item":"https:\/\/www.haegergroup.com\/pt-pt\/shop\/"},{"@type":"ListItem","position":3,"name":"Digital Fan with Humidifier HAEGER Black Mist II"}]},{"@type":"WebSite","@id":"https:\/\/www.haegergroup.com\/es\/#website","url":"https:\/\/www.haegergroup.com\/es\/","name":"HAEGER Home Appliances","description":"eletrodom\u00e9sticos","publisher":{"@id":"https:\/\/www.haegergroup.com\/es\/#organization"},"potentialAction":[{"@type":"SearchAction","target":{"@type":"EntryPoint","urlTemplate":"https:\/\/www.haegergroup.com\/es\/?s={search_term_string}"},"query-input":{"@type":"PropertyValueSpecification","valueRequired":true,"valueName":"search_term_string"}}],"inLanguage":"en-US"},{"@type":"Organization","@id":"https:\/\/www.haegergroup.com\/es\/#organization","name":"Haeger Electrodom\u00e9sticos","url":"https:\/\/www.haegergroup.com\/es\/","logo":{"@type":"ImageObject","inLanguage":"en-US","@id":"https:\/\/www.haegergroup.com\/es\/#\/schema\/logo\/image\/","url":"https:\/\/www.haegergroup.com\/wp-content\/uploads\/2018\/05\/logo-web-220.png","contentUrl":"https:\/\/www.haegergroup.com\/wp-content\/uploads\/2018\/05\/logo-web-220.png","width":220,"height":49,"caption":"Haeger Electrodom\u00e9sticos"},"image":{"@id":"https:\/\/www.haegergroup.com\/es\/#\/schema\/logo\/image\/"}}]}},"_links":{"self":[{"href":"https:\/\/www.haegergroup.com\/en\/wp-json\/wp\/v2\/product\/35896","targetHints":{"allow":["GET"]}}],"collection":[{"href":"https:\/\/www.haegergroup.com\/en\/wp-json\/wp\/v2\/product"}],"about":[{"href":"https:\/\/www.haegergroup.com\/en\/wp-json\/wp\/v2\/types\/product"}],"wp:featuredmedia":[{"embeddable":true,"href":"https:\/\/www.haegergroup.com\/en\/wp-json\/wp\/v2\/media\/35939"}],"wp:attachment":[{"href":"https:\/\/www.haegergroup.com\/en\/wp-json\/wp\/v2\/media?parent=35896"}],"wp:term":[{"taxonomy":"product_cat","embeddable":true,"href":"https:\/\/www.haegergroup.com\/en\/wp-json\/wp\/v2\/product_cat?post=35896"},{"taxonomy":"product_tag","embeddable":true,"href":"https:\/\/www.haegergroup.com\/en\/wp-json\/wp\/v2\/product_tag?post=35896"}],"curies":[{"name":"wp","href":"https:\/\/api.w.org\/{rel}","templated":true}]}}