{"id":35564,"date":"2024-01-15T17:01:22","date_gmt":"2024-01-16T12:25:46","guid":{"rendered":"https:\/\/www.haegergroup.com\/?post_type=product&#038;p=35564"},"modified":"2024-01-30T17:30:26","modified_gmt":"2024-01-30T17:30:26","slug":"electric-rice-cooker-haeger-dream-rice-1-8-l-700w","status":"publish","type":"product","link":"https:\/\/www.haegergroup.com\/en\/product\/electric-rice-cooker-haeger-dream-rice-1-8-l-700w\/","title":{"rendered":"Electric Rice Cooker HAEGER Dream Rice &#8211; 1.8 L, 700W"},"content":{"rendered":"<h2>The Secret to Perfect Rice at Home!<\/h2>\n<p>Turn every meal into a sensory experience with the HAEGER Dream Rice Cooker. Enjoy loose, flavoured rice, perfect for complementing your favourite dishes.<br \/>\nIts efficient and elegant design includes operating indicators, giving you absolute control between the Cook and Heat functions, keeping the rice at the ideal temperature until it&#8217;s time to serve.<br \/>\nWith a 1.2m power cable, you benefit from great flexibility of placement in your kitchen, while the 700 Watts of power ensure fast and even cooking.<\/p>\n<p><strong>Capacity and efficiency<\/strong><br \/>\nWith a capacity of 1.8 litres, it is ideal for preparing large quantities of rice, perfect for parties or family dinners, without compromising on quality or flavour.<\/p>\n<p><strong>Visualisation and control<\/strong><br \/>\nThe tempered glass lid with vent allows you to monitor the cooking of the rice without having to open the pan, keeping the heat and flavours preserved.<\/p>\n<p><strong>Practical use<\/strong><br \/>\nThanks to the non-stick coating, cleaning becomes a simple process. The included accessories, such as the measuring cup and special spoon, enrich the experience by providing the necessary tools for exact measurements and proper rice handling.<\/p>\n<p><strong>Safety and durability<\/strong><br \/>\nConstructed from high quality materials, the HAEGER Dream Rice Cooker has been developed with a focus on durability and user safety, equipped with a robust lid and vent that prevents excess pressure.<\/p>\n","protected":false},"excerpt":{"rendered":"<h2 class=\"fusion-responsive-typography-calculated\" data-fontsize=\"18\" data-lineheight=\"27px\">Electric Rice Cooker 1.8L<br \/>\nModel: RC-18L.002A<\/h2>\n<ul>\n<li>Baking function and heating function<\/li>\n<li>Capacity: 1.8 litres<\/li>\n<li>Tempered glass lid with vent<\/li>\n<li>Interior with non-stick coating<\/li>\n<li>Operation indicators (Bake \/ Heat)<\/li>\n<li>1.2m power cable<\/li>\n<li>Accessories: Measuring cup and spoon<\/li>\n<li>Power: 700 Watts<\/li>\n<\/ul>\n","protected":false},"featured_media":35545,"template":"","meta":[],"product_cat":[775,284,360],"product_tag":[],"class_list":{"0":"post-35564","1":"product","2":"type-product","3":"status-publish","4":"has-post-thumbnail","6":"product_cat-electric-rice-cooker","7":"product_cat-food-preparation","8":"product_cat-kitchen","10":"first","11":"instock","12":"shipping-taxable","13":"product-type-simple"},"yoast_head":"<!-- This site is optimized with the Yoast SEO plugin v24.1 - https:\/\/yoast.com\/wordpress\/plugins\/seo\/ -->\n<title>Electric Rice Cooker HAEGER Dream Rice - 1.8 L, 700W - HAEGER Home Appliances<\/title>\n<meta name=\"description\" content=\"Marca de Pequenos Eletrodom\u00e9sticos para a sua cozinha, cuidados pessoais, casa e climatiza\u00e7\u00e3o. A op\u00e7\u00e3o inteligente para a sua casa.\" \/>\n<meta name=\"robots\" content=\"index, follow, max-snippet:-1, max-image-preview:large, max-video-preview:-1\" \/>\n<link rel=\"canonical\" href=\"https:\/\/www.haegergroup.com\/en\/product\/electric-rice-cooker-haeger-dream-rice-1-8-l-700w\/\" \/>\n<meta property=\"og:locale\" content=\"en_US\" \/>\n<meta property=\"og:type\" content=\"article\" \/>\n<meta property=\"og:title\" content=\"Electric Rice Cooker HAEGER Dream Rice - 1.8 L, 700W - HAEGER Home Appliances\" \/>\n<meta property=\"og:description\" content=\"Marca de Pequenos Eletrodom\u00e9sticos para a sua cozinha, cuidados pessoais, casa e climatiza\u00e7\u00e3o. A op\u00e7\u00e3o inteligente para a sua casa.\" \/>\n<meta property=\"og:url\" content=\"https:\/\/www.haegergroup.com\/en\/product\/electric-rice-cooker-haeger-dream-rice-1-8-l-700w\/\" \/>\n<meta property=\"og:site_name\" content=\"HAEGER Home Appliances\" \/>\n<meta property=\"article:modified_time\" content=\"2024-01-30T17:30:26+00:00\" \/>\n<meta property=\"og:image\" content=\"https:\/\/www.haegergroup.com\/wp-content\/uploads\/RC-18L.002A_1-1.jpg\" \/>\n\t<meta property=\"og:image:width\" content=\"1200\" \/>\n\t<meta property=\"og:image:height\" content=\"1200\" \/>\n\t<meta property=\"og:image:type\" content=\"image\/jpeg\" \/>\n<meta name=\"twitter:card\" content=\"summary_large_image\" \/>\n<meta name=\"twitter:label1\" content=\"Est. reading time\" \/>\n\t<meta name=\"twitter:data1\" content=\"2 minutes\" \/>\n<script type=\"application\/ld+json\" class=\"yoast-schema-graph\">{\"@context\":\"https:\/\/schema.org\",\"@graph\":[{\"@type\":\"WebPage\",\"@id\":\"https:\/\/www.haegergroup.com\/en\/product\/electric-rice-cooker-haeger-dream-rice-1-8-l-700w\/\",\"url\":\"https:\/\/www.haegergroup.com\/en\/product\/electric-rice-cooker-haeger-dream-rice-1-8-l-700w\/\",\"name\":\"Electric Rice Cooker HAEGER Dream Rice - 1.8 L, 700W - HAEGER Home Appliances\",\"isPartOf\":{\"@id\":\"https:\/\/www.haegergroup.com\/es\/#website\"},\"primaryImageOfPage\":{\"@id\":\"https:\/\/www.haegergroup.com\/en\/product\/electric-rice-cooker-haeger-dream-rice-1-8-l-700w\/#primaryimage\"},\"image\":{\"@id\":\"https:\/\/www.haegergroup.com\/en\/product\/electric-rice-cooker-haeger-dream-rice-1-8-l-700w\/#primaryimage\"},\"thumbnailUrl\":\"https:\/\/www.haegergroup.com\/wp-content\/uploads\/RC-18L.002A_1-1.jpg\",\"datePublished\":\"2024-01-16T12:25:46+00:00\",\"dateModified\":\"2024-01-30T17:30:26+00:00\",\"description\":\"Marca de Pequenos Eletrodom\u00e9sticos para a sua cozinha, cuidados pessoais, casa e climatiza\u00e7\u00e3o. A op\u00e7\u00e3o inteligente para a sua casa.\",\"breadcrumb\":{\"@id\":\"https:\/\/www.haegergroup.com\/en\/product\/electric-rice-cooker-haeger-dream-rice-1-8-l-700w\/#breadcrumb\"},\"inLanguage\":\"en-US\",\"potentialAction\":[{\"@type\":\"ReadAction\",\"target\":[\"https:\/\/www.haegergroup.com\/en\/product\/electric-rice-cooker-haeger-dream-rice-1-8-l-700w\/\"]}]},{\"@type\":\"ImageObject\",\"inLanguage\":\"en-US\",\"@id\":\"https:\/\/www.haegergroup.com\/en\/product\/electric-rice-cooker-haeger-dream-rice-1-8-l-700w\/#primaryimage\",\"url\":\"https:\/\/www.haegergroup.com\/wp-content\/uploads\/RC-18L.002A_1-1.jpg\",\"contentUrl\":\"https:\/\/www.haegergroup.com\/wp-content\/uploads\/RC-18L.002A_1-1.jpg\",\"width\":1200,\"height\":1200},{\"@type\":\"BreadcrumbList\",\"@id\":\"https:\/\/www.haegergroup.com\/en\/product\/electric-rice-cooker-haeger-dream-rice-1-8-l-700w\/#breadcrumb\",\"itemListElement\":[{\"@type\":\"ListItem\",\"position\":1,\"name\":\"Portada\",\"item\":\"https:\/\/www.haegergroup.com\/en\/\"},{\"@type\":\"ListItem\",\"position\":2,\"name\":\"Productos\",\"item\":\"https:\/\/www.haegergroup.com\/es\/tienda\/\"},{\"@type\":\"ListItem\",\"position\":3,\"name\":\"Electric Rice Cooker HAEGER Dream Rice &#8211; 1.8 L, 700W\"}]},{\"@type\":\"WebSite\",\"@id\":\"https:\/\/www.haegergroup.com\/es\/#website\",\"url\":\"https:\/\/www.haegergroup.com\/es\/\",\"name\":\"HAEGER Home Appliances\",\"description\":\"eletrodom\u00e9sticos\",\"publisher\":{\"@id\":\"https:\/\/www.haegergroup.com\/es\/#organization\"},\"potentialAction\":[{\"@type\":\"SearchAction\",\"target\":{\"@type\":\"EntryPoint\",\"urlTemplate\":\"https:\/\/www.haegergroup.com\/es\/?s={search_term_string}\"},\"query-input\":{\"@type\":\"PropertyValueSpecification\",\"valueRequired\":true,\"valueName\":\"search_term_string\"}}],\"inLanguage\":\"en-US\"},{\"@type\":\"Organization\",\"@id\":\"https:\/\/www.haegergroup.com\/es\/#organization\",\"name\":\"Haeger Electrodom\u00e9sticos\",\"url\":\"https:\/\/www.haegergroup.com\/es\/\",\"logo\":{\"@type\":\"ImageObject\",\"inLanguage\":\"en-US\",\"@id\":\"https:\/\/www.haegergroup.com\/es\/#\/schema\/logo\/image\/\",\"url\":\"https:\/\/www.haegergroup.com\/wp-content\/uploads\/2018\/05\/logo-web-220.png\",\"contentUrl\":\"https:\/\/www.haegergroup.com\/wp-content\/uploads\/2018\/05\/logo-web-220.png\",\"width\":220,\"height\":49,\"caption\":\"Haeger Electrodom\u00e9sticos\"},\"image\":{\"@id\":\"https:\/\/www.haegergroup.com\/es\/#\/schema\/logo\/image\/\"}}]}<\/script>\n<!-- \/ Yoast SEO plugin. -->","yoast_head_json":{"title":"Electric Rice Cooker HAEGER Dream Rice - 1.8 L, 700W - HAEGER Home Appliances","description":"Marca de Pequenos Eletrodom\u00e9sticos para a sua cozinha, cuidados pessoais, casa e climatiza\u00e7\u00e3o. A op\u00e7\u00e3o inteligente para a sua casa.","robots":{"index":"index","follow":"follow","max-snippet":"max-snippet:-1","max-image-preview":"max-image-preview:large","max-video-preview":"max-video-preview:-1"},"canonical":"https:\/\/www.haegergroup.com\/en\/product\/electric-rice-cooker-haeger-dream-rice-1-8-l-700w\/","og_locale":"en_US","og_type":"article","og_title":"Electric Rice Cooker HAEGER Dream Rice - 1.8 L, 700W - HAEGER Home Appliances","og_description":"Marca de Pequenos Eletrodom\u00e9sticos para a sua cozinha, cuidados pessoais, casa e climatiza\u00e7\u00e3o. A op\u00e7\u00e3o inteligente para a sua casa.","og_url":"https:\/\/www.haegergroup.com\/en\/product\/electric-rice-cooker-haeger-dream-rice-1-8-l-700w\/","og_site_name":"HAEGER Home Appliances","article_modified_time":"2024-01-30T17:30:26+00:00","og_image":[{"width":1200,"height":1200,"url":"https:\/\/www.haegergroup.com\/wp-content\/uploads\/RC-18L.002A_1-1.jpg","type":"image\/jpeg"}],"twitter_card":"summary_large_image","twitter_misc":{"Est. reading time":"2 minutes"},"schema":{"@context":"https:\/\/schema.org","@graph":[{"@type":"WebPage","@id":"https:\/\/www.haegergroup.com\/en\/product\/electric-rice-cooker-haeger-dream-rice-1-8-l-700w\/","url":"https:\/\/www.haegergroup.com\/en\/product\/electric-rice-cooker-haeger-dream-rice-1-8-l-700w\/","name":"Electric Rice Cooker HAEGER Dream Rice - 1.8 L, 700W - HAEGER Home Appliances","isPartOf":{"@id":"https:\/\/www.haegergroup.com\/es\/#website"},"primaryImageOfPage":{"@id":"https:\/\/www.haegergroup.com\/en\/product\/electric-rice-cooker-haeger-dream-rice-1-8-l-700w\/#primaryimage"},"image":{"@id":"https:\/\/www.haegergroup.com\/en\/product\/electric-rice-cooker-haeger-dream-rice-1-8-l-700w\/#primaryimage"},"thumbnailUrl":"https:\/\/www.haegergroup.com\/wp-content\/uploads\/RC-18L.002A_1-1.jpg","datePublished":"2024-01-16T12:25:46+00:00","dateModified":"2024-01-30T17:30:26+00:00","description":"Marca de Pequenos Eletrodom\u00e9sticos para a sua cozinha, cuidados pessoais, casa e climatiza\u00e7\u00e3o. A op\u00e7\u00e3o inteligente para a sua casa.","breadcrumb":{"@id":"https:\/\/www.haegergroup.com\/en\/product\/electric-rice-cooker-haeger-dream-rice-1-8-l-700w\/#breadcrumb"},"inLanguage":"en-US","potentialAction":[{"@type":"ReadAction","target":["https:\/\/www.haegergroup.com\/en\/product\/electric-rice-cooker-haeger-dream-rice-1-8-l-700w\/"]}]},{"@type":"ImageObject","inLanguage":"en-US","@id":"https:\/\/www.haegergroup.com\/en\/product\/electric-rice-cooker-haeger-dream-rice-1-8-l-700w\/#primaryimage","url":"https:\/\/www.haegergroup.com\/wp-content\/uploads\/RC-18L.002A_1-1.jpg","contentUrl":"https:\/\/www.haegergroup.com\/wp-content\/uploads\/RC-18L.002A_1-1.jpg","width":1200,"height":1200},{"@type":"BreadcrumbList","@id":"https:\/\/www.haegergroup.com\/en\/product\/electric-rice-cooker-haeger-dream-rice-1-8-l-700w\/#breadcrumb","itemListElement":[{"@type":"ListItem","position":1,"name":"Portada","item":"https:\/\/www.haegergroup.com\/en\/"},{"@type":"ListItem","position":2,"name":"Productos","item":"https:\/\/www.haegergroup.com\/es\/tienda\/"},{"@type":"ListItem","position":3,"name":"Electric Rice Cooker HAEGER Dream Rice &#8211; 1.8 L, 700W"}]},{"@type":"WebSite","@id":"https:\/\/www.haegergroup.com\/es\/#website","url":"https:\/\/www.haegergroup.com\/es\/","name":"HAEGER Home Appliances","description":"eletrodom\u00e9sticos","publisher":{"@id":"https:\/\/www.haegergroup.com\/es\/#organization"},"potentialAction":[{"@type":"SearchAction","target":{"@type":"EntryPoint","urlTemplate":"https:\/\/www.haegergroup.com\/es\/?s={search_term_string}"},"query-input":{"@type":"PropertyValueSpecification","valueRequired":true,"valueName":"search_term_string"}}],"inLanguage":"en-US"},{"@type":"Organization","@id":"https:\/\/www.haegergroup.com\/es\/#organization","name":"Haeger Electrodom\u00e9sticos","url":"https:\/\/www.haegergroup.com\/es\/","logo":{"@type":"ImageObject","inLanguage":"en-US","@id":"https:\/\/www.haegergroup.com\/es\/#\/schema\/logo\/image\/","url":"https:\/\/www.haegergroup.com\/wp-content\/uploads\/2018\/05\/logo-web-220.png","contentUrl":"https:\/\/www.haegergroup.com\/wp-content\/uploads\/2018\/05\/logo-web-220.png","width":220,"height":49,"caption":"Haeger Electrodom\u00e9sticos"},"image":{"@id":"https:\/\/www.haegergroup.com\/es\/#\/schema\/logo\/image\/"}}]}},"_links":{"self":[{"href":"https:\/\/www.haegergroup.com\/en\/wp-json\/wp\/v2\/product\/35564","targetHints":{"allow":["GET"]}}],"collection":[{"href":"https:\/\/www.haegergroup.com\/en\/wp-json\/wp\/v2\/product"}],"about":[{"href":"https:\/\/www.haegergroup.com\/en\/wp-json\/wp\/v2\/types\/product"}],"wp:featuredmedia":[{"embeddable":true,"href":"https:\/\/www.haegergroup.com\/en\/wp-json\/wp\/v2\/media\/35545"}],"wp:attachment":[{"href":"https:\/\/www.haegergroup.com\/en\/wp-json\/wp\/v2\/media?parent=35564"}],"wp:term":[{"taxonomy":"product_cat","embeddable":true,"href":"https:\/\/www.haegergroup.com\/en\/wp-json\/wp\/v2\/product_cat?post=35564"},{"taxonomy":"product_tag","embeddable":true,"href":"https:\/\/www.haegergroup.com\/en\/wp-json\/wp\/v2\/product_tag?post=35564"}],"curies":[{"name":"wp","href":"https:\/\/api.w.org\/{rel}","templated":true}]}}