{"id":35435,"date":"2024-01-05T17:34:21","date_gmt":"2024-01-05T18:17:27","guid":{"rendered":"https:\/\/www.haegergroup.com\/?post_type=product&#038;p=35435"},"modified":"2025-10-06T11:18:46","modified_gmt":"2025-10-06T10:18:46","slug":"digital-air-fryer-haeger-air-glass-4-7l-glass-bowl","status":"publish","type":"product","link":"https:\/\/www.haegergroup.com\/en\/product\/digital-air-fryer-haeger-air-glass-4-7l-glass-bowl\/","title":{"rendered":"Digital Air Fryer HAEGER Air Glass &#8211; 4.7L, Glass Bowl"},"content":{"rendered":"<p>The HAEGER Air Glass fryer, with its 4.5 litre tempered glass tank, goes beyond being a simple appliance, it is a real revolution in contemporary cooking. By combining cutting-edge technology, sophisticated design and advanced features, this appliance has become indispensable for anyone who enjoys healthy and practical cooking.<\/p>\n<p>With 8 preset programmes, this fryer adapts to a wide variety of dishes, from crispy fries and juicy chicken to delicate vegetables. Each programme has been carefully calibrated to optimise time and temperature, guaranteeing flawless results every time.<\/p>\n<p>The secret of this fryer lies in its 360\u00ba hot air system. The even circulation of hot air ensures even cooking of food, preserving flavour and texture, while significantly reducing the need for oil, making every dish healthier. The 1200 Watt power provides fast and efficient preparation, saving time and energy.<\/p>\n<p>The digital control panel with touch screen makes it easy to use, making setting the time, temperature and programme selection a simple and intuitive task.<\/p>\n<p>The tempered glass bowl not only simplifies cleaning, but also offers greater durability, withstanding daily use and preserving the fryer&#8217;s elegant appearance over time.<\/p>\n","protected":false},"excerpt":{"rendered":"<h2>Digital air fryer with tempered glass bowl<br \/>\nModel: AF-G45.006B<\/h2>\n<ul>\n<li>8 cooking programmes with 360\u00ba hot air<\/li>\n<li>Digital touchscreen control<\/li>\n<li>Glass bowl capacity: 4.5 litres<\/li>\n<li>Better visualisation of food during cooking<\/li>\n<li>60-minute timer<\/li>\n<li>Digital control of temperature from 60\u00ba to 200\u00ba<\/li>\n<li>Power: 1200 Watts &#8211; 220-240V~ 50\/60Hz<\/li>\n<\/ul>\n","protected":false},"featured_media":37333,"template":"","meta":[],"product_cat":[366,360],"product_tag":[],"class_list":{"0":"post-35435","1":"product","2":"type-product","3":"status-publish","4":"has-post-thumbnail","6":"product_cat-fryers","7":"product_cat-kitchen","9":"first","10":"instock","11":"shipping-taxable","12":"product-type-simple"},"yoast_head":"<!-- This site is optimized with the Yoast SEO plugin v24.1 - https:\/\/yoast.com\/wordpress\/plugins\/seo\/ -->\n<title>Digital Air Fryer HAEGER Air Glass - 4.7L, Glass Bowl - HAEGER Home Appliances<\/title>\n<meta name=\"description\" content=\"Marca de Pequenos Eletrodom\u00e9sticos para a sua cozinha, cuidados pessoais, casa e climatiza\u00e7\u00e3o. A op\u00e7\u00e3o inteligente para a sua casa.\" \/>\n<meta name=\"robots\" content=\"index, follow, max-snippet:-1, max-image-preview:large, max-video-preview:-1\" \/>\n<link rel=\"canonical\" href=\"https:\/\/www.haegergroup.com\/en\/product\/digital-air-fryer-haeger-air-glass-4-7l-glass-bowl\/\" \/>\n<meta property=\"og:locale\" content=\"en_US\" \/>\n<meta property=\"og:type\" content=\"article\" \/>\n<meta property=\"og:title\" content=\"Digital Air Fryer HAEGER Air Glass - 4.7L, Glass Bowl - HAEGER Home Appliances\" \/>\n<meta property=\"og:description\" content=\"Marca de Pequenos Eletrodom\u00e9sticos para a sua cozinha, cuidados pessoais, casa e climatiza\u00e7\u00e3o. A op\u00e7\u00e3o inteligente para a sua casa.\" \/>\n<meta property=\"og:url\" content=\"https:\/\/www.haegergroup.com\/en\/product\/digital-air-fryer-haeger-air-glass-4-7l-glass-bowl\/\" \/>\n<meta property=\"og:site_name\" content=\"HAEGER Home Appliances\" \/>\n<meta property=\"article:modified_time\" content=\"2025-10-06T10:18:46+00:00\" \/>\n<meta property=\"og:image\" content=\"https:\/\/www.haegergroup.com\/wp-content\/uploads\/AF-G45.006B_1.jpg\" \/>\n\t<meta property=\"og:image:width\" content=\"1200\" \/>\n\t<meta property=\"og:image:height\" content=\"1200\" \/>\n\t<meta property=\"og:image:type\" content=\"image\/jpeg\" \/>\n<meta name=\"twitter:card\" content=\"summary_large_image\" \/>\n<meta name=\"twitter:label1\" content=\"Est. reading time\" \/>\n\t<meta name=\"twitter:data1\" content=\"2 minutes\" \/>\n<script type=\"application\/ld+json\" class=\"yoast-schema-graph\">{\"@context\":\"https:\/\/schema.org\",\"@graph\":[{\"@type\":\"WebPage\",\"@id\":\"https:\/\/www.haegergroup.com\/en\/product\/digital-air-fryer-haeger-air-glass-4-7l-glass-bowl\/\",\"url\":\"https:\/\/www.haegergroup.com\/en\/product\/digital-air-fryer-haeger-air-glass-4-7l-glass-bowl\/\",\"name\":\"Digital Air Fryer HAEGER Air Glass - 4.7L, Glass Bowl - HAEGER Home Appliances\",\"isPartOf\":{\"@id\":\"https:\/\/www.haegergroup.com\/es\/#website\"},\"primaryImageOfPage\":{\"@id\":\"https:\/\/www.haegergroup.com\/en\/product\/digital-air-fryer-haeger-air-glass-4-7l-glass-bowl\/#primaryimage\"},\"image\":{\"@id\":\"https:\/\/www.haegergroup.com\/en\/product\/digital-air-fryer-haeger-air-glass-4-7l-glass-bowl\/#primaryimage\"},\"thumbnailUrl\":\"https:\/\/www.haegergroup.com\/wp-content\/uploads\/AF-G45.006B_1.jpg\",\"datePublished\":\"2024-01-05T18:17:27+00:00\",\"dateModified\":\"2025-10-06T10:18:46+00:00\",\"description\":\"Marca de Pequenos Eletrodom\u00e9sticos para a sua cozinha, cuidados pessoais, casa e climatiza\u00e7\u00e3o. A op\u00e7\u00e3o inteligente para a sua casa.\",\"breadcrumb\":{\"@id\":\"https:\/\/www.haegergroup.com\/en\/product\/digital-air-fryer-haeger-air-glass-4-7l-glass-bowl\/#breadcrumb\"},\"inLanguage\":\"en-US\",\"potentialAction\":[{\"@type\":\"ReadAction\",\"target\":[\"https:\/\/www.haegergroup.com\/en\/product\/digital-air-fryer-haeger-air-glass-4-7l-glass-bowl\/\"]}]},{\"@type\":\"ImageObject\",\"inLanguage\":\"en-US\",\"@id\":\"https:\/\/www.haegergroup.com\/en\/product\/digital-air-fryer-haeger-air-glass-4-7l-glass-bowl\/#primaryimage\",\"url\":\"https:\/\/www.haegergroup.com\/wp-content\/uploads\/AF-G45.006B_1.jpg\",\"contentUrl\":\"https:\/\/www.haegergroup.com\/wp-content\/uploads\/AF-G45.006B_1.jpg\",\"width\":1200,\"height\":1200},{\"@type\":\"BreadcrumbList\",\"@id\":\"https:\/\/www.haegergroup.com\/en\/product\/digital-air-fryer-haeger-air-glass-4-7l-glass-bowl\/#breadcrumb\",\"itemListElement\":[{\"@type\":\"ListItem\",\"position\":1,\"name\":\"Portada\",\"item\":\"https:\/\/www.haegergroup.com\/en\/\"},{\"@type\":\"ListItem\",\"position\":2,\"name\":\"Productos\",\"item\":\"https:\/\/www.haegergroup.com\/es\/tienda\/\"},{\"@type\":\"ListItem\",\"position\":3,\"name\":\"Digital Air Fryer HAEGER Air Glass &#8211; 4.7L, Glass Bowl\"}]},{\"@type\":\"WebSite\",\"@id\":\"https:\/\/www.haegergroup.com\/es\/#website\",\"url\":\"https:\/\/www.haegergroup.com\/es\/\",\"name\":\"HAEGER Home Appliances\",\"description\":\"eletrodom\u00e9sticos\",\"publisher\":{\"@id\":\"https:\/\/www.haegergroup.com\/es\/#organization\"},\"potentialAction\":[{\"@type\":\"SearchAction\",\"target\":{\"@type\":\"EntryPoint\",\"urlTemplate\":\"https:\/\/www.haegergroup.com\/es\/?s={search_term_string}\"},\"query-input\":{\"@type\":\"PropertyValueSpecification\",\"valueRequired\":true,\"valueName\":\"search_term_string\"}}],\"inLanguage\":\"en-US\"},{\"@type\":\"Organization\",\"@id\":\"https:\/\/www.haegergroup.com\/es\/#organization\",\"name\":\"Haeger Electrodom\u00e9sticos\",\"url\":\"https:\/\/www.haegergroup.com\/es\/\",\"logo\":{\"@type\":\"ImageObject\",\"inLanguage\":\"en-US\",\"@id\":\"https:\/\/www.haegergroup.com\/es\/#\/schema\/logo\/image\/\",\"url\":\"https:\/\/www.haegergroup.com\/wp-content\/uploads\/2018\/05\/logo-web-220.png\",\"contentUrl\":\"https:\/\/www.haegergroup.com\/wp-content\/uploads\/2018\/05\/logo-web-220.png\",\"width\":220,\"height\":49,\"caption\":\"Haeger Electrodom\u00e9sticos\"},\"image\":{\"@id\":\"https:\/\/www.haegergroup.com\/es\/#\/schema\/logo\/image\/\"}}]}<\/script>\n<!-- \/ Yoast SEO plugin. -->","yoast_head_json":{"title":"Digital Air Fryer HAEGER Air Glass - 4.7L, Glass Bowl - HAEGER Home Appliances","description":"Marca de Pequenos Eletrodom\u00e9sticos para a sua cozinha, cuidados pessoais, casa e climatiza\u00e7\u00e3o. A op\u00e7\u00e3o inteligente para a sua casa.","robots":{"index":"index","follow":"follow","max-snippet":"max-snippet:-1","max-image-preview":"max-image-preview:large","max-video-preview":"max-video-preview:-1"},"canonical":"https:\/\/www.haegergroup.com\/en\/product\/digital-air-fryer-haeger-air-glass-4-7l-glass-bowl\/","og_locale":"en_US","og_type":"article","og_title":"Digital Air Fryer HAEGER Air Glass - 4.7L, Glass Bowl - HAEGER Home Appliances","og_description":"Marca de Pequenos Eletrodom\u00e9sticos para a sua cozinha, cuidados pessoais, casa e climatiza\u00e7\u00e3o. A op\u00e7\u00e3o inteligente para a sua casa.","og_url":"https:\/\/www.haegergroup.com\/en\/product\/digital-air-fryer-haeger-air-glass-4-7l-glass-bowl\/","og_site_name":"HAEGER Home Appliances","article_modified_time":"2025-10-06T10:18:46+00:00","og_image":[{"width":1200,"height":1200,"url":"https:\/\/www.haegergroup.com\/wp-content\/uploads\/AF-G45.006B_1.jpg","type":"image\/jpeg"}],"twitter_card":"summary_large_image","twitter_misc":{"Est. reading time":"2 minutes"},"schema":{"@context":"https:\/\/schema.org","@graph":[{"@type":"WebPage","@id":"https:\/\/www.haegergroup.com\/en\/product\/digital-air-fryer-haeger-air-glass-4-7l-glass-bowl\/","url":"https:\/\/www.haegergroup.com\/en\/product\/digital-air-fryer-haeger-air-glass-4-7l-glass-bowl\/","name":"Digital Air Fryer HAEGER Air Glass - 4.7L, Glass Bowl - HAEGER Home Appliances","isPartOf":{"@id":"https:\/\/www.haegergroup.com\/es\/#website"},"primaryImageOfPage":{"@id":"https:\/\/www.haegergroup.com\/en\/product\/digital-air-fryer-haeger-air-glass-4-7l-glass-bowl\/#primaryimage"},"image":{"@id":"https:\/\/www.haegergroup.com\/en\/product\/digital-air-fryer-haeger-air-glass-4-7l-glass-bowl\/#primaryimage"},"thumbnailUrl":"https:\/\/www.haegergroup.com\/wp-content\/uploads\/AF-G45.006B_1.jpg","datePublished":"2024-01-05T18:17:27+00:00","dateModified":"2025-10-06T10:18:46+00:00","description":"Marca de Pequenos Eletrodom\u00e9sticos para a sua cozinha, cuidados pessoais, casa e climatiza\u00e7\u00e3o. A op\u00e7\u00e3o inteligente para a sua casa.","breadcrumb":{"@id":"https:\/\/www.haegergroup.com\/en\/product\/digital-air-fryer-haeger-air-glass-4-7l-glass-bowl\/#breadcrumb"},"inLanguage":"en-US","potentialAction":[{"@type":"ReadAction","target":["https:\/\/www.haegergroup.com\/en\/product\/digital-air-fryer-haeger-air-glass-4-7l-glass-bowl\/"]}]},{"@type":"ImageObject","inLanguage":"en-US","@id":"https:\/\/www.haegergroup.com\/en\/product\/digital-air-fryer-haeger-air-glass-4-7l-glass-bowl\/#primaryimage","url":"https:\/\/www.haegergroup.com\/wp-content\/uploads\/AF-G45.006B_1.jpg","contentUrl":"https:\/\/www.haegergroup.com\/wp-content\/uploads\/AF-G45.006B_1.jpg","width":1200,"height":1200},{"@type":"BreadcrumbList","@id":"https:\/\/www.haegergroup.com\/en\/product\/digital-air-fryer-haeger-air-glass-4-7l-glass-bowl\/#breadcrumb","itemListElement":[{"@type":"ListItem","position":1,"name":"Portada","item":"https:\/\/www.haegergroup.com\/en\/"},{"@type":"ListItem","position":2,"name":"Productos","item":"https:\/\/www.haegergroup.com\/es\/tienda\/"},{"@type":"ListItem","position":3,"name":"Digital Air Fryer HAEGER Air Glass &#8211; 4.7L, Glass Bowl"}]},{"@type":"WebSite","@id":"https:\/\/www.haegergroup.com\/es\/#website","url":"https:\/\/www.haegergroup.com\/es\/","name":"HAEGER Home Appliances","description":"eletrodom\u00e9sticos","publisher":{"@id":"https:\/\/www.haegergroup.com\/es\/#organization"},"potentialAction":[{"@type":"SearchAction","target":{"@type":"EntryPoint","urlTemplate":"https:\/\/www.haegergroup.com\/es\/?s={search_term_string}"},"query-input":{"@type":"PropertyValueSpecification","valueRequired":true,"valueName":"search_term_string"}}],"inLanguage":"en-US"},{"@type":"Organization","@id":"https:\/\/www.haegergroup.com\/es\/#organization","name":"Haeger Electrodom\u00e9sticos","url":"https:\/\/www.haegergroup.com\/es\/","logo":{"@type":"ImageObject","inLanguage":"en-US","@id":"https:\/\/www.haegergroup.com\/es\/#\/schema\/logo\/image\/","url":"https:\/\/www.haegergroup.com\/wp-content\/uploads\/2018\/05\/logo-web-220.png","contentUrl":"https:\/\/www.haegergroup.com\/wp-content\/uploads\/2018\/05\/logo-web-220.png","width":220,"height":49,"caption":"Haeger Electrodom\u00e9sticos"},"image":{"@id":"https:\/\/www.haegergroup.com\/es\/#\/schema\/logo\/image\/"}}]}},"_links":{"self":[{"href":"https:\/\/www.haegergroup.com\/en\/wp-json\/wp\/v2\/product\/35435","targetHints":{"allow":["GET"]}}],"collection":[{"href":"https:\/\/www.haegergroup.com\/en\/wp-json\/wp\/v2\/product"}],"about":[{"href":"https:\/\/www.haegergroup.com\/en\/wp-json\/wp\/v2\/types\/product"}],"wp:featuredmedia":[{"embeddable":true,"href":"https:\/\/www.haegergroup.com\/en\/wp-json\/wp\/v2\/media\/37333"}],"wp:attachment":[{"href":"https:\/\/www.haegergroup.com\/en\/wp-json\/wp\/v2\/media?parent=35435"}],"wp:term":[{"taxonomy":"product_cat","embeddable":true,"href":"https:\/\/www.haegergroup.com\/en\/wp-json\/wp\/v2\/product_cat?post=35435"},{"taxonomy":"product_tag","embeddable":true,"href":"https:\/\/www.haegergroup.com\/en\/wp-json\/wp\/v2\/product_tag?post=35435"}],"curies":[{"name":"wp","href":"https:\/\/api.w.org\/{rel}","templated":true}]}}