{"id":35349,"date":"2023-12-18T16:00:30","date_gmt":"2023-12-18T16:04:21","guid":{"rendered":"https:\/\/www.haegergroup.com\/?post_type=product&#038;p=35349"},"modified":"2023-12-18T16:04:22","modified_gmt":"2023-12-18T16:04:22","slug":"steam-iron-haeger-dark-river-2200w-steam-60g-min-stainless-steel-base","status":"publish","type":"product","link":"https:\/\/www.haegergroup.com\/en\/product\/steam-iron-haeger-dark-river-2200w-steam-60g-min-stainless-steel-base\/","title":{"rendered":"Steam Iron HAEGER Dark River &#8211; 2200W, Steam 60g\/min, Stainless Steel Base"},"content":{"rendered":"<p>The HAEGER Dark River steam iron is the ideal tool for taking care of your clothes efficiently and comfortably. With a stainless steel soleplate, it glides easily over various types of fabric.<\/p>\n<p>The anti-scale system prevents mineral build-up, while the anti-drip and self-cleaning systems ensure that the iron and your clothes remain free of water stains.<\/p>\n<p>The adjustable temperature lets you set the right heat for each material, and the spray function helps moisten fabrics to eliminate stubborn creases.<\/p>\n<p>Equipped with 30g\/min continuous steam and a 60g\/min super steam jet, it is powerful enough to tackle the toughest wrinkles and folds.<\/p>\n<p>The vertical steam makes it possible to iron clothes directly on the hanger, and the 260 ml water tank reduces the need for frequent refills.<\/p>\n<p>The 2.20m long 360\u00ba swivelling handle provides great mobility and comfort during use.<\/p>\n","protected":false},"excerpt":{"rendered":"<h2>Steam iron with stainless steel base<br \/>\nModel: SI-220.015A<\/h2>\n<ul>\n<li>Stainless steel base,<\/li>\n<li>Anti-scale, anti-drip and self-cleaning system<\/li>\n<li>Adjustable temperature<\/li>\n<li>Spray function<\/li>\n<li>Continuous steam: 30g\/min<\/li>\n<li>Super steam jet: 60g\/min<\/li>\n<li>Vertical steam,<\/li>\n<li>Water tank: 260 ml<\/li>\n<li>360\u00ba swivelling handle<\/li>\n<li>Cable length: 2.20m<\/li>\n<\/ul>\n","protected":false},"featured_media":35332,"template":"","meta":[],"product_cat":[391,395],"product_tag":[],"class_list":{"0":"post-35349","1":"product","2":"type-product","3":"status-publish","4":"has-post-thumbnail","6":"product_cat-home","7":"product_cat-irons","9":"first","10":"instock","11":"shipping-taxable","12":"product-type-simple"},"yoast_head":"<!-- This site is optimized with the Yoast SEO plugin v24.1 - https:\/\/yoast.com\/wordpress\/plugins\/seo\/ -->\n<title>Steam Iron HAEGER Dark River - 2200W, Steam 60g\/min, Stainless Steel Base - HAEGER Home Appliances<\/title>\n<meta name=\"description\" content=\"Marca de Pequenos Eletrodom\u00e9sticos para a sua cozinha, cuidados pessoais, casa e climatiza\u00e7\u00e3o. A op\u00e7\u00e3o inteligente para a sua casa.\" \/>\n<meta name=\"robots\" content=\"index, follow, max-snippet:-1, max-image-preview:large, max-video-preview:-1\" \/>\n<link rel=\"canonical\" href=\"https:\/\/www.haegergroup.com\/en\/product\/steam-iron-haeger-dark-river-2200w-steam-60g-min-stainless-steel-base\/\" \/>\n<meta property=\"og:locale\" content=\"en_US\" \/>\n<meta property=\"og:type\" content=\"article\" \/>\n<meta property=\"og:title\" content=\"Steam Iron HAEGER Dark River - 2200W, Steam 60g\/min, Stainless Steel Base - HAEGER Home Appliances\" \/>\n<meta property=\"og:description\" content=\"Marca de Pequenos Eletrodom\u00e9sticos para a sua cozinha, cuidados pessoais, casa e climatiza\u00e7\u00e3o. A op\u00e7\u00e3o inteligente para a sua casa.\" \/>\n<meta property=\"og:url\" content=\"https:\/\/www.haegergroup.com\/en\/product\/steam-iron-haeger-dark-river-2200w-steam-60g-min-stainless-steel-base\/\" \/>\n<meta property=\"og:site_name\" content=\"HAEGER Home Appliances\" \/>\n<meta property=\"article:modified_time\" content=\"2023-12-18T16:04:22+00:00\" \/>\n<meta property=\"og:image\" content=\"https:\/\/www.haegergroup.com\/wp-content\/uploads\/SI-220.015A_1-1.jpg\" \/>\n\t<meta property=\"og:image:width\" content=\"1200\" \/>\n\t<meta property=\"og:image:height\" content=\"1200\" \/>\n\t<meta property=\"og:image:type\" content=\"image\/jpeg\" \/>\n<meta name=\"twitter:card\" content=\"summary_large_image\" \/>\n<meta name=\"twitter:label1\" content=\"Est. reading time\" \/>\n\t<meta name=\"twitter:data1\" content=\"1 minute\" \/>\n<script type=\"application\/ld+json\" class=\"yoast-schema-graph\">{\"@context\":\"https:\/\/schema.org\",\"@graph\":[{\"@type\":\"WebPage\",\"@id\":\"https:\/\/www.haegergroup.com\/en\/product\/steam-iron-haeger-dark-river-2200w-steam-60g-min-stainless-steel-base\/\",\"url\":\"https:\/\/www.haegergroup.com\/en\/product\/steam-iron-haeger-dark-river-2200w-steam-60g-min-stainless-steel-base\/\",\"name\":\"Steam Iron HAEGER Dark River - 2200W, Steam 60g\/min, Stainless Steel Base - HAEGER Home Appliances\",\"isPartOf\":{\"@id\":\"https:\/\/www.haegergroup.com\/es\/#website\"},\"primaryImageOfPage\":{\"@id\":\"https:\/\/www.haegergroup.com\/en\/product\/steam-iron-haeger-dark-river-2200w-steam-60g-min-stainless-steel-base\/#primaryimage\"},\"image\":{\"@id\":\"https:\/\/www.haegergroup.com\/en\/product\/steam-iron-haeger-dark-river-2200w-steam-60g-min-stainless-steel-base\/#primaryimage\"},\"thumbnailUrl\":\"https:\/\/www.haegergroup.com\/wp-content\/uploads\/SI-220.015A_1-1.jpg\",\"datePublished\":\"2023-12-18T16:04:21+00:00\",\"dateModified\":\"2023-12-18T16:04:22+00:00\",\"description\":\"Marca de Pequenos Eletrodom\u00e9sticos para a sua cozinha, cuidados pessoais, casa e climatiza\u00e7\u00e3o. A op\u00e7\u00e3o inteligente para a sua casa.\",\"breadcrumb\":{\"@id\":\"https:\/\/www.haegergroup.com\/en\/product\/steam-iron-haeger-dark-river-2200w-steam-60g-min-stainless-steel-base\/#breadcrumb\"},\"inLanguage\":\"en-US\",\"potentialAction\":[{\"@type\":\"ReadAction\",\"target\":[\"https:\/\/www.haegergroup.com\/en\/product\/steam-iron-haeger-dark-river-2200w-steam-60g-min-stainless-steel-base\/\"]}]},{\"@type\":\"ImageObject\",\"inLanguage\":\"en-US\",\"@id\":\"https:\/\/www.haegergroup.com\/en\/product\/steam-iron-haeger-dark-river-2200w-steam-60g-min-stainless-steel-base\/#primaryimage\",\"url\":\"https:\/\/www.haegergroup.com\/wp-content\/uploads\/SI-220.015A_1-1.jpg\",\"contentUrl\":\"https:\/\/www.haegergroup.com\/wp-content\/uploads\/SI-220.015A_1-1.jpg\",\"width\":1200,\"height\":1200},{\"@type\":\"BreadcrumbList\",\"@id\":\"https:\/\/www.haegergroup.com\/en\/product\/steam-iron-haeger-dark-river-2200w-steam-60g-min-stainless-steel-base\/#breadcrumb\",\"itemListElement\":[{\"@type\":\"ListItem\",\"position\":1,\"name\":\"Portada\",\"item\":\"https:\/\/www.haegergroup.com\/en\/\"},{\"@type\":\"ListItem\",\"position\":2,\"name\":\"Productos\",\"item\":\"https:\/\/www.haegergroup.com\/es\/tienda\/\"},{\"@type\":\"ListItem\",\"position\":3,\"name\":\"Steam Iron HAEGER Dark River &#8211; 2200W, Steam 60g\/min, Stainless Steel Base\"}]},{\"@type\":\"WebSite\",\"@id\":\"https:\/\/www.haegergroup.com\/es\/#website\",\"url\":\"https:\/\/www.haegergroup.com\/es\/\",\"name\":\"HAEGER Home Appliances\",\"description\":\"eletrodom\u00e9sticos\",\"publisher\":{\"@id\":\"https:\/\/www.haegergroup.com\/es\/#organization\"},\"potentialAction\":[{\"@type\":\"SearchAction\",\"target\":{\"@type\":\"EntryPoint\",\"urlTemplate\":\"https:\/\/www.haegergroup.com\/es\/?s={search_term_string}\"},\"query-input\":{\"@type\":\"PropertyValueSpecification\",\"valueRequired\":true,\"valueName\":\"search_term_string\"}}],\"inLanguage\":\"en-US\"},{\"@type\":\"Organization\",\"@id\":\"https:\/\/www.haegergroup.com\/es\/#organization\",\"name\":\"Haeger Electrodom\u00e9sticos\",\"url\":\"https:\/\/www.haegergroup.com\/es\/\",\"logo\":{\"@type\":\"ImageObject\",\"inLanguage\":\"en-US\",\"@id\":\"https:\/\/www.haegergroup.com\/es\/#\/schema\/logo\/image\/\",\"url\":\"https:\/\/www.haegergroup.com\/wp-content\/uploads\/2018\/05\/logo-web-220.png\",\"contentUrl\":\"https:\/\/www.haegergroup.com\/wp-content\/uploads\/2018\/05\/logo-web-220.png\",\"width\":220,\"height\":49,\"caption\":\"Haeger Electrodom\u00e9sticos\"},\"image\":{\"@id\":\"https:\/\/www.haegergroup.com\/es\/#\/schema\/logo\/image\/\"}}]}<\/script>\n<!-- \/ Yoast SEO plugin. -->","yoast_head_json":{"title":"Steam Iron HAEGER Dark River - 2200W, Steam 60g\/min, Stainless Steel Base - HAEGER Home Appliances","description":"Marca de Pequenos Eletrodom\u00e9sticos para a sua cozinha, cuidados pessoais, casa e climatiza\u00e7\u00e3o. A op\u00e7\u00e3o inteligente para a sua casa.","robots":{"index":"index","follow":"follow","max-snippet":"max-snippet:-1","max-image-preview":"max-image-preview:large","max-video-preview":"max-video-preview:-1"},"canonical":"https:\/\/www.haegergroup.com\/en\/product\/steam-iron-haeger-dark-river-2200w-steam-60g-min-stainless-steel-base\/","og_locale":"en_US","og_type":"article","og_title":"Steam Iron HAEGER Dark River - 2200W, Steam 60g\/min, Stainless Steel Base - HAEGER Home Appliances","og_description":"Marca de Pequenos Eletrodom\u00e9sticos para a sua cozinha, cuidados pessoais, casa e climatiza\u00e7\u00e3o. A op\u00e7\u00e3o inteligente para a sua casa.","og_url":"https:\/\/www.haegergroup.com\/en\/product\/steam-iron-haeger-dark-river-2200w-steam-60g-min-stainless-steel-base\/","og_site_name":"HAEGER Home Appliances","article_modified_time":"2023-12-18T16:04:22+00:00","og_image":[{"width":1200,"height":1200,"url":"https:\/\/www.haegergroup.com\/wp-content\/uploads\/SI-220.015A_1-1.jpg","type":"image\/jpeg"}],"twitter_card":"summary_large_image","twitter_misc":{"Est. reading time":"1 minute"},"schema":{"@context":"https:\/\/schema.org","@graph":[{"@type":"WebPage","@id":"https:\/\/www.haegergroup.com\/en\/product\/steam-iron-haeger-dark-river-2200w-steam-60g-min-stainless-steel-base\/","url":"https:\/\/www.haegergroup.com\/en\/product\/steam-iron-haeger-dark-river-2200w-steam-60g-min-stainless-steel-base\/","name":"Steam Iron HAEGER Dark River - 2200W, Steam 60g\/min, Stainless Steel Base - HAEGER Home Appliances","isPartOf":{"@id":"https:\/\/www.haegergroup.com\/es\/#website"},"primaryImageOfPage":{"@id":"https:\/\/www.haegergroup.com\/en\/product\/steam-iron-haeger-dark-river-2200w-steam-60g-min-stainless-steel-base\/#primaryimage"},"image":{"@id":"https:\/\/www.haegergroup.com\/en\/product\/steam-iron-haeger-dark-river-2200w-steam-60g-min-stainless-steel-base\/#primaryimage"},"thumbnailUrl":"https:\/\/www.haegergroup.com\/wp-content\/uploads\/SI-220.015A_1-1.jpg","datePublished":"2023-12-18T16:04:21+00:00","dateModified":"2023-12-18T16:04:22+00:00","description":"Marca de Pequenos Eletrodom\u00e9sticos para a sua cozinha, cuidados pessoais, casa e climatiza\u00e7\u00e3o. A op\u00e7\u00e3o inteligente para a sua casa.","breadcrumb":{"@id":"https:\/\/www.haegergroup.com\/en\/product\/steam-iron-haeger-dark-river-2200w-steam-60g-min-stainless-steel-base\/#breadcrumb"},"inLanguage":"en-US","potentialAction":[{"@type":"ReadAction","target":["https:\/\/www.haegergroup.com\/en\/product\/steam-iron-haeger-dark-river-2200w-steam-60g-min-stainless-steel-base\/"]}]},{"@type":"ImageObject","inLanguage":"en-US","@id":"https:\/\/www.haegergroup.com\/en\/product\/steam-iron-haeger-dark-river-2200w-steam-60g-min-stainless-steel-base\/#primaryimage","url":"https:\/\/www.haegergroup.com\/wp-content\/uploads\/SI-220.015A_1-1.jpg","contentUrl":"https:\/\/www.haegergroup.com\/wp-content\/uploads\/SI-220.015A_1-1.jpg","width":1200,"height":1200},{"@type":"BreadcrumbList","@id":"https:\/\/www.haegergroup.com\/en\/product\/steam-iron-haeger-dark-river-2200w-steam-60g-min-stainless-steel-base\/#breadcrumb","itemListElement":[{"@type":"ListItem","position":1,"name":"Portada","item":"https:\/\/www.haegergroup.com\/en\/"},{"@type":"ListItem","position":2,"name":"Productos","item":"https:\/\/www.haegergroup.com\/es\/tienda\/"},{"@type":"ListItem","position":3,"name":"Steam Iron HAEGER Dark River &#8211; 2200W, Steam 60g\/min, Stainless Steel Base"}]},{"@type":"WebSite","@id":"https:\/\/www.haegergroup.com\/es\/#website","url":"https:\/\/www.haegergroup.com\/es\/","name":"HAEGER Home Appliances","description":"eletrodom\u00e9sticos","publisher":{"@id":"https:\/\/www.haegergroup.com\/es\/#organization"},"potentialAction":[{"@type":"SearchAction","target":{"@type":"EntryPoint","urlTemplate":"https:\/\/www.haegergroup.com\/es\/?s={search_term_string}"},"query-input":{"@type":"PropertyValueSpecification","valueRequired":true,"valueName":"search_term_string"}}],"inLanguage":"en-US"},{"@type":"Organization","@id":"https:\/\/www.haegergroup.com\/es\/#organization","name":"Haeger Electrodom\u00e9sticos","url":"https:\/\/www.haegergroup.com\/es\/","logo":{"@type":"ImageObject","inLanguage":"en-US","@id":"https:\/\/www.haegergroup.com\/es\/#\/schema\/logo\/image\/","url":"https:\/\/www.haegergroup.com\/wp-content\/uploads\/2018\/05\/logo-web-220.png","contentUrl":"https:\/\/www.haegergroup.com\/wp-content\/uploads\/2018\/05\/logo-web-220.png","width":220,"height":49,"caption":"Haeger Electrodom\u00e9sticos"},"image":{"@id":"https:\/\/www.haegergroup.com\/es\/#\/schema\/logo\/image\/"}}]}},"_links":{"self":[{"href":"https:\/\/www.haegergroup.com\/en\/wp-json\/wp\/v2\/product\/35349","targetHints":{"allow":["GET"]}}],"collection":[{"href":"https:\/\/www.haegergroup.com\/en\/wp-json\/wp\/v2\/product"}],"about":[{"href":"https:\/\/www.haegergroup.com\/en\/wp-json\/wp\/v2\/types\/product"}],"wp:featuredmedia":[{"embeddable":true,"href":"https:\/\/www.haegergroup.com\/en\/wp-json\/wp\/v2\/media\/35332"}],"wp:attachment":[{"href":"https:\/\/www.haegergroup.com\/en\/wp-json\/wp\/v2\/media?parent=35349"}],"wp:term":[{"taxonomy":"product_cat","embeddable":true,"href":"https:\/\/www.haegergroup.com\/en\/wp-json\/wp\/v2\/product_cat?post=35349"},{"taxonomy":"product_tag","embeddable":true,"href":"https:\/\/www.haegergroup.com\/en\/wp-json\/wp\/v2\/product_tag?post=35349"}],"curies":[{"name":"wp","href":"https:\/\/api.w.org\/{rel}","templated":true}]}}