{"id":35177,"date":"2023-11-30T13:07:07","date_gmt":"2023-11-30T15:09:10","guid":{"rendered":"https:\/\/www.haegergroup.com\/?post_type=product&#038;p=35177"},"modified":"2023-11-30T15:09:11","modified_gmt":"2023-11-30T15:09:11","slug":"digital-electric-kettle-haeger-digiglass-1-7l-2200w","status":"publish","type":"product","link":"https:\/\/www.haegergroup.com\/en\/product\/digital-electric-kettle-haeger-digiglass-1-7l-2200w\/","title":{"rendered":"Digital Electric Kettle HAEGER Digiglass &#8211; 1.7L, 2200W"},"content":{"rendered":"<p>The HAEGER Digiglass Digital Electric Kettle is an excellent choice for those looking for efficiency and elegance in the kitchen. With a generous capacity of 1.7 litres, it is ideal for preparing several cups of tea or coffee, or for quickly boiling water for culinary recipes. The 2200W power ensures that the water reaches the desired temperature in no time at all, making it a valuable time-saving ally during your daily routine.<\/p>\n<p>The kettle&#8217;s modern and sophisticated design, finished in glass, not only beautifies your kitchen, but also allows easy visualisation of the water level, ensuring precision in use. The digital functionality of this HAEGER model offers more precise temperature control, ideal for tea lovers who favour infusions at specific temperatures.<\/p>\n<p>Safety has not been forgotten: the kettle has an automatic switch-off system and protection against dry running, guaranteeing your peace of mind and the safety of your home.<br \/>\nEasy to clean and maintain, the HAEGER Digiglass Digital Electric Kettle is a practical and elegant addition to any kitchen, combining technology, design and efficiency in one product.<\/p>\n","protected":false},"excerpt":{"rendered":"<h2>Electric kettle with digital display<br \/>\nModel: EK-DIG.028A<\/h2>\n<ul>\n<li>Wireless system for greater convenience<\/li>\n<li>Digital panel control<\/li>\n<li>Digital display with temperature indication<\/li>\n<li>&#8220;Boil&#8221;, 90\u00ba, 80\u00ba, 70\u00ba and &#8220;Keep warm&#8221; functions<\/li>\n<li>Double walls with glass interior<\/li>\n<li>Anti-fouling filter<\/li>\n<li>Stainless steel body and hidden heating element<\/li>\n<li>360\u00ba rotating base<\/li>\n<li>Safety device against dry running<\/li>\n<li>Automatic switch-off function<\/li>\n<li>Overheating protection<\/li>\n<li>Power: 2200 Watts<\/li>\n<\/ul>\n","protected":false},"featured_media":35147,"template":"","meta":[],"product_cat":[382,386,360],"product_tag":[],"class_list":{"0":"post-35177","1":"product","2":"type-product","3":"status-publish","4":"has-post-thumbnail","6":"product_cat-breakfast","7":"product_cat-electric-kettles","8":"product_cat-kitchen","10":"first","11":"instock","12":"shipping-taxable","13":"product-type-simple"},"yoast_head":"<!-- This site is optimized with the Yoast SEO plugin v24.1 - https:\/\/yoast.com\/wordpress\/plugins\/seo\/ -->\n<title>Digital Electric Kettle HAEGER Digiglass - 1.7L, 2200W - HAEGER Home Appliances<\/title>\n<meta name=\"description\" content=\"Marca de Pequenos Eletrodom\u00e9sticos para a sua cozinha, cuidados pessoais, casa e climatiza\u00e7\u00e3o. A op\u00e7\u00e3o inteligente para a sua casa.\" \/>\n<meta name=\"robots\" content=\"index, follow, max-snippet:-1, max-image-preview:large, max-video-preview:-1\" \/>\n<link rel=\"canonical\" href=\"https:\/\/www.haegergroup.com\/en\/product\/digital-electric-kettle-haeger-digiglass-1-7l-2200w\/\" \/>\n<meta property=\"og:locale\" content=\"en_US\" \/>\n<meta property=\"og:type\" content=\"article\" \/>\n<meta property=\"og:title\" content=\"Digital Electric Kettle HAEGER Digiglass - 1.7L, 2200W - HAEGER Home Appliances\" \/>\n<meta property=\"og:description\" content=\"Marca de Pequenos Eletrodom\u00e9sticos para a sua cozinha, cuidados pessoais, casa e climatiza\u00e7\u00e3o. A op\u00e7\u00e3o inteligente para a sua casa.\" \/>\n<meta property=\"og:url\" content=\"https:\/\/www.haegergroup.com\/en\/product\/digital-electric-kettle-haeger-digiglass-1-7l-2200w\/\" \/>\n<meta property=\"og:site_name\" content=\"HAEGER Home Appliances\" \/>\n<meta property=\"article:modified_time\" content=\"2023-11-30T15:09:11+00:00\" \/>\n<meta property=\"og:image\" content=\"https:\/\/www.haegergroup.com\/wp-content\/uploads\/EK-DIG.028A_1-1.jpg\" \/>\n\t<meta property=\"og:image:width\" content=\"1000\" \/>\n\t<meta property=\"og:image:height\" content=\"810\" \/>\n\t<meta property=\"og:image:type\" content=\"image\/jpeg\" \/>\n<meta name=\"twitter:card\" content=\"summary_large_image\" \/>\n<meta name=\"twitter:label1\" content=\"Est. reading time\" \/>\n\t<meta name=\"twitter:data1\" content=\"1 minute\" \/>\n<script type=\"application\/ld+json\" class=\"yoast-schema-graph\">{\"@context\":\"https:\/\/schema.org\",\"@graph\":[{\"@type\":\"WebPage\",\"@id\":\"https:\/\/www.haegergroup.com\/en\/product\/digital-electric-kettle-haeger-digiglass-1-7l-2200w\/\",\"url\":\"https:\/\/www.haegergroup.com\/en\/product\/digital-electric-kettle-haeger-digiglass-1-7l-2200w\/\",\"name\":\"Digital Electric Kettle HAEGER Digiglass - 1.7L, 2200W - HAEGER Home Appliances\",\"isPartOf\":{\"@id\":\"https:\/\/www.haegergroup.com\/es\/#website\"},\"primaryImageOfPage\":{\"@id\":\"https:\/\/www.haegergroup.com\/en\/product\/digital-electric-kettle-haeger-digiglass-1-7l-2200w\/#primaryimage\"},\"image\":{\"@id\":\"https:\/\/www.haegergroup.com\/en\/product\/digital-electric-kettle-haeger-digiglass-1-7l-2200w\/#primaryimage\"},\"thumbnailUrl\":\"https:\/\/www.haegergroup.com\/wp-content\/uploads\/EK-DIG.028A_1-1.jpg\",\"datePublished\":\"2023-11-30T15:09:10+00:00\",\"dateModified\":\"2023-11-30T15:09:11+00:00\",\"description\":\"Marca de Pequenos Eletrodom\u00e9sticos para a sua cozinha, cuidados pessoais, casa e climatiza\u00e7\u00e3o. A op\u00e7\u00e3o inteligente para a sua casa.\",\"breadcrumb\":{\"@id\":\"https:\/\/www.haegergroup.com\/en\/product\/digital-electric-kettle-haeger-digiglass-1-7l-2200w\/#breadcrumb\"},\"inLanguage\":\"en-US\",\"potentialAction\":[{\"@type\":\"ReadAction\",\"target\":[\"https:\/\/www.haegergroup.com\/en\/product\/digital-electric-kettle-haeger-digiglass-1-7l-2200w\/\"]}]},{\"@type\":\"ImageObject\",\"inLanguage\":\"en-US\",\"@id\":\"https:\/\/www.haegergroup.com\/en\/product\/digital-electric-kettle-haeger-digiglass-1-7l-2200w\/#primaryimage\",\"url\":\"https:\/\/www.haegergroup.com\/wp-content\/uploads\/EK-DIG.028A_1-1.jpg\",\"contentUrl\":\"https:\/\/www.haegergroup.com\/wp-content\/uploads\/EK-DIG.028A_1-1.jpg\",\"width\":1000,\"height\":810},{\"@type\":\"BreadcrumbList\",\"@id\":\"https:\/\/www.haegergroup.com\/en\/product\/digital-electric-kettle-haeger-digiglass-1-7l-2200w\/#breadcrumb\",\"itemListElement\":[{\"@type\":\"ListItem\",\"position\":1,\"name\":\"Portada\",\"item\":\"https:\/\/www.haegergroup.com\/en\/\"},{\"@type\":\"ListItem\",\"position\":2,\"name\":\"Productos\",\"item\":\"https:\/\/www.haegergroup.com\/es\/tienda\/\"},{\"@type\":\"ListItem\",\"position\":3,\"name\":\"Digital Electric Kettle HAEGER Digiglass &#8211; 1.7L, 2200W\"}]},{\"@type\":\"WebSite\",\"@id\":\"https:\/\/www.haegergroup.com\/es\/#website\",\"url\":\"https:\/\/www.haegergroup.com\/es\/\",\"name\":\"HAEGER Home Appliances\",\"description\":\"eletrodom\u00e9sticos\",\"publisher\":{\"@id\":\"https:\/\/www.haegergroup.com\/es\/#organization\"},\"potentialAction\":[{\"@type\":\"SearchAction\",\"target\":{\"@type\":\"EntryPoint\",\"urlTemplate\":\"https:\/\/www.haegergroup.com\/es\/?s={search_term_string}\"},\"query-input\":{\"@type\":\"PropertyValueSpecification\",\"valueRequired\":true,\"valueName\":\"search_term_string\"}}],\"inLanguage\":\"en-US\"},{\"@type\":\"Organization\",\"@id\":\"https:\/\/www.haegergroup.com\/es\/#organization\",\"name\":\"Haeger Electrodom\u00e9sticos\",\"url\":\"https:\/\/www.haegergroup.com\/es\/\",\"logo\":{\"@type\":\"ImageObject\",\"inLanguage\":\"en-US\",\"@id\":\"https:\/\/www.haegergroup.com\/es\/#\/schema\/logo\/image\/\",\"url\":\"https:\/\/www.haegergroup.com\/wp-content\/uploads\/2018\/05\/logo-web-220.png\",\"contentUrl\":\"https:\/\/www.haegergroup.com\/wp-content\/uploads\/2018\/05\/logo-web-220.png\",\"width\":220,\"height\":49,\"caption\":\"Haeger Electrodom\u00e9sticos\"},\"image\":{\"@id\":\"https:\/\/www.haegergroup.com\/es\/#\/schema\/logo\/image\/\"}}]}<\/script>\n<!-- \/ Yoast SEO plugin. -->","yoast_head_json":{"title":"Digital Electric Kettle HAEGER Digiglass - 1.7L, 2200W - HAEGER Home Appliances","description":"Marca de Pequenos Eletrodom\u00e9sticos para a sua cozinha, cuidados pessoais, casa e climatiza\u00e7\u00e3o. A op\u00e7\u00e3o inteligente para a sua casa.","robots":{"index":"index","follow":"follow","max-snippet":"max-snippet:-1","max-image-preview":"max-image-preview:large","max-video-preview":"max-video-preview:-1"},"canonical":"https:\/\/www.haegergroup.com\/en\/product\/digital-electric-kettle-haeger-digiglass-1-7l-2200w\/","og_locale":"en_US","og_type":"article","og_title":"Digital Electric Kettle HAEGER Digiglass - 1.7L, 2200W - HAEGER Home Appliances","og_description":"Marca de Pequenos Eletrodom\u00e9sticos para a sua cozinha, cuidados pessoais, casa e climatiza\u00e7\u00e3o. A op\u00e7\u00e3o inteligente para a sua casa.","og_url":"https:\/\/www.haegergroup.com\/en\/product\/digital-electric-kettle-haeger-digiglass-1-7l-2200w\/","og_site_name":"HAEGER Home Appliances","article_modified_time":"2023-11-30T15:09:11+00:00","og_image":[{"width":1000,"height":810,"url":"https:\/\/www.haegergroup.com\/wp-content\/uploads\/EK-DIG.028A_1-1.jpg","type":"image\/jpeg"}],"twitter_card":"summary_large_image","twitter_misc":{"Est. reading time":"1 minute"},"schema":{"@context":"https:\/\/schema.org","@graph":[{"@type":"WebPage","@id":"https:\/\/www.haegergroup.com\/en\/product\/digital-electric-kettle-haeger-digiglass-1-7l-2200w\/","url":"https:\/\/www.haegergroup.com\/en\/product\/digital-electric-kettle-haeger-digiglass-1-7l-2200w\/","name":"Digital Electric Kettle HAEGER Digiglass - 1.7L, 2200W - HAEGER Home Appliances","isPartOf":{"@id":"https:\/\/www.haegergroup.com\/es\/#website"},"primaryImageOfPage":{"@id":"https:\/\/www.haegergroup.com\/en\/product\/digital-electric-kettle-haeger-digiglass-1-7l-2200w\/#primaryimage"},"image":{"@id":"https:\/\/www.haegergroup.com\/en\/product\/digital-electric-kettle-haeger-digiglass-1-7l-2200w\/#primaryimage"},"thumbnailUrl":"https:\/\/www.haegergroup.com\/wp-content\/uploads\/EK-DIG.028A_1-1.jpg","datePublished":"2023-11-30T15:09:10+00:00","dateModified":"2023-11-30T15:09:11+00:00","description":"Marca de Pequenos Eletrodom\u00e9sticos para a sua cozinha, cuidados pessoais, casa e climatiza\u00e7\u00e3o. A op\u00e7\u00e3o inteligente para a sua casa.","breadcrumb":{"@id":"https:\/\/www.haegergroup.com\/en\/product\/digital-electric-kettle-haeger-digiglass-1-7l-2200w\/#breadcrumb"},"inLanguage":"en-US","potentialAction":[{"@type":"ReadAction","target":["https:\/\/www.haegergroup.com\/en\/product\/digital-electric-kettle-haeger-digiglass-1-7l-2200w\/"]}]},{"@type":"ImageObject","inLanguage":"en-US","@id":"https:\/\/www.haegergroup.com\/en\/product\/digital-electric-kettle-haeger-digiglass-1-7l-2200w\/#primaryimage","url":"https:\/\/www.haegergroup.com\/wp-content\/uploads\/EK-DIG.028A_1-1.jpg","contentUrl":"https:\/\/www.haegergroup.com\/wp-content\/uploads\/EK-DIG.028A_1-1.jpg","width":1000,"height":810},{"@type":"BreadcrumbList","@id":"https:\/\/www.haegergroup.com\/en\/product\/digital-electric-kettle-haeger-digiglass-1-7l-2200w\/#breadcrumb","itemListElement":[{"@type":"ListItem","position":1,"name":"Portada","item":"https:\/\/www.haegergroup.com\/en\/"},{"@type":"ListItem","position":2,"name":"Productos","item":"https:\/\/www.haegergroup.com\/es\/tienda\/"},{"@type":"ListItem","position":3,"name":"Digital Electric Kettle HAEGER Digiglass &#8211; 1.7L, 2200W"}]},{"@type":"WebSite","@id":"https:\/\/www.haegergroup.com\/es\/#website","url":"https:\/\/www.haegergroup.com\/es\/","name":"HAEGER Home Appliances","description":"eletrodom\u00e9sticos","publisher":{"@id":"https:\/\/www.haegergroup.com\/es\/#organization"},"potentialAction":[{"@type":"SearchAction","target":{"@type":"EntryPoint","urlTemplate":"https:\/\/www.haegergroup.com\/es\/?s={search_term_string}"},"query-input":{"@type":"PropertyValueSpecification","valueRequired":true,"valueName":"search_term_string"}}],"inLanguage":"en-US"},{"@type":"Organization","@id":"https:\/\/www.haegergroup.com\/es\/#organization","name":"Haeger Electrodom\u00e9sticos","url":"https:\/\/www.haegergroup.com\/es\/","logo":{"@type":"ImageObject","inLanguage":"en-US","@id":"https:\/\/www.haegergroup.com\/es\/#\/schema\/logo\/image\/","url":"https:\/\/www.haegergroup.com\/wp-content\/uploads\/2018\/05\/logo-web-220.png","contentUrl":"https:\/\/www.haegergroup.com\/wp-content\/uploads\/2018\/05\/logo-web-220.png","width":220,"height":49,"caption":"Haeger Electrodom\u00e9sticos"},"image":{"@id":"https:\/\/www.haegergroup.com\/es\/#\/schema\/logo\/image\/"}}]}},"_links":{"self":[{"href":"https:\/\/www.haegergroup.com\/en\/wp-json\/wp\/v2\/product\/35177","targetHints":{"allow":["GET"]}}],"collection":[{"href":"https:\/\/www.haegergroup.com\/en\/wp-json\/wp\/v2\/product"}],"about":[{"href":"https:\/\/www.haegergroup.com\/en\/wp-json\/wp\/v2\/types\/product"}],"wp:featuredmedia":[{"embeddable":true,"href":"https:\/\/www.haegergroup.com\/en\/wp-json\/wp\/v2\/media\/35147"}],"wp:attachment":[{"href":"https:\/\/www.haegergroup.com\/en\/wp-json\/wp\/v2\/media?parent=35177"}],"wp:term":[{"taxonomy":"product_cat","embeddable":true,"href":"https:\/\/www.haegergroup.com\/en\/wp-json\/wp\/v2\/product_cat?post=35177"},{"taxonomy":"product_tag","embeddable":true,"href":"https:\/\/www.haegergroup.com\/en\/wp-json\/wp\/v2\/product_tag?post=35177"}],"curies":[{"name":"wp","href":"https:\/\/api.w.org\/{rel}","templated":true}]}}