{"id":34995,"date":"2023-10-24T17:21:37","date_gmt":"2023-10-24T22:51:06","guid":{"rendered":"https:\/\/www.haegergroup.com\/?post_type=product&#038;p=34995"},"modified":"2023-10-24T23:51:06","modified_gmt":"2023-10-24T22:51:06","slug":"tv-wall-mount-haeger-double-tilt-swivel-17-32-vesa-75-100","status":"publish","type":"product","link":"https:\/\/www.haegergroup.com\/en\/product\/tv-wall-mount-haeger-double-tilt-swivel-17-32-vesa-75-100\/","title":{"rendered":"TV Wall Mount HAEGER Double Tilt &#038; Swivel &#8211; 17&#8243;- 32&#8243;, VESA 75\/100"},"content":{"rendered":"<p>This wall bracket offers a compact and robust design, ideal for TVs from 13&#8243; to 32&#8243; inches.<\/p>\n<p>Compatible with VESA standards from 75 x 75 mm to 100 x 100 mm, it is perfect for a variety of TV models.<\/p>\n<p>The bracket has an articulated arm that allows it to tilt 15\u00ba forwards and backwards, ensuring that you can find the perfect viewing angle. It also offers rotation of up to 60\u00ba, providing additional flexibility and the ability to support TVs weighing up to 20kg.<\/p>\n","protected":false},"excerpt":{"rendered":"<h2>TV Stand<br \/>\nModel: WB-T32.023A<\/h2>\n<ul>\n<li>For LED \/ LCD TVs from 13&#8243; &#8211; 32&#8243;<\/li>\n<li>Extra easy assembly<\/li>\n<li>360\u00ba position adjustment<\/li>\n<li>Universal drilling pattern<\/li>\n<li>VESA standard: 75x75mm, 100x100mm<\/li>\n<li>Wall clearance: 90mm<\/li>\n<li>Supported weight: 20kg<\/li>\n<li>Inclination: -15\u00ba~ +15\u00ba<\/li>\n<li>Orientation: 60\u00ba<\/li>\n<\/ul>\n","protected":false},"featured_media":34987,"template":"","meta":[],"product_cat":[348,350],"product_tag":[],"class_list":{"0":"post-34995","1":"product","2":"type-product","3":"status-publish","4":"has-post-thumbnail","6":"product_cat-tv-en","7":"product_cat-tv-stands","9":"first","10":"instock","11":"shipping-taxable","12":"product-type-simple"},"yoast_head":"<!-- This site is optimized with the Yoast SEO plugin v24.1 - https:\/\/yoast.com\/wordpress\/plugins\/seo\/ -->\n<title>TV Wall Mount HAEGER Double Tilt &amp; Swivel - 17&quot;- 32&quot;, VESA 75\/100 - HAEGER Home Appliances<\/title>\n<meta name=\"description\" content=\"Marca de Pequenos Eletrodom\u00e9sticos para a sua cozinha, cuidados pessoais, casa e climatiza\u00e7\u00e3o. A op\u00e7\u00e3o inteligente para a sua casa.\" \/>\n<meta name=\"robots\" content=\"index, follow, max-snippet:-1, max-image-preview:large, max-video-preview:-1\" \/>\n<link rel=\"canonical\" href=\"https:\/\/www.haegergroup.com\/en\/product\/tv-wall-mount-haeger-double-tilt-swivel-17-32-vesa-75-100\/\" \/>\n<meta property=\"og:locale\" content=\"en_US\" \/>\n<meta property=\"og:type\" content=\"article\" \/>\n<meta property=\"og:title\" content=\"TV Wall Mount HAEGER Double Tilt &amp; Swivel - 17&quot;- 32&quot;, VESA 75\/100 - HAEGER Home Appliances\" \/>\n<meta property=\"og:description\" content=\"Marca de Pequenos Eletrodom\u00e9sticos para a sua cozinha, cuidados pessoais, casa e climatiza\u00e7\u00e3o. A op\u00e7\u00e3o inteligente para a sua casa.\" \/>\n<meta property=\"og:url\" content=\"https:\/\/www.haegergroup.com\/en\/product\/tv-wall-mount-haeger-double-tilt-swivel-17-32-vesa-75-100\/\" \/>\n<meta property=\"og:site_name\" content=\"HAEGER Home Appliances\" \/>\n<meta property=\"og:image\" content=\"https:\/\/www.haegergroup.com\/wp-content\/uploads\/WB-T32.023A-scaled.jpg\" \/>\n\t<meta property=\"og:image:width\" content=\"2560\" \/>\n\t<meta property=\"og:image:height\" content=\"2107\" \/>\n\t<meta property=\"og:image:type\" content=\"image\/jpeg\" \/>\n<meta name=\"twitter:card\" content=\"summary_large_image\" \/>\n<meta name=\"twitter:label1\" content=\"Est. reading time\" \/>\n\t<meta name=\"twitter:data1\" content=\"1 minute\" \/>\n<script type=\"application\/ld+json\" class=\"yoast-schema-graph\">{\"@context\":\"https:\/\/schema.org\",\"@graph\":[{\"@type\":\"WebPage\",\"@id\":\"https:\/\/www.haegergroup.com\/en\/product\/tv-wall-mount-haeger-double-tilt-swivel-17-32-vesa-75-100\/\",\"url\":\"https:\/\/www.haegergroup.com\/en\/product\/tv-wall-mount-haeger-double-tilt-swivel-17-32-vesa-75-100\/\",\"name\":\"TV Wall Mount HAEGER Double Tilt & Swivel - 17\\\"- 32\\\", VESA 75\/100 - HAEGER Home Appliances\",\"isPartOf\":{\"@id\":\"https:\/\/www.haegergroup.com\/es\/#website\"},\"primaryImageOfPage\":{\"@id\":\"https:\/\/www.haegergroup.com\/en\/product\/tv-wall-mount-haeger-double-tilt-swivel-17-32-vesa-75-100\/#primaryimage\"},\"image\":{\"@id\":\"https:\/\/www.haegergroup.com\/en\/product\/tv-wall-mount-haeger-double-tilt-swivel-17-32-vesa-75-100\/#primaryimage\"},\"thumbnailUrl\":\"https:\/\/www.haegergroup.com\/wp-content\/uploads\/WB-T32.023A-scaled.jpg\",\"datePublished\":\"2023-10-24T22:51:06+00:00\",\"dateModified\":\"2023-10-24T22:51:06+00:00\",\"description\":\"Marca de Pequenos Eletrodom\u00e9sticos para a sua cozinha, cuidados pessoais, casa e climatiza\u00e7\u00e3o. A op\u00e7\u00e3o inteligente para a sua casa.\",\"breadcrumb\":{\"@id\":\"https:\/\/www.haegergroup.com\/en\/product\/tv-wall-mount-haeger-double-tilt-swivel-17-32-vesa-75-100\/#breadcrumb\"},\"inLanguage\":\"en-US\",\"potentialAction\":[{\"@type\":\"ReadAction\",\"target\":[\"https:\/\/www.haegergroup.com\/en\/product\/tv-wall-mount-haeger-double-tilt-swivel-17-32-vesa-75-100\/\"]}]},{\"@type\":\"ImageObject\",\"inLanguage\":\"en-US\",\"@id\":\"https:\/\/www.haegergroup.com\/en\/product\/tv-wall-mount-haeger-double-tilt-swivel-17-32-vesa-75-100\/#primaryimage\",\"url\":\"https:\/\/www.haegergroup.com\/wp-content\/uploads\/WB-T32.023A-scaled.jpg\",\"contentUrl\":\"https:\/\/www.haegergroup.com\/wp-content\/uploads\/WB-T32.023A-scaled.jpg\",\"width\":2560,\"height\":2107},{\"@type\":\"BreadcrumbList\",\"@id\":\"https:\/\/www.haegergroup.com\/en\/product\/tv-wall-mount-haeger-double-tilt-swivel-17-32-vesa-75-100\/#breadcrumb\",\"itemListElement\":[{\"@type\":\"ListItem\",\"position\":1,\"name\":\"Portada\",\"item\":\"https:\/\/www.haegergroup.com\/en\/\"},{\"@type\":\"ListItem\",\"position\":2,\"name\":\"Productos\",\"item\":\"https:\/\/www.haegergroup.com\/es\/tienda\/\"},{\"@type\":\"ListItem\",\"position\":3,\"name\":\"TV Wall Mount HAEGER Double Tilt &#038; Swivel &#8211; 17&#8243;- 32&#8243;, VESA 75\/100\"}]},{\"@type\":\"WebSite\",\"@id\":\"https:\/\/www.haegergroup.com\/es\/#website\",\"url\":\"https:\/\/www.haegergroup.com\/es\/\",\"name\":\"HAEGER Home Appliances\",\"description\":\"eletrodom\u00e9sticos\",\"publisher\":{\"@id\":\"https:\/\/www.haegergroup.com\/es\/#organization\"},\"potentialAction\":[{\"@type\":\"SearchAction\",\"target\":{\"@type\":\"EntryPoint\",\"urlTemplate\":\"https:\/\/www.haegergroup.com\/es\/?s={search_term_string}\"},\"query-input\":{\"@type\":\"PropertyValueSpecification\",\"valueRequired\":true,\"valueName\":\"search_term_string\"}}],\"inLanguage\":\"en-US\"},{\"@type\":\"Organization\",\"@id\":\"https:\/\/www.haegergroup.com\/es\/#organization\",\"name\":\"Haeger Electrodom\u00e9sticos\",\"url\":\"https:\/\/www.haegergroup.com\/es\/\",\"logo\":{\"@type\":\"ImageObject\",\"inLanguage\":\"en-US\",\"@id\":\"https:\/\/www.haegergroup.com\/es\/#\/schema\/logo\/image\/\",\"url\":\"https:\/\/www.haegergroup.com\/wp-content\/uploads\/2018\/05\/logo-web-220.png\",\"contentUrl\":\"https:\/\/www.haegergroup.com\/wp-content\/uploads\/2018\/05\/logo-web-220.png\",\"width\":220,\"height\":49,\"caption\":\"Haeger Electrodom\u00e9sticos\"},\"image\":{\"@id\":\"https:\/\/www.haegergroup.com\/es\/#\/schema\/logo\/image\/\"}}]}<\/script>\n<!-- \/ Yoast SEO plugin. -->","yoast_head_json":{"title":"TV Wall Mount HAEGER Double Tilt & Swivel - 17\"- 32\", VESA 75\/100 - HAEGER Home Appliances","description":"Marca de Pequenos Eletrodom\u00e9sticos para a sua cozinha, cuidados pessoais, casa e climatiza\u00e7\u00e3o. A op\u00e7\u00e3o inteligente para a sua casa.","robots":{"index":"index","follow":"follow","max-snippet":"max-snippet:-1","max-image-preview":"max-image-preview:large","max-video-preview":"max-video-preview:-1"},"canonical":"https:\/\/www.haegergroup.com\/en\/product\/tv-wall-mount-haeger-double-tilt-swivel-17-32-vesa-75-100\/","og_locale":"en_US","og_type":"article","og_title":"TV Wall Mount HAEGER Double Tilt & Swivel - 17\"- 32\", VESA 75\/100 - HAEGER Home Appliances","og_description":"Marca de Pequenos Eletrodom\u00e9sticos para a sua cozinha, cuidados pessoais, casa e climatiza\u00e7\u00e3o. A op\u00e7\u00e3o inteligente para a sua casa.","og_url":"https:\/\/www.haegergroup.com\/en\/product\/tv-wall-mount-haeger-double-tilt-swivel-17-32-vesa-75-100\/","og_site_name":"HAEGER Home Appliances","og_image":[{"width":2560,"height":2107,"url":"https:\/\/www.haegergroup.com\/wp-content\/uploads\/WB-T32.023A-scaled.jpg","type":"image\/jpeg"}],"twitter_card":"summary_large_image","twitter_misc":{"Est. reading time":"1 minute"},"schema":{"@context":"https:\/\/schema.org","@graph":[{"@type":"WebPage","@id":"https:\/\/www.haegergroup.com\/en\/product\/tv-wall-mount-haeger-double-tilt-swivel-17-32-vesa-75-100\/","url":"https:\/\/www.haegergroup.com\/en\/product\/tv-wall-mount-haeger-double-tilt-swivel-17-32-vesa-75-100\/","name":"TV Wall Mount HAEGER Double Tilt & Swivel - 17\"- 32\", VESA 75\/100 - HAEGER Home Appliances","isPartOf":{"@id":"https:\/\/www.haegergroup.com\/es\/#website"},"primaryImageOfPage":{"@id":"https:\/\/www.haegergroup.com\/en\/product\/tv-wall-mount-haeger-double-tilt-swivel-17-32-vesa-75-100\/#primaryimage"},"image":{"@id":"https:\/\/www.haegergroup.com\/en\/product\/tv-wall-mount-haeger-double-tilt-swivel-17-32-vesa-75-100\/#primaryimage"},"thumbnailUrl":"https:\/\/www.haegergroup.com\/wp-content\/uploads\/WB-T32.023A-scaled.jpg","datePublished":"2023-10-24T22:51:06+00:00","dateModified":"2023-10-24T22:51:06+00:00","description":"Marca de Pequenos Eletrodom\u00e9sticos para a sua cozinha, cuidados pessoais, casa e climatiza\u00e7\u00e3o. A op\u00e7\u00e3o inteligente para a sua casa.","breadcrumb":{"@id":"https:\/\/www.haegergroup.com\/en\/product\/tv-wall-mount-haeger-double-tilt-swivel-17-32-vesa-75-100\/#breadcrumb"},"inLanguage":"en-US","potentialAction":[{"@type":"ReadAction","target":["https:\/\/www.haegergroup.com\/en\/product\/tv-wall-mount-haeger-double-tilt-swivel-17-32-vesa-75-100\/"]}]},{"@type":"ImageObject","inLanguage":"en-US","@id":"https:\/\/www.haegergroup.com\/en\/product\/tv-wall-mount-haeger-double-tilt-swivel-17-32-vesa-75-100\/#primaryimage","url":"https:\/\/www.haegergroup.com\/wp-content\/uploads\/WB-T32.023A-scaled.jpg","contentUrl":"https:\/\/www.haegergroup.com\/wp-content\/uploads\/WB-T32.023A-scaled.jpg","width":2560,"height":2107},{"@type":"BreadcrumbList","@id":"https:\/\/www.haegergroup.com\/en\/product\/tv-wall-mount-haeger-double-tilt-swivel-17-32-vesa-75-100\/#breadcrumb","itemListElement":[{"@type":"ListItem","position":1,"name":"Portada","item":"https:\/\/www.haegergroup.com\/en\/"},{"@type":"ListItem","position":2,"name":"Productos","item":"https:\/\/www.haegergroup.com\/es\/tienda\/"},{"@type":"ListItem","position":3,"name":"TV Wall Mount HAEGER Double Tilt &#038; Swivel &#8211; 17&#8243;- 32&#8243;, VESA 75\/100"}]},{"@type":"WebSite","@id":"https:\/\/www.haegergroup.com\/es\/#website","url":"https:\/\/www.haegergroup.com\/es\/","name":"HAEGER Home Appliances","description":"eletrodom\u00e9sticos","publisher":{"@id":"https:\/\/www.haegergroup.com\/es\/#organization"},"potentialAction":[{"@type":"SearchAction","target":{"@type":"EntryPoint","urlTemplate":"https:\/\/www.haegergroup.com\/es\/?s={search_term_string}"},"query-input":{"@type":"PropertyValueSpecification","valueRequired":true,"valueName":"search_term_string"}}],"inLanguage":"en-US"},{"@type":"Organization","@id":"https:\/\/www.haegergroup.com\/es\/#organization","name":"Haeger Electrodom\u00e9sticos","url":"https:\/\/www.haegergroup.com\/es\/","logo":{"@type":"ImageObject","inLanguage":"en-US","@id":"https:\/\/www.haegergroup.com\/es\/#\/schema\/logo\/image\/","url":"https:\/\/www.haegergroup.com\/wp-content\/uploads\/2018\/05\/logo-web-220.png","contentUrl":"https:\/\/www.haegergroup.com\/wp-content\/uploads\/2018\/05\/logo-web-220.png","width":220,"height":49,"caption":"Haeger Electrodom\u00e9sticos"},"image":{"@id":"https:\/\/www.haegergroup.com\/es\/#\/schema\/logo\/image\/"}}]}},"_links":{"self":[{"href":"https:\/\/www.haegergroup.com\/en\/wp-json\/wp\/v2\/product\/34995","targetHints":{"allow":["GET"]}}],"collection":[{"href":"https:\/\/www.haegergroup.com\/en\/wp-json\/wp\/v2\/product"}],"about":[{"href":"https:\/\/www.haegergroup.com\/en\/wp-json\/wp\/v2\/types\/product"}],"wp:featuredmedia":[{"embeddable":true,"href":"https:\/\/www.haegergroup.com\/en\/wp-json\/wp\/v2\/media\/34987"}],"wp:attachment":[{"href":"https:\/\/www.haegergroup.com\/en\/wp-json\/wp\/v2\/media?parent=34995"}],"wp:term":[{"taxonomy":"product_cat","embeddable":true,"href":"https:\/\/www.haegergroup.com\/en\/wp-json\/wp\/v2\/product_cat?post=34995"},{"taxonomy":"product_tag","embeddable":true,"href":"https:\/\/www.haegergroup.com\/en\/wp-json\/wp\/v2\/product_tag?post=34995"}],"curies":[{"name":"wp","href":"https:\/\/api.w.org\/{rel}","templated":true}]}}