{"id":34558,"date":"2023-05-05T14:49:21","date_gmt":"2023-05-05T13:49:21","guid":{"rendered":"https:\/\/www.haegergroup.com\/product\/set-fondue-grill-and-raclette-haeger-cool-dinner-suitable-for-up-to-8-people1400w\/"},"modified":"2023-07-24T18:28:28","modified_gmt":"2023-07-24T17:28:28","slug":"set-fondue-grill-and-raclette-haeger-cool-dinner-suitable-for-up-to-8-people1400w","status":"publish","type":"product","link":"https:\/\/www.haegergroup.com\/en\/product\/set-fondue-grill-and-raclette-haeger-cool-dinner-suitable-for-up-to-8-people1400w\/","title":{"rendered":"Set Fondue, Grill and Raclette HAEGER Cool Dinner &#8211; Suitable for up to 8 People,1400W"},"content":{"rendered":"<p>With the HAEGER Cool Dinner fun at the table is guaranteed! This multifunctional appliance is perfect for bringing family and friends together, allowing you to prepare fondue, grills and raclette with ease and practicality. With capacity for up to 8 people, it is the ideal choice to make meals even more special.<\/p>\n<p><strong>Fondue, Grill and Raclette in one appliance!<\/strong><br \/>\nWith the HAEGER Cool Dinner, you have three appliances in one! With the ability to prepare fondue, grill and raclette, this multifunctional appliance is perfect to make meals even more tasty and fun.<\/p>\n<p><strong>Suitable for up to 8 people<\/strong><br \/>\nWith capacity for up to 8 people, it is ideal for bringing family and friends together around the table. With it, you can prepare delicious fondue, grill and raclette recipes and share unforgettable moments.<\/p>\n<p><strong>Variable temperature control and non-stick grilling plate<\/strong><br \/>\nThe HAEGER Cool Dinner is equipped with variable temperature control, allowing you to adjust the temperature as needed for each recipe. In addition, its grilling plate in non-stick material ensures practicality when cooking and ease when cleaning.<\/p>\n<p><strong>Characteristics:<\/strong><br \/>\n&#8211; Suitable for up to 8 people<br \/>\n&#8211; 8 skewers and 8 raclettes<br \/>\n&#8211; Suitable for cheese, chocolate, oil and broth<br \/>\n&#8211; Bowl, pans and grilling plate made of non-stick material<br \/>\n&#8211; Dishwasher-safe bowl, pans and griddle<br \/>\n&#8211; Variable temperature control<br \/>\n&#8211; Plate dimensions: 420 x 230 mm<br \/>\n&#8211; Power: 1400W<\/p>\n","protected":false},"excerpt":{"rendered":"<p><strong>Model: GR-FRG.016A<\/strong><\/p>\n<ul>\n<li>Suitable for up to 8 people<\/li>\n<li>8 skewers and 8 raclettes<\/li>\n<li>Suitable for cheese, chocolate, oil and stock<\/li>\n<li>Bowl, pans and grill plate made of non-stick material<\/li>\n<li>Dishwasher-safe bowl, pans and plate<\/li>\n<li>Variable temperature control<\/li>\n<li>Plate dimensions: 420 x 230 mm<\/li>\n<li>Power: 1400W<\/li>\n<\/ul>\n","protected":false},"featured_media":34555,"template":"","meta":[],"product_cat":[365,360],"product_tag":[],"class_list":{"0":"post-34558","1":"product","2":"type-product","3":"status-publish","4":"has-post-thumbnail","6":"product_cat-barbecues-en","7":"product_cat-kitchen","9":"first","10":"instock","11":"shipping-taxable","12":"product-type-simple"},"yoast_head":"<!-- This site is optimized with the Yoast SEO plugin v24.1 - https:\/\/yoast.com\/wordpress\/plugins\/seo\/ -->\n<title>Set Fondue, Grill and Raclette HAEGER Cool Dinner - Suitable for up to 8 People,1400W - HAEGER Home Appliances<\/title>\n<meta name=\"description\" content=\"Marca de Pequenos Eletrodom\u00e9sticos para a sua cozinha, cuidados pessoais, casa e climatiza\u00e7\u00e3o. A op\u00e7\u00e3o inteligente para a sua casa.\" \/>\n<meta name=\"robots\" content=\"index, follow, max-snippet:-1, max-image-preview:large, max-video-preview:-1\" \/>\n<link rel=\"canonical\" href=\"https:\/\/www.haegergroup.com\/en\/product\/set-fondue-grill-and-raclette-haeger-cool-dinner-suitable-for-up-to-8-people1400w\/\" \/>\n<meta property=\"og:locale\" content=\"en_US\" \/>\n<meta property=\"og:type\" content=\"article\" \/>\n<meta property=\"og:title\" content=\"Set Fondue, Grill and Raclette HAEGER Cool Dinner - Suitable for up to 8 People,1400W - HAEGER Home Appliances\" \/>\n<meta property=\"og:description\" content=\"Marca de Pequenos Eletrodom\u00e9sticos para a sua cozinha, cuidados pessoais, casa e climatiza\u00e7\u00e3o. A op\u00e7\u00e3o inteligente para a sua casa.\" \/>\n<meta property=\"og:url\" content=\"https:\/\/www.haegergroup.com\/en\/product\/set-fondue-grill-and-raclette-haeger-cool-dinner-suitable-for-up-to-8-people1400w\/\" \/>\n<meta property=\"og:site_name\" content=\"HAEGER Home Appliances\" \/>\n<meta property=\"article:modified_time\" content=\"2023-07-24T17:28:28+00:00\" \/>\n<meta property=\"og:image\" content=\"https:\/\/www.haegergroup.com\/wp-content\/uploads\/GR-FRG.016A_2-1.jpg\" \/>\n\t<meta property=\"og:image:width\" content=\"1200\" \/>\n\t<meta property=\"og:image:height\" content=\"1200\" \/>\n\t<meta property=\"og:image:type\" content=\"image\/jpeg\" \/>\n<meta name=\"twitter:card\" content=\"summary_large_image\" \/>\n<meta name=\"twitter:label1\" content=\"Est. reading time\" \/>\n\t<meta name=\"twitter:data1\" content=\"1 minute\" \/>\n<script type=\"application\/ld+json\" class=\"yoast-schema-graph\">{\"@context\":\"https:\/\/schema.org\",\"@graph\":[{\"@type\":\"WebPage\",\"@id\":\"https:\/\/www.haegergroup.com\/en\/product\/set-fondue-grill-and-raclette-haeger-cool-dinner-suitable-for-up-to-8-people1400w\/\",\"url\":\"https:\/\/www.haegergroup.com\/en\/product\/set-fondue-grill-and-raclette-haeger-cool-dinner-suitable-for-up-to-8-people1400w\/\",\"name\":\"Set Fondue, Grill and Raclette HAEGER Cool Dinner - Suitable for up to 8 People,1400W - HAEGER Home Appliances\",\"isPartOf\":{\"@id\":\"https:\/\/www.haegergroup.com\/es\/#website\"},\"primaryImageOfPage\":{\"@id\":\"https:\/\/www.haegergroup.com\/en\/product\/set-fondue-grill-and-raclette-haeger-cool-dinner-suitable-for-up-to-8-people1400w\/#primaryimage\"},\"image\":{\"@id\":\"https:\/\/www.haegergroup.com\/en\/product\/set-fondue-grill-and-raclette-haeger-cool-dinner-suitable-for-up-to-8-people1400w\/#primaryimage\"},\"thumbnailUrl\":\"https:\/\/www.haegergroup.com\/wp-content\/uploads\/GR-FRG.016A_2-1.jpg\",\"datePublished\":\"2023-05-05T13:49:21+00:00\",\"dateModified\":\"2023-07-24T17:28:28+00:00\",\"description\":\"Marca de Pequenos Eletrodom\u00e9sticos para a sua cozinha, cuidados pessoais, casa e climatiza\u00e7\u00e3o. A op\u00e7\u00e3o inteligente para a sua casa.\",\"breadcrumb\":{\"@id\":\"https:\/\/www.haegergroup.com\/en\/product\/set-fondue-grill-and-raclette-haeger-cool-dinner-suitable-for-up-to-8-people1400w\/#breadcrumb\"},\"inLanguage\":\"en-US\",\"potentialAction\":[{\"@type\":\"ReadAction\",\"target\":[\"https:\/\/www.haegergroup.com\/en\/product\/set-fondue-grill-and-raclette-haeger-cool-dinner-suitable-for-up-to-8-people1400w\/\"]}]},{\"@type\":\"ImageObject\",\"inLanguage\":\"en-US\",\"@id\":\"https:\/\/www.haegergroup.com\/en\/product\/set-fondue-grill-and-raclette-haeger-cool-dinner-suitable-for-up-to-8-people1400w\/#primaryimage\",\"url\":\"https:\/\/www.haegergroup.com\/wp-content\/uploads\/GR-FRG.016A_2-1.jpg\",\"contentUrl\":\"https:\/\/www.haegergroup.com\/wp-content\/uploads\/GR-FRG.016A_2-1.jpg\",\"width\":1200,\"height\":1200},{\"@type\":\"BreadcrumbList\",\"@id\":\"https:\/\/www.haegergroup.com\/en\/product\/set-fondue-grill-and-raclette-haeger-cool-dinner-suitable-for-up-to-8-people1400w\/#breadcrumb\",\"itemListElement\":[{\"@type\":\"ListItem\",\"position\":1,\"name\":\"Portada\",\"item\":\"https:\/\/www.haegergroup.com\/en\/\"},{\"@type\":\"ListItem\",\"position\":2,\"name\":\"Produtos\",\"item\":\"https:\/\/www.haegergroup.com\/pt-pt\/shop\/\"},{\"@type\":\"ListItem\",\"position\":3,\"name\":\"Set Fondue, Grill and Raclette HAEGER Cool Dinner &#8211; Suitable for up to 8 People,1400W\"}]},{\"@type\":\"WebSite\",\"@id\":\"https:\/\/www.haegergroup.com\/es\/#website\",\"url\":\"https:\/\/www.haegergroup.com\/es\/\",\"name\":\"HAEGER Home Appliances\",\"description\":\"eletrodom\u00e9sticos\",\"publisher\":{\"@id\":\"https:\/\/www.haegergroup.com\/es\/#organization\"},\"potentialAction\":[{\"@type\":\"SearchAction\",\"target\":{\"@type\":\"EntryPoint\",\"urlTemplate\":\"https:\/\/www.haegergroup.com\/es\/?s={search_term_string}\"},\"query-input\":{\"@type\":\"PropertyValueSpecification\",\"valueRequired\":true,\"valueName\":\"search_term_string\"}}],\"inLanguage\":\"en-US\"},{\"@type\":\"Organization\",\"@id\":\"https:\/\/www.haegergroup.com\/es\/#organization\",\"name\":\"Haeger Electrodom\u00e9sticos\",\"url\":\"https:\/\/www.haegergroup.com\/es\/\",\"logo\":{\"@type\":\"ImageObject\",\"inLanguage\":\"en-US\",\"@id\":\"https:\/\/www.haegergroup.com\/es\/#\/schema\/logo\/image\/\",\"url\":\"https:\/\/www.haegergroup.com\/wp-content\/uploads\/2018\/05\/logo-web-220.png\",\"contentUrl\":\"https:\/\/www.haegergroup.com\/wp-content\/uploads\/2018\/05\/logo-web-220.png\",\"width\":220,\"height\":49,\"caption\":\"Haeger Electrodom\u00e9sticos\"},\"image\":{\"@id\":\"https:\/\/www.haegergroup.com\/es\/#\/schema\/logo\/image\/\"}}]}<\/script>\n<!-- \/ Yoast SEO plugin. -->","yoast_head_json":{"title":"Set Fondue, Grill and Raclette HAEGER Cool Dinner - Suitable for up to 8 People,1400W - HAEGER Home Appliances","description":"Marca de Pequenos Eletrodom\u00e9sticos para a sua cozinha, cuidados pessoais, casa e climatiza\u00e7\u00e3o. A op\u00e7\u00e3o inteligente para a sua casa.","robots":{"index":"index","follow":"follow","max-snippet":"max-snippet:-1","max-image-preview":"max-image-preview:large","max-video-preview":"max-video-preview:-1"},"canonical":"https:\/\/www.haegergroup.com\/en\/product\/set-fondue-grill-and-raclette-haeger-cool-dinner-suitable-for-up-to-8-people1400w\/","og_locale":"en_US","og_type":"article","og_title":"Set Fondue, Grill and Raclette HAEGER Cool Dinner - Suitable for up to 8 People,1400W - HAEGER Home Appliances","og_description":"Marca de Pequenos Eletrodom\u00e9sticos para a sua cozinha, cuidados pessoais, casa e climatiza\u00e7\u00e3o. A op\u00e7\u00e3o inteligente para a sua casa.","og_url":"https:\/\/www.haegergroup.com\/en\/product\/set-fondue-grill-and-raclette-haeger-cool-dinner-suitable-for-up-to-8-people1400w\/","og_site_name":"HAEGER Home Appliances","article_modified_time":"2023-07-24T17:28:28+00:00","og_image":[{"width":1200,"height":1200,"url":"https:\/\/www.haegergroup.com\/wp-content\/uploads\/GR-FRG.016A_2-1.jpg","type":"image\/jpeg"}],"twitter_card":"summary_large_image","twitter_misc":{"Est. reading time":"1 minute"},"schema":{"@context":"https:\/\/schema.org","@graph":[{"@type":"WebPage","@id":"https:\/\/www.haegergroup.com\/en\/product\/set-fondue-grill-and-raclette-haeger-cool-dinner-suitable-for-up-to-8-people1400w\/","url":"https:\/\/www.haegergroup.com\/en\/product\/set-fondue-grill-and-raclette-haeger-cool-dinner-suitable-for-up-to-8-people1400w\/","name":"Set Fondue, Grill and Raclette HAEGER Cool Dinner - Suitable for up to 8 People,1400W - HAEGER Home Appliances","isPartOf":{"@id":"https:\/\/www.haegergroup.com\/es\/#website"},"primaryImageOfPage":{"@id":"https:\/\/www.haegergroup.com\/en\/product\/set-fondue-grill-and-raclette-haeger-cool-dinner-suitable-for-up-to-8-people1400w\/#primaryimage"},"image":{"@id":"https:\/\/www.haegergroup.com\/en\/product\/set-fondue-grill-and-raclette-haeger-cool-dinner-suitable-for-up-to-8-people1400w\/#primaryimage"},"thumbnailUrl":"https:\/\/www.haegergroup.com\/wp-content\/uploads\/GR-FRG.016A_2-1.jpg","datePublished":"2023-05-05T13:49:21+00:00","dateModified":"2023-07-24T17:28:28+00:00","description":"Marca de Pequenos Eletrodom\u00e9sticos para a sua cozinha, cuidados pessoais, casa e climatiza\u00e7\u00e3o. A op\u00e7\u00e3o inteligente para a sua casa.","breadcrumb":{"@id":"https:\/\/www.haegergroup.com\/en\/product\/set-fondue-grill-and-raclette-haeger-cool-dinner-suitable-for-up-to-8-people1400w\/#breadcrumb"},"inLanguage":"en-US","potentialAction":[{"@type":"ReadAction","target":["https:\/\/www.haegergroup.com\/en\/product\/set-fondue-grill-and-raclette-haeger-cool-dinner-suitable-for-up-to-8-people1400w\/"]}]},{"@type":"ImageObject","inLanguage":"en-US","@id":"https:\/\/www.haegergroup.com\/en\/product\/set-fondue-grill-and-raclette-haeger-cool-dinner-suitable-for-up-to-8-people1400w\/#primaryimage","url":"https:\/\/www.haegergroup.com\/wp-content\/uploads\/GR-FRG.016A_2-1.jpg","contentUrl":"https:\/\/www.haegergroup.com\/wp-content\/uploads\/GR-FRG.016A_2-1.jpg","width":1200,"height":1200},{"@type":"BreadcrumbList","@id":"https:\/\/www.haegergroup.com\/en\/product\/set-fondue-grill-and-raclette-haeger-cool-dinner-suitable-for-up-to-8-people1400w\/#breadcrumb","itemListElement":[{"@type":"ListItem","position":1,"name":"Portada","item":"https:\/\/www.haegergroup.com\/en\/"},{"@type":"ListItem","position":2,"name":"Produtos","item":"https:\/\/www.haegergroup.com\/pt-pt\/shop\/"},{"@type":"ListItem","position":3,"name":"Set Fondue, Grill and Raclette HAEGER Cool Dinner &#8211; Suitable for up to 8 People,1400W"}]},{"@type":"WebSite","@id":"https:\/\/www.haegergroup.com\/es\/#website","url":"https:\/\/www.haegergroup.com\/es\/","name":"HAEGER Home Appliances","description":"eletrodom\u00e9sticos","publisher":{"@id":"https:\/\/www.haegergroup.com\/es\/#organization"},"potentialAction":[{"@type":"SearchAction","target":{"@type":"EntryPoint","urlTemplate":"https:\/\/www.haegergroup.com\/es\/?s={search_term_string}"},"query-input":{"@type":"PropertyValueSpecification","valueRequired":true,"valueName":"search_term_string"}}],"inLanguage":"en-US"},{"@type":"Organization","@id":"https:\/\/www.haegergroup.com\/es\/#organization","name":"Haeger Electrodom\u00e9sticos","url":"https:\/\/www.haegergroup.com\/es\/","logo":{"@type":"ImageObject","inLanguage":"en-US","@id":"https:\/\/www.haegergroup.com\/es\/#\/schema\/logo\/image\/","url":"https:\/\/www.haegergroup.com\/wp-content\/uploads\/2018\/05\/logo-web-220.png","contentUrl":"https:\/\/www.haegergroup.com\/wp-content\/uploads\/2018\/05\/logo-web-220.png","width":220,"height":49,"caption":"Haeger Electrodom\u00e9sticos"},"image":{"@id":"https:\/\/www.haegergroup.com\/es\/#\/schema\/logo\/image\/"}}]}},"_links":{"self":[{"href":"https:\/\/www.haegergroup.com\/en\/wp-json\/wp\/v2\/product\/34558","targetHints":{"allow":["GET"]}}],"collection":[{"href":"https:\/\/www.haegergroup.com\/en\/wp-json\/wp\/v2\/product"}],"about":[{"href":"https:\/\/www.haegergroup.com\/en\/wp-json\/wp\/v2\/types\/product"}],"wp:featuredmedia":[{"embeddable":true,"href":"https:\/\/www.haegergroup.com\/en\/wp-json\/wp\/v2\/media\/34555"}],"wp:attachment":[{"href":"https:\/\/www.haegergroup.com\/en\/wp-json\/wp\/v2\/media?parent=34558"}],"wp:term":[{"taxonomy":"product_cat","embeddable":true,"href":"https:\/\/www.haegergroup.com\/en\/wp-json\/wp\/v2\/product_cat?post=34558"},{"taxonomy":"product_tag","embeddable":true,"href":"https:\/\/www.haegergroup.com\/en\/wp-json\/wp\/v2\/product_tag?post=34558"}],"curies":[{"name":"wp","href":"https:\/\/api.w.org\/{rel}","templated":true}]}}