{"id":34330,"date":"2023-03-30T10:09:09","date_gmt":"2023-03-30T09:09:09","guid":{"rendered":"https:\/\/www.haegergroup.com\/product\/hair-straightener-haeger-steam-styler-pro-steam-system-titanium-140oc-to-230oc\/"},"modified":"2023-03-30T10:09:09","modified_gmt":"2023-03-30T09:09:09","slug":"hair-straightener-haeger-steam-styler-pro-steam-system-titanium-140oc-to-230oc","status":"publish","type":"product","link":"https:\/\/www.haegergroup.com\/en\/product\/hair-straightener-haeger-steam-styler-pro-steam-system-titanium-140oc-to-230oc\/","title":{"rendered":"Hair Straightener HAEGER Steam Styler Pro &#8211; Steam System, Titanium, 140\u00baC to 230\u00baC"},"content":{"rendered":"<p>The HAEGER Steam Styler Pro uses titanium plates with a steam system, allowing for a straightening that nourishes and hydrates in one stroke. Suitable for all hair types, whether you have fine, thick, wavy, curly or thick hair.<\/p>\n<p>The titanium coated plates distribute the heat more evenly and reach high temperatures quickly. The steam system allows you to moisturise and protect your hair while straightening, this hair straightener leaves your hair silky smooth in just a few strokes.<\/p>\n<p>The straightener features 6 temperature settings, from 140\u00baC to 230\u00baC, that ensure excellent results for all hair types. The straightener will automatically switch off after 60 minutes of non-use.<br \/>\n360 degree rotating power cable offers effortless manoeuvrability.<\/p>\n<p>The HAEGER Steam Styler Pro promises a unique hair-styling experience at home.<\/p>\n<p><strong>Technical features<\/strong><\/p>\n<ul>\n<li>Professional Hair Straightener with VAPOUR SYSTEM<\/li>\n<li>TITANIUM straightening plates for healthy and shiny hair<\/li>\n<li>Steam system for perfect and professional straightening<\/li>\n<li>Incorporated water tank<\/li>\n<li>Dual voltage system 220\/110, to take with you on the go<\/li>\n<li>Quick heat-up 140-230\u00b0C (PTC)<\/li>\n<li>Automatic switch off after 60 minutes<\/li>\n<li>ON\/OFF switch<\/li>\n<li>Temperature control with LED indicators<\/li>\n<li>2.5m electric cable with 360\u00ba rotation<\/li>\n<\/ul>\n","protected":false},"excerpt":{"rendered":"<p>Hair straightener with steam system, suitable for all hair types. It has 6 temperature levels, from 140\u00baC to 230\u00baC and titanium plates for healthy and shiny hair.<\/p>\n","protected":false},"featured_media":34319,"template":"","meta":[],"product_cat":[378,373],"product_tag":[],"class_list":{"0":"post-34330","1":"product","2":"type-product","3":"status-publish","4":"has-post-thumbnail","6":"product_cat-hair-curlers","7":"product_cat-personal-care","9":"first","10":"instock","11":"shipping-taxable","12":"product-type-simple"},"yoast_head":"<!-- This site is optimized with the Yoast SEO plugin v24.1 - https:\/\/yoast.com\/wordpress\/plugins\/seo\/ -->\n<title>Hair Straightener HAEGER Steam Styler Pro - Steam System, Titanium, 140\u00baC to 230\u00baC - HAEGER Home Appliances<\/title>\n<meta name=\"description\" content=\"Marca de Pequenos Eletrodom\u00e9sticos para a sua cozinha, cuidados pessoais, casa e climatiza\u00e7\u00e3o. A op\u00e7\u00e3o inteligente para a sua casa.\" \/>\n<meta name=\"robots\" content=\"index, follow, max-snippet:-1, max-image-preview:large, max-video-preview:-1\" \/>\n<link rel=\"canonical\" href=\"https:\/\/www.haegergroup.com\/en\/product\/hair-straightener-haeger-steam-styler-pro-steam-system-titanium-140oc-to-230oc\/\" \/>\n<meta property=\"og:locale\" content=\"en_US\" \/>\n<meta property=\"og:type\" content=\"article\" \/>\n<meta property=\"og:title\" content=\"Hair Straightener HAEGER Steam Styler Pro - Steam System, Titanium, 140\u00baC to 230\u00baC - HAEGER Home Appliances\" \/>\n<meta property=\"og:description\" content=\"Marca de Pequenos Eletrodom\u00e9sticos para a sua cozinha, cuidados pessoais, casa e climatiza\u00e7\u00e3o. A op\u00e7\u00e3o inteligente para a sua casa.\" \/>\n<meta property=\"og:url\" content=\"https:\/\/www.haegergroup.com\/en\/product\/hair-straightener-haeger-steam-styler-pro-steam-system-titanium-140oc-to-230oc\/\" \/>\n<meta property=\"og:site_name\" content=\"HAEGER Home Appliances\" \/>\n<meta property=\"og:image\" content=\"https:\/\/www.haegergroup.com\/wp-content\/uploads\/alisador-de-cabelo-haeger-steam-styler-pro-sistema-de-vapor-titanio-140c-a-230c.jpg\" \/>\n\t<meta property=\"og:image:width\" content=\"1200\" \/>\n\t<meta property=\"og:image:height\" content=\"1200\" \/>\n\t<meta property=\"og:image:type\" content=\"image\/jpeg\" \/>\n<meta name=\"twitter:card\" content=\"summary_large_image\" \/>\n<meta name=\"twitter:label1\" content=\"Est. reading time\" \/>\n\t<meta name=\"twitter:data1\" content=\"1 minute\" \/>\n<script type=\"application\/ld+json\" class=\"yoast-schema-graph\">{\"@context\":\"https:\/\/schema.org\",\"@graph\":[{\"@type\":\"WebPage\",\"@id\":\"https:\/\/www.haegergroup.com\/en\/product\/hair-straightener-haeger-steam-styler-pro-steam-system-titanium-140oc-to-230oc\/\",\"url\":\"https:\/\/www.haegergroup.com\/en\/product\/hair-straightener-haeger-steam-styler-pro-steam-system-titanium-140oc-to-230oc\/\",\"name\":\"Hair Straightener HAEGER Steam Styler Pro - Steam System, Titanium, 140\u00baC to 230\u00baC - HAEGER Home Appliances\",\"isPartOf\":{\"@id\":\"https:\/\/www.haegergroup.com\/es\/#website\"},\"primaryImageOfPage\":{\"@id\":\"https:\/\/www.haegergroup.com\/en\/product\/hair-straightener-haeger-steam-styler-pro-steam-system-titanium-140oc-to-230oc\/#primaryimage\"},\"image\":{\"@id\":\"https:\/\/www.haegergroup.com\/en\/product\/hair-straightener-haeger-steam-styler-pro-steam-system-titanium-140oc-to-230oc\/#primaryimage\"},\"thumbnailUrl\":\"https:\/\/www.haegergroup.com\/wp-content\/uploads\/alisador-de-cabelo-haeger-steam-styler-pro-sistema-de-vapor-titanio-140c-a-230c.jpg\",\"datePublished\":\"2023-03-30T09:09:09+00:00\",\"dateModified\":\"2023-03-30T09:09:09+00:00\",\"description\":\"Marca de Pequenos Eletrodom\u00e9sticos para a sua cozinha, cuidados pessoais, casa e climatiza\u00e7\u00e3o. A op\u00e7\u00e3o inteligente para a sua casa.\",\"breadcrumb\":{\"@id\":\"https:\/\/www.haegergroup.com\/en\/product\/hair-straightener-haeger-steam-styler-pro-steam-system-titanium-140oc-to-230oc\/#breadcrumb\"},\"inLanguage\":\"en-US\",\"potentialAction\":[{\"@type\":\"ReadAction\",\"target\":[\"https:\/\/www.haegergroup.com\/en\/product\/hair-straightener-haeger-steam-styler-pro-steam-system-titanium-140oc-to-230oc\/\"]}]},{\"@type\":\"ImageObject\",\"inLanguage\":\"en-US\",\"@id\":\"https:\/\/www.haegergroup.com\/en\/product\/hair-straightener-haeger-steam-styler-pro-steam-system-titanium-140oc-to-230oc\/#primaryimage\",\"url\":\"https:\/\/www.haegergroup.com\/wp-content\/uploads\/alisador-de-cabelo-haeger-steam-styler-pro-sistema-de-vapor-titanio-140c-a-230c.jpg\",\"contentUrl\":\"https:\/\/www.haegergroup.com\/wp-content\/uploads\/alisador-de-cabelo-haeger-steam-styler-pro-sistema-de-vapor-titanio-140c-a-230c.jpg\",\"width\":1200,\"height\":1200},{\"@type\":\"BreadcrumbList\",\"@id\":\"https:\/\/www.haegergroup.com\/en\/product\/hair-straightener-haeger-steam-styler-pro-steam-system-titanium-140oc-to-230oc\/#breadcrumb\",\"itemListElement\":[{\"@type\":\"ListItem\",\"position\":1,\"name\":\"Portada\",\"item\":\"https:\/\/www.haegergroup.com\/en\/\"},{\"@type\":\"ListItem\",\"position\":2,\"name\":\"Productos\",\"item\":\"https:\/\/www.haegergroup.com\/es\/tienda\/\"},{\"@type\":\"ListItem\",\"position\":3,\"name\":\"Hair Straightener HAEGER Steam Styler Pro &#8211; Steam System, Titanium, 140\u00baC to 230\u00baC\"}]},{\"@type\":\"WebSite\",\"@id\":\"https:\/\/www.haegergroup.com\/es\/#website\",\"url\":\"https:\/\/www.haegergroup.com\/es\/\",\"name\":\"HAEGER Home Appliances\",\"description\":\"eletrodom\u00e9sticos\",\"publisher\":{\"@id\":\"https:\/\/www.haegergroup.com\/es\/#organization\"},\"potentialAction\":[{\"@type\":\"SearchAction\",\"target\":{\"@type\":\"EntryPoint\",\"urlTemplate\":\"https:\/\/www.haegergroup.com\/es\/?s={search_term_string}\"},\"query-input\":{\"@type\":\"PropertyValueSpecification\",\"valueRequired\":true,\"valueName\":\"search_term_string\"}}],\"inLanguage\":\"en-US\"},{\"@type\":\"Organization\",\"@id\":\"https:\/\/www.haegergroup.com\/es\/#organization\",\"name\":\"Haeger Electrodom\u00e9sticos\",\"url\":\"https:\/\/www.haegergroup.com\/es\/\",\"logo\":{\"@type\":\"ImageObject\",\"inLanguage\":\"en-US\",\"@id\":\"https:\/\/www.haegergroup.com\/es\/#\/schema\/logo\/image\/\",\"url\":\"https:\/\/www.haegergroup.com\/wp-content\/uploads\/2018\/05\/logo-web-220.png\",\"contentUrl\":\"https:\/\/www.haegergroup.com\/wp-content\/uploads\/2018\/05\/logo-web-220.png\",\"width\":220,\"height\":49,\"caption\":\"Haeger Electrodom\u00e9sticos\"},\"image\":{\"@id\":\"https:\/\/www.haegergroup.com\/es\/#\/schema\/logo\/image\/\"}}]}<\/script>\n<!-- \/ Yoast SEO plugin. -->","yoast_head_json":{"title":"Hair Straightener HAEGER Steam Styler Pro - Steam System, Titanium, 140\u00baC to 230\u00baC - HAEGER Home Appliances","description":"Marca de Pequenos Eletrodom\u00e9sticos para a sua cozinha, cuidados pessoais, casa e climatiza\u00e7\u00e3o. A op\u00e7\u00e3o inteligente para a sua casa.","robots":{"index":"index","follow":"follow","max-snippet":"max-snippet:-1","max-image-preview":"max-image-preview:large","max-video-preview":"max-video-preview:-1"},"canonical":"https:\/\/www.haegergroup.com\/en\/product\/hair-straightener-haeger-steam-styler-pro-steam-system-titanium-140oc-to-230oc\/","og_locale":"en_US","og_type":"article","og_title":"Hair Straightener HAEGER Steam Styler Pro - Steam System, Titanium, 140\u00baC to 230\u00baC - HAEGER Home Appliances","og_description":"Marca de Pequenos Eletrodom\u00e9sticos para a sua cozinha, cuidados pessoais, casa e climatiza\u00e7\u00e3o. A op\u00e7\u00e3o inteligente para a sua casa.","og_url":"https:\/\/www.haegergroup.com\/en\/product\/hair-straightener-haeger-steam-styler-pro-steam-system-titanium-140oc-to-230oc\/","og_site_name":"HAEGER Home Appliances","og_image":[{"width":1200,"height":1200,"url":"https:\/\/www.haegergroup.com\/wp-content\/uploads\/alisador-de-cabelo-haeger-steam-styler-pro-sistema-de-vapor-titanio-140c-a-230c.jpg","type":"image\/jpeg"}],"twitter_card":"summary_large_image","twitter_misc":{"Est. reading time":"1 minute"},"schema":{"@context":"https:\/\/schema.org","@graph":[{"@type":"WebPage","@id":"https:\/\/www.haegergroup.com\/en\/product\/hair-straightener-haeger-steam-styler-pro-steam-system-titanium-140oc-to-230oc\/","url":"https:\/\/www.haegergroup.com\/en\/product\/hair-straightener-haeger-steam-styler-pro-steam-system-titanium-140oc-to-230oc\/","name":"Hair Straightener HAEGER Steam Styler Pro - Steam System, Titanium, 140\u00baC to 230\u00baC - HAEGER Home Appliances","isPartOf":{"@id":"https:\/\/www.haegergroup.com\/es\/#website"},"primaryImageOfPage":{"@id":"https:\/\/www.haegergroup.com\/en\/product\/hair-straightener-haeger-steam-styler-pro-steam-system-titanium-140oc-to-230oc\/#primaryimage"},"image":{"@id":"https:\/\/www.haegergroup.com\/en\/product\/hair-straightener-haeger-steam-styler-pro-steam-system-titanium-140oc-to-230oc\/#primaryimage"},"thumbnailUrl":"https:\/\/www.haegergroup.com\/wp-content\/uploads\/alisador-de-cabelo-haeger-steam-styler-pro-sistema-de-vapor-titanio-140c-a-230c.jpg","datePublished":"2023-03-30T09:09:09+00:00","dateModified":"2023-03-30T09:09:09+00:00","description":"Marca de Pequenos Eletrodom\u00e9sticos para a sua cozinha, cuidados pessoais, casa e climatiza\u00e7\u00e3o. A op\u00e7\u00e3o inteligente para a sua casa.","breadcrumb":{"@id":"https:\/\/www.haegergroup.com\/en\/product\/hair-straightener-haeger-steam-styler-pro-steam-system-titanium-140oc-to-230oc\/#breadcrumb"},"inLanguage":"en-US","potentialAction":[{"@type":"ReadAction","target":["https:\/\/www.haegergroup.com\/en\/product\/hair-straightener-haeger-steam-styler-pro-steam-system-titanium-140oc-to-230oc\/"]}]},{"@type":"ImageObject","inLanguage":"en-US","@id":"https:\/\/www.haegergroup.com\/en\/product\/hair-straightener-haeger-steam-styler-pro-steam-system-titanium-140oc-to-230oc\/#primaryimage","url":"https:\/\/www.haegergroup.com\/wp-content\/uploads\/alisador-de-cabelo-haeger-steam-styler-pro-sistema-de-vapor-titanio-140c-a-230c.jpg","contentUrl":"https:\/\/www.haegergroup.com\/wp-content\/uploads\/alisador-de-cabelo-haeger-steam-styler-pro-sistema-de-vapor-titanio-140c-a-230c.jpg","width":1200,"height":1200},{"@type":"BreadcrumbList","@id":"https:\/\/www.haegergroup.com\/en\/product\/hair-straightener-haeger-steam-styler-pro-steam-system-titanium-140oc-to-230oc\/#breadcrumb","itemListElement":[{"@type":"ListItem","position":1,"name":"Portada","item":"https:\/\/www.haegergroup.com\/en\/"},{"@type":"ListItem","position":2,"name":"Productos","item":"https:\/\/www.haegergroup.com\/es\/tienda\/"},{"@type":"ListItem","position":3,"name":"Hair Straightener HAEGER Steam Styler Pro &#8211; Steam System, Titanium, 140\u00baC to 230\u00baC"}]},{"@type":"WebSite","@id":"https:\/\/www.haegergroup.com\/es\/#website","url":"https:\/\/www.haegergroup.com\/es\/","name":"HAEGER Home Appliances","description":"eletrodom\u00e9sticos","publisher":{"@id":"https:\/\/www.haegergroup.com\/es\/#organization"},"potentialAction":[{"@type":"SearchAction","target":{"@type":"EntryPoint","urlTemplate":"https:\/\/www.haegergroup.com\/es\/?s={search_term_string}"},"query-input":{"@type":"PropertyValueSpecification","valueRequired":true,"valueName":"search_term_string"}}],"inLanguage":"en-US"},{"@type":"Organization","@id":"https:\/\/www.haegergroup.com\/es\/#organization","name":"Haeger Electrodom\u00e9sticos","url":"https:\/\/www.haegergroup.com\/es\/","logo":{"@type":"ImageObject","inLanguage":"en-US","@id":"https:\/\/www.haegergroup.com\/es\/#\/schema\/logo\/image\/","url":"https:\/\/www.haegergroup.com\/wp-content\/uploads\/2018\/05\/logo-web-220.png","contentUrl":"https:\/\/www.haegergroup.com\/wp-content\/uploads\/2018\/05\/logo-web-220.png","width":220,"height":49,"caption":"Haeger Electrodom\u00e9sticos"},"image":{"@id":"https:\/\/www.haegergroup.com\/es\/#\/schema\/logo\/image\/"}}]}},"_links":{"self":[{"href":"https:\/\/www.haegergroup.com\/en\/wp-json\/wp\/v2\/product\/34330","targetHints":{"allow":["GET"]}}],"collection":[{"href":"https:\/\/www.haegergroup.com\/en\/wp-json\/wp\/v2\/product"}],"about":[{"href":"https:\/\/www.haegergroup.com\/en\/wp-json\/wp\/v2\/types\/product"}],"wp:featuredmedia":[{"embeddable":true,"href":"https:\/\/www.haegergroup.com\/en\/wp-json\/wp\/v2\/media\/34319"}],"wp:attachment":[{"href":"https:\/\/www.haegergroup.com\/en\/wp-json\/wp\/v2\/media?parent=34330"}],"wp:term":[{"taxonomy":"product_cat","embeddable":true,"href":"https:\/\/www.haegergroup.com\/en\/wp-json\/wp\/v2\/product_cat?post=34330"},{"taxonomy":"product_tag","embeddable":true,"href":"https:\/\/www.haegergroup.com\/en\/wp-json\/wp\/v2\/product_tag?post=34330"}],"curies":[{"name":"wp","href":"https:\/\/api.w.org\/{rel}","templated":true}]}}