{"id":34154,"date":"2023-03-13T22:15:29","date_gmt":"2023-03-13T22:15:29","guid":{"rendered":"https:\/\/www.haegergroup.com\/product\/tv-stand-haeger-large-tilt-swivel-37-to-90-vesa-600x400\/"},"modified":"2023-11-13T18:41:52","modified_gmt":"2023-11-13T18:41:52","slug":"tv-stand-haeger-large-tilt-swivel-37-to-90-vesa-600x400","status":"publish","type":"product","link":"https:\/\/www.haegergroup.com\/en\/product\/tv-stand-haeger-large-tilt-swivel-37-to-90-vesa-600x400\/","title":{"rendered":"TV Stand HAEGER Large Tilt &#038; Swivel &#8211; 37&#8243; to 90&#8243;, VESA 600&#215;400"},"content":{"rendered":"<p>The HAEGER Large Tilt and Swivel TV stand is the ideal choice for those who want to have a unique and immersive TV experience. With a cold rolled steel frame, this stand is strong and durable, able to support TVs up to 65 kgs and sizes between 37&#8243;-90&#8243;.<\/p>\n<p>Safety is a major concern when choosing a stand for your TV, and the HAEGER Large Tilt and Swivel offers a safety lock that ensures your TV remains secure. In addition, its design allows for a slight horizontal adjustment of -4\u00b0~+4\u00b0, providing more accurate and comfortable viewing.<\/p>\n<p>With a tilt angle of -10\u00b0~+6\u00b0 and a swivel of -60\u00b0~+60\u00b0, the HAEGER Large Tilt and Swivel allows you to adjust the position of your TV for perfect viewing at any angle. And to keep cables organised and hidden, this stand has a cable management system.<\/p>\n<p>Installation is simple and quick, with an adjustable wall distance of 61-468mm and a base plate size of 430 x 150mm. HAEGER Large Tilt and Swivel is the ideal TV stand for anyone looking for safety, practicality and comfort when watching TV.<\/p>\n","protected":false},"excerpt":{"rendered":"<h2>TV Stand HAEGER Large Tilt &amp; Swivel<br \/>\nModel: WB-T90.022A<\/h2>\n<p>Features<\/p>\n<ul>\n<li>Cold rolled high grade steel<\/li>\n<li>Safety lock<\/li>\n<li>Light horizontal adjustment: -4\u00b0~+4\u00b0<\/li>\n<li>Cable routing management system<\/li>\n<li>TV Sizes: 37&#8243;-90&#8243;<\/li>\n<li>Max. load: 65 kgs<\/li>\n<li>Tilt angle: -10\u00b0~+6\u00b0<\/li>\n<li>Gyratory: -60\u00b0~+60\u00b0<\/li>\n<li>Max.VESA 600\u00d7400<\/li>\n<li>Wall distance 61-468mm<\/li>\n<li>Baseplate size: 430 x 150mm<\/li>\n<\/ul>\n","protected":false},"featured_media":34152,"template":"","meta":[],"product_cat":[348,350],"product_tag":[],"class_list":{"0":"post-34154","1":"product","2":"type-product","3":"status-publish","4":"has-post-thumbnail","6":"product_cat-tv-en","7":"product_cat-tv-stands","9":"first","10":"instock","11":"shipping-taxable","12":"product-type-simple"},"yoast_head":"<!-- This site is optimized with the Yoast SEO plugin v24.1 - https:\/\/yoast.com\/wordpress\/plugins\/seo\/ -->\n<title>TV Stand HAEGER Large Tilt &amp; Swivel - 37&quot; to 90&quot;, VESA 600x400 - HAEGER Home Appliances<\/title>\n<meta name=\"description\" content=\"Marca de Pequenos Eletrodom\u00e9sticos para a sua cozinha, cuidados pessoais, casa e climatiza\u00e7\u00e3o. A op\u00e7\u00e3o inteligente para a sua casa.\" \/>\n<meta name=\"robots\" content=\"index, follow, max-snippet:-1, max-image-preview:large, max-video-preview:-1\" \/>\n<link rel=\"canonical\" href=\"https:\/\/www.haegergroup.com\/en\/product\/tv-stand-haeger-large-tilt-swivel-37-to-90-vesa-600x400\/\" \/>\n<meta property=\"og:locale\" content=\"en_US\" \/>\n<meta property=\"og:type\" content=\"article\" \/>\n<meta property=\"og:title\" content=\"TV Stand HAEGER Large Tilt &amp; Swivel - 37&quot; to 90&quot;, VESA 600x400 - HAEGER Home Appliances\" \/>\n<meta property=\"og:description\" content=\"Marca de Pequenos Eletrodom\u00e9sticos para a sua cozinha, cuidados pessoais, casa e climatiza\u00e7\u00e3o. A op\u00e7\u00e3o inteligente para a sua casa.\" \/>\n<meta property=\"og:url\" content=\"https:\/\/www.haegergroup.com\/en\/product\/tv-stand-haeger-large-tilt-swivel-37-to-90-vesa-600x400\/\" \/>\n<meta property=\"og:site_name\" content=\"HAEGER Home Appliances\" \/>\n<meta property=\"article:modified_time\" content=\"2023-11-13T18:41:52+00:00\" \/>\n<meta property=\"og:image\" content=\"https:\/\/www.haegergroup.com\/wp-content\/uploads\/WB-T90.022A_1-1.jpg\" \/>\n\t<meta property=\"og:image:width\" content=\"1200\" \/>\n\t<meta property=\"og:image:height\" content=\"1200\" \/>\n\t<meta property=\"og:image:type\" content=\"image\/jpeg\" \/>\n<meta name=\"twitter:card\" content=\"summary_large_image\" \/>\n<meta name=\"twitter:label1\" content=\"Est. reading time\" \/>\n\t<meta name=\"twitter:data1\" content=\"2 minutes\" \/>\n<script type=\"application\/ld+json\" class=\"yoast-schema-graph\">{\"@context\":\"https:\/\/schema.org\",\"@graph\":[{\"@type\":\"WebPage\",\"@id\":\"https:\/\/www.haegergroup.com\/en\/product\/tv-stand-haeger-large-tilt-swivel-37-to-90-vesa-600x400\/\",\"url\":\"https:\/\/www.haegergroup.com\/en\/product\/tv-stand-haeger-large-tilt-swivel-37-to-90-vesa-600x400\/\",\"name\":\"TV Stand HAEGER Large Tilt & Swivel - 37\\\" to 90\\\", VESA 600x400 - HAEGER Home Appliances\",\"isPartOf\":{\"@id\":\"https:\/\/www.haegergroup.com\/es\/#website\"},\"primaryImageOfPage\":{\"@id\":\"https:\/\/www.haegergroup.com\/en\/product\/tv-stand-haeger-large-tilt-swivel-37-to-90-vesa-600x400\/#primaryimage\"},\"image\":{\"@id\":\"https:\/\/www.haegergroup.com\/en\/product\/tv-stand-haeger-large-tilt-swivel-37-to-90-vesa-600x400\/#primaryimage\"},\"thumbnailUrl\":\"https:\/\/www.haegergroup.com\/wp-content\/uploads\/WB-T90.022A_1-1.jpg\",\"datePublished\":\"2023-03-13T22:15:29+00:00\",\"dateModified\":\"2023-11-13T18:41:52+00:00\",\"description\":\"Marca de Pequenos Eletrodom\u00e9sticos para a sua cozinha, cuidados pessoais, casa e climatiza\u00e7\u00e3o. A op\u00e7\u00e3o inteligente para a sua casa.\",\"breadcrumb\":{\"@id\":\"https:\/\/www.haegergroup.com\/en\/product\/tv-stand-haeger-large-tilt-swivel-37-to-90-vesa-600x400\/#breadcrumb\"},\"inLanguage\":\"en-US\",\"potentialAction\":[{\"@type\":\"ReadAction\",\"target\":[\"https:\/\/www.haegergroup.com\/en\/product\/tv-stand-haeger-large-tilt-swivel-37-to-90-vesa-600x400\/\"]}]},{\"@type\":\"ImageObject\",\"inLanguage\":\"en-US\",\"@id\":\"https:\/\/www.haegergroup.com\/en\/product\/tv-stand-haeger-large-tilt-swivel-37-to-90-vesa-600x400\/#primaryimage\",\"url\":\"https:\/\/www.haegergroup.com\/wp-content\/uploads\/WB-T90.022A_1-1.jpg\",\"contentUrl\":\"https:\/\/www.haegergroup.com\/wp-content\/uploads\/WB-T90.022A_1-1.jpg\",\"width\":1200,\"height\":1200,\"caption\":\"Suporte de TV HAEGER Large Tilt & Swivel\"},{\"@type\":\"BreadcrumbList\",\"@id\":\"https:\/\/www.haegergroup.com\/en\/product\/tv-stand-haeger-large-tilt-swivel-37-to-90-vesa-600x400\/#breadcrumb\",\"itemListElement\":[{\"@type\":\"ListItem\",\"position\":1,\"name\":\"Portada\",\"item\":\"https:\/\/www.haegergroup.com\/en\/\"},{\"@type\":\"ListItem\",\"position\":2,\"name\":\"Productos\",\"item\":\"https:\/\/www.haegergroup.com\/es\/tienda\/\"},{\"@type\":\"ListItem\",\"position\":3,\"name\":\"TV Stand HAEGER Large Tilt &#038; Swivel &#8211; 37&#8243; to 90&#8243;, VESA 600&#215;400\"}]},{\"@type\":\"WebSite\",\"@id\":\"https:\/\/www.haegergroup.com\/es\/#website\",\"url\":\"https:\/\/www.haegergroup.com\/es\/\",\"name\":\"HAEGER Home Appliances\",\"description\":\"eletrodom\u00e9sticos\",\"publisher\":{\"@id\":\"https:\/\/www.haegergroup.com\/es\/#organization\"},\"potentialAction\":[{\"@type\":\"SearchAction\",\"target\":{\"@type\":\"EntryPoint\",\"urlTemplate\":\"https:\/\/www.haegergroup.com\/es\/?s={search_term_string}\"},\"query-input\":{\"@type\":\"PropertyValueSpecification\",\"valueRequired\":true,\"valueName\":\"search_term_string\"}}],\"inLanguage\":\"en-US\"},{\"@type\":\"Organization\",\"@id\":\"https:\/\/www.haegergroup.com\/es\/#organization\",\"name\":\"Haeger Electrodom\u00e9sticos\",\"url\":\"https:\/\/www.haegergroup.com\/es\/\",\"logo\":{\"@type\":\"ImageObject\",\"inLanguage\":\"en-US\",\"@id\":\"https:\/\/www.haegergroup.com\/es\/#\/schema\/logo\/image\/\",\"url\":\"https:\/\/www.haegergroup.com\/wp-content\/uploads\/2018\/05\/logo-web-220.png\",\"contentUrl\":\"https:\/\/www.haegergroup.com\/wp-content\/uploads\/2018\/05\/logo-web-220.png\",\"width\":220,\"height\":49,\"caption\":\"Haeger Electrodom\u00e9sticos\"},\"image\":{\"@id\":\"https:\/\/www.haegergroup.com\/es\/#\/schema\/logo\/image\/\"}}]}<\/script>\n<!-- \/ Yoast SEO plugin. -->","yoast_head_json":{"title":"TV Stand HAEGER Large Tilt & Swivel - 37\" to 90\", VESA 600x400 - HAEGER Home Appliances","description":"Marca de Pequenos Eletrodom\u00e9sticos para a sua cozinha, cuidados pessoais, casa e climatiza\u00e7\u00e3o. A op\u00e7\u00e3o inteligente para a sua casa.","robots":{"index":"index","follow":"follow","max-snippet":"max-snippet:-1","max-image-preview":"max-image-preview:large","max-video-preview":"max-video-preview:-1"},"canonical":"https:\/\/www.haegergroup.com\/en\/product\/tv-stand-haeger-large-tilt-swivel-37-to-90-vesa-600x400\/","og_locale":"en_US","og_type":"article","og_title":"TV Stand HAEGER Large Tilt & Swivel - 37\" to 90\", VESA 600x400 - HAEGER Home Appliances","og_description":"Marca de Pequenos Eletrodom\u00e9sticos para a sua cozinha, cuidados pessoais, casa e climatiza\u00e7\u00e3o. A op\u00e7\u00e3o inteligente para a sua casa.","og_url":"https:\/\/www.haegergroup.com\/en\/product\/tv-stand-haeger-large-tilt-swivel-37-to-90-vesa-600x400\/","og_site_name":"HAEGER Home Appliances","article_modified_time":"2023-11-13T18:41:52+00:00","og_image":[{"width":1200,"height":1200,"url":"https:\/\/www.haegergroup.com\/wp-content\/uploads\/WB-T90.022A_1-1.jpg","type":"image\/jpeg"}],"twitter_card":"summary_large_image","twitter_misc":{"Est. reading time":"2 minutes"},"schema":{"@context":"https:\/\/schema.org","@graph":[{"@type":"WebPage","@id":"https:\/\/www.haegergroup.com\/en\/product\/tv-stand-haeger-large-tilt-swivel-37-to-90-vesa-600x400\/","url":"https:\/\/www.haegergroup.com\/en\/product\/tv-stand-haeger-large-tilt-swivel-37-to-90-vesa-600x400\/","name":"TV Stand HAEGER Large Tilt & Swivel - 37\" to 90\", VESA 600x400 - HAEGER Home Appliances","isPartOf":{"@id":"https:\/\/www.haegergroup.com\/es\/#website"},"primaryImageOfPage":{"@id":"https:\/\/www.haegergroup.com\/en\/product\/tv-stand-haeger-large-tilt-swivel-37-to-90-vesa-600x400\/#primaryimage"},"image":{"@id":"https:\/\/www.haegergroup.com\/en\/product\/tv-stand-haeger-large-tilt-swivel-37-to-90-vesa-600x400\/#primaryimage"},"thumbnailUrl":"https:\/\/www.haegergroup.com\/wp-content\/uploads\/WB-T90.022A_1-1.jpg","datePublished":"2023-03-13T22:15:29+00:00","dateModified":"2023-11-13T18:41:52+00:00","description":"Marca de Pequenos Eletrodom\u00e9sticos para a sua cozinha, cuidados pessoais, casa e climatiza\u00e7\u00e3o. A op\u00e7\u00e3o inteligente para a sua casa.","breadcrumb":{"@id":"https:\/\/www.haegergroup.com\/en\/product\/tv-stand-haeger-large-tilt-swivel-37-to-90-vesa-600x400\/#breadcrumb"},"inLanguage":"en-US","potentialAction":[{"@type":"ReadAction","target":["https:\/\/www.haegergroup.com\/en\/product\/tv-stand-haeger-large-tilt-swivel-37-to-90-vesa-600x400\/"]}]},{"@type":"ImageObject","inLanguage":"en-US","@id":"https:\/\/www.haegergroup.com\/en\/product\/tv-stand-haeger-large-tilt-swivel-37-to-90-vesa-600x400\/#primaryimage","url":"https:\/\/www.haegergroup.com\/wp-content\/uploads\/WB-T90.022A_1-1.jpg","contentUrl":"https:\/\/www.haegergroup.com\/wp-content\/uploads\/WB-T90.022A_1-1.jpg","width":1200,"height":1200,"caption":"Suporte de TV HAEGER Large Tilt & Swivel"},{"@type":"BreadcrumbList","@id":"https:\/\/www.haegergroup.com\/en\/product\/tv-stand-haeger-large-tilt-swivel-37-to-90-vesa-600x400\/#breadcrumb","itemListElement":[{"@type":"ListItem","position":1,"name":"Portada","item":"https:\/\/www.haegergroup.com\/en\/"},{"@type":"ListItem","position":2,"name":"Productos","item":"https:\/\/www.haegergroup.com\/es\/tienda\/"},{"@type":"ListItem","position":3,"name":"TV Stand HAEGER Large Tilt &#038; Swivel &#8211; 37&#8243; to 90&#8243;, VESA 600&#215;400"}]},{"@type":"WebSite","@id":"https:\/\/www.haegergroup.com\/es\/#website","url":"https:\/\/www.haegergroup.com\/es\/","name":"HAEGER Home Appliances","description":"eletrodom\u00e9sticos","publisher":{"@id":"https:\/\/www.haegergroup.com\/es\/#organization"},"potentialAction":[{"@type":"SearchAction","target":{"@type":"EntryPoint","urlTemplate":"https:\/\/www.haegergroup.com\/es\/?s={search_term_string}"},"query-input":{"@type":"PropertyValueSpecification","valueRequired":true,"valueName":"search_term_string"}}],"inLanguage":"en-US"},{"@type":"Organization","@id":"https:\/\/www.haegergroup.com\/es\/#organization","name":"Haeger Electrodom\u00e9sticos","url":"https:\/\/www.haegergroup.com\/es\/","logo":{"@type":"ImageObject","inLanguage":"en-US","@id":"https:\/\/www.haegergroup.com\/es\/#\/schema\/logo\/image\/","url":"https:\/\/www.haegergroup.com\/wp-content\/uploads\/2018\/05\/logo-web-220.png","contentUrl":"https:\/\/www.haegergroup.com\/wp-content\/uploads\/2018\/05\/logo-web-220.png","width":220,"height":49,"caption":"Haeger Electrodom\u00e9sticos"},"image":{"@id":"https:\/\/www.haegergroup.com\/es\/#\/schema\/logo\/image\/"}}]}},"_links":{"self":[{"href":"https:\/\/www.haegergroup.com\/en\/wp-json\/wp\/v2\/product\/34154","targetHints":{"allow":["GET"]}}],"collection":[{"href":"https:\/\/www.haegergroup.com\/en\/wp-json\/wp\/v2\/product"}],"about":[{"href":"https:\/\/www.haegergroup.com\/en\/wp-json\/wp\/v2\/types\/product"}],"wp:featuredmedia":[{"embeddable":true,"href":"https:\/\/www.haegergroup.com\/en\/wp-json\/wp\/v2\/media\/34152"}],"wp:attachment":[{"href":"https:\/\/www.haegergroup.com\/en\/wp-json\/wp\/v2\/media?parent=34154"}],"wp:term":[{"taxonomy":"product_cat","embeddable":true,"href":"https:\/\/www.haegergroup.com\/en\/wp-json\/wp\/v2\/product_cat?post=34154"},{"taxonomy":"product_tag","embeddable":true,"href":"https:\/\/www.haegergroup.com\/en\/wp-json\/wp\/v2\/product_tag?post=34154"}],"curies":[{"name":"wp","href":"https:\/\/api.w.org\/{rel}","templated":true}]}}