{"id":25777,"date":"2019-09-12T15:15:20","date_gmt":"2019-09-12T14:15:20","guid":{"rendered":"https:\/\/www.haegergroup.com\/?post_type=product&#038;p=25777"},"modified":"2019-09-12T15:19:35","modified_gmt":"2019-09-12T14:19:35","slug":"fryer-pro-chips-3l-enamel-vat","status":"publish","type":"product","link":"https:\/\/www.haegergroup.com\/en\/product\/fryer-pro-chips-3l-enamel-vat\/","title":{"rendered":"Fryer Pro Chips 3L Enamel Vat"},"content":{"rendered":"","protected":false},"excerpt":{"rendered":"<p><strong>Electric fryer<\/strong><br \/>\n<strong>Model: DF-3ES.013A<\/strong><\/p>\n<ul>\n<li>Lid and body in stainless steel.<\/li>\n<li>Enamel Vat<\/li>\n<li>Cover, body and tank washable in dishwasher.<\/li>\n<li>Security system with RESTART button.<\/li>\n<li>Adjustable thermostat: 190\u00ba.<\/li>\n<li>Removable cover<\/li>\n<li>Fryer basket with detachable handle.<\/li>\n<li>Capacity: 3L.<\/li>\n<li>Power: 2000 Watts<\/li>\n<\/ul>\n","protected":false},"featured_media":16121,"template":"","meta":[],"product_cat":[399],"product_tag":[],"class_list":{"0":"post-25777","1":"product","2":"type-product","3":"status-publish","4":"has-post-thumbnail","6":"product_cat-uncategorized-en","8":"first","9":"instock","10":"product-type-simple"},"yoast_head":"<!-- This site is optimized with the Yoast SEO plugin v24.1 - https:\/\/yoast.com\/wordpress\/plugins\/seo\/ -->\n<title>Fryer Pro Chips 3L Enamel Vat - HAEGER Home Appliances<\/title>\n<meta name=\"description\" content=\"Marca de Pequenos Eletrodom\u00e9sticos para a sua cozinha, cuidados pessoais, casa e climatiza\u00e7\u00e3o. A op\u00e7\u00e3o inteligente para a sua casa.\" \/>\n<meta name=\"robots\" content=\"index, follow, max-snippet:-1, max-image-preview:large, max-video-preview:-1\" \/>\n<link rel=\"canonical\" href=\"https:\/\/www.haegergroup.com\/en\/product\/fryer-pro-chips-3l-enamel-vat\/\" \/>\n<meta property=\"og:locale\" content=\"en_US\" \/>\n<meta property=\"og:type\" content=\"article\" \/>\n<meta property=\"og:title\" content=\"Fryer Pro Chips 3L Enamel Vat - HAEGER Home Appliances\" \/>\n<meta property=\"og:description\" content=\"Marca de Pequenos Eletrodom\u00e9sticos para a sua cozinha, cuidados pessoais, casa e climatiza\u00e7\u00e3o. A op\u00e7\u00e3o inteligente para a sua casa.\" \/>\n<meta property=\"og:url\" content=\"https:\/\/www.haegergroup.com\/en\/product\/fryer-pro-chips-3l-enamel-vat\/\" \/>\n<meta property=\"og:site_name\" content=\"HAEGER Home Appliances\" \/>\n<meta property=\"article:modified_time\" content=\"2019-09-12T14:19:35+00:00\" \/>\n<meta property=\"og:image\" content=\"https:\/\/www.haegergroup.com\/wp-content\/uploads\/2018\/07\/producto-prochips-woo-1.jpg\" \/>\n\t<meta property=\"og:image:width\" content=\"1000\" \/>\n\t<meta property=\"og:image:height\" content=\"1000\" \/>\n\t<meta property=\"og:image:type\" content=\"image\/jpeg\" \/>\n<meta name=\"twitter:card\" content=\"summary_large_image\" \/>\n<script type=\"application\/ld+json\" class=\"yoast-schema-graph\">{\"@context\":\"https:\/\/schema.org\",\"@graph\":[{\"@type\":\"WebPage\",\"@id\":\"https:\/\/www.haegergroup.com\/en\/product\/fryer-pro-chips-3l-enamel-vat\/\",\"url\":\"https:\/\/www.haegergroup.com\/en\/product\/fryer-pro-chips-3l-enamel-vat\/\",\"name\":\"Fryer Pro Chips 3L Enamel Vat - HAEGER Home Appliances\",\"isPartOf\":{\"@id\":\"https:\/\/www.haegergroup.com\/es\/#website\"},\"primaryImageOfPage\":{\"@id\":\"https:\/\/www.haegergroup.com\/en\/product\/fryer-pro-chips-3l-enamel-vat\/#primaryimage\"},\"image\":{\"@id\":\"https:\/\/www.haegergroup.com\/en\/product\/fryer-pro-chips-3l-enamel-vat\/#primaryimage\"},\"thumbnailUrl\":\"https:\/\/www.haegergroup.com\/wp-content\/uploads\/2018\/07\/producto-prochips-woo-1.jpg\",\"datePublished\":\"2019-09-12T14:15:20+00:00\",\"dateModified\":\"2019-09-12T14:19:35+00:00\",\"description\":\"Marca de Pequenos Eletrodom\u00e9sticos para a sua cozinha, cuidados pessoais, casa e climatiza\u00e7\u00e3o. A op\u00e7\u00e3o inteligente para a sua casa.\",\"breadcrumb\":{\"@id\":\"https:\/\/www.haegergroup.com\/en\/product\/fryer-pro-chips-3l-enamel-vat\/#breadcrumb\"},\"inLanguage\":\"en-US\",\"potentialAction\":[{\"@type\":\"ReadAction\",\"target\":[\"https:\/\/www.haegergroup.com\/en\/product\/fryer-pro-chips-3l-enamel-vat\/\"]}]},{\"@type\":\"ImageObject\",\"inLanguage\":\"en-US\",\"@id\":\"https:\/\/www.haegergroup.com\/en\/product\/fryer-pro-chips-3l-enamel-vat\/#primaryimage\",\"url\":\"https:\/\/www.haegergroup.com\/wp-content\/uploads\/2018\/07\/producto-prochips-woo-1.jpg\",\"contentUrl\":\"https:\/\/www.haegergroup.com\/wp-content\/uploads\/2018\/07\/producto-prochips-woo-1.jpg\",\"width\":1000,\"height\":1000},{\"@type\":\"BreadcrumbList\",\"@id\":\"https:\/\/www.haegergroup.com\/en\/product\/fryer-pro-chips-3l-enamel-vat\/#breadcrumb\",\"itemListElement\":[{\"@type\":\"ListItem\",\"position\":1,\"name\":\"Portada\",\"item\":\"https:\/\/www.haegergroup.com\/en\/\"},{\"@type\":\"ListItem\",\"position\":2,\"name\":\"Productos\",\"item\":\"https:\/\/www.haegergroup.com\/es\/tienda\/\"},{\"@type\":\"ListItem\",\"position\":3,\"name\":\"Fryer Pro Chips 3L Enamel Vat\"}]},{\"@type\":\"WebSite\",\"@id\":\"https:\/\/www.haegergroup.com\/es\/#website\",\"url\":\"https:\/\/www.haegergroup.com\/es\/\",\"name\":\"HAEGER Home Appliances\",\"description\":\"eletrodom\u00e9sticos\",\"publisher\":{\"@id\":\"https:\/\/www.haegergroup.com\/es\/#organization\"},\"potentialAction\":[{\"@type\":\"SearchAction\",\"target\":{\"@type\":\"EntryPoint\",\"urlTemplate\":\"https:\/\/www.haegergroup.com\/es\/?s={search_term_string}\"},\"query-input\":{\"@type\":\"PropertyValueSpecification\",\"valueRequired\":true,\"valueName\":\"search_term_string\"}}],\"inLanguage\":\"en-US\"},{\"@type\":\"Organization\",\"@id\":\"https:\/\/www.haegergroup.com\/es\/#organization\",\"name\":\"Haeger Electrodom\u00e9sticos\",\"url\":\"https:\/\/www.haegergroup.com\/es\/\",\"logo\":{\"@type\":\"ImageObject\",\"inLanguage\":\"en-US\",\"@id\":\"https:\/\/www.haegergroup.com\/es\/#\/schema\/logo\/image\/\",\"url\":\"https:\/\/www.haegergroup.com\/wp-content\/uploads\/2018\/05\/logo-web-220.png\",\"contentUrl\":\"https:\/\/www.haegergroup.com\/wp-content\/uploads\/2018\/05\/logo-web-220.png\",\"width\":220,\"height\":49,\"caption\":\"Haeger Electrodom\u00e9sticos\"},\"image\":{\"@id\":\"https:\/\/www.haegergroup.com\/es\/#\/schema\/logo\/image\/\"}}]}<\/script>\n<!-- \/ Yoast SEO plugin. -->","yoast_head_json":{"title":"Fryer Pro Chips 3L Enamel Vat - HAEGER Home Appliances","description":"Marca de Pequenos Eletrodom\u00e9sticos para a sua cozinha, cuidados pessoais, casa e climatiza\u00e7\u00e3o. A op\u00e7\u00e3o inteligente para a sua casa.","robots":{"index":"index","follow":"follow","max-snippet":"max-snippet:-1","max-image-preview":"max-image-preview:large","max-video-preview":"max-video-preview:-1"},"canonical":"https:\/\/www.haegergroup.com\/en\/product\/fryer-pro-chips-3l-enamel-vat\/","og_locale":"en_US","og_type":"article","og_title":"Fryer Pro Chips 3L Enamel Vat - HAEGER Home Appliances","og_description":"Marca de Pequenos Eletrodom\u00e9sticos para a sua cozinha, cuidados pessoais, casa e climatiza\u00e7\u00e3o. A op\u00e7\u00e3o inteligente para a sua casa.","og_url":"https:\/\/www.haegergroup.com\/en\/product\/fryer-pro-chips-3l-enamel-vat\/","og_site_name":"HAEGER Home Appliances","article_modified_time":"2019-09-12T14:19:35+00:00","og_image":[{"width":1000,"height":1000,"url":"https:\/\/www.haegergroup.com\/wp-content\/uploads\/2018\/07\/producto-prochips-woo-1.jpg","type":"image\/jpeg"}],"twitter_card":"summary_large_image","schema":{"@context":"https:\/\/schema.org","@graph":[{"@type":"WebPage","@id":"https:\/\/www.haegergroup.com\/en\/product\/fryer-pro-chips-3l-enamel-vat\/","url":"https:\/\/www.haegergroup.com\/en\/product\/fryer-pro-chips-3l-enamel-vat\/","name":"Fryer Pro Chips 3L Enamel Vat - HAEGER Home Appliances","isPartOf":{"@id":"https:\/\/www.haegergroup.com\/es\/#website"},"primaryImageOfPage":{"@id":"https:\/\/www.haegergroup.com\/en\/product\/fryer-pro-chips-3l-enamel-vat\/#primaryimage"},"image":{"@id":"https:\/\/www.haegergroup.com\/en\/product\/fryer-pro-chips-3l-enamel-vat\/#primaryimage"},"thumbnailUrl":"https:\/\/www.haegergroup.com\/wp-content\/uploads\/2018\/07\/producto-prochips-woo-1.jpg","datePublished":"2019-09-12T14:15:20+00:00","dateModified":"2019-09-12T14:19:35+00:00","description":"Marca de Pequenos Eletrodom\u00e9sticos para a sua cozinha, cuidados pessoais, casa e climatiza\u00e7\u00e3o. A op\u00e7\u00e3o inteligente para a sua casa.","breadcrumb":{"@id":"https:\/\/www.haegergroup.com\/en\/product\/fryer-pro-chips-3l-enamel-vat\/#breadcrumb"},"inLanguage":"en-US","potentialAction":[{"@type":"ReadAction","target":["https:\/\/www.haegergroup.com\/en\/product\/fryer-pro-chips-3l-enamel-vat\/"]}]},{"@type":"ImageObject","inLanguage":"en-US","@id":"https:\/\/www.haegergroup.com\/en\/product\/fryer-pro-chips-3l-enamel-vat\/#primaryimage","url":"https:\/\/www.haegergroup.com\/wp-content\/uploads\/2018\/07\/producto-prochips-woo-1.jpg","contentUrl":"https:\/\/www.haegergroup.com\/wp-content\/uploads\/2018\/07\/producto-prochips-woo-1.jpg","width":1000,"height":1000},{"@type":"BreadcrumbList","@id":"https:\/\/www.haegergroup.com\/en\/product\/fryer-pro-chips-3l-enamel-vat\/#breadcrumb","itemListElement":[{"@type":"ListItem","position":1,"name":"Portada","item":"https:\/\/www.haegergroup.com\/en\/"},{"@type":"ListItem","position":2,"name":"Productos","item":"https:\/\/www.haegergroup.com\/es\/tienda\/"},{"@type":"ListItem","position":3,"name":"Fryer Pro Chips 3L Enamel Vat"}]},{"@type":"WebSite","@id":"https:\/\/www.haegergroup.com\/es\/#website","url":"https:\/\/www.haegergroup.com\/es\/","name":"HAEGER Home Appliances","description":"eletrodom\u00e9sticos","publisher":{"@id":"https:\/\/www.haegergroup.com\/es\/#organization"},"potentialAction":[{"@type":"SearchAction","target":{"@type":"EntryPoint","urlTemplate":"https:\/\/www.haegergroup.com\/es\/?s={search_term_string}"},"query-input":{"@type":"PropertyValueSpecification","valueRequired":true,"valueName":"search_term_string"}}],"inLanguage":"en-US"},{"@type":"Organization","@id":"https:\/\/www.haegergroup.com\/es\/#organization","name":"Haeger Electrodom\u00e9sticos","url":"https:\/\/www.haegergroup.com\/es\/","logo":{"@type":"ImageObject","inLanguage":"en-US","@id":"https:\/\/www.haegergroup.com\/es\/#\/schema\/logo\/image\/","url":"https:\/\/www.haegergroup.com\/wp-content\/uploads\/2018\/05\/logo-web-220.png","contentUrl":"https:\/\/www.haegergroup.com\/wp-content\/uploads\/2018\/05\/logo-web-220.png","width":220,"height":49,"caption":"Haeger Electrodom\u00e9sticos"},"image":{"@id":"https:\/\/www.haegergroup.com\/es\/#\/schema\/logo\/image\/"}}]}},"_links":{"self":[{"href":"https:\/\/www.haegergroup.com\/en\/wp-json\/wp\/v2\/product\/25777","targetHints":{"allow":["GET"]}}],"collection":[{"href":"https:\/\/www.haegergroup.com\/en\/wp-json\/wp\/v2\/product"}],"about":[{"href":"https:\/\/www.haegergroup.com\/en\/wp-json\/wp\/v2\/types\/product"}],"wp:featuredmedia":[{"embeddable":true,"href":"https:\/\/www.haegergroup.com\/en\/wp-json\/wp\/v2\/media\/16121"}],"wp:attachment":[{"href":"https:\/\/www.haegergroup.com\/en\/wp-json\/wp\/v2\/media?parent=25777"}],"wp:term":[{"taxonomy":"product_cat","embeddable":true,"href":"https:\/\/www.haegergroup.com\/en\/wp-json\/wp\/v2\/product_cat?post=25777"},{"taxonomy":"product_tag","embeddable":true,"href":"https:\/\/www.haegergroup.com\/en\/wp-json\/wp\/v2\/product_tag?post=25777"}],"curies":[{"name":"wp","href":"https:\/\/api.w.org\/{rel}","templated":true}]}}